{"id":1704,"date":"2023-09-15T07:07:57","date_gmt":"2023-09-15T07:07:57","guid":{"rendered":"https:\/\/www.guvenpack.com\/machines\/lingettes-humides\/gm-101fw\/"},"modified":"2023-10-03T10:58:42","modified_gmt":"2023-10-03T10:58:42","slug":"gm-101fw","status":"publish","type":"page","link":"https:\/\/www.guvenpack.com\/fr\/machines\/lingettes-humides\/gm-101fw\/","title":{"rendered":"GM 101FW"},"content":{"rendered":"\n\n  <div class=\"banner has-hover\" id=\"banner-1221813297\">\n          <div class=\"banner-inner fill\">\n        <div class=\"banner-bg fill\" >\n                                    <div class=\"overlay\"><\/div>            \n                    <\/div>\n\t\t\n        <div class=\"banner-layers container\">\n            <div class=\"fill banner-link\"><\/div>            \n\n\t<div class=\"img has-hover x50 md-x50 lg-x50 y0 md-y0 lg-y0\" id=\"image_194396577\">\n\t\t\t\t\t\t\t\t<div class=\"img-inner dark\" >\n\t\t\t<img loading=\"lazy\" decoding=\"async\" width=\"611\" height=\"599\" src=\"https:\/\/www.guvenpack.com\/wp-content\/uploads\/2023\/07\/gm_101fw.webp\" class=\"attachment-original size-original\" alt=\"GM 101FW Wet Wipes Machine\" srcset=\"https:\/\/www.guvenpack.com\/wp-content\/uploads\/2023\/07\/gm_101fw.webp 611w, https:\/\/www.guvenpack.com\/wp-content\/uploads\/2023\/07\/gm_101fw-408x400.webp 408w\" sizes=\"auto, (max-width: 611px) 100vw, 611px\" \/>\t\t\t\t\t\t\n\t\t\t\t\t<\/div>\n\t\t\t\t\t\t\t\t\n<style>\n#image_194396577 {\n  width: 38%;\n}\n<\/style>\n\t<\/div>\n\t\n\n   <div id=\"text-box-571049685\" class=\"text-box banner-layer x0 md-x0 lg-x0 y100 md-y100 lg-y100 res-text\">\n                                <div class=\"text-box-content text dark\">\n              \n              <div class=\"text-inner text-center\">\n                  \n\n\t<div id=\"text-3851392907\" class=\"text\">\n\t\t\n\n<h3 class=\"uppercase\"><strong>GM 101FW<\/strong><\/h3>\n<h3 class=\"uppercase\"><strong>Machine \u00e0 lingettes humides Crossfold Z Fold<\/strong><\/h3>\n\t\t\n<style>\n#text-3851392907 {\n  font-size: 0.75rem;\n  text-align: left;\n  color: rgb(0, 0, 0);\n}\n#text-3851392907 > * {\n  color: rgb(0, 0, 0);\n}\n<\/style>\n\t<\/div>\n\t\n\n              <\/div>\n           <\/div>\n                            \n<style>\n#text-box-571049685 {\n  width: 60%;\n}\n#text-box-571049685 .text-box-content {\n  font-size: 100%;\n}\n@media (min-width:550px) {\n  #text-box-571049685 {\n    width: 68%;\n  }\n}\n<\/style>\n    <\/div>\n \n\n        <\/div>\n      <\/div>\n\n            \n<style>\n#banner-1221813297 {\n  padding-top: 400px;\n  background-color: rgb(255, 255, 255);\n}\n#banner-1221813297 .overlay {\n  background-color: rgba(255, 255, 255, 0.2);\n}\n<\/style>\n  <\/div>\n\n\n<div class=\"row\"  id=\"row-1208863886\">\n\n\n\t<div id=\"col-881076082\" class=\"col hide-for-medium medium-2 small-12 large-2\"  >\n\t\t\t\t<div class=\"col-inner\"  >\n\t\t\t\n\t\t\t\n\n<ul class=\"sidebar-wrapper ul-reset\">Horizontal Packaging Machine Flowpack\t\t\t<div class=\"textwidget\"><\/div>\n\t\t<div class=\"menu-machines-flowpack-ar-container\"><ul id=\"menu-machines-flowpack-ar\" class=\"menu\"><li id=\"menu-item-1864\" class=\"menu-item menu-item-type-post_type menu-item-object-page menu-item-1864\"><a href=\"https:\/\/www.guvenpack.com\/fr\/machines\/hffs-flowpack\/gm-mini\/\">GM Mini<\/a><\/li>\n<li id=\"menu-item-1857\" class=\"menu-item menu-item-type-post_type menu-item-object-page menu-item-1857\"><a href=\"https:\/\/www.guvenpack.com\/fr\/machines\/hffs-flowpack\/gm-10f\/\">GM 10F<\/a><\/li>\n<li id=\"menu-item-1858\" class=\"menu-item menu-item-type-post_type menu-item-object-page menu-item-1858\"><a href=\"https:\/\/www.guvenpack.com\/fr\/machines\/hffs-flowpack\/gm-30fs\/\">GM 30FS<\/a><\/li>\n<li id=\"menu-item-1860\" class=\"menu-item menu-item-type-post_type menu-item-object-page menu-item-1860\"><a href=\"https:\/\/www.guvenpack.com\/fr\/machines\/hffs-flowpack\/gm-30fu\/\">GM 30FU<\/a><\/li>\n<li id=\"menu-item-1859\" class=\"menu-item menu-item-type-post_type menu-item-object-page menu-item-1859\"><a href=\"https:\/\/www.guvenpack.com\/fr\/machines\/hffs-flowpack\/gm-30fsu\/\">GM 30FSU<\/a><\/li>\n<li id=\"menu-item-1861\" class=\"menu-item menu-item-type-post_type menu-item-object-page menu-item-1861\"><a href=\"https:\/\/www.guvenpack.com\/fr\/machines\/hffs-flowpack\/gm-33fs\/\">GM 33FS<\/a><\/li>\n<li id=\"menu-item-1862\" class=\"menu-item menu-item-type-post_type menu-item-object-page menu-item-1862\"><a href=\"https:\/\/www.guvenpack.com\/fr\/machines\/hffs-flowpack\/gm-33fsu\/\">GM 33FSU<\/a><\/li>\n<li id=\"menu-item-1863\" class=\"menu-item menu-item-type-post_type menu-item-object-page menu-item-1863\"><a href=\"https:\/\/www.guvenpack.com\/fr\/machines\/hffs-flowpack\/gm-40fs\/\">GM 40FS<\/a><\/li>\n<li id=\"menu-item-1852\" class=\"menu-item menu-item-type-post_type menu-item-object-page menu-item-1852\"><a href=\"https:\/\/www.guvenpack.com\/fr\/machines\/hffs-flowpack\/gm-100fs\/\">GM 100FS<\/a><\/li>\n<li id=\"menu-item-1853\" class=\"menu-item menu-item-type-post_type menu-item-object-page menu-item-1853\"><a href=\"https:\/\/www.guvenpack.com\/fr\/machines\/hffs-flowpack\/gm-100fsu\/\">GM 100FSU<\/a><\/li>\n<li id=\"menu-item-1854\" class=\"menu-item menu-item-type-post_type menu-item-object-page menu-item-1854\"><a href=\"https:\/\/www.guvenpack.com\/fr\/machines\/hffs-flowpack\/gm-100fsu-pe\/\">GM 100FSU-PE<\/a><\/li>\n<li id=\"menu-item-1855\" class=\"menu-item menu-item-type-post_type menu-item-object-page menu-item-1855\"><a href=\"https:\/\/www.guvenpack.com\/fr\/machines\/hffs-flowpack\/gm-102fs\/\">GM 102FS<\/a><\/li>\n<li id=\"menu-item-1856\" class=\"menu-item menu-item-type-post_type menu-item-object-page menu-item-1856\"><a href=\"https:\/\/www.guvenpack.com\/fr\/machines\/hffs-flowpack\/gm-103fs\/\">GM 103FS<\/a><\/li>\n<\/ul><\/div>Wet Wipes Machines\t\t\t<div class=\"textwidget\"><\/div>\n\t\t<div class=\"menu-machine-wetwipes-ar-container\"><ul id=\"menu-machine-wetwipes-ar\" class=\"menu\"><li id=\"menu-item-1867\" class=\"menu-item menu-item-type-post_type menu-item-object-page menu-item-1867\"><a href=\"https:\/\/www.guvenpack.com\/fr\/machines\/lingettes-humides\/gm-100w\/\">GM 100W<\/a><\/li>\n<li id=\"menu-item-1868\" class=\"menu-item menu-item-type-post_type menu-item-object-page menu-item-1868\"><a href=\"https:\/\/www.guvenpack.com\/fr\/machines\/lingettes-humides\/gm-100fw\/\">GM 100FW<\/a><\/li>\n<li id=\"menu-item-1865\" class=\"menu-item menu-item-type-post_type menu-item-object-page menu-item-1865\"><a href=\"https:\/\/www.guvenpack.com\/fr\/machines\/lingettes-humides\/gm-101w\/\">GM 101W<\/a><\/li>\n<li id=\"menu-item-1866\" class=\"menu-item menu-item-type-post_type menu-item-object-page menu-item-1866\"><a href=\"https:\/\/www.guvenpack.com\/fr\/machines\/lingettes-humides\/gm-101fw\/\">GM 101FW<\/a><\/li>\n<\/ul><\/div>Lids Machine\t\t\t<div class=\"textwidget\"><\/div>\n\t\t<div class=\"menu-machine-lidsmachinefr-container\"><ul id=\"menu-machine-lidsmachinefr\" class=\"menu\"><li id=\"menu-item-1811\" class=\"menu-item menu-item-type-post_type menu-item-object-page menu-item-1811\"><a href=\"https:\/\/www.guvenpack.com\/fr\/machines\/machine-a-couvercles\/gm-02\/\">GM 02<\/a><\/li>\n<\/ul><\/div><\/ul>\n\n\n\t\t<\/div>\n\t\t\t\t\t<\/div>\n\n\t\n\n\t<div id=\"col-1035662182\" class=\"col medium-10 small-12 large-10\"  >\n\t\t\t\t<div class=\"col-inner\"  >\n\t\t\t\n\t\t\t\n\n\t<div id=\"text-2451685813\" class=\"text\">\n\t\t\n\n<p>La ligne de production de lingettes humides <strong>GM 101FW<\/strong> est con\u00e7ue pour utiliser 1 bobine tranch\u00e9e. Elle peut produire des lingettes humides, des lingettes humides de poche, des lingettes humides rafra\u00eechissantes, des lingettes humides de nettoyage de voiture, des lingettes humides pour les soins personnels, etc.<\/p>\n<p>La ligne de production de lingettes humides <strong>GM 101FW<\/strong> est enti\u00e8rement automatique, sans contact manuel. Conception compacte, haute technologie, design technologique qui occupe peu d&rsquo;espace et offre un taux de production \u00e9lev\u00e9.<\/p>\n<ul>\n<li>Production enti\u00e8rement automatique, sans contact manuel<\/li>\n<li>Haute technologie, conception compacte<\/li>\n<li>Option d&rsquo;utilisation de diff\u00e9rentes tailles et de diff\u00e9rentes bobines de tissu<\/li>\n<li>Diff\u00e9rents types de pliage (Z, C, W, V)<\/li>\n<li>Syst\u00e8me d&rsquo;alarme de diagnostic, panneau de contr\u00f4le convivial avec \u00e9cran tactile<\/li>\n<li>Fonction d&rsquo;acc\u00e8s \u00e0 distance pour communiquer avec Guvenpack pour obtenir de l&rsquo;aide \u00e0 distance et des mises \u00e0 jour logicielles<\/li>\n<\/ul>\n<p> <\/p>\n<p><strong>CONSTRUCTION<\/strong><\/p>\n<ul>\n<li>L&rsquo;ensemble du corps est en acier inoxydable 304L Cr-Ni.<\/li>\n<li>Les zones en contact avec les produits sont en acier inoxydable.<\/li>\n<li>Des roues robustes pour remplacer facilement la machine.<\/li>\n<li>Pieds r\u00e9glables r\u00e9sistants pour installer la machine de mani\u00e8re permanente.<\/li>\n<\/ul>\n<p> <\/p>\n<p><strong>Caract\u00e9ristiques Techniques<\/strong><\/p>\n<ul>\n<li>Panneau de commande utilisateur mobile<\/li>\n<li>Cintas de productos antibacterianos<\/li>\n<li>Puertas de seguridad con sistema de interbloqueo,<\/li>\n<li>Syst\u00e8me d&rsquo;alarme de diagnostic avec barre de tour lumineux<\/li>\n<li>30 paquets par minute,<\/li>\n<li>300 lingettes\/minute,<\/li>\n<li>Largeur des lingettes : 60 mm &#8211; 120 mm (pli\u00e9es), 120 mm &#8211; 240 mm (d\u00e9pli\u00e9es)<\/li>\n<li>Longueur des lingettes : 60 mm &#8211; 110 mm (peut \u00eatre augment\u00e9e sur demande)<\/li>\n<li>Syst\u00e8me de chargement de bobine tranch\u00e9e \u00e0 une seule pi\u00e8ce,<\/li>\n<li>Syst\u00e8me de tranchage de bobine jumbo<\/li>\n<li>Contr\u00f4l\u00e9 par moteur servo<\/li>\n<li>Contr\u00f4l\u00e9 par mouvement<\/li>\n<li>\u00c9cran tactile utilisateur couleur de 7 pouces avec 16,7 millions de couleurs<\/li>\n<li>Facilit\u00e9 de changement de longueur des lingettes<\/li>\n<li>Facilit\u00e9 de changement de l&rsquo;humidit\u00e9 des lingettes<\/li>\n<li>Facile \u00e0 changer la longueur de l&#8217;emballage<\/li>\n<li>Facilit\u00e9 de changement du nombre de pi\u00e8ces par lot<\/li>\n<li>Syst\u00e8me d&rsquo;application d&rsquo;\u00e9tiquettes<\/li>\n<li>Syst\u00e8me de d\u00e9coupe \u00e0 l&#8217;emporte-pi\u00e8ce<\/li>\n<li>Non-tiss\u00e9 de 10 \u00e0 120 g\/m\u00b2<\/li>\n<li>380 VAC \/ 50Hz 3 Phase + N, 3 KW<\/li>\n<li>Tension de contr\u00f4le de s\u00e9curit\u00e9 de 24 VCC<\/li>\n<li>Syst\u00e8me de communication Internet \u00e0 acc\u00e8s distant<\/li>\n<\/ul>\n<p> <\/p>\n<p><strong>Produits<\/strong><\/p>\n<ul>\n<li>Lingettes humides de poche, lingettes humides rafra\u00eechissantes, lingettes humides de nettoyage de voiture, lingettes humides pour les soins personnels, Lingettes humides.<\/li>\n<\/ul>\n\t\t\n<style>\n#text-2451685813 {\n  line-height: 1;\n}\n<\/style>\n\t<\/div>\n\t\n\n\t\t<\/div>\n\t\t\t\t\t<\/div>\n\n\t\n\n\t<div id=\"col-1730763810\" class=\"col medium-4 small-12 large-4\"  >\n\t\t\t\t<div class=\"col-inner\"  >\n\t\t\t\n\t\t\t\n\n\n\t\t<\/div>\n\t\t\t\t\t<\/div>\n\n\t\n\n\t<div id=\"col-619997545\" class=\"col medium-4 small-12 large-4\"  >\n\t\t\t\t<div class=\"col-inner\"  >\n\t\t\t\n\t\t\t\n\n\n\t\t<\/div>\n\t\t\t\t\t<\/div>\n\n\t\n\n\t<div id=\"col-1988224155\" class=\"col medium-4 small-12 large-4\"  >\n\t\t\t\t<div class=\"col-inner\"  >\n\t\t\t\n\t\t\t\n\n\n\t\t<\/div>\n\t\t\t\t\t<\/div>\n\n\t\n\n<\/div>\n\n","protected":false},"excerpt":{"rendered":"","protected":false},"author":1,"featured_media":1498,"parent":1556,"menu_order":0,"comment_status":"closed","ping_status":"closed","template":"page-blank.php","meta":{"footnotes":""},"class_list":["post-1704","page","type-page","status-publish","has-post-thumbnail","hentry"],"yoast_head":"<!-- This site is optimized with the Yoast SEO Premium plugin v26.1 (Yoast SEO v26.1) - https:\/\/yoast.com\/wordpress\/plugins\/seo\/ -->\n<title>GM 101FW Machine \u00e0 lingettes humides Crossfold<\/title>\n<meta name=\"description\" content=\"Machine \u00e0 lingettes humides Crossfold GM 101FW, Ligne de production de lingettes humides Crossfold GM 101FW. Ligne de production de lingettes humides Crossfold.\" \/>\n<meta name=\"robots\" content=\"index, follow, max-snippet:-1, max-image-preview:large, max-video-preview:-1\" \/>\n<link rel=\"canonical\" href=\"https:\/\/www.guvenpack.com\/fr\/machines\/lingettes-humides\/gm-101fw\/\" \/>\n<meta property=\"og:locale\" content=\"fr_FR\" \/>\n<meta property=\"og:type\" content=\"article\" \/>\n<meta property=\"og:title\" content=\"GM 101FW\" \/>\n<meta property=\"og:description\" content=\"Machine \u00e0 lingettes humides Crossfold GM 101FW, Ligne de production de lingettes humides Crossfold GM 101FW. Ligne de production de lingettes humides Crossfold.\" \/>\n<meta property=\"og:url\" content=\"https:\/\/www.guvenpack.com\/fr\/machines\/lingettes-humides\/gm-101fw\/\" \/>\n<meta property=\"og:site_name\" content=\"Guvenpack HFFS Flow Pack, Wet Wipes Machine\" \/>\n<meta property=\"article:publisher\" content=\"https:\/\/www.facebook.com\/guvenpackconverting\" \/>\n<meta property=\"article:modified_time\" content=\"2023-10-03T10:58:42+00:00\" \/>\n<meta property=\"og:image\" content=\"https:\/\/www.guvenpack.com\/wp-content\/uploads\/2023\/07\/gm_101fw.webp\" \/>\n\t<meta property=\"og:image:width\" content=\"611\" \/>\n\t<meta property=\"og:image:height\" content=\"599\" \/>\n\t<meta property=\"og:image:type\" content=\"image\/webp\" \/>\n<meta name=\"twitter:card\" content=\"summary_large_image\" \/>\n<meta name=\"twitter:site\" content=\"@GuvenPack\" \/>\n<meta name=\"twitter:label1\" content=\"Dur\u00e9e de lecture estim\u00e9e\" \/>\n\t<meta name=\"twitter:data1\" content=\"2 minutes\" \/>\n<script type=\"application\/ld+json\" class=\"yoast-schema-graph\">{\"@context\":\"https:\/\/schema.org\",\"@graph\":[{\"@type\":\"WebPage\",\"@id\":\"https:\/\/www.guvenpack.com\/fr\/machines\/lingettes-humides\/gm-101fw\/\",\"url\":\"https:\/\/www.guvenpack.com\/fr\/machines\/lingettes-humides\/gm-101fw\/\",\"name\":\"GM 101FW Machine \u00e0 lingettes humides Crossfold\",\"isPartOf\":{\"@id\":\"https:\/\/www.guvenpack.com\/#website\"},\"primaryImageOfPage\":{\"@id\":\"https:\/\/www.guvenpack.com\/fr\/machines\/lingettes-humides\/gm-101fw\/#primaryimage\"},\"image\":{\"@id\":\"https:\/\/www.guvenpack.com\/fr\/machines\/lingettes-humides\/gm-101fw\/#primaryimage\"},\"thumbnailUrl\":\"https:\/\/www.guvenpack.com\/wp-content\/uploads\/2023\/07\/gm_101fw.webp\",\"datePublished\":\"2023-09-15T07:07:57+00:00\",\"dateModified\":\"2023-10-03T10:58:42+00:00\",\"description\":\"Machine \u00e0 lingettes humides Crossfold GM 101FW, Ligne de production de lingettes humides Crossfold GM 101FW. Ligne de production de lingettes humides Crossfold.\",\"breadcrumb\":{\"@id\":\"https:\/\/www.guvenpack.com\/fr\/machines\/lingettes-humides\/gm-101fw\/#breadcrumb\"},\"inLanguage\":\"fr-FR\",\"potentialAction\":[{\"@type\":\"ReadAction\",\"target\":[\"https:\/\/www.guvenpack.com\/fr\/machines\/lingettes-humides\/gm-101fw\/\"]}]},{\"@type\":\"ImageObject\",\"inLanguage\":\"fr-FR\",\"@id\":\"https:\/\/www.guvenpack.com\/fr\/machines\/lingettes-humides\/gm-101fw\/#primaryimage\",\"url\":\"https:\/\/www.guvenpack.com\/wp-content\/uploads\/2023\/07\/gm_101fw.webp\",\"contentUrl\":\"https:\/\/www.guvenpack.com\/wp-content\/uploads\/2023\/07\/gm_101fw.webp\",\"width\":611,\"height\":599,\"caption\":\"GM 101FW Machine \u00e0 lingettes humides\"},{\"@type\":\"BreadcrumbList\",\"@id\":\"https:\/\/www.guvenpack.com\/fr\/machines\/lingettes-humides\/gm-101fw\/#breadcrumb\",\"itemListElement\":[{\"@type\":\"ListItem\",\"position\":1,\"name\":\"Home\",\"item\":\"https:\/\/www.guvenpack.com\/fr\/home\/\"},{\"@type\":\"ListItem\",\"position\":2,\"name\":\"Machines\",\"item\":\"https:\/\/www.guvenpack.com\/fr\/machines\/\"},{\"@type\":\"ListItem\",\"position\":3,\"name\":\"Machines \u00e0 lingettes humides\",\"item\":\"https:\/\/www.guvenpack.com\/fr\/machines\/lingettes-humides\/\"},{\"@type\":\"ListItem\",\"position\":4,\"name\":\"GM 101FW\"}]},{\"@type\":\"WebSite\",\"@id\":\"https:\/\/www.guvenpack.com\/#website\",\"url\":\"https:\/\/www.guvenpack.com\/\",\"name\":\"Guvenpack HFFS Flow Pack, Wet Wipes Machine\",\"description\":\"Manufacturer of HFFS Flow pack Packaging Machine, Wet Wipes Machine\",\"publisher\":{\"@id\":\"https:\/\/www.guvenpack.com\/#organization\"},\"potentialAction\":[{\"@type\":\"SearchAction\",\"target\":{\"@type\":\"EntryPoint\",\"urlTemplate\":\"https:\/\/www.guvenpack.com\/?s={search_term_string}\"},\"query-input\":{\"@type\":\"PropertyValueSpecification\",\"valueRequired\":true,\"valueName\":\"search_term_string\"}}],\"inLanguage\":\"fr-FR\"},{\"@type\":\"Organization\",\"@id\":\"https:\/\/www.guvenpack.com\/#organization\",\"name\":\"Guvenpack HFFS Flow Pack, Wet Wipes Machine\",\"url\":\"https:\/\/www.guvenpack.com\/\",\"logo\":{\"@type\":\"ImageObject\",\"inLanguage\":\"fr-FR\",\"@id\":\"https:\/\/www.guvenpack.com\/#\/schema\/logo\/image\/\",\"url\":\"https:\/\/www.guvenpack.com\/wp-content\/uploads\/2023\/07\/logo_fav.png\",\"contentUrl\":\"https:\/\/www.guvenpack.com\/wp-content\/uploads\/2023\/07\/logo_fav.png\",\"width\":676,\"height\":675,\"caption\":\"Guvenpack HFFS Flow Pack, Wet Wipes Machine\"},\"image\":{\"@id\":\"https:\/\/www.guvenpack.com\/#\/schema\/logo\/image\/\"},\"sameAs\":[\"https:\/\/www.facebook.com\/guvenpackconverting\",\"https:\/\/x.com\/GuvenPack\",\"https:\/\/www.instagram.com\/guvenpack\/\",\"https:\/\/www.linkedin.com\/company\/guvenpack\/\",\"https:\/\/www.youtube.com\/@guvenpack\"]}]}<\/script>\n<!-- \/ Yoast SEO Premium plugin. -->","yoast_head_json":{"title":"GM 101FW Machine \u00e0 lingettes humides Crossfold","description":"Machine \u00e0 lingettes humides Crossfold GM 101FW, Ligne de production de lingettes humides Crossfold GM 101FW. Ligne de production de lingettes humides Crossfold.","robots":{"index":"index","follow":"follow","max-snippet":"max-snippet:-1","max-image-preview":"max-image-preview:large","max-video-preview":"max-video-preview:-1"},"canonical":"https:\/\/www.guvenpack.com\/fr\/machines\/lingettes-humides\/gm-101fw\/","og_locale":"fr_FR","og_type":"article","og_title":"GM 101FW","og_description":"Machine \u00e0 lingettes humides Crossfold GM 101FW, Ligne de production de lingettes humides Crossfold GM 101FW. Ligne de production de lingettes humides Crossfold.","og_url":"https:\/\/www.guvenpack.com\/fr\/machines\/lingettes-humides\/gm-101fw\/","og_site_name":"Guvenpack HFFS Flow Pack, Wet Wipes Machine","article_publisher":"https:\/\/www.facebook.com\/guvenpackconverting","article_modified_time":"2023-10-03T10:58:42+00:00","og_image":[{"width":611,"height":599,"url":"https:\/\/www.guvenpack.com\/wp-content\/uploads\/2023\/07\/gm_101fw.webp","type":"image\/webp"}],"twitter_card":"summary_large_image","twitter_site":"@GuvenPack","twitter_misc":{"Dur\u00e9e de lecture estim\u00e9e":"2 minutes"},"schema":{"@context":"https:\/\/schema.org","@graph":[{"@type":"WebPage","@id":"https:\/\/www.guvenpack.com\/fr\/machines\/lingettes-humides\/gm-101fw\/","url":"https:\/\/www.guvenpack.com\/fr\/machines\/lingettes-humides\/gm-101fw\/","name":"GM 101FW Machine \u00e0 lingettes humides Crossfold","isPartOf":{"@id":"https:\/\/www.guvenpack.com\/#website"},"primaryImageOfPage":{"@id":"https:\/\/www.guvenpack.com\/fr\/machines\/lingettes-humides\/gm-101fw\/#primaryimage"},"image":{"@id":"https:\/\/www.guvenpack.com\/fr\/machines\/lingettes-humides\/gm-101fw\/#primaryimage"},"thumbnailUrl":"https:\/\/www.guvenpack.com\/wp-content\/uploads\/2023\/07\/gm_101fw.webp","datePublished":"2023-09-15T07:07:57+00:00","dateModified":"2023-10-03T10:58:42+00:00","description":"Machine \u00e0 lingettes humides Crossfold GM 101FW, Ligne de production de lingettes humides Crossfold GM 101FW. Ligne de production de lingettes humides Crossfold.","breadcrumb":{"@id":"https:\/\/www.guvenpack.com\/fr\/machines\/lingettes-humides\/gm-101fw\/#breadcrumb"},"inLanguage":"fr-FR","potentialAction":[{"@type":"ReadAction","target":["https:\/\/www.guvenpack.com\/fr\/machines\/lingettes-humides\/gm-101fw\/"]}]},{"@type":"ImageObject","inLanguage":"fr-FR","@id":"https:\/\/www.guvenpack.com\/fr\/machines\/lingettes-humides\/gm-101fw\/#primaryimage","url":"https:\/\/www.guvenpack.com\/wp-content\/uploads\/2023\/07\/gm_101fw.webp","contentUrl":"https:\/\/www.guvenpack.com\/wp-content\/uploads\/2023\/07\/gm_101fw.webp","width":611,"height":599,"caption":"GM 101FW Machine \u00e0 lingettes humides"},{"@type":"BreadcrumbList","@id":"https:\/\/www.guvenpack.com\/fr\/machines\/lingettes-humides\/gm-101fw\/#breadcrumb","itemListElement":[{"@type":"ListItem","position":1,"name":"Home","item":"https:\/\/www.guvenpack.com\/fr\/home\/"},{"@type":"ListItem","position":2,"name":"Machines","item":"https:\/\/www.guvenpack.com\/fr\/machines\/"},{"@type":"ListItem","position":3,"name":"Machines \u00e0 lingettes humides","item":"https:\/\/www.guvenpack.com\/fr\/machines\/lingettes-humides\/"},{"@type":"ListItem","position":4,"name":"GM 101FW"}]},{"@type":"WebSite","@id":"https:\/\/www.guvenpack.com\/#website","url":"https:\/\/www.guvenpack.com\/","name":"Guvenpack HFFS Flow Pack, Wet Wipes Machine","description":"Manufacturer of HFFS Flow pack Packaging Machine, Wet Wipes Machine","publisher":{"@id":"https:\/\/www.guvenpack.com\/#organization"},"potentialAction":[{"@type":"SearchAction","target":{"@type":"EntryPoint","urlTemplate":"https:\/\/www.guvenpack.com\/?s={search_term_string}"},"query-input":{"@type":"PropertyValueSpecification","valueRequired":true,"valueName":"search_term_string"}}],"inLanguage":"fr-FR"},{"@type":"Organization","@id":"https:\/\/www.guvenpack.com\/#organization","name":"Guvenpack HFFS Flow Pack, Wet Wipes Machine","url":"https:\/\/www.guvenpack.com\/","logo":{"@type":"ImageObject","inLanguage":"fr-FR","@id":"https:\/\/www.guvenpack.com\/#\/schema\/logo\/image\/","url":"https:\/\/www.guvenpack.com\/wp-content\/uploads\/2023\/07\/logo_fav.png","contentUrl":"https:\/\/www.guvenpack.com\/wp-content\/uploads\/2023\/07\/logo_fav.png","width":676,"height":675,"caption":"Guvenpack HFFS Flow Pack, Wet Wipes Machine"},"image":{"@id":"https:\/\/www.guvenpack.com\/#\/schema\/logo\/image\/"},"sameAs":["https:\/\/www.facebook.com\/guvenpackconverting","https:\/\/x.com\/GuvenPack","https:\/\/www.instagram.com\/guvenpack\/","https:\/\/www.linkedin.com\/company\/guvenpack\/","https:\/\/www.youtube.com\/@guvenpack"]}]}},"_links":{"self":[{"href":"https:\/\/www.guvenpack.com\/fr\/wp-json\/wp\/v2\/pages\/1704","targetHints":{"allow":["GET"]}}],"collection":[{"href":"https:\/\/www.guvenpack.com\/fr\/wp-json\/wp\/v2\/pages"}],"about":[{"href":"https:\/\/www.guvenpack.com\/fr\/wp-json\/wp\/v2\/types\/page"}],"author":[{"embeddable":true,"href":"https:\/\/www.guvenpack.com\/fr\/wp-json\/wp\/v2\/users\/1"}],"replies":[{"embeddable":true,"href":"https:\/\/www.guvenpack.com\/fr\/wp-json\/wp\/v2\/comments?post=1704"}],"version-history":[{"count":2,"href":"https:\/\/www.guvenpack.com\/fr\/wp-json\/wp\/v2\/pages\/1704\/revisions"}],"predecessor-version":[{"id":2170,"href":"https:\/\/www.guvenpack.com\/fr\/wp-json\/wp\/v2\/pages\/1704\/revisions\/2170"}],"up":[{"embeddable":true,"href":"https:\/\/www.guvenpack.com\/fr\/wp-json\/wp\/v2\/pages\/1556"}],"wp:featuredmedia":[{"embeddable":true,"href":"https:\/\/www.guvenpack.com\/fr\/wp-json\/wp\/v2\/media\/1498"}],"wp:attachment":[{"href":"https:\/\/www.guvenpack.com\/fr\/wp-json\/wp\/v2\/media?parent=1704"}],"curies":[{"name":"wp","href":"https:\/\/api.w.org\/{rel}","templated":true}]}}