{"id":1698,"date":"2023-09-15T06:47:28","date_gmt":"2023-09-15T06:47:28","guid":{"rendered":"https:\/\/www.guvenpack.com\/machines\/hffs-flowpack\/gm-30fu\/"},"modified":"2025-10-16T12:40:20","modified_gmt":"2025-10-16T12:40:20","slug":"gm-30fu","status":"publish","type":"page","link":"https:\/\/www.guvenpack.com\/fr\/machines\/hffs-flowpack\/gm-30fu\/","title":{"rendered":"GM 30FU"},"content":{"rendered":"\n\n  <div class=\"banner has-hover is-full-height hide-for-medium\" id=\"banner-1111157459\">\n          <div class=\"banner-inner fill\">\n        <div class=\"banner-bg fill\" >\n            <img loading=\"lazy\" decoding=\"async\" width=\"1920\" height=\"1080\" src=\"https:\/\/www.guvenpack.com\/wp-content\/uploads\/2025\/10\/background_dekstop.webp\" class=\"bg attachment-original size-original\" alt=\"background_dekstop\" \/>                        <div class=\"overlay\"><\/div>            \n                    <\/div>\n\t\t\n        <div class=\"banner-layers container\">\n            <div class=\"fill banner-link\"><\/div>            \n\n\t<div class=\"img has-hover x50 md-x50 lg-x50 y10 md-y10 lg-y10\" id=\"image_1868070797\">\n\t\t\t\t\t\t\t\t<div class=\"img-inner dark\" style=\"margin:20px 0px 0px 0px;\">\n\t\t\t<img loading=\"lazy\" decoding=\"async\" width=\"1109\" height=\"599\" src=\"https:\/\/www.guvenpack.com\/wp-content\/uploads\/2023\/07\/gm_30fu.webp\" class=\"attachment-original size-original\" alt=\"GM 30FU Horizontal Packaging Machine Flowpack\" srcset=\"https:\/\/www.guvenpack.com\/wp-content\/uploads\/2023\/07\/gm_30fu.webp 1109w, https:\/\/www.guvenpack.com\/wp-content\/uploads\/2023\/07\/gm_30fu-741x400.webp 741w, https:\/\/www.guvenpack.com\/wp-content\/uploads\/2023\/07\/gm_30fu-768x415.webp 768w\" sizes=\"auto, (max-width: 1109px) 100vw, 1109px\" \/>\t\t\t\t\t\t\n\t\t\t\t\t<\/div>\n\t\t\t\t\t\t\t\t\n<style>\n#image_1868070797 {\n  width: 67%;\n}\n<\/style>\n\t<\/div>\n\t\n\n   <div id=\"text-box-1198674441\" class=\"text-box banner-layer x50 md-x50 lg-x50 y0 md-y0 lg-y0 res-text\">\n                                <div class=\"text-box-content text dark\">\n              \n              <div class=\"text-inner text-center\">\n                  \n\n<div class=\"container section-title-container\" ><h1 class=\"section-title section-title-center\"><b><\/b><span class=\"section-title-main\" style=\"color:rgb(0, 0, 0);\">GM 30FU<\/span><b><\/b><\/h1><\/div>\n\n\n              <\/div>\n           <\/div>\n                            \n<style>\n#text-box-1198674441 {\n  width: 60%;\n}\n#text-box-1198674441 .text-box-content {\n  font-size: 100%;\n}\n@media (min-width:550px) {\n  #text-box-1198674441 {\n    width: 68%;\n  }\n}\n<\/style>\n    <\/div>\n \n   <div id=\"text-box-2113497028\" class=\"text-box banner-layer x0 md-x0 lg-x0 y75 md-y75 lg-y75 res-text\">\n                                <div class=\"text-box-content text dark\">\n              \n              <div class=\"text-inner text-center\">\n                  \n\n<div class=\"container section-title-container\" ><h4 class=\"section-title section-title-normal\"><b><\/b><span class=\"section-title-main\" style=\"color:rgb(0, 0, 0);\">Machine Flowpack de type intermittent<\/span><b><\/b><\/h4><\/div>\n\n\n              <\/div>\n           <\/div>\n                            \n<style>\n#text-box-2113497028 {\n  width: 60%;\n}\n#text-box-2113497028 .text-box-content {\n  font-size: 100%;\n}\n@media (min-width:550px) {\n  #text-box-2113497028 {\n    width: 68%;\n  }\n}\n<\/style>\n    <\/div>\n \n\n        <\/div>\n      <\/div>\n\n            \n<style>\n#banner-1111157459 {\n  padding-top: 100%;\n  background-color: rgb(255, 255, 255);\n}\n#banner-1111157459 .overlay {\n  background-color: rgba(255, 255, 255, 0.2);\n}\n<\/style>\n  <\/div>\n\n\n\n  <div class=\"banner has-hover is-full-height show-for-medium\" id=\"banner-1903808349\">\n          <div class=\"banner-inner fill\">\n        <div class=\"banner-bg fill\" >\n            <img loading=\"lazy\" decoding=\"async\" width=\"1080\" height=\"1920\" src=\"https:\/\/www.guvenpack.com\/wp-content\/uploads\/2025\/10\/background_mobile.webp\" class=\"bg attachment-original size-original\" alt=\"background_mobile\" \/>                        <div class=\"overlay\"><\/div>            \n                    <\/div>\n\t\t\n        <div class=\"banner-layers container\">\n            <div class=\"fill banner-link\"><\/div>            \n\n\t<div class=\"img has-hover x50 md-x50 lg-x50 y15 md-y10 lg-y10\" id=\"image_1766127673\">\n\t\t\t\t\t\t\t\t<div class=\"img-inner dark\" style=\"margin:20px 0px 0px 0px;\">\n\t\t\t<img loading=\"lazy\" decoding=\"async\" width=\"1109\" height=\"599\" src=\"https:\/\/www.guvenpack.com\/wp-content\/uploads\/2023\/07\/gm_30fu.webp\" class=\"attachment-original size-original\" alt=\"GM 30FU Horizontal Packaging Machine Flowpack\" srcset=\"https:\/\/www.guvenpack.com\/wp-content\/uploads\/2023\/07\/gm_30fu.webp 1109w, https:\/\/www.guvenpack.com\/wp-content\/uploads\/2023\/07\/gm_30fu-741x400.webp 741w, https:\/\/www.guvenpack.com\/wp-content\/uploads\/2023\/07\/gm_30fu-768x415.webp 768w\" sizes=\"auto, (max-width: 1109px) 100vw, 1109px\" \/>\t\t\t\t\t\t\n\t\t\t\t\t<\/div>\n\t\t\t\t\t\t\t\t\n<style>\n#image_1766127673 {\n  width: 100%;\n}\n@media (min-width:550px) {\n  #image_1766127673 {\n    width: 67%;\n  }\n}\n<\/style>\n\t<\/div>\n\t\n\n   <div id=\"text-box-286737011\" class=\"text-box banner-layer x50 md-x50 lg-x50 y0 md-y0 lg-y0 res-text\">\n                                <div class=\"text-box-content text dark\">\n              \n              <div class=\"text-inner text-center\">\n                  \n\n<div class=\"container section-title-container\" ><h1 class=\"section-title section-title-center\"><b><\/b><span class=\"section-title-main\" style=\"color:rgb(0, 0, 0);\">GM 30FU<\/span><b><\/b><\/h1><\/div>\n\n\n              <\/div>\n           <\/div>\n                            \n<style>\n#text-box-286737011 {\n  width: 100%;\n}\n#text-box-286737011 .text-box-content {\n  font-size: 100%;\n}\n@media (min-width:550px) {\n  #text-box-286737011 {\n    width: 68%;\n  }\n}\n<\/style>\n    <\/div>\n \n   <div id=\"text-box-1787457060\" class=\"text-box banner-layer x0 md-x0 lg-x0 y75 md-y75 lg-y75 res-text\">\n                                <div class=\"text-box-content text dark\">\n              \n              <div class=\"text-inner text-center\">\n                  \n\n<div class=\"container section-title-container\" ><h4 class=\"section-title section-title-normal\"><b><\/b><span class=\"section-title-main\" style=\"color:rgb(0, 0, 0);\">Machine Flowpack de type intermittent<\/span><b><\/b><\/h4><\/div>\n\n\n              <\/div>\n           <\/div>\n                            \n<style>\n#text-box-1787457060 {\n  width: 100%;\n}\n#text-box-1787457060 .text-box-content {\n  font-size: 100%;\n}\n@media (min-width:550px) {\n  #text-box-1787457060 {\n    width: 68%;\n  }\n}\n<\/style>\n    <\/div>\n \n\n        <\/div>\n      <\/div>\n\n            \n<style>\n#banner-1903808349 {\n  padding-top: 100%;\n  background-color: rgb(255, 255, 255);\n}\n#banner-1903808349 .overlay {\n  background-color: rgba(255, 255, 255, 0.2);\n}\n<\/style>\n  <\/div>\n\n\n<div class=\"row\"  id=\"row-76363312\">\n\n\n\n\t<div id=\"col-879170814\" class=\"col small-12 large-12\"  >\n\t\t\t\t<div class=\"col-inner\"  >\n\t\t\t\n\t\t\t\n\n\t<div id=\"text-4159055889\" class=\"text\">\n\t\t\n\n<h2><span style=\"font-size: 75%;\">Pr\u00e9sentation de la machine Flowpack GM 30FU de type intermittent.<\/span><\/h2>\n<p>La <strong>GM 30FU<\/strong> est \u00e9quip\u00e9e du scellage \u00e0 mouvement de bo\u00eete, contr\u00f4l\u00e9e par moteur \u00e0 1 axe, avec fonction de suivi par cellule photo\u00e9lectrique, panneau tactile couleur de 7 pouces avec 16,7 millions de couleurs inclus, pour une machine d&#8217;emballage Flowpack HFFS. Peut \u00eatre utilis\u00e9 pour des films transparents, des films imprim\u00e9s en continu et des films imprim\u00e9s avec photocellule. Vitesse d&#8217;emballage jusqu&rsquo;\u00e0 40 paquets\/min. Convient pour emballer du pain grill\u00e9, du pain, de la pita, des tortillas, des sandwichs, des l\u00e9gumes, des fruits, des tomates, des poivrons, etc.<\/p>\n<ul>\n<li>Conception compacte et technologique.<\/li>\n<li>Capable d&rsquo;utiliser diff\u00e9rents types de produits et de mati\u00e8res premi\u00e8res vari\u00e9es.<\/li>\n<li>Le syst\u00e8me \u00ab Film depuis le bas \u00bb facilite l&#8217;emballage des produits difficiles \u00e0 emballer.<\/li>\n<li>Syst\u00e8me d&rsquo;alarme de diagnostic, panneau de contr\u00f4le convivial avec \u00e9cran tactile<\/li>\n<\/ul>\n<p><strong>Le syst\u00e8me de scellage herm\u00e9tique<\/strong> offre un scellage de qualit\u00e9 solide et esth\u00e9tique. Il n&rsquo;y a aucune infiltration d&rsquo;air \u00e0 l&rsquo;int\u00e9rieur de l&#8217;emballage. Le meilleur choix pour un syst\u00e8me EAM. (Emballage en Atmosph\u00e8re Modifi\u00e9e)<\/p>\n<p><strong>CONSTRUCTION<\/strong><\/p>\n<ul>\n<li>Le ch\u00e2ssis principal est en acier.<\/li>\n<li>Les parties qui touchent les produits sont en acier inoxydable Cr-Ni.<\/li>\n<li>Des roues robustes pour remplacer facilement la machine.<\/li>\n<li>Pieds r\u00e9glables r\u00e9sistants pour installer la machine de mani\u00e8re permanente.<\/li>\n<\/ul>\n<p><strong>Les mati\u00e8res premi\u00e8res qui peuvent \u00eatre utilis\u00e9es<\/strong><\/p>\n<ul>\n<li>OPP, BOPP, papier et lamin\u00e9s aluminium, cellulo\u00efd dont l&rsquo;une des surfaces peut \u00eatre soud\u00e9e \u00e0 chaud ou \u00e0 froid.<\/li>\n<\/ul>\n<p><strong>Caract\u00e9ristiques Techniques<\/strong><\/p>\n<ul>\n<li>40 paquets\/min<\/li>\n<li>Portes de s\u00e9curit\u00e9 \u00e0 verrouillage<\/li>\n<li>Contr\u00f4l\u00e9 par moteur \u00e0 1 axe<\/li>\n<li>Syst\u00e8me de suivi par cellule photo\u00e9lectrique<\/li>\n<li>Panneau de commande utilisateur avec \u00e9cran tactile couleur de 7 pouces et 16,7 millions de couleurs.<\/li>\n<li>Facile \u00e0 ajuster la taille de la mati\u00e8re premi\u00e8re.<\/li>\n<li>220 VAC \/ 50Hz 1 Phase + N, 3,3 KW<\/li>\n<li>Tension de contr\u00f4le de s\u00e9curit\u00e9 de 24 VCC<\/li>\n<li>Syst\u00e8me de d\u00e9coupe \u00e0 mouvement de bo\u00eete<\/li>\n<li>Scellage de type film depuis le bas<\/li>\n<li>Syst\u00e8me de transport de produit par bande<\/li>\n<li>R\u00e9glage progressif de la longueur d&#8217;emballage<\/li>\n<li>R\u00e9glage progressif de la vitesse de la machine<\/li>\n<li>Convoyeur d&rsquo;alimentation de produit<\/li>\n<li>Bo\u00eete pliante r\u00e9glable<\/li>\n<li>Facile \u00e0 changer le poussoir de produit.<\/li>\n<li>Syst\u00e8me de disque de scellage inf\u00e9rieur en 3 ensembles.<\/li>\n<li>Syst\u00e8me de chauffage contr\u00f4l\u00e9 par PID.<\/li>\n<\/ul>\n<p><strong>Options<\/strong><\/p>\n<ul>\n<li>Imprimante de date<\/li>\n<li>Emballage en Atmosph\u00e8re Modifi\u00e9e<\/li>\n<li>No Product No Bag<\/li>\n<li>No Gap No Seal<\/li>\n<\/ul>\n<p><strong>Produit \u00e0 emballer<\/strong><\/p>\n<p>&#8211; Emballage de pain grill\u00e9, emballage de pain, emballage de pita, emballage de tortilla, emballage de sandwich, emballage de l\u00e9gumes, emballage de fruits, emballage de tomates, emballage de poivrons, emballage de pommes, emballage de produits en plusieurs morceaux, etc.<\/p>\n\t\t\n<style>\n#text-4159055889 {\n  line-height: 1;\n}\n<\/style>\n\t<\/div>\n\t\n\n\t\t<\/div>\n\t\t\t\t\t<\/div>\n\n\t\n\n\t<div id=\"col-824640695\" class=\"col medium-4 small-12 large-4\"  >\n\t\t\t\t<div class=\"col-inner\"  >\n\t\t\t\n\t\t\t\n\n\n\t\t<\/div>\n\t\t\t\t\t<\/div>\n\n\t\n\n\t<div id=\"col-352202244\" class=\"col medium-4 small-12 large-4\"  >\n\t\t\t\t<div class=\"col-inner\"  >\n\t\t\t\n\t\t\t\n\n\n\n<p class=\"wpcf7-contact-form-not-found\"><strong>Erreur\u00a0:<\/strong> Formulaire de contact non trouv\u00e9\u00a0!<\/p>\n\n\n\t\t<\/div>\n\t\t\t\t\t<\/div>\n\n\t\n\n\t<div id=\"col-607764457\" class=\"col medium-4 small-12 large-4\"  >\n\t\t\t\t<div class=\"col-inner\"  >\n\t\t\t\n\t\t\t\n\n\n\t\t<\/div>\n\t\t\t\t\t<\/div>\n\n\t\n\n<\/div>\n\n","protected":false},"excerpt":{"rendered":"","protected":false},"author":1,"featured_media":1523,"parent":1553,"menu_order":0,"comment_status":"closed","ping_status":"closed","template":"page-blank.php","meta":{"footnotes":""},"class_list":["post-1698","page","type-page","status-publish","has-post-thumbnail","hentry"],"yoast_head":"<!-- This site is optimized with the Yoast SEO Premium plugin v26.1 (Yoast SEO v26.1) - https:\/\/yoast.com\/wordpress\/plugins\/seo\/ -->\n<title>GM 30FU Machine d&#039;emballage Flowpack<\/title>\n<meta name=\"description\" content=\"Machine d&#039;emballage Flowpack GM 30FU intermittente, Machine d&#039;emballage Flowpack GM 30FU intermittente, Machine Flow Wrapper GM 30FU intermittente\" \/>\n<meta name=\"robots\" content=\"index, follow, max-snippet:-1, max-image-preview:large, max-video-preview:-1\" \/>\n<link rel=\"canonical\" href=\"https:\/\/www.guvenpack.com\/fr\/machines\/hffs-flowpack\/gm-30fu\/\" \/>\n<meta property=\"og:locale\" content=\"fr_FR\" \/>\n<meta property=\"og:type\" content=\"article\" \/>\n<meta property=\"og:title\" content=\"GM 30FU\" \/>\n<meta property=\"og:description\" content=\"Machine d&#039;emballage Flowpack GM 30FU intermittente, Machine d&#039;emballage Flowpack GM 30FU intermittente, Machine Flow Wrapper GM 30FU intermittente\" \/>\n<meta property=\"og:url\" content=\"https:\/\/www.guvenpack.com\/fr\/machines\/hffs-flowpack\/gm-30fu\/\" \/>\n<meta property=\"og:site_name\" content=\"Guvenpack HFFS Flow Pack, Wet Wipes Machine\" \/>\n<meta property=\"article:publisher\" content=\"https:\/\/www.facebook.com\/guvenpackconverting\" \/>\n<meta property=\"article:modified_time\" content=\"2025-10-16T12:40:20+00:00\" \/>\n<meta property=\"og:image\" content=\"https:\/\/www.guvenpack.com\/wp-content\/uploads\/2023\/07\/gm_30fu.webp\" \/>\n\t<meta property=\"og:image:width\" content=\"1109\" \/>\n\t<meta property=\"og:image:height\" content=\"599\" \/>\n\t<meta property=\"og:image:type\" content=\"image\/webp\" \/>\n<meta name=\"twitter:card\" content=\"summary_large_image\" \/>\n<meta name=\"twitter:site\" content=\"@GuvenPack\" \/>\n<meta name=\"twitter:label1\" content=\"Dur\u00e9e de lecture estim\u00e9e\" \/>\n\t<meta name=\"twitter:data1\" content=\"3 minutes\" \/>\n<script type=\"application\/ld+json\" class=\"yoast-schema-graph\">{\"@context\":\"https:\/\/schema.org\",\"@graph\":[{\"@type\":\"WebPage\",\"@id\":\"https:\/\/www.guvenpack.com\/fr\/machines\/hffs-flowpack\/gm-30fu\/\",\"url\":\"https:\/\/www.guvenpack.com\/fr\/machines\/hffs-flowpack\/gm-30fu\/\",\"name\":\"GM 30FU Machine d'emballage Flowpack\",\"isPartOf\":{\"@id\":\"https:\/\/www.guvenpack.com\/#website\"},\"primaryImageOfPage\":{\"@id\":\"https:\/\/www.guvenpack.com\/fr\/machines\/hffs-flowpack\/gm-30fu\/#primaryimage\"},\"image\":{\"@id\":\"https:\/\/www.guvenpack.com\/fr\/machines\/hffs-flowpack\/gm-30fu\/#primaryimage\"},\"thumbnailUrl\":\"https:\/\/www.guvenpack.com\/wp-content\/uploads\/2023\/07\/gm_30fu.webp\",\"datePublished\":\"2023-09-15T06:47:28+00:00\",\"dateModified\":\"2025-10-16T12:40:20+00:00\",\"description\":\"Machine d'emballage Flowpack GM 30FU intermittente, Machine d'emballage Flowpack GM 30FU intermittente, Machine Flow Wrapper GM 30FU intermittente\",\"breadcrumb\":{\"@id\":\"https:\/\/www.guvenpack.com\/fr\/machines\/hffs-flowpack\/gm-30fu\/#breadcrumb\"},\"inLanguage\":\"fr-FR\",\"potentialAction\":[{\"@type\":\"ReadAction\",\"target\":[\"https:\/\/www.guvenpack.com\/fr\/machines\/hffs-flowpack\/gm-30fu\/\"]}]},{\"@type\":\"ImageObject\",\"inLanguage\":\"fr-FR\",\"@id\":\"https:\/\/www.guvenpack.com\/fr\/machines\/hffs-flowpack\/gm-30fu\/#primaryimage\",\"url\":\"https:\/\/www.guvenpack.com\/wp-content\/uploads\/2023\/07\/gm_30fu.webp\",\"contentUrl\":\"https:\/\/www.guvenpack.com\/wp-content\/uploads\/2023\/07\/gm_30fu.webp\",\"width\":1109,\"height\":599,\"caption\":\"GM 30FU Machine d'emballage horizontale Flowpack\"},{\"@type\":\"BreadcrumbList\",\"@id\":\"https:\/\/www.guvenpack.com\/fr\/machines\/hffs-flowpack\/gm-30fu\/#breadcrumb\",\"itemListElement\":[{\"@type\":\"ListItem\",\"position\":1,\"name\":\"Home\",\"item\":\"https:\/\/www.guvenpack.com\/fr\/home\/\"},{\"@type\":\"ListItem\",\"position\":2,\"name\":\"Machines\",\"item\":\"https:\/\/www.guvenpack.com\/fr\/machines\/\"},{\"@type\":\"ListItem\",\"position\":3,\"name\":\"Machine d&#8217;emballage horizontale Flowpack\",\"item\":\"https:\/\/www.guvenpack.com\/fr\/machines\/hffs-flowpack\/\"},{\"@type\":\"ListItem\",\"position\":4,\"name\":\"GM 30FU\"}]},{\"@type\":\"WebSite\",\"@id\":\"https:\/\/www.guvenpack.com\/#website\",\"url\":\"https:\/\/www.guvenpack.com\/\",\"name\":\"Guvenpack HFFS Flow Pack, Wet Wipes Machine\",\"description\":\"Manufacturer of HFFS Flow pack Packaging Machine, Wet Wipes Machine\",\"publisher\":{\"@id\":\"https:\/\/www.guvenpack.com\/#organization\"},\"potentialAction\":[{\"@type\":\"SearchAction\",\"target\":{\"@type\":\"EntryPoint\",\"urlTemplate\":\"https:\/\/www.guvenpack.com\/?s={search_term_string}\"},\"query-input\":{\"@type\":\"PropertyValueSpecification\",\"valueRequired\":true,\"valueName\":\"search_term_string\"}}],\"inLanguage\":\"fr-FR\"},{\"@type\":\"Organization\",\"@id\":\"https:\/\/www.guvenpack.com\/#organization\",\"name\":\"Guvenpack HFFS Flow Pack, Wet Wipes Machine\",\"url\":\"https:\/\/www.guvenpack.com\/\",\"logo\":{\"@type\":\"ImageObject\",\"inLanguage\":\"fr-FR\",\"@id\":\"https:\/\/www.guvenpack.com\/#\/schema\/logo\/image\/\",\"url\":\"https:\/\/www.guvenpack.com\/wp-content\/uploads\/2023\/07\/logo_fav.png\",\"contentUrl\":\"https:\/\/www.guvenpack.com\/wp-content\/uploads\/2023\/07\/logo_fav.png\",\"width\":676,\"height\":675,\"caption\":\"Guvenpack HFFS Flow Pack, Wet Wipes Machine\"},\"image\":{\"@id\":\"https:\/\/www.guvenpack.com\/#\/schema\/logo\/image\/\"},\"sameAs\":[\"https:\/\/www.facebook.com\/guvenpackconverting\",\"https:\/\/x.com\/GuvenPack\",\"https:\/\/www.instagram.com\/guvenpack\/\",\"https:\/\/www.linkedin.com\/company\/guvenpack\/\",\"https:\/\/www.youtube.com\/@guvenpack\"]}]}<\/script>\n<!-- \/ Yoast SEO Premium plugin. -->","yoast_head_json":{"title":"GM 30FU Machine d'emballage Flowpack","description":"Machine d'emballage Flowpack GM 30FU intermittente, Machine d'emballage Flowpack GM 30FU intermittente, Machine Flow Wrapper GM 30FU intermittente","robots":{"index":"index","follow":"follow","max-snippet":"max-snippet:-1","max-image-preview":"max-image-preview:large","max-video-preview":"max-video-preview:-1"},"canonical":"https:\/\/www.guvenpack.com\/fr\/machines\/hffs-flowpack\/gm-30fu\/","og_locale":"fr_FR","og_type":"article","og_title":"GM 30FU","og_description":"Machine d'emballage Flowpack GM 30FU intermittente, Machine d'emballage Flowpack GM 30FU intermittente, Machine Flow Wrapper GM 30FU intermittente","og_url":"https:\/\/www.guvenpack.com\/fr\/machines\/hffs-flowpack\/gm-30fu\/","og_site_name":"Guvenpack HFFS Flow Pack, Wet Wipes Machine","article_publisher":"https:\/\/www.facebook.com\/guvenpackconverting","article_modified_time":"2025-10-16T12:40:20+00:00","og_image":[{"width":1109,"height":599,"url":"https:\/\/www.guvenpack.com\/wp-content\/uploads\/2023\/07\/gm_30fu.webp","type":"image\/webp"}],"twitter_card":"summary_large_image","twitter_site":"@GuvenPack","twitter_misc":{"Dur\u00e9e de lecture estim\u00e9e":"3 minutes"},"schema":{"@context":"https:\/\/schema.org","@graph":[{"@type":"WebPage","@id":"https:\/\/www.guvenpack.com\/fr\/machines\/hffs-flowpack\/gm-30fu\/","url":"https:\/\/www.guvenpack.com\/fr\/machines\/hffs-flowpack\/gm-30fu\/","name":"GM 30FU Machine d'emballage Flowpack","isPartOf":{"@id":"https:\/\/www.guvenpack.com\/#website"},"primaryImageOfPage":{"@id":"https:\/\/www.guvenpack.com\/fr\/machines\/hffs-flowpack\/gm-30fu\/#primaryimage"},"image":{"@id":"https:\/\/www.guvenpack.com\/fr\/machines\/hffs-flowpack\/gm-30fu\/#primaryimage"},"thumbnailUrl":"https:\/\/www.guvenpack.com\/wp-content\/uploads\/2023\/07\/gm_30fu.webp","datePublished":"2023-09-15T06:47:28+00:00","dateModified":"2025-10-16T12:40:20+00:00","description":"Machine d'emballage Flowpack GM 30FU intermittente, Machine d'emballage Flowpack GM 30FU intermittente, Machine Flow Wrapper GM 30FU intermittente","breadcrumb":{"@id":"https:\/\/www.guvenpack.com\/fr\/machines\/hffs-flowpack\/gm-30fu\/#breadcrumb"},"inLanguage":"fr-FR","potentialAction":[{"@type":"ReadAction","target":["https:\/\/www.guvenpack.com\/fr\/machines\/hffs-flowpack\/gm-30fu\/"]}]},{"@type":"ImageObject","inLanguage":"fr-FR","@id":"https:\/\/www.guvenpack.com\/fr\/machines\/hffs-flowpack\/gm-30fu\/#primaryimage","url":"https:\/\/www.guvenpack.com\/wp-content\/uploads\/2023\/07\/gm_30fu.webp","contentUrl":"https:\/\/www.guvenpack.com\/wp-content\/uploads\/2023\/07\/gm_30fu.webp","width":1109,"height":599,"caption":"GM 30FU Machine d'emballage horizontale Flowpack"},{"@type":"BreadcrumbList","@id":"https:\/\/www.guvenpack.com\/fr\/machines\/hffs-flowpack\/gm-30fu\/#breadcrumb","itemListElement":[{"@type":"ListItem","position":1,"name":"Home","item":"https:\/\/www.guvenpack.com\/fr\/home\/"},{"@type":"ListItem","position":2,"name":"Machines","item":"https:\/\/www.guvenpack.com\/fr\/machines\/"},{"@type":"ListItem","position":3,"name":"Machine d&#8217;emballage horizontale Flowpack","item":"https:\/\/www.guvenpack.com\/fr\/machines\/hffs-flowpack\/"},{"@type":"ListItem","position":4,"name":"GM 30FU"}]},{"@type":"WebSite","@id":"https:\/\/www.guvenpack.com\/#website","url":"https:\/\/www.guvenpack.com\/","name":"Guvenpack HFFS Flow Pack, Wet Wipes Machine","description":"Manufacturer of HFFS Flow pack Packaging Machine, Wet Wipes Machine","publisher":{"@id":"https:\/\/www.guvenpack.com\/#organization"},"potentialAction":[{"@type":"SearchAction","target":{"@type":"EntryPoint","urlTemplate":"https:\/\/www.guvenpack.com\/?s={search_term_string}"},"query-input":{"@type":"PropertyValueSpecification","valueRequired":true,"valueName":"search_term_string"}}],"inLanguage":"fr-FR"},{"@type":"Organization","@id":"https:\/\/www.guvenpack.com\/#organization","name":"Guvenpack HFFS Flow Pack, Wet Wipes Machine","url":"https:\/\/www.guvenpack.com\/","logo":{"@type":"ImageObject","inLanguage":"fr-FR","@id":"https:\/\/www.guvenpack.com\/#\/schema\/logo\/image\/","url":"https:\/\/www.guvenpack.com\/wp-content\/uploads\/2023\/07\/logo_fav.png","contentUrl":"https:\/\/www.guvenpack.com\/wp-content\/uploads\/2023\/07\/logo_fav.png","width":676,"height":675,"caption":"Guvenpack HFFS Flow Pack, Wet Wipes Machine"},"image":{"@id":"https:\/\/www.guvenpack.com\/#\/schema\/logo\/image\/"},"sameAs":["https:\/\/www.facebook.com\/guvenpackconverting","https:\/\/x.com\/GuvenPack","https:\/\/www.instagram.com\/guvenpack\/","https:\/\/www.linkedin.com\/company\/guvenpack\/","https:\/\/www.youtube.com\/@guvenpack"]}]}},"_links":{"self":[{"href":"https:\/\/www.guvenpack.com\/fr\/wp-json\/wp\/v2\/pages\/1698","targetHints":{"allow":["GET"]}}],"collection":[{"href":"https:\/\/www.guvenpack.com\/fr\/wp-json\/wp\/v2\/pages"}],"about":[{"href":"https:\/\/www.guvenpack.com\/fr\/wp-json\/wp\/v2\/types\/page"}],"author":[{"embeddable":true,"href":"https:\/\/www.guvenpack.com\/fr\/wp-json\/wp\/v2\/users\/1"}],"replies":[{"embeddable":true,"href":"https:\/\/www.guvenpack.com\/fr\/wp-json\/wp\/v2\/comments?post=1698"}],"version-history":[{"count":6,"href":"https:\/\/www.guvenpack.com\/fr\/wp-json\/wp\/v2\/pages\/1698\/revisions"}],"predecessor-version":[{"id":2920,"href":"https:\/\/www.guvenpack.com\/fr\/wp-json\/wp\/v2\/pages\/1698\/revisions\/2920"}],"up":[{"embeddable":true,"href":"https:\/\/www.guvenpack.com\/fr\/wp-json\/wp\/v2\/pages\/1553"}],"wp:featuredmedia":[{"embeddable":true,"href":"https:\/\/www.guvenpack.com\/fr\/wp-json\/wp\/v2\/media\/1523"}],"wp:attachment":[{"href":"https:\/\/www.guvenpack.com\/fr\/wp-json\/wp\/v2\/media?parent=1698"}],"curies":[{"name":"wp","href":"https:\/\/api.w.org\/{rel}","templated":true}]}}