{"id":1697,"date":"2023-09-15T06:39:35","date_gmt":"2023-09-15T06:39:35","guid":{"rendered":"https:\/\/www.guvenpack.com\/machines\/hffs-flowpack\/gm-30fsu\/"},"modified":"2025-07-10T15:12:41","modified_gmt":"2025-07-10T15:12:41","slug":"gm-30fsu","status":"publish","type":"page","link":"https:\/\/www.guvenpack.com\/fr\/machines\/hffs-flowpack\/gm-30fsu\/","title":{"rendered":"GM 30FSU"},"content":{"rendered":"\n\n  <div class=\"banner has-hover\" id=\"banner-1592887123\">\n          <div class=\"banner-inner fill\">\n        <div class=\"banner-bg fill\" >\n                                    <div class=\"overlay\"><\/div>            \n                    <\/div>\n\t\t\n        <div class=\"banner-layers container\">\n            <div class=\"fill banner-link\"><\/div>            \n\n\t<div class=\"img has-hover x50 md-x50 lg-x50 y0 md-y0 lg-y0\" id=\"image_1196734229\">\n\t\t\t\t\t\t\t\t<div class=\"img-inner dark\" style=\"margin:20px 0px 0px 0px;\">\n\t\t\t<img loading=\"lazy\" decoding=\"async\" width=\"1178\" height=\"462\" src=\"https:\/\/www.guvenpack.com\/wp-content\/uploads\/2023\/07\/gm_30fsu.webp\" class=\"attachment-original size-original\" alt=\"GM 30FSU Horizontal Packaging Machine Flowpack\" srcset=\"https:\/\/www.guvenpack.com\/wp-content\/uploads\/2023\/07\/gm_30fsu.webp 1178w, https:\/\/www.guvenpack.com\/wp-content\/uploads\/2023\/07\/gm_30fsu-800x314.webp 800w, https:\/\/www.guvenpack.com\/wp-content\/uploads\/2023\/07\/gm_30fsu-768x301.webp 768w\" sizes=\"auto, (max-width: 1178px) 100vw, 1178px\" \/>\t\t\t\t\t\t\n\t\t\t\t\t<\/div>\n\t\t\t\t\t\t\t\t\n<style>\n#image_1196734229 {\n  width: 84%;\n}\n<\/style>\n\t<\/div>\n\t\n\n   <div id=\"text-box-522077908\" class=\"text-box banner-layer x0 md-x0 lg-x0 y100 md-y100 lg-y100 res-text\">\n                                <div class=\"text-box-content text dark\">\n              \n              <div class=\"text-inner text-center\">\n                  \n\n\t<div id=\"text-1533840127\" class=\"text\">\n\t\t\n\n<h1><span style=\"font-size: 75%;\"><strong>GM 30FSU<br>Machine d&#8217;emballage Flowpack avec film de type inf\u00e9rieur<\/strong><\/span><\/h1>\n\t\t\n<style>\n#text-1533840127 {\n  font-size: 0.75rem;\n  text-align: left;\n  color: rgb(0, 0, 0);\n}\n#text-1533840127 > * {\n  color: rgb(0, 0, 0);\n}\n<\/style>\n\t<\/div>\n\t\n\n              <\/div>\n           <\/div>\n                            \n<style>\n#text-box-522077908 {\n  width: 60%;\n}\n#text-box-522077908 .text-box-content {\n  font-size: 100%;\n}\n@media (min-width:550px) {\n  #text-box-522077908 {\n    width: 68%;\n  }\n}\n<\/style>\n    <\/div>\n \n\n        <\/div>\n      <\/div>\n\n            \n<style>\n#banner-1592887123 {\n  padding-top: 400px;\n  background-color: rgb(255, 255, 255);\n}\n#banner-1592887123 .overlay {\n  background-color: rgba(255, 255, 255, 0.2);\n}\n<\/style>\n  <\/div>\n\n\n<div class=\"row\"  id=\"row-271583717\">\n\n\n\t<div id=\"col-1227266992\" class=\"col hide-for-medium medium-2 small-12 large-2\"  >\n\t\t\t\t<div class=\"col-inner\"  >\n\t\t\t\n\t\t\t\n\n<ul class=\"sidebar-wrapper ul-reset\">Horizontal Packaging Machine Flowpack\t\t\t<div class=\"textwidget\"><\/div>\n\t\t<div class=\"menu-machines-flowpack-ar-container\"><ul id=\"menu-machines-flowpack-ar\" class=\"menu\"><li id=\"menu-item-1864\" class=\"menu-item menu-item-type-post_type menu-item-object-page menu-item-1864\"><a href=\"https:\/\/www.guvenpack.com\/fr\/machines\/hffs-flowpack\/gm-mini\/\">GM Mini<\/a><\/li>\n<li id=\"menu-item-1857\" class=\"menu-item menu-item-type-post_type menu-item-object-page menu-item-1857\"><a href=\"https:\/\/www.guvenpack.com\/fr\/machines\/hffs-flowpack\/gm-10f\/\">GM 10F<\/a><\/li>\n<li id=\"menu-item-1858\" class=\"menu-item menu-item-type-post_type menu-item-object-page menu-item-1858\"><a href=\"https:\/\/www.guvenpack.com\/fr\/machines\/hffs-flowpack\/gm-30fs\/\">GM 30FS<\/a><\/li>\n<li id=\"menu-item-1860\" class=\"menu-item menu-item-type-post_type menu-item-object-page menu-item-1860\"><a href=\"https:\/\/www.guvenpack.com\/fr\/machines\/hffs-flowpack\/gm-30fu\/\">GM 30FU<\/a><\/li>\n<li id=\"menu-item-1859\" class=\"menu-item menu-item-type-post_type menu-item-object-page menu-item-1859\"><a href=\"https:\/\/www.guvenpack.com\/fr\/machines\/hffs-flowpack\/gm-30fsu\/\">GM 30FSU<\/a><\/li>\n<li id=\"menu-item-1861\" class=\"menu-item menu-item-type-post_type menu-item-object-page menu-item-1861\"><a href=\"https:\/\/www.guvenpack.com\/fr\/machines\/hffs-flowpack\/gm-33fs\/\">GM 33FS<\/a><\/li>\n<li id=\"menu-item-1862\" class=\"menu-item menu-item-type-post_type menu-item-object-page menu-item-1862\"><a href=\"https:\/\/www.guvenpack.com\/fr\/machines\/hffs-flowpack\/gm-33fsu\/\">GM 33FSU<\/a><\/li>\n<li id=\"menu-item-1863\" class=\"menu-item menu-item-type-post_type menu-item-object-page menu-item-1863\"><a href=\"https:\/\/www.guvenpack.com\/fr\/machines\/hffs-flowpack\/gm-40fs\/\">GM 40FS<\/a><\/li>\n<li id=\"menu-item-1852\" class=\"menu-item menu-item-type-post_type menu-item-object-page menu-item-1852\"><a href=\"https:\/\/www.guvenpack.com\/fr\/machines\/hffs-flowpack\/gm-100fs\/\">GM 100FS<\/a><\/li>\n<li id=\"menu-item-1853\" class=\"menu-item menu-item-type-post_type menu-item-object-page menu-item-1853\"><a href=\"https:\/\/www.guvenpack.com\/fr\/machines\/hffs-flowpack\/gm-100fsu\/\">GM 100FSU<\/a><\/li>\n<li id=\"menu-item-1854\" class=\"menu-item menu-item-type-post_type menu-item-object-page menu-item-1854\"><a href=\"https:\/\/www.guvenpack.com\/fr\/machines\/hffs-flowpack\/gm-100fsu-pe\/\">GM 100FSU-PE<\/a><\/li>\n<li id=\"menu-item-1855\" class=\"menu-item menu-item-type-post_type menu-item-object-page menu-item-1855\"><a href=\"https:\/\/www.guvenpack.com\/fr\/machines\/hffs-flowpack\/gm-102fs\/\">GM 102FS<\/a><\/li>\n<li id=\"menu-item-1856\" class=\"menu-item menu-item-type-post_type menu-item-object-page menu-item-1856\"><a href=\"https:\/\/www.guvenpack.com\/fr\/machines\/hffs-flowpack\/gm-103fs\/\">GM 103FS<\/a><\/li>\n<\/ul><\/div>Wet Wipes Machines\t\t\t<div class=\"textwidget\"><\/div>\n\t\t<div class=\"menu-machine-wetwipes-ar-container\"><ul id=\"menu-machine-wetwipes-ar\" class=\"menu\"><li id=\"menu-item-1867\" class=\"menu-item menu-item-type-post_type menu-item-object-page menu-item-1867\"><a href=\"https:\/\/www.guvenpack.com\/fr\/machines\/lingettes-humides\/gm-100w\/\">GM 100W<\/a><\/li>\n<li id=\"menu-item-1868\" class=\"menu-item menu-item-type-post_type menu-item-object-page menu-item-1868\"><a href=\"https:\/\/www.guvenpack.com\/fr\/machines\/lingettes-humides\/gm-100fw\/\">GM 100FW<\/a><\/li>\n<li id=\"menu-item-1865\" class=\"menu-item menu-item-type-post_type menu-item-object-page menu-item-1865\"><a href=\"https:\/\/www.guvenpack.com\/fr\/machines\/lingettes-humides\/gm-101w\/\">GM 101W<\/a><\/li>\n<li id=\"menu-item-1866\" class=\"menu-item menu-item-type-post_type menu-item-object-page menu-item-1866\"><a href=\"https:\/\/www.guvenpack.com\/fr\/machines\/lingettes-humides\/gm-101fw\/\">GM 101FW<\/a><\/li>\n<\/ul><\/div>Lids Machine\t\t\t<div class=\"textwidget\"><\/div>\n\t\t<div class=\"menu-machine-lidsmachinefr-container\"><ul id=\"menu-machine-lidsmachinefr\" class=\"menu\"><li id=\"menu-item-1811\" class=\"menu-item menu-item-type-post_type menu-item-object-page menu-item-1811\"><a href=\"https:\/\/www.guvenpack.com\/fr\/machines\/machine-a-couvercles\/gm-02\/\">GM 02<\/a><\/li>\n<\/ul><\/div><\/ul>\n\n\n\t\t<\/div>\n\t\t\t\t\t<\/div>\n\n\t\n\n\t<div id=\"col-1535183452\" class=\"col medium-10 small-12 large-10\"  >\n\t\t\t\t<div class=\"col-inner\"  >\n\t\t\t\n\t\t\t\n\n\t<div id=\"text-363927703\" class=\"text\">\n\t\t\n\n<h2><span style=\"font-size: 75%;\">Pr\u00e9sentation de la machine GM 30FSU Flowpack avec film depuis le bas<\/span><\/h2>\n<p>Le syst\u00e8me <strong>GM 30FSU<\/strong> Film From Bottom, contr\u00f4l\u00e9 par 3 axes moteur, avec fonction de suivi par cellule photo\u00e9lectrique et panneau tactile color\u00e9 7\u2033 16.7M est inclus dans la machine d&#8217;emballage en flux horizontal (HFFS). Peut \u00eatre utilis\u00e9 pour des films transparents, des films imprim\u00e9s en continu et des films imprim\u00e9s avec photocellule. Vitesse d&#8217;emballage jusqu&rsquo;\u00e0 150 paquets\/minute. Convient pour l&#8217;emballage de cr\u00e8me glac\u00e9e, coton, chocolat, etc.<\/p>\n<ul>\n<li>Conception compacte et technologique.<\/li>\n<li>Capable d&rsquo;utiliser diff\u00e9rents types de produits et de mati\u00e8res premi\u00e8res vari\u00e9es.<\/li>\n<li>Le syst\u00e8me de film depuis le haut facilite l&#8217;emballage des produits difficiles \u00e0 emballer avec des syst\u00e8mes de film depuis le bas.<\/li>\n<li>Syst\u00e8me d&rsquo;alarme de diagnostic, panneau de contr\u00f4le convivial avec \u00e9cran tactile<\/li>\n<\/ul>\n<p> <\/p>\n<p><strong>CONSTRUCTION<\/strong><\/p>\n<ul>\n<li>Corps peint \u00e0 l&rsquo;\u00e9lectrostatique. Les endroits en contact avec les produits avant l&#8217;emballage sont en acier inoxydable Cr-Ni.<\/li>\n<li>Les zones en contact avec les produits sont en acier inoxydable.<\/li>\n<li>Des roues robustes pour remplacer facilement la machine.<\/li>\n<li>Pieds r\u00e9glables r\u00e9sistants pour installer la machine de mani\u00e8re permanente.<\/li>\n<\/ul>\n<p><strong>Les mati\u00e8res premi\u00e8res qui peuvent \u00eatre utilis\u00e9es<\/strong><\/p>\n<ul>\n<li>OPP, BOPP, papier et lamin\u00e9s aluminium, cellulo\u00efd dont l&rsquo;une des surfaces peut \u00eatre soud\u00e9e \u00e0 chaud ou \u00e0 froid.<\/li>\n<\/ul>\n<p><strong>Caract\u00e9ristiques Techniques<\/strong><\/p>\n<ul>\n<li>150 paquets\/minute<\/li>\n<li>Portes de s\u00e9curit\u00e9 \u00e0 verrouillage<\/li>\n<li>Contr\u00f4l\u00e9 par moteur \u00e0 3 axes<\/li>\n<li>Syst\u00e8me de suivi par cellule photo\u00e9lectrique<\/li>\n<li>Panneau de commande utilisateur avec \u00e9cran tactile couleur de 7 pouces et 16,7 millions de couleurs.<\/li>\n<li>Facile \u00e0 ajuster la taille de la mati\u00e8re premi\u00e8re.<\/li>\n<li>220 VAC \/ 50Hz 1 Phase + N, 3 KW<\/li>\n<li>Tension de contr\u00f4le de s\u00e9curit\u00e9 de 24 VCC<\/li>\n<li>Syst\u00e8me de d\u00e9coupe \u00e0 mouvement rotatif<\/li>\n<li>Scellage de type film depuis le bas<\/li>\n<li>Syst\u00e8me de transport de produit par bande<\/li>\n<li>R\u00e9glage progressif de la longueur d&#8217;emballage<\/li>\n<li>R\u00e9glage progressif de la vitesse de la machine<\/li>\n<li>R\u00e9glage progressif de la vitesse de d\u00e9coupe rotative<\/li>\n<li>Convoyeur d&rsquo;alimentation de produit<\/li>\n<li>Bo\u00eete pliante r\u00e9glable<\/li>\n<li>Facile \u00e0 changer le poussoir de produit.<\/li>\n<li>Syst\u00e8me de disque de scellage inf\u00e9rieur en 3 ensembles.<\/li>\n<li>S\u00e9curit\u00e9 en cas de surcharge du d\u00e9coupeur rotatif<\/li>\n<li>Syst\u00e8me de chauffage contr\u00f4l\u00e9 par PID.<\/li>\n<\/ul>\n<p><strong>Options<\/strong><\/p>\n<ul>\n<li>Imprimante de date<\/li>\n<li>Corps enti\u00e8rement en acier inoxydable Cr-Ni<\/li>\n<\/ul>\n<p><strong>Produit \u00e0 emballer<\/strong><\/p>\n<p>\u2013 Emballage de cr\u00e8me glac\u00e9e, emballage de poisson, emballage de produits en plusieurs morceaux, emballage de produits en plusieurs morceaux, etc.<\/p>\n\t\t\n<style>\n#text-363927703 {\n  line-height: 1;\n}\n<\/style>\n\t<\/div>\n\t\n\n\t\t<\/div>\n\t\t\t\t\t<\/div>\n\n\t\n\n\t<div id=\"col-952989927\" class=\"col medium-4 small-12 large-4\"  >\n\t\t\t\t<div class=\"col-inner\"  >\n\t\t\t\n\t\t\t\n\n\n\t\t<\/div>\n\t\t\t\t\t<\/div>\n\n\t\n\n\t<div id=\"col-1639311117\" class=\"col medium-4 small-12 large-4\"  >\n\t\t\t\t<div class=\"col-inner\"  >\n\t\t\t\n\t\t\t\n\n\n\t\t<\/div>\n\t\t\t\t\t<\/div>\n\n\t\n\n\t<div id=\"col-1259499984\" class=\"col medium-4 small-12 large-4\"  >\n\t\t\t\t<div class=\"col-inner\"  >\n\t\t\t\n\t\t\t\n\n\n\t\t<\/div>\n\t\t\t\t\t<\/div>\n\n\t\n\n<\/div>\n\n","protected":false},"excerpt":{"rendered":"","protected":false},"author":1,"featured_media":1520,"parent":1553,"menu_order":0,"comment_status":"closed","ping_status":"closed","template":"page-blank.php","meta":{"footnotes":""},"class_list":["post-1697","page","type-page","status-publish","has-post-thumbnail","hentry"],"yoast_head":"<!-- This site is optimized with the Yoast SEO Premium plugin v26.1 (Yoast SEO v26.1) - https:\/\/yoast.com\/wordpress\/plugins\/seo\/ -->\n<title>GM 30FSU Machine d&#039;emballage Flowpack avec film de type inf\u00e9rieur<\/title>\n<meta name=\"description\" content=\"Machine Flowpack GM 30FSU avec film depuis le bas, Machine d&#039;emballage Flowpack GM 30FSU avec film depuis le bas, Machine Flow Wrapper GM 30FSU avec film depuis le bas.\" \/>\n<meta name=\"robots\" content=\"index, follow, max-snippet:-1, max-image-preview:large, max-video-preview:-1\" \/>\n<link rel=\"canonical\" href=\"https:\/\/www.guvenpack.com\/fr\/machines\/hffs-flowpack\/gm-30fsu\/\" \/>\n<meta property=\"og:locale\" content=\"fr_FR\" \/>\n<meta property=\"og:type\" content=\"article\" \/>\n<meta property=\"og:title\" content=\"GM 30FSU\" \/>\n<meta property=\"og:description\" content=\"Machine Flowpack GM 30FSU avec film depuis le bas, Machine d&#039;emballage Flowpack GM 30FSU avec film depuis le bas, Machine Flow Wrapper GM 30FSU avec film depuis le bas.\" \/>\n<meta property=\"og:url\" content=\"https:\/\/www.guvenpack.com\/fr\/machines\/hffs-flowpack\/gm-30fsu\/\" \/>\n<meta property=\"og:site_name\" content=\"Guvenpack HFFS Flow Pack, Wet Wipes Machine\" \/>\n<meta property=\"article:publisher\" content=\"https:\/\/www.facebook.com\/guvenpackconverting\" \/>\n<meta property=\"article:modified_time\" content=\"2025-07-10T15:12:41+00:00\" \/>\n<meta property=\"og:image\" content=\"https:\/\/www.guvenpack.com\/wp-content\/uploads\/2023\/07\/gm_30fsu.webp\" \/>\n\t<meta property=\"og:image:width\" content=\"1178\" \/>\n\t<meta property=\"og:image:height\" content=\"462\" \/>\n\t<meta property=\"og:image:type\" content=\"image\/webp\" \/>\n<meta name=\"twitter:card\" content=\"summary_large_image\" \/>\n<meta name=\"twitter:site\" content=\"@GuvenPack\" \/>\n<meta name=\"twitter:label1\" content=\"Dur\u00e9e de lecture estim\u00e9e\" \/>\n\t<meta name=\"twitter:data1\" content=\"3 minutes\" \/>\n<script type=\"application\/ld+json\" class=\"yoast-schema-graph\">{\"@context\":\"https:\/\/schema.org\",\"@graph\":[{\"@type\":\"WebPage\",\"@id\":\"https:\/\/www.guvenpack.com\/fr\/machines\/hffs-flowpack\/gm-30fsu\/\",\"url\":\"https:\/\/www.guvenpack.com\/fr\/machines\/hffs-flowpack\/gm-30fsu\/\",\"name\":\"GM 30FSU Machine d'emballage Flowpack avec film de type inf\u00e9rieur\",\"isPartOf\":{\"@id\":\"https:\/\/www.guvenpack.com\/#website\"},\"primaryImageOfPage\":{\"@id\":\"https:\/\/www.guvenpack.com\/fr\/machines\/hffs-flowpack\/gm-30fsu\/#primaryimage\"},\"image\":{\"@id\":\"https:\/\/www.guvenpack.com\/fr\/machines\/hffs-flowpack\/gm-30fsu\/#primaryimage\"},\"thumbnailUrl\":\"https:\/\/www.guvenpack.com\/wp-content\/uploads\/2023\/07\/gm_30fsu.webp\",\"datePublished\":\"2023-09-15T06:39:35+00:00\",\"dateModified\":\"2025-07-10T15:12:41+00:00\",\"description\":\"Machine Flowpack GM 30FSU avec film depuis le bas, Machine d'emballage Flowpack GM 30FSU avec film depuis le bas, Machine Flow Wrapper GM 30FSU avec film depuis le bas.\",\"breadcrumb\":{\"@id\":\"https:\/\/www.guvenpack.com\/fr\/machines\/hffs-flowpack\/gm-30fsu\/#breadcrumb\"},\"inLanguage\":\"fr-FR\",\"potentialAction\":[{\"@type\":\"ReadAction\",\"target\":[\"https:\/\/www.guvenpack.com\/fr\/machines\/hffs-flowpack\/gm-30fsu\/\"]}]},{\"@type\":\"ImageObject\",\"inLanguage\":\"fr-FR\",\"@id\":\"https:\/\/www.guvenpack.com\/fr\/machines\/hffs-flowpack\/gm-30fsu\/#primaryimage\",\"url\":\"https:\/\/www.guvenpack.com\/wp-content\/uploads\/2023\/07\/gm_30fsu.webp\",\"contentUrl\":\"https:\/\/www.guvenpack.com\/wp-content\/uploads\/2023\/07\/gm_30fsu.webp\",\"width\":1178,\"height\":462,\"caption\":\"GM 30FSU Machine d'emballage horizontale Flowpack\"},{\"@type\":\"BreadcrumbList\",\"@id\":\"https:\/\/www.guvenpack.com\/fr\/machines\/hffs-flowpack\/gm-30fsu\/#breadcrumb\",\"itemListElement\":[{\"@type\":\"ListItem\",\"position\":1,\"name\":\"Home\",\"item\":\"https:\/\/www.guvenpack.com\/fr\/home\/\"},{\"@type\":\"ListItem\",\"position\":2,\"name\":\"Machines\",\"item\":\"https:\/\/www.guvenpack.com\/fr\/machines\/\"},{\"@type\":\"ListItem\",\"position\":3,\"name\":\"Machine d&#8217;emballage horizontale Flowpack\",\"item\":\"https:\/\/www.guvenpack.com\/fr\/machines\/hffs-flowpack\/\"},{\"@type\":\"ListItem\",\"position\":4,\"name\":\"GM 30FSU\"}]},{\"@type\":\"WebSite\",\"@id\":\"https:\/\/www.guvenpack.com\/#website\",\"url\":\"https:\/\/www.guvenpack.com\/\",\"name\":\"Guvenpack HFFS Flow Pack, Wet Wipes Machine\",\"description\":\"Manufacturer of HFFS Flow pack Packaging Machine, Wet Wipes Machine\",\"publisher\":{\"@id\":\"https:\/\/www.guvenpack.com\/#organization\"},\"potentialAction\":[{\"@type\":\"SearchAction\",\"target\":{\"@type\":\"EntryPoint\",\"urlTemplate\":\"https:\/\/www.guvenpack.com\/?s={search_term_string}\"},\"query-input\":{\"@type\":\"PropertyValueSpecification\",\"valueRequired\":true,\"valueName\":\"search_term_string\"}}],\"inLanguage\":\"fr-FR\"},{\"@type\":\"Organization\",\"@id\":\"https:\/\/www.guvenpack.com\/#organization\",\"name\":\"Guvenpack HFFS Flow Pack, Wet Wipes Machine\",\"url\":\"https:\/\/www.guvenpack.com\/\",\"logo\":{\"@type\":\"ImageObject\",\"inLanguage\":\"fr-FR\",\"@id\":\"https:\/\/www.guvenpack.com\/#\/schema\/logo\/image\/\",\"url\":\"https:\/\/www.guvenpack.com\/wp-content\/uploads\/2023\/07\/logo_fav.png\",\"contentUrl\":\"https:\/\/www.guvenpack.com\/wp-content\/uploads\/2023\/07\/logo_fav.png\",\"width\":676,\"height\":675,\"caption\":\"Guvenpack HFFS Flow Pack, Wet Wipes Machine\"},\"image\":{\"@id\":\"https:\/\/www.guvenpack.com\/#\/schema\/logo\/image\/\"},\"sameAs\":[\"https:\/\/www.facebook.com\/guvenpackconverting\",\"https:\/\/x.com\/GuvenPack\",\"https:\/\/www.instagram.com\/guvenpack\/\",\"https:\/\/www.linkedin.com\/company\/guvenpack\/\",\"https:\/\/www.youtube.com\/@guvenpack\"]}]}<\/script>\n<!-- \/ Yoast SEO Premium plugin. -->","yoast_head_json":{"title":"GM 30FSU Machine d'emballage Flowpack avec film de type inf\u00e9rieur","description":"Machine Flowpack GM 30FSU avec film depuis le bas, Machine d'emballage Flowpack GM 30FSU avec film depuis le bas, Machine Flow Wrapper GM 30FSU avec film depuis le bas.","robots":{"index":"index","follow":"follow","max-snippet":"max-snippet:-1","max-image-preview":"max-image-preview:large","max-video-preview":"max-video-preview:-1"},"canonical":"https:\/\/www.guvenpack.com\/fr\/machines\/hffs-flowpack\/gm-30fsu\/","og_locale":"fr_FR","og_type":"article","og_title":"GM 30FSU","og_description":"Machine Flowpack GM 30FSU avec film depuis le bas, Machine d'emballage Flowpack GM 30FSU avec film depuis le bas, Machine Flow Wrapper GM 30FSU avec film depuis le bas.","og_url":"https:\/\/www.guvenpack.com\/fr\/machines\/hffs-flowpack\/gm-30fsu\/","og_site_name":"Guvenpack HFFS Flow Pack, Wet Wipes Machine","article_publisher":"https:\/\/www.facebook.com\/guvenpackconverting","article_modified_time":"2025-07-10T15:12:41+00:00","og_image":[{"width":1178,"height":462,"url":"https:\/\/www.guvenpack.com\/wp-content\/uploads\/2023\/07\/gm_30fsu.webp","type":"image\/webp"}],"twitter_card":"summary_large_image","twitter_site":"@GuvenPack","twitter_misc":{"Dur\u00e9e de lecture estim\u00e9e":"3 minutes"},"schema":{"@context":"https:\/\/schema.org","@graph":[{"@type":"WebPage","@id":"https:\/\/www.guvenpack.com\/fr\/machines\/hffs-flowpack\/gm-30fsu\/","url":"https:\/\/www.guvenpack.com\/fr\/machines\/hffs-flowpack\/gm-30fsu\/","name":"GM 30FSU Machine d'emballage Flowpack avec film de type inf\u00e9rieur","isPartOf":{"@id":"https:\/\/www.guvenpack.com\/#website"},"primaryImageOfPage":{"@id":"https:\/\/www.guvenpack.com\/fr\/machines\/hffs-flowpack\/gm-30fsu\/#primaryimage"},"image":{"@id":"https:\/\/www.guvenpack.com\/fr\/machines\/hffs-flowpack\/gm-30fsu\/#primaryimage"},"thumbnailUrl":"https:\/\/www.guvenpack.com\/wp-content\/uploads\/2023\/07\/gm_30fsu.webp","datePublished":"2023-09-15T06:39:35+00:00","dateModified":"2025-07-10T15:12:41+00:00","description":"Machine Flowpack GM 30FSU avec film depuis le bas, Machine d'emballage Flowpack GM 30FSU avec film depuis le bas, Machine Flow Wrapper GM 30FSU avec film depuis le bas.","breadcrumb":{"@id":"https:\/\/www.guvenpack.com\/fr\/machines\/hffs-flowpack\/gm-30fsu\/#breadcrumb"},"inLanguage":"fr-FR","potentialAction":[{"@type":"ReadAction","target":["https:\/\/www.guvenpack.com\/fr\/machines\/hffs-flowpack\/gm-30fsu\/"]}]},{"@type":"ImageObject","inLanguage":"fr-FR","@id":"https:\/\/www.guvenpack.com\/fr\/machines\/hffs-flowpack\/gm-30fsu\/#primaryimage","url":"https:\/\/www.guvenpack.com\/wp-content\/uploads\/2023\/07\/gm_30fsu.webp","contentUrl":"https:\/\/www.guvenpack.com\/wp-content\/uploads\/2023\/07\/gm_30fsu.webp","width":1178,"height":462,"caption":"GM 30FSU Machine d'emballage horizontale Flowpack"},{"@type":"BreadcrumbList","@id":"https:\/\/www.guvenpack.com\/fr\/machines\/hffs-flowpack\/gm-30fsu\/#breadcrumb","itemListElement":[{"@type":"ListItem","position":1,"name":"Home","item":"https:\/\/www.guvenpack.com\/fr\/home\/"},{"@type":"ListItem","position":2,"name":"Machines","item":"https:\/\/www.guvenpack.com\/fr\/machines\/"},{"@type":"ListItem","position":3,"name":"Machine d&#8217;emballage horizontale Flowpack","item":"https:\/\/www.guvenpack.com\/fr\/machines\/hffs-flowpack\/"},{"@type":"ListItem","position":4,"name":"GM 30FSU"}]},{"@type":"WebSite","@id":"https:\/\/www.guvenpack.com\/#website","url":"https:\/\/www.guvenpack.com\/","name":"Guvenpack HFFS Flow Pack, Wet Wipes Machine","description":"Manufacturer of HFFS Flow pack Packaging Machine, Wet Wipes Machine","publisher":{"@id":"https:\/\/www.guvenpack.com\/#organization"},"potentialAction":[{"@type":"SearchAction","target":{"@type":"EntryPoint","urlTemplate":"https:\/\/www.guvenpack.com\/?s={search_term_string}"},"query-input":{"@type":"PropertyValueSpecification","valueRequired":true,"valueName":"search_term_string"}}],"inLanguage":"fr-FR"},{"@type":"Organization","@id":"https:\/\/www.guvenpack.com\/#organization","name":"Guvenpack HFFS Flow Pack, Wet Wipes Machine","url":"https:\/\/www.guvenpack.com\/","logo":{"@type":"ImageObject","inLanguage":"fr-FR","@id":"https:\/\/www.guvenpack.com\/#\/schema\/logo\/image\/","url":"https:\/\/www.guvenpack.com\/wp-content\/uploads\/2023\/07\/logo_fav.png","contentUrl":"https:\/\/www.guvenpack.com\/wp-content\/uploads\/2023\/07\/logo_fav.png","width":676,"height":675,"caption":"Guvenpack HFFS Flow Pack, Wet Wipes Machine"},"image":{"@id":"https:\/\/www.guvenpack.com\/#\/schema\/logo\/image\/"},"sameAs":["https:\/\/www.facebook.com\/guvenpackconverting","https:\/\/x.com\/GuvenPack","https:\/\/www.instagram.com\/guvenpack\/","https:\/\/www.linkedin.com\/company\/guvenpack\/","https:\/\/www.youtube.com\/@guvenpack"]}]}},"_links":{"self":[{"href":"https:\/\/www.guvenpack.com\/fr\/wp-json\/wp\/v2\/pages\/1697","targetHints":{"allow":["GET"]}}],"collection":[{"href":"https:\/\/www.guvenpack.com\/fr\/wp-json\/wp\/v2\/pages"}],"about":[{"href":"https:\/\/www.guvenpack.com\/fr\/wp-json\/wp\/v2\/types\/page"}],"author":[{"embeddable":true,"href":"https:\/\/www.guvenpack.com\/fr\/wp-json\/wp\/v2\/users\/1"}],"replies":[{"embeddable":true,"href":"https:\/\/www.guvenpack.com\/fr\/wp-json\/wp\/v2\/comments?post=1697"}],"version-history":[{"count":3,"href":"https:\/\/www.guvenpack.com\/fr\/wp-json\/wp\/v2\/pages\/1697\/revisions"}],"predecessor-version":[{"id":2467,"href":"https:\/\/www.guvenpack.com\/fr\/wp-json\/wp\/v2\/pages\/1697\/revisions\/2467"}],"up":[{"embeddable":true,"href":"https:\/\/www.guvenpack.com\/fr\/wp-json\/wp\/v2\/pages\/1553"}],"wp:featuredmedia":[{"embeddable":true,"href":"https:\/\/www.guvenpack.com\/fr\/wp-json\/wp\/v2\/media\/1520"}],"wp:attachment":[{"href":"https:\/\/www.guvenpack.com\/fr\/wp-json\/wp\/v2\/media?parent=1697"}],"curies":[{"name":"wp","href":"https:\/\/api.w.org\/{rel}","templated":true}]}}