{"id":1639,"date":"2023-09-12T11:58:11","date_gmt":"2023-09-12T11:58:11","guid":{"rendered":"https:\/\/www.guvenpack.com\/machines\/hffs-flowpack\/gm-103fs\/"},"modified":"2026-02-24T13:42:08","modified_gmt":"2026-02-24T13:42:08","slug":"gm-103fs","status":"publish","type":"page","link":"https:\/\/www.guvenpack.com\/fr\/machines\/hffs-flowpack\/gm-103fs\/","title":{"rendered":"GM 103FS"},"content":{"rendered":"\n\n  <div class=\"banner has-hover is-full-height hide-for-medium\" id=\"banner-216911340\">\n          <div class=\"banner-inner fill\">\n        <div class=\"banner-bg fill\" >\n            <img loading=\"lazy\" decoding=\"async\" width=\"1920\" height=\"1080\" src=\"https:\/\/www.guvenpack.com\/wp-content\/uploads\/2025\/10\/background_dekstop.webp\" class=\"bg attachment-original size-original\" alt=\"background_dekstop\" \/>                        <div class=\"overlay\"><\/div>            \n                    <\/div>\n\t\t\n        <div class=\"banner-layers container\">\n            <div class=\"fill banner-link\"><\/div>            \n\n\t<div class=\"img has-hover x50 md-x50 lg-x50 y15 md-y15 lg-y15\" id=\"image_1918788684\">\n\t\t\t\t\t\t\t\t<div class=\"img-inner dark\" >\n\t\t\t<img loading=\"lazy\" decoding=\"async\" width=\"1200\" height=\"435\" src=\"https:\/\/www.guvenpack.com\/wp-content\/uploads\/2026\/02\/gm_103fs.webp\" class=\"attachment-original size-original\" alt=\"GM 103FS Horizontal Packaging Machine Flowpack\" srcset=\"https:\/\/www.guvenpack.com\/wp-content\/uploads\/2026\/02\/gm_103fs.webp 1200w, https:\/\/www.guvenpack.com\/wp-content\/uploads\/2026\/02\/gm_103fs-800x290.webp 800w, https:\/\/www.guvenpack.com\/wp-content\/uploads\/2026\/02\/gm_103fs-768x278.webp 768w\" sizes=\"auto, (max-width: 1200px) 100vw, 1200px\" \/>\t\t\t\t\t\t\n\t\t\t\t\t<\/div>\n\t\t\t\t\t\t\t\t\n<style>\n#image_1918788684 {\n  width: 90%;\n}\n<\/style>\n\t<\/div>\n\t\n\n   <div id=\"text-box-158022461\" class=\"text-box banner-layer x50 md-x50 lg-x50 y60 md-y60 lg-y60 res-text\">\n                                <div class=\"text-box-content text dark\">\n              \n              <div class=\"text-inner text-center\">\n                  \n\n\t<div id=\"text-3541805139\" class=\"text\">\n\t\t\n\n<h1><span style=\"font-size: 100%;\"><strong>GM 103FS<\/strong><\/span><\/h1>\n\t\t\n<style>\n#text-3541805139 {\n  font-size: 0.95rem;\n  text-align: center;\n  color: rgb(0, 0, 0);\n}\n#text-3541805139 > * {\n  color: rgb(0, 0, 0);\n}\n<\/style>\n\t<\/div>\n\t\n\n              <\/div>\n           <\/div>\n                            \n<style>\n#text-box-158022461 {\n  width: 60%;\n}\n#text-box-158022461 .text-box-content {\n  font-size: 100%;\n}\n@media (min-width:550px) {\n  #text-box-158022461 {\n    width: 36%;\n  }\n}\n<\/style>\n    <\/div>\n \n   <div id=\"text-box-1401134407\" class=\"text-box banner-layer x5 md-x5 lg-x5 y70 md-y70 lg-y70 res-text\">\n                                <div class=\"text-box-content text dark\">\n              \n              <div class=\"text-inner text-center\">\n                  \n\n\t<div id=\"text-2828361730\" class=\"text\">\n\t\t\n\n<h1><span style=\"font-size: 75%;\"><strong>Machine Flowpack avec scellage \u00e0 mouvement de bo\u00eete<\/strong><\/span><\/h1>\n\t\t\n<style>\n#text-2828361730 {\n  font-size: 0.75rem;\n  text-align: left;\n  color: rgb(0, 0, 0);\n}\n#text-2828361730 > * {\n  color: rgb(0, 0, 0);\n}\n<\/style>\n\t<\/div>\n\t\n\n              <\/div>\n           <\/div>\n                            \n<style>\n#text-box-1401134407 {\n  width: 60%;\n}\n#text-box-1401134407 .text-box-content {\n  font-size: 100%;\n}\n@media (min-width:550px) {\n  #text-box-1401134407 {\n    width: 68%;\n  }\n}\n<\/style>\n    <\/div>\n \n\n        <\/div>\n      <\/div>\n\n            \n<style>\n#banner-216911340 {\n  padding-top: 100%;\n  background-color: rgb(255, 255, 255);\n}\n#banner-216911340 .overlay {\n  background-color: rgba(255, 255, 255, 0.2);\n}\n<\/style>\n  <\/div>\n\n\n\n  <div class=\"banner has-hover is-full-height show-for-medium\" id=\"banner-1876321138\">\n          <div class=\"banner-inner fill\">\n        <div class=\"banner-bg fill\" >\n            <img loading=\"lazy\" decoding=\"async\" width=\"1080\" height=\"1920\" src=\"https:\/\/www.guvenpack.com\/wp-content\/uploads\/2025\/10\/background_mobile.webp\" class=\"bg attachment-original size-original\" alt=\"background_mobile\" \/>                        <div class=\"overlay\"><\/div>            \n                    <\/div>\n\t\t\n        <div class=\"banner-layers container\">\n            <div class=\"fill banner-link\"><\/div>            \n\n\t<div class=\"img has-hover x50 md-x50 lg-x50 y20 md-y15 lg-y15\" id=\"image_634017879\">\n\t\t\t\t\t\t\t\t<div class=\"img-inner dark\" >\n\t\t\t<img loading=\"lazy\" decoding=\"async\" width=\"1200\" height=\"435\" src=\"https:\/\/www.guvenpack.com\/wp-content\/uploads\/2026\/02\/gm_103fs.webp\" class=\"attachment-original size-original\" alt=\"GM 103FS Horizontal Packaging Machine Flowpack\" srcset=\"https:\/\/www.guvenpack.com\/wp-content\/uploads\/2026\/02\/gm_103fs.webp 1200w, https:\/\/www.guvenpack.com\/wp-content\/uploads\/2026\/02\/gm_103fs-800x290.webp 800w, https:\/\/www.guvenpack.com\/wp-content\/uploads\/2026\/02\/gm_103fs-768x278.webp 768w\" sizes=\"auto, (max-width: 1200px) 100vw, 1200px\" \/>\t\t\t\t\t\t\n\t\t\t\t\t<\/div>\n\t\t\t\t\t\t\t\t\n<style>\n#image_634017879 {\n  width: 90%;\n}\n<\/style>\n\t<\/div>\n\t\n\n   <div id=\"text-box-1783862237\" class=\"text-box banner-layer x50 md-x0 lg-x0 y35 md-y85 lg-y85 res-text\">\n                                <div class=\"text-box-content text dark\">\n              \n              <div class=\"text-inner text-center\">\n                  \n\n\t<div id=\"text-4199283246\" class=\"text\">\n\t\t\n\n<h1><span style=\"font-size: 75%;\"><strong>GM 103FS<\/strong><\/span><\/h1>\n\t\t\n<style>\n#text-4199283246 {\n  font-size: 0.75rem;\n  text-align: center;\n  color: rgb(0, 0, 0);\n}\n#text-4199283246 > * {\n  color: rgb(0, 0, 0);\n}\n@media (min-width:550px) {\n  #text-4199283246 {\n    text-align: left;\n  }\n}\n<\/style>\n\t<\/div>\n\t\n\t<div id=\"text-1111412252\" class=\"text\">\n\t\t\n\n<h1><span style=\"font-size: 40%;\"><strong>Machine Flowpack avec scellage \u00e0 mouvement de bo\u00eete<\/strong><\/span><\/h1>\n\t\t\n<style>\n#text-1111412252 {\n  font-size: 0.75rem;\n  text-align: left;\n  color: rgb(0, 0, 0);\n}\n#text-1111412252 > * {\n  color: rgb(0, 0, 0);\n}\n<\/style>\n\t<\/div>\n\t\n\n              <\/div>\n           <\/div>\n                            \n<style>\n#text-box-1783862237 {\n  width: 100%;\n}\n#text-box-1783862237 .text-box-content {\n  font-size: 100%;\n}\n@media (min-width:550px) {\n  #text-box-1783862237 {\n    width: 68%;\n  }\n}\n<\/style>\n    <\/div>\n \n\n        <\/div>\n      <\/div>\n\n            \n<style>\n#banner-1876321138 {\n  padding-top: 100%;\n  background-color: rgb(255, 255, 255);\n}\n#banner-1876321138 .overlay {\n  background-color: rgba(255, 255, 255, 0.2);\n}\n<\/style>\n  <\/div>\n\n\n<div class=\"row\"  id=\"row-1037281742\">\n\n\n\n\t<div id=\"col-757648680\" class=\"col small-12 large-12\"  >\n\t\t\t\t<div class=\"col-inner\"  >\n\t\t\t\n\t\t\t\n\n\t<div id=\"text-1228819996\" class=\"text\">\n\t\t\n\n<h2><span style=\"font-size: 75%;\">Pr\u00e9sentation de la machine Flowpack GM 103FS avec scellage \u00e0 mouvement de bo\u00eete.<\/span><\/h2>\n<p>Machine d&#8217;emballage Flowpack HFFS \u00e0 4 axes contr\u00f4l\u00e9s par moteur servo, coupe \u00e0 mouvement de bo\u00eete, scellage herm\u00e9tique, syst\u00e8me No Product No Bag, syst\u00e8me No Gap No Seal, suivi par cellule photo\u00e9lectrique, panneau de commande utilisateur avec \u00e9cran tactile couleur de 7 pouces et 16,7 millions de couleurs. Peut \u00eatre utilis\u00e9 pour des films transparents, des films imprim\u00e9s en continu et des films imprim\u00e9s avec photocellule. Vitesse d&#8217;emballage allant jusqu&rsquo;\u00e0 90 paquets\/min. Convient pour emballer du pain grill\u00e9, du pain, de la pita, des tortillas, des sandwichs, des l\u00e9gumes, des fruits, des tomates, des poivrons, etc.<\/p>\n<p><strong>Le syst\u00e8me No Product No Bag<\/strong> d\u00e9tecte s&rsquo;il manque un produit sur le convoyeur d&rsquo;alimentation. Le syst\u00e8me d&rsquo;extraction de film ne fonctionne pas et n&rsquo;entra\u00eene pas de gaspillage de film.<\/p>\n<p><strong>Le syst\u00e8me No Gap No Seal<\/strong> d\u00e9tecte si un produit est mal plac\u00e9 \u00e0 l&rsquo;int\u00e9rieur du film. La d\u00e9coupe s&rsquo;arr\u00eate lorsqu&rsquo;un produit mal plac\u00e9 passe et reprend la d\u00e9coupe lorsque le produit est correctement positionn\u00e9.<\/p>\n<p><strong>Le syst\u00e8me de scellage herm\u00e9tique<\/strong> offre un scellage de qualit\u00e9 solide et esth\u00e9tique. Il n&rsquo;y a aucune infiltration d&rsquo;air \u00e0 l&rsquo;int\u00e9rieur de l&#8217;emballage. Le meilleur choix pour un syst\u00e8me EAM. (Emballage en Atmosph\u00e8re Modifi\u00e9e)<\/p>\n<ul>\n<li>Conception hautement technologique et compacte<\/li>\n<li>Syst\u00e8me de d\u00e9coupe \u00e0 mouvement de bo\u00eete. (Scellage herm\u00e9tique)<\/li>\n<li>Syst\u00e8me d&rsquo;alarme de diagnostic, panneau de contr\u00f4le convivial avec \u00e9cran tactile<\/li>\n<li>Machine facile \u00e0 utiliser avec un panneau de commande utilisateur avec \u00e9cran tactile couleur de 7 pouces et 16,7 millions de couleurs.<\/li>\n<li>Syst\u00e8me contr\u00f4l\u00e9 par moteur servo<\/li>\n<\/ul>\n<p> <\/p>\n<p><strong>CONSTRUCTION<\/strong><\/p>\n<ul>\n<li>L\u2019ensemble du corps est en acier inoxydable 304L Cr-Ni.<\/li>\n<li>Les zones en contact avec les produits sont en acier inoxydable.<\/li>\n<li>Des roues robustes pour remplacer facilement la machine.<\/li>\n<li>Pieds r\u00e9glables r\u00e9sistants pour installer la machine de mani\u00e8re permanente.<\/li>\n<\/ul>\n<p> <\/p>\n<p> <\/p>\n<p><strong>Caract\u00e9ristiques Techniques<\/strong><\/p>\n<ul>\n<li>90 Paquets \/ minute<\/li>\n<li>Portes de s\u00e9curit\u00e9 \u00e0 verrouillage<\/li>\n<li>Contr\u00f4l\u00e9 par moteur servo \u00e0 4 axes<\/li>\n<li>Contr\u00f4l\u00e9 par PLC<\/li>\n<li>Syst\u00e8me de suivi par cellule photo\u00e9lectrique<\/li>\n<li>Syst\u00e8me de d\u00e9coupe \u00e0 mouvement de bo\u00eete<\/li>\n<li>Panneau de commande utilisateur avec \u00e9cran tactile couleur de 7 pouces et 16,7 millions de couleurs.<\/li>\n<li>No Product No Bag<\/li>\n<li>No Gap No Seal<\/li>\n<li>Facile \u00e0 ajuster la taille de la mati\u00e8re premi\u00e8re.<\/li>\n<li>380 VAC \/ 50Hz 3 Phase + N + PE, 5.5 KW<\/li>\n<li>Tension de contr\u00f4le de s\u00e9curit\u00e9 de 24 VCC<\/li>\n<li>R\u00e9glage progressif de la longueur d&#8217;emballage<\/li>\n<li>Convoyeur d&rsquo;alimentation de produit<\/li>\n<li>Bo\u00eete pliante r\u00e9glable<\/li>\n<li>Facile \u00e0 changer le poussoir de produit.<\/li>\n<li>Syst\u00e8me de disque de scellage inf\u00e9rieur en 3 ensembles.<\/li>\n<li>Coupeur de s\u00e9curit\u00e9 en cas de surcharge<\/li>\n<li>Syst\u00e8me de chauffage contr\u00f4l\u00e9 par PID.<\/li>\n<\/ul>\n<p> <\/p>\n<p><strong>Options<\/strong><\/p>\n<ul>\n<li>Imprimante de date<\/li>\n<li>Emballage en Atmosph\u00e8re Modifi\u00e9e (EAM)<\/li>\n<\/ul>\n<p> <\/p>\n<p><strong>Produit \u00e0 emballer<\/strong><\/p>\n<p>&#8211; Emballage de pain grill\u00e9, emballage de pain, emballage de pita, emballage de tortilla, emballage de sandwich, emballage de l\u00e9gumes, emballage de fruits, emballage de tomates, emballage de poivrons, emballage de pommes, emballage de produits en plusieurs morceaux, etc.<\/p>\n<p> <\/p>\n\t\t\n<style>\n#text-1228819996 {\n  line-height: 1;\n}\n<\/style>\n\t<\/div>\n\t\n\n\t\t<\/div>\n\t\t\t\t\t<\/div>\n\n\t\n\n\t<div id=\"col-2072424591\" class=\"col medium-4 small-12 large-4\"  >\n\t\t\t\t<div class=\"col-inner\"  >\n\t\t\t\n\t\t\t\n\n\n\t\t<\/div>\n\t\t\t\t\t<\/div>\n\n\t\n\n\t<div id=\"col-1585388353\" class=\"col medium-4 small-12 large-4\"  >\n\t\t\t\t<div class=\"col-inner\"  >\n\t\t\t\n\t\t\t\n\n\n\n\n<div class=\"wpcf7 no-js\" id=\"wpcf7-f2884-o1\" lang=\"en-US\" dir=\"ltr\" data-wpcf7-id=\"2884\">\n<div class=\"screen-reader-response\"><p role=\"status\" aria-live=\"polite\" aria-atomic=\"true\"><\/p> <ul><\/ul><\/div>\n<form action=\"\/fr\/wp-json\/wp\/v2\/pages\/1639#wpcf7-f2884-o1\" method=\"post\" class=\"wpcf7-form init\" aria-label=\"Contact form\" novalidate=\"novalidate\" data-status=\"init\">\n<fieldset class=\"hidden-fields-container\"><input type=\"hidden\" name=\"_wpcf7\" value=\"2884\" \/><input type=\"hidden\" name=\"_wpcf7_version\" value=\"6.1.2\" \/><input type=\"hidden\" name=\"_wpcf7_locale\" value=\"en_US\" \/><input type=\"hidden\" name=\"_wpcf7_unit_tag\" value=\"wpcf7-f2884-o1\" \/><input type=\"hidden\" name=\"_wpcf7_container_post\" value=\"0\" \/><input type=\"hidden\" name=\"_wpcf7_posted_data_hash\" value=\"\" \/>\n<\/fieldset>\n<p><b style=\"font-size:30px\"> Contactez-nous <\/b><br \/>\n<span class=\"wpcf7-form-control-wrap\" data-name=\"your-name\"><input size=\"40\" maxlength=\"400\" class=\"wpcf7-form-control wpcf7-text wpcf7-validates-as-required\" autocomplete=\"name\" aria-required=\"true\" aria-invalid=\"false\" placeholder=\"Nom\" value=\"\" type=\"text\" name=\"your-name\" \/><\/span><br \/>\n<span class=\"wpcf7-form-control-wrap\" data-name=\"your-email\"><input size=\"40\" maxlength=\"400\" class=\"wpcf7-form-control wpcf7-email wpcf7-validates-as-required wpcf7-text wpcf7-validates-as-email\" autocomplete=\"email\" aria-required=\"true\" aria-invalid=\"false\" placeholder=\"E-Mail\" value=\"\" type=\"email\" name=\"your-email\" \/><\/span><br \/>\n<span class=\"wpcf7-form-control-wrap\" data-name=\"your-message\"><input size=\"40\" maxlength=\"400\" class=\"wpcf7-form-control wpcf7-text wpcf7-validates-as-required\" aria-required=\"true\" aria-invalid=\"false\" placeholder=\"Message\" value=\"\" type=\"text\" name=\"your-message\" \/><\/span>\n<\/p>\n<p><input class=\"wpcf7-form-control wpcf7-submit has-spinner\" type=\"submit\" value=\"Soumettre\" \/>\n<\/p><div class=\"wpcf7-response-output\" aria-hidden=\"true\"><\/div>\n<\/form>\n<\/div>\n\n\n\n\t\t<\/div>\n\t\t\t\t\t<\/div>\n\n\t\n\n\t<div id=\"col-1440956730\" class=\"col medium-4 small-12 large-4\"  >\n\t\t\t\t<div class=\"col-inner\"  >\n\t\t\t\n\t\t\t\n\n\n\t\t<\/div>\n\t\t\t\t\t<\/div>\n\n\t\n\n<\/div>\n\n","protected":false},"excerpt":{"rendered":"","protected":false},"author":1,"featured_media":1500,"parent":1553,"menu_order":0,"comment_status":"closed","ping_status":"closed","template":"page-blank.php","meta":{"footnotes":""},"class_list":["post-1639","page","type-page","status-publish","has-post-thumbnail","hentry"],"yoast_head":"<!-- This site is optimized with the Yoast SEO Premium plugin v26.1 (Yoast SEO v26.1) - https:\/\/yoast.com\/wordpress\/plugins\/seo\/ -->\n<title>GM 103FS Machine d&#039;emballage Flowpack<\/title>\n<meta name=\"description\" content=\"Machine d&#039;emballage Flowpack GM 103FS \u00e0 scellage \u00e0 mouvement de bo\u00eete avec contr\u00f4le par moteur servo \u00e0 4 axes. Machine d&#039;emballage Flow Wrapper GM 103FS pour un processus d&#039;emballage avanc\u00e9.\" \/>\n<meta name=\"robots\" content=\"index, follow, max-snippet:-1, max-image-preview:large, max-video-preview:-1\" \/>\n<link rel=\"canonical\" href=\"https:\/\/www.guvenpack.com\/fr\/machines\/hffs-flowpack\/gm-103fs\/\" \/>\n<meta property=\"og:locale\" content=\"fr_FR\" \/>\n<meta property=\"og:type\" content=\"article\" \/>\n<meta property=\"og:title\" content=\"GM 103FS\" \/>\n<meta property=\"og:description\" content=\"Machine d&#039;emballage Flowpack GM 103FS \u00e0 scellage \u00e0 mouvement de bo\u00eete avec contr\u00f4le par moteur servo \u00e0 4 axes. Machine d&#039;emballage Flow Wrapper GM 103FS pour un processus d&#039;emballage avanc\u00e9.\" \/>\n<meta property=\"og:url\" content=\"https:\/\/www.guvenpack.com\/fr\/machines\/hffs-flowpack\/gm-103fs\/\" \/>\n<meta property=\"og:site_name\" content=\"Guvenpack HFFS Flow Pack, Wet Wipes Machine\" \/>\n<meta property=\"article:publisher\" content=\"https:\/\/www.facebook.com\/guvenpackconverting\" \/>\n<meta property=\"article:modified_time\" content=\"2026-02-24T13:42:08+00:00\" \/>\n<meta property=\"og:image\" content=\"https:\/\/www.guvenpack.com\/wp-content\/uploads\/2023\/07\/gm_103fs-1.webp\" \/>\n\t<meta property=\"og:image:width\" content=\"1178\" \/>\n\t<meta property=\"og:image:height\" content=\"499\" \/>\n\t<meta property=\"og:image:type\" content=\"image\/webp\" \/>\n<meta name=\"twitter:card\" content=\"summary_large_image\" \/>\n<meta name=\"twitter:site\" content=\"@GuvenPack\" \/>\n<meta name=\"twitter:label1\" content=\"Dur\u00e9e de lecture estim\u00e9e\" \/>\n\t<meta name=\"twitter:data1\" content=\"4 minutes\" \/>\n<script type=\"application\/ld+json\" class=\"yoast-schema-graph\">{\"@context\":\"https:\/\/schema.org\",\"@graph\":[{\"@type\":\"WebPage\",\"@id\":\"https:\/\/www.guvenpack.com\/fr\/machines\/hffs-flowpack\/gm-103fs\/\",\"url\":\"https:\/\/www.guvenpack.com\/fr\/machines\/hffs-flowpack\/gm-103fs\/\",\"name\":\"GM 103FS Machine d'emballage Flowpack\",\"isPartOf\":{\"@id\":\"https:\/\/www.guvenpack.com\/#website\"},\"primaryImageOfPage\":{\"@id\":\"https:\/\/www.guvenpack.com\/fr\/machines\/hffs-flowpack\/gm-103fs\/#primaryimage\"},\"image\":{\"@id\":\"https:\/\/www.guvenpack.com\/fr\/machines\/hffs-flowpack\/gm-103fs\/#primaryimage\"},\"thumbnailUrl\":\"https:\/\/www.guvenpack.com\/wp-content\/uploads\/2023\/07\/gm_103fs-1.webp\",\"datePublished\":\"2023-09-12T11:58:11+00:00\",\"dateModified\":\"2026-02-24T13:42:08+00:00\",\"description\":\"Machine d'emballage Flowpack GM 103FS \u00e0 scellage \u00e0 mouvement de bo\u00eete avec contr\u00f4le par moteur servo \u00e0 4 axes. Machine d'emballage Flow Wrapper GM 103FS pour un processus d'emballage avanc\u00e9.\",\"breadcrumb\":{\"@id\":\"https:\/\/www.guvenpack.com\/fr\/machines\/hffs-flowpack\/gm-103fs\/#breadcrumb\"},\"inLanguage\":\"fr-FR\",\"potentialAction\":[{\"@type\":\"ReadAction\",\"target\":[\"https:\/\/www.guvenpack.com\/fr\/machines\/hffs-flowpack\/gm-103fs\/\"]}]},{\"@type\":\"ImageObject\",\"inLanguage\":\"fr-FR\",\"@id\":\"https:\/\/www.guvenpack.com\/fr\/machines\/hffs-flowpack\/gm-103fs\/#primaryimage\",\"url\":\"https:\/\/www.guvenpack.com\/wp-content\/uploads\/2023\/07\/gm_103fs-1.webp\",\"contentUrl\":\"https:\/\/www.guvenpack.com\/wp-content\/uploads\/2023\/07\/gm_103fs-1.webp\",\"width\":1178,\"height\":499,\"caption\":\"GM 103FS Machine d'emballage horizontale Flowpack\"},{\"@type\":\"BreadcrumbList\",\"@id\":\"https:\/\/www.guvenpack.com\/fr\/machines\/hffs-flowpack\/gm-103fs\/#breadcrumb\",\"itemListElement\":[{\"@type\":\"ListItem\",\"position\":1,\"name\":\"Home\",\"item\":\"https:\/\/www.guvenpack.com\/fr\/home\/\"},{\"@type\":\"ListItem\",\"position\":2,\"name\":\"Machines\",\"item\":\"https:\/\/www.guvenpack.com\/fr\/machines\/\"},{\"@type\":\"ListItem\",\"position\":3,\"name\":\"Machine d&#8217;emballage horizontale Flowpack\",\"item\":\"https:\/\/www.guvenpack.com\/fr\/machines\/hffs-flowpack\/\"},{\"@type\":\"ListItem\",\"position\":4,\"name\":\"GM 103FS\"}]},{\"@type\":\"WebSite\",\"@id\":\"https:\/\/www.guvenpack.com\/#website\",\"url\":\"https:\/\/www.guvenpack.com\/\",\"name\":\"Guvenpack HFFS Flow Pack, Wet Wipes Machine\",\"description\":\"Manufacturer of HFFS Flow pack Packaging Machine, Wet Wipes Machine\",\"publisher\":{\"@id\":\"https:\/\/www.guvenpack.com\/#organization\"},\"potentialAction\":[{\"@type\":\"SearchAction\",\"target\":{\"@type\":\"EntryPoint\",\"urlTemplate\":\"https:\/\/www.guvenpack.com\/?s={search_term_string}\"},\"query-input\":{\"@type\":\"PropertyValueSpecification\",\"valueRequired\":true,\"valueName\":\"search_term_string\"}}],\"inLanguage\":\"fr-FR\"},{\"@type\":\"Organization\",\"@id\":\"https:\/\/www.guvenpack.com\/#organization\",\"name\":\"Guvenpack HFFS Flow Pack, Wet Wipes Machine\",\"url\":\"https:\/\/www.guvenpack.com\/\",\"logo\":{\"@type\":\"ImageObject\",\"inLanguage\":\"fr-FR\",\"@id\":\"https:\/\/www.guvenpack.com\/#\/schema\/logo\/image\/\",\"url\":\"https:\/\/www.guvenpack.com\/wp-content\/uploads\/2023\/07\/logo_fav.png\",\"contentUrl\":\"https:\/\/www.guvenpack.com\/wp-content\/uploads\/2023\/07\/logo_fav.png\",\"width\":676,\"height\":675,\"caption\":\"Guvenpack HFFS Flow Pack, Wet Wipes Machine\"},\"image\":{\"@id\":\"https:\/\/www.guvenpack.com\/#\/schema\/logo\/image\/\"},\"sameAs\":[\"https:\/\/www.facebook.com\/guvenpackconverting\",\"https:\/\/x.com\/GuvenPack\",\"https:\/\/www.instagram.com\/guvenpack\/\",\"https:\/\/www.linkedin.com\/company\/guvenpack\/\",\"https:\/\/www.youtube.com\/@guvenpack\"]}]}<\/script>\n<!-- \/ Yoast SEO Premium plugin. -->","yoast_head_json":{"title":"GM 103FS Machine d'emballage Flowpack","description":"Machine d'emballage Flowpack GM 103FS \u00e0 scellage \u00e0 mouvement de bo\u00eete avec contr\u00f4le par moteur servo \u00e0 4 axes. Machine d'emballage Flow Wrapper GM 103FS pour un processus d'emballage avanc\u00e9.","robots":{"index":"index","follow":"follow","max-snippet":"max-snippet:-1","max-image-preview":"max-image-preview:large","max-video-preview":"max-video-preview:-1"},"canonical":"https:\/\/www.guvenpack.com\/fr\/machines\/hffs-flowpack\/gm-103fs\/","og_locale":"fr_FR","og_type":"article","og_title":"GM 103FS","og_description":"Machine d'emballage Flowpack GM 103FS \u00e0 scellage \u00e0 mouvement de bo\u00eete avec contr\u00f4le par moteur servo \u00e0 4 axes. Machine d'emballage Flow Wrapper GM 103FS pour un processus d'emballage avanc\u00e9.","og_url":"https:\/\/www.guvenpack.com\/fr\/machines\/hffs-flowpack\/gm-103fs\/","og_site_name":"Guvenpack HFFS Flow Pack, Wet Wipes Machine","article_publisher":"https:\/\/www.facebook.com\/guvenpackconverting","article_modified_time":"2026-02-24T13:42:08+00:00","og_image":[{"width":1178,"height":499,"url":"https:\/\/www.guvenpack.com\/wp-content\/uploads\/2023\/07\/gm_103fs-1.webp","type":"image\/webp"}],"twitter_card":"summary_large_image","twitter_site":"@GuvenPack","twitter_misc":{"Dur\u00e9e de lecture estim\u00e9e":"4 minutes"},"schema":{"@context":"https:\/\/schema.org","@graph":[{"@type":"WebPage","@id":"https:\/\/www.guvenpack.com\/fr\/machines\/hffs-flowpack\/gm-103fs\/","url":"https:\/\/www.guvenpack.com\/fr\/machines\/hffs-flowpack\/gm-103fs\/","name":"GM 103FS Machine d'emballage Flowpack","isPartOf":{"@id":"https:\/\/www.guvenpack.com\/#website"},"primaryImageOfPage":{"@id":"https:\/\/www.guvenpack.com\/fr\/machines\/hffs-flowpack\/gm-103fs\/#primaryimage"},"image":{"@id":"https:\/\/www.guvenpack.com\/fr\/machines\/hffs-flowpack\/gm-103fs\/#primaryimage"},"thumbnailUrl":"https:\/\/www.guvenpack.com\/wp-content\/uploads\/2023\/07\/gm_103fs-1.webp","datePublished":"2023-09-12T11:58:11+00:00","dateModified":"2026-02-24T13:42:08+00:00","description":"Machine d'emballage Flowpack GM 103FS \u00e0 scellage \u00e0 mouvement de bo\u00eete avec contr\u00f4le par moteur servo \u00e0 4 axes. Machine d'emballage Flow Wrapper GM 103FS pour un processus d'emballage avanc\u00e9.","breadcrumb":{"@id":"https:\/\/www.guvenpack.com\/fr\/machines\/hffs-flowpack\/gm-103fs\/#breadcrumb"},"inLanguage":"fr-FR","potentialAction":[{"@type":"ReadAction","target":["https:\/\/www.guvenpack.com\/fr\/machines\/hffs-flowpack\/gm-103fs\/"]}]},{"@type":"ImageObject","inLanguage":"fr-FR","@id":"https:\/\/www.guvenpack.com\/fr\/machines\/hffs-flowpack\/gm-103fs\/#primaryimage","url":"https:\/\/www.guvenpack.com\/wp-content\/uploads\/2023\/07\/gm_103fs-1.webp","contentUrl":"https:\/\/www.guvenpack.com\/wp-content\/uploads\/2023\/07\/gm_103fs-1.webp","width":1178,"height":499,"caption":"GM 103FS Machine d'emballage horizontale Flowpack"},{"@type":"BreadcrumbList","@id":"https:\/\/www.guvenpack.com\/fr\/machines\/hffs-flowpack\/gm-103fs\/#breadcrumb","itemListElement":[{"@type":"ListItem","position":1,"name":"Home","item":"https:\/\/www.guvenpack.com\/fr\/home\/"},{"@type":"ListItem","position":2,"name":"Machines","item":"https:\/\/www.guvenpack.com\/fr\/machines\/"},{"@type":"ListItem","position":3,"name":"Machine d&#8217;emballage horizontale Flowpack","item":"https:\/\/www.guvenpack.com\/fr\/machines\/hffs-flowpack\/"},{"@type":"ListItem","position":4,"name":"GM 103FS"}]},{"@type":"WebSite","@id":"https:\/\/www.guvenpack.com\/#website","url":"https:\/\/www.guvenpack.com\/","name":"Guvenpack HFFS Flow Pack, Wet Wipes Machine","description":"Manufacturer of HFFS Flow pack Packaging Machine, Wet Wipes Machine","publisher":{"@id":"https:\/\/www.guvenpack.com\/#organization"},"potentialAction":[{"@type":"SearchAction","target":{"@type":"EntryPoint","urlTemplate":"https:\/\/www.guvenpack.com\/?s={search_term_string}"},"query-input":{"@type":"PropertyValueSpecification","valueRequired":true,"valueName":"search_term_string"}}],"inLanguage":"fr-FR"},{"@type":"Organization","@id":"https:\/\/www.guvenpack.com\/#organization","name":"Guvenpack HFFS Flow Pack, Wet Wipes Machine","url":"https:\/\/www.guvenpack.com\/","logo":{"@type":"ImageObject","inLanguage":"fr-FR","@id":"https:\/\/www.guvenpack.com\/#\/schema\/logo\/image\/","url":"https:\/\/www.guvenpack.com\/wp-content\/uploads\/2023\/07\/logo_fav.png","contentUrl":"https:\/\/www.guvenpack.com\/wp-content\/uploads\/2023\/07\/logo_fav.png","width":676,"height":675,"caption":"Guvenpack HFFS Flow Pack, Wet Wipes Machine"},"image":{"@id":"https:\/\/www.guvenpack.com\/#\/schema\/logo\/image\/"},"sameAs":["https:\/\/www.facebook.com\/guvenpackconverting","https:\/\/x.com\/GuvenPack","https:\/\/www.instagram.com\/guvenpack\/","https:\/\/www.linkedin.com\/company\/guvenpack\/","https:\/\/www.youtube.com\/@guvenpack"]}]}},"_links":{"self":[{"href":"https:\/\/www.guvenpack.com\/fr\/wp-json\/wp\/v2\/pages\/1639","targetHints":{"allow":["GET"]}}],"collection":[{"href":"https:\/\/www.guvenpack.com\/fr\/wp-json\/wp\/v2\/pages"}],"about":[{"href":"https:\/\/www.guvenpack.com\/fr\/wp-json\/wp\/v2\/types\/page"}],"author":[{"embeddable":true,"href":"https:\/\/www.guvenpack.com\/fr\/wp-json\/wp\/v2\/users\/1"}],"replies":[{"embeddable":true,"href":"https:\/\/www.guvenpack.com\/fr\/wp-json\/wp\/v2\/comments?post=1639"}],"version-history":[{"count":5,"href":"https:\/\/www.guvenpack.com\/fr\/wp-json\/wp\/v2\/pages\/1639\/revisions"}],"predecessor-version":[{"id":2965,"href":"https:\/\/www.guvenpack.com\/fr\/wp-json\/wp\/v2\/pages\/1639\/revisions\/2965"}],"up":[{"embeddable":true,"href":"https:\/\/www.guvenpack.com\/fr\/wp-json\/wp\/v2\/pages\/1553"}],"wp:featuredmedia":[{"embeddable":true,"href":"https:\/\/www.guvenpack.com\/fr\/wp-json\/wp\/v2\/media\/1500"}],"wp:attachment":[{"href":"https:\/\/www.guvenpack.com\/fr\/wp-json\/wp\/v2\/media?parent=1639"}],"curies":[{"name":"wp","href":"https:\/\/api.w.org\/{rel}","templated":true}]}}