{"id":1628,"date":"2023-09-12T11:05:02","date_gmt":"2023-09-12T11:05:02","guid":{"rendered":"https:\/\/www.guvenpack.com\/machines\/hffs-flowpack\/gm-100fs\/"},"modified":"2025-02-15T09:38:11","modified_gmt":"2025-02-15T09:38:11","slug":"gm-100fs","status":"publish","type":"page","link":"https:\/\/www.guvenpack.com\/fr\/machines\/hffs-flowpack\/gm-100fs\/","title":{"rendered":"GM 100FS"},"content":{"rendered":"\n\n\n  <div class=\"banner has-hover\" id=\"banner-1410835849\">\n          <div class=\"banner-inner fill\">\n        <div class=\"banner-bg fill\" >\n                                    <div class=\"overlay\"><\/div>            \n                    <\/div>\n\t\t\n        <div class=\"banner-layers container\">\n            <div class=\"fill banner-link\"><\/div>            \n\n\t<div class=\"img has-hover x50 md-x50 lg-x50 y0 md-y0 lg-y0\" id=\"image_141033614\">\n\t\t\t\t\t\t\t\t<div class=\"img-inner dark\" style=\"margin:20px 0px 0px 0px;\">\n\t\t\t<img loading=\"lazy\" decoding=\"async\" width=\"1563\" height=\"502\" src=\"https:\/\/www.guvenpack.com\/wp-content\/uploads\/2024\/03\/gm_100fs_flowpack.webp\" class=\"attachment-original size-original\" alt=\"GM 100FS Flowpack Packaging Machine\" srcset=\"https:\/\/www.guvenpack.com\/wp-content\/uploads\/2024\/03\/gm_100fs_flowpack.webp 1563w, https:\/\/www.guvenpack.com\/wp-content\/uploads\/2024\/03\/gm_100fs_flowpack-800x257.webp 800w, https:\/\/www.guvenpack.com\/wp-content\/uploads\/2024\/03\/gm_100fs_flowpack-1400x450.webp 1400w, https:\/\/www.guvenpack.com\/wp-content\/uploads\/2024\/03\/gm_100fs_flowpack-768x247.webp 768w, https:\/\/www.guvenpack.com\/wp-content\/uploads\/2024\/03\/gm_100fs_flowpack-1536x493.webp 1536w\" sizes=\"auto, (max-width: 1563px) 100vw, 1563px\" \/>\t\t\t\t\t\t\n\t\t\t\t\t<\/div>\n\t\t\t\t\t\t\t\t\n<style>\n#image_141033614 {\n  width: 100%;\n}\n<\/style>\n\t<\/div>\n\t\n\n   <div id=\"text-box-1804298132\" class=\"text-box banner-layer x0 md-x0 lg-x0 y100 md-y100 lg-y100 res-text\">\n                                <div class=\"text-box-content text dark\">\n              \n              <div class=\"text-inner text-center\">\n                  \n\n\t<div id=\"text-4068386953\" class=\"text\">\n\t\t\n\n<h1><span style=\"font-size: 75%;\"><strong>GM 100FS<br>Machine d&#8217;emballage Flowpack \u00e0 mouvement de bo\u00eete<\/strong><\/span><\/h1>\n\t\t\n<style>\n#text-4068386953 {\n  font-size: 0.75rem;\n  text-align: left;\n  color: rgb(0, 0, 0);\n}\n#text-4068386953 > * {\n  color: rgb(0, 0, 0);\n}\n<\/style>\n\t<\/div>\n\t\n\n              <\/div>\n           <\/div>\n                            \n<style>\n#text-box-1804298132 {\n  width: 60%;\n}\n#text-box-1804298132 .text-box-content {\n  font-size: 100%;\n}\n@media (min-width:550px) {\n  #text-box-1804298132 {\n    width: 68%;\n  }\n}\n<\/style>\n    <\/div>\n \n\n        <\/div>\n      <\/div>\n\n            \n<style>\n#banner-1410835849 {\n  padding-top: 400px;\n  background-color: rgb(255, 255, 255);\n}\n#banner-1410835849 .overlay {\n  background-color: rgba(255, 255, 255, 0.2);\n}\n<\/style>\n  <\/div>\n\n\n<div class=\"row\"  id=\"row-706468819\">\n\n\n\t<div id=\"col-1976754063\" class=\"col hide-for-medium medium-2 small-12 large-2\"  >\n\t\t\t\t<div class=\"col-inner\"  >\n\t\t\t\n\t\t\t\n\n<ul class=\"sidebar-wrapper ul-reset\">Horizontal Packaging Machine Flowpack\t\t\t<div class=\"textwidget\"><\/div>\n\t\t<div class=\"menu-machines-flowpack-ar-container\"><ul id=\"menu-machines-flowpack-ar\" class=\"menu\"><li id=\"menu-item-1864\" class=\"menu-item menu-item-type-post_type menu-item-object-page menu-item-1864\"><a href=\"https:\/\/www.guvenpack.com\/fr\/machines\/hffs-flowpack\/gm-mini\/\">GM Mini<\/a><\/li>\n<li id=\"menu-item-1857\" class=\"menu-item menu-item-type-post_type menu-item-object-page menu-item-1857\"><a href=\"https:\/\/www.guvenpack.com\/fr\/machines\/hffs-flowpack\/gm-10f\/\">GM 10F<\/a><\/li>\n<li id=\"menu-item-1858\" class=\"menu-item menu-item-type-post_type menu-item-object-page menu-item-1858\"><a href=\"https:\/\/www.guvenpack.com\/fr\/machines\/hffs-flowpack\/gm-30fs\/\">GM 30FS<\/a><\/li>\n<li id=\"menu-item-1860\" class=\"menu-item menu-item-type-post_type menu-item-object-page menu-item-1860\"><a href=\"https:\/\/www.guvenpack.com\/fr\/machines\/hffs-flowpack\/gm-30fu\/\">GM 30FU<\/a><\/li>\n<li id=\"menu-item-1859\" class=\"menu-item menu-item-type-post_type menu-item-object-page menu-item-1859\"><a href=\"https:\/\/www.guvenpack.com\/fr\/machines\/hffs-flowpack\/gm-30fsu\/\">GM 30FSU<\/a><\/li>\n<li id=\"menu-item-1861\" class=\"menu-item menu-item-type-post_type menu-item-object-page menu-item-1861\"><a href=\"https:\/\/www.guvenpack.com\/fr\/machines\/hffs-flowpack\/gm-33fs\/\">GM 33FS<\/a><\/li>\n<li id=\"menu-item-1862\" class=\"menu-item menu-item-type-post_type menu-item-object-page menu-item-1862\"><a href=\"https:\/\/www.guvenpack.com\/fr\/machines\/hffs-flowpack\/gm-33fsu\/\">GM 33FSU<\/a><\/li>\n<li id=\"menu-item-1863\" class=\"menu-item menu-item-type-post_type menu-item-object-page menu-item-1863\"><a href=\"https:\/\/www.guvenpack.com\/fr\/machines\/hffs-flowpack\/gm-40fs\/\">GM 40FS<\/a><\/li>\n<li id=\"menu-item-1852\" class=\"menu-item menu-item-type-post_type menu-item-object-page menu-item-1852\"><a href=\"https:\/\/www.guvenpack.com\/fr\/machines\/hffs-flowpack\/gm-100fs\/\">GM 100FS<\/a><\/li>\n<li id=\"menu-item-1853\" class=\"menu-item menu-item-type-post_type menu-item-object-page menu-item-1853\"><a href=\"https:\/\/www.guvenpack.com\/fr\/machines\/hffs-flowpack\/gm-100fsu\/\">GM 100FSU<\/a><\/li>\n<li id=\"menu-item-1854\" class=\"menu-item menu-item-type-post_type menu-item-object-page menu-item-1854\"><a href=\"https:\/\/www.guvenpack.com\/fr\/machines\/hffs-flowpack\/gm-100fsu-pe\/\">GM 100FSU-PE<\/a><\/li>\n<li id=\"menu-item-1855\" class=\"menu-item menu-item-type-post_type menu-item-object-page menu-item-1855\"><a href=\"https:\/\/www.guvenpack.com\/fr\/machines\/hffs-flowpack\/gm-102fs\/\">GM 102FS<\/a><\/li>\n<li id=\"menu-item-1856\" class=\"menu-item menu-item-type-post_type menu-item-object-page menu-item-1856\"><a href=\"https:\/\/www.guvenpack.com\/fr\/machines\/hffs-flowpack\/gm-103fs\/\">GM 103FS<\/a><\/li>\n<\/ul><\/div>Wet Wipes Machines\t\t\t<div class=\"textwidget\"><\/div>\n\t\t<div class=\"menu-machine-wetwipes-ar-container\"><ul id=\"menu-machine-wetwipes-ar\" class=\"menu\"><li id=\"menu-item-1867\" class=\"menu-item menu-item-type-post_type menu-item-object-page menu-item-1867\"><a href=\"https:\/\/www.guvenpack.com\/fr\/machines\/lingettes-humides\/gm-100w\/\">GM 100W<\/a><\/li>\n<li id=\"menu-item-1868\" class=\"menu-item menu-item-type-post_type menu-item-object-page menu-item-1868\"><a href=\"https:\/\/www.guvenpack.com\/fr\/machines\/lingettes-humides\/gm-100fw\/\">GM 100FW<\/a><\/li>\n<li id=\"menu-item-1865\" class=\"menu-item menu-item-type-post_type menu-item-object-page menu-item-1865\"><a href=\"https:\/\/www.guvenpack.com\/fr\/machines\/lingettes-humides\/gm-101w\/\">GM 101W<\/a><\/li>\n<li id=\"menu-item-1866\" class=\"menu-item menu-item-type-post_type menu-item-object-page menu-item-1866\"><a href=\"https:\/\/www.guvenpack.com\/fr\/machines\/lingettes-humides\/gm-101fw\/\">GM 101FW<\/a><\/li>\n<\/ul><\/div>Lids Machine\t\t\t<div class=\"textwidget\"><\/div>\n\t\t<div class=\"menu-machine-lidsmachinefr-container\"><ul id=\"menu-machine-lidsmachinefr\" class=\"menu\"><li id=\"menu-item-1811\" class=\"menu-item menu-item-type-post_type menu-item-object-page menu-item-1811\"><a href=\"https:\/\/www.guvenpack.com\/fr\/machines\/machine-a-couvercles\/gm-02\/\">GM 02<\/a><\/li>\n<\/ul><\/div><\/ul>\n\n\n\t\t<\/div>\n\t\t\t\t\t<\/div>\n\n\t\n\n\t<div id=\"col-456850259\" class=\"col medium-10 small-12 large-10\"  >\n\t\t\t\t<div class=\"col-inner\"  >\n\t\t\t\n\t\t\t\n\n\t<div id=\"text-59474760\" class=\"text\">\n\t\t\n\n<h2><span style=\"font-size: 75%;\">Pr\u00e9sentation de la machine Flowpack GM 100FS avec scellage \u00e0 mouvement de bo\u00eete.<\/span><\/h2>\n<p>Machine d&#8217;emballage Flowpack \u00e0 2 axes contr\u00f4l\u00e9s par moteur, avec fonction de suivi par photocellule, \u00e9cran tactile couleur de 7 pouces avec 16,7 millions de couleurs inclus. Peut \u00eatre utilis\u00e9 pour des films transparents, des films imprim\u00e9s en continu et des films imprim\u00e9s avec photocellule. Vitesse d&#8217;emballage jusqu&rsquo;\u00e0 60 paquets\/min. Convient pour emballer du pain grill\u00e9, du pain, de la pita, des tortillas, des sandwichs, des l\u00e9gumes, des fruits, des tomates, des poivrons, etc.<\/p>\n<ul>\n<li>Conception compacte et technologique.<\/li>\n<li>Capable d&rsquo;utiliser diff\u00e9rents types de produits et de mati\u00e8res premi\u00e8res vari\u00e9es.<\/li>\n<li>Syst\u00e8me de d\u00e9coupe \u00e0 mouvement de bo\u00eete. (Scellage herm\u00e9tique)<\/li>\n<li>Syst\u00e8me d&rsquo;alarme de diagnostic, panneau de contr\u00f4le convivial avec \u00e9cran tactile<\/li>\n<\/ul>\n<p><strong>Le syst\u00e8me No Product No Bag<\/strong> d\u00e9tecte s&rsquo;il manque un produit sur le convoyeur d&rsquo;alimentation. Le syst\u00e8me d&rsquo;extraction de film ne fonctionne pas et n&rsquo;entra\u00eene pas de gaspillage de film.<\/p>\n<p><strong>Le syst\u00e8me No Gap No Seal<\/strong> d\u00e9tecte si un produit est mal plac\u00e9 \u00e0 l&rsquo;int\u00e9rieur du film. La d\u00e9coupe s&rsquo;arr\u00eate lorsqu&rsquo;un produit mal plac\u00e9 passe et reprend la d\u00e9coupe lorsque le produit est correctement positionn\u00e9.<\/p>\n<p><strong>Le syst\u00e8me de scellage herm\u00e9tique<\/strong> offre un scellage de qualit\u00e9 solide et esth\u00e9tique. Il n&rsquo;y a aucune infiltration d&rsquo;air \u00e0 l&rsquo;int\u00e9rieur de l&#8217;emballage. Le meilleur choix pour un syst\u00e8me EAM. (Emballage en Atmosph\u00e8re Modifi\u00e9e)<\/p>\n<p><strong>CONSTRUCTION<\/strong><\/p>\n<ul>\n<li>Le ch\u00e2ssis principal est en acier.<\/li>\n<li>Tous les rev\u00eatements de ch\u00e2ssis et les zones en contact avec les produits sont en acier inoxydable Cr-Ni.<\/li>\n<li>Des roues robustes pour remplacer facilement la machine.<\/li>\n<li>Pieds r\u00e9glables r\u00e9sistants pour installer la machine de mani\u00e8re permanente.<\/li>\n<\/ul>\n<p><strong>Les mati\u00e8res premi\u00e8res qui peuvent \u00eatre utilis\u00e9es<\/strong><\/p>\n<ul>\n<li>OPP, BOPP, papier et lamin\u00e9s aluminium, cellulo\u00efd dont l&rsquo;une des surfaces peut \u00eatre soud\u00e9e \u00e0 chaud ou \u00e0 froid.<\/li>\n<\/ul>\n<p><strong>Caract\u00e9ristiques Techniques<\/strong><\/p>\n<ul>\n<li>60 paquets\/min<\/li>\n<li>Portes de s\u00e9curit\u00e9 \u00e0 verrouillage<\/li>\n<li>Contr\u00f4l\u00e9 par moteur \u00e0 2 axes<\/li>\n<li>Syst\u00e8me de suivi par cellule photo\u00e9lectrique<\/li>\n<li>Panneau de commande utilisateur avec \u00e9cran tactile couleur de 7 pouces et 16,7 millions de couleurs.<\/li>\n<li>Facile \u00e0 ajuster la taille de la mati\u00e8re premi\u00e8re.<\/li>\n<li>380 VAC \/ 50 Hz triphas\u00e9 + N + PE, 4 KW<\/li>\n<li>Tension de contr\u00f4le de s\u00e9curit\u00e9 de 24 VCC<\/li>\n<li>Syst\u00e8me de d\u00e9coupe \u00e0 mouvement de bo\u00eete<\/li>\n<li>Soudure de type film depuis le haut<\/li>\n<li>Syst\u00e8me de transport de produit par bande<\/li>\n<li>R\u00e9glage progressif de la longueur d&#8217;emballage<\/li>\n<li>R\u00e9glage progressif de la vitesse de la machine<\/li>\n<li>Convoyeur d&rsquo;alimentation de produit<\/li>\n<li>Bo\u00eete pliante r\u00e9glable<\/li>\n<li>Facile \u00e0 changer le poussoir de produit.<\/li>\n<li>Syst\u00e8me de disque de scellage inf\u00e9rieur en 3 ensembles.<\/li>\n<li>Syst\u00e8me de chauffage contr\u00f4l\u00e9 par PID.<\/li>\n<\/ul>\n<p><strong>Options<\/strong><\/p>\n<ul>\n<li>Imprimante de date<\/li>\n<li>Emballage en Atmosph\u00e8re Modifi\u00e9e<\/li>\n<li>No Product No Bag<\/li>\n<li>No Gap No Seal<\/li>\n<\/ul>\n<p><strong>Produit \u00e0 emballer<\/strong><\/p>\n<p>&#8211; Emballage de pain grill\u00e9, emballage de pain, emballage de pita, emballage de tortilla, emballage de sandwich, emballage de l\u00e9gumes, emballage de fruits, emballage de tomates, emballage de poivrons, emballage de pommes, emballage de produits en plusieurs morceaux, etc.<\/p>\n\t\t\n<style>\n#text-59474760 {\n  line-height: 1;\n}\n<\/style>\n\t<\/div>\n\t\n<h2>VID\u00c9O<\/h2>\n\n<div class=\"row\"  id=\"row-1909547567\">\n\n\n\t<div id=\"col-1623869102\" class=\"col medium-4 small-12 large-4\"  >\n\t\t\t\t<div class=\"col-inner\"  >\n\t\t\t\n\t\t\t\n\n\t<div class=\"img has-hover x md-x lg-x y md-y lg-y\" id=\"image_1655356713\">\n\t\t<a class=\"open-video\" href=\"https:\/\/www.youtube.com\/watch?v=-J6DXZuQsNk\" >\t\t\t\t\t\t<div class=\"img-inner dark\" >\n\t\t\t<img loading=\"lazy\" decoding=\"async\" width=\"480\" height=\"480\" src=\"https:\/\/www.guvenpack.com\/wp-content\/uploads\/2025\/02\/cheddar_cheese.webp\" class=\"attachment-large size-large\" alt=\"cheddar cheese pack\" srcset=\"https:\/\/www.guvenpack.com\/wp-content\/uploads\/2025\/02\/cheddar_cheese.webp 480w, https:\/\/www.guvenpack.com\/wp-content\/uploads\/2025\/02\/cheddar_cheese-400x400.webp 400w, https:\/\/www.guvenpack.com\/wp-content\/uploads\/2025\/02\/cheddar_cheese-280x280.webp 280w\" sizes=\"auto, (max-width: 480px) 100vw, 480px\" \/>\t\t\t\t\t\t\t<div class=\"overlay\" style=\"background-color: rgba(0,0,0,.2)\"><\/div>\n\t\t\t\t\t\t\t\t\t\t<div class=\"absolute no-click x50 y50 md-x50 md-y50 lg-x50 lg-y50 text-shadow-2\">\n\t\t\t\t\t<div class=\"overlay-icon\">\n\t\t\t\t\t\t<i class=\"icon-play\"><\/i>\n\t\t\t\t\t<\/div>\n\t\t\t\t<\/div>\n\t\t\t\n\t\t\t\t\t<\/div>\n\t\t\t\t\t\t<\/a>\t\t\n<style>\n#image_1655356713 {\n  width: 100%;\n}\n<\/style>\n\t<\/div>\n\t\n\n\n\t\t<\/div>\n\t\t\t\t\t<\/div>\n\n\t\n\n\t<div id=\"col-307214343\" class=\"col medium-4 small-12 large-4\"  >\n\t\t\t\t<div class=\"col-inner\"  >\n\t\t\t\n\t\t\t\n\n\n\t\t<\/div>\n\t\t\t\t\t<\/div>\n\n\t\n\n\t<div id=\"col-2097608147\" class=\"col medium-4 small-12 large-4\"  >\n\t\t\t\t<div class=\"col-inner\"  >\n\t\t\t\n\t\t\t\n\n\n\t\t<\/div>\n\t\t\t\t\t<\/div>\n\n\t\n\n<\/div>\n\n\t\t<\/div>\n\t\t\t\t\t<\/div>\n\n\t\n\n\t<div id=\"col-1438132279\" class=\"col medium-4 small-12 large-4\"  >\n\t\t\t\t<div class=\"col-inner\"  >\n\t\t\t\n\t\t\t\n\n\n\t\t<\/div>\n\t\t\t\t\t<\/div>\n\n\t\n\n\t<div id=\"col-1185149237\" class=\"col medium-8 small-12 large-8\"  >\n\t\t\t\t<div class=\"col-inner\"  >\n\t\t\t\n\t\t\t\n\n\n\t\t<\/div>\n\t\t\t\t\t<\/div>\n\n\t\n\n<\/div>\n\n","protected":false},"excerpt":{"rendered":"","protected":false},"author":1,"featured_media":1510,"parent":1553,"menu_order":0,"comment_status":"closed","ping_status":"closed","template":"page-blank.php","meta":{"footnotes":""},"class_list":["post-1628","page","type-page","status-publish","has-post-thumbnail","hentry"],"yoast_head":"<!-- This site is optimized with the Yoast SEO Premium plugin v26.1 (Yoast SEO v26.1) - https:\/\/yoast.com\/wordpress\/plugins\/seo\/ -->\n<title>GM 100FS Machine d&#039;emballage Flowpack<\/title>\n<meta name=\"description\" content=\"Machine Flowpack GM 100FS \u00e0 mouvement de bo\u00eete pour scellage, Machine d&#039;emballage Flowpack GM 100FS \u00e0 mouvement de bo\u00eete GM 100FS, Machine Flow Wrapper GM 100FS\" \/>\n<meta name=\"robots\" content=\"index, follow, max-snippet:-1, max-image-preview:large, max-video-preview:-1\" \/>\n<link rel=\"canonical\" href=\"https:\/\/www.guvenpack.com\/fr\/machines\/hffs-flowpack\/gm-100fs\/\" \/>\n<meta property=\"og:locale\" content=\"fr_FR\" \/>\n<meta property=\"og:type\" content=\"article\" \/>\n<meta property=\"og:title\" content=\"GM 100FS\" \/>\n<meta property=\"og:description\" content=\"Machine Flowpack GM 100FS \u00e0 mouvement de bo\u00eete pour scellage, Machine d&#039;emballage Flowpack GM 100FS \u00e0 mouvement de bo\u00eete GM 100FS, Machine Flow Wrapper GM 100FS\" \/>\n<meta property=\"og:url\" content=\"https:\/\/www.guvenpack.com\/fr\/machines\/hffs-flowpack\/gm-100fs\/\" \/>\n<meta property=\"og:site_name\" content=\"Guvenpack HFFS Flow Pack, Wet Wipes Machine\" \/>\n<meta property=\"article:publisher\" content=\"https:\/\/www.facebook.com\/guvenpackconverting\" \/>\n<meta property=\"article:modified_time\" content=\"2025-02-15T09:38:11+00:00\" \/>\n<meta property=\"og:image\" content=\"https:\/\/www.guvenpack.com\/wp-content\/uploads\/2023\/07\/gm_100fs.webp\" \/>\n\t<meta property=\"og:image:width\" content=\"1178\" \/>\n\t<meta property=\"og:image:height\" content=\"500\" \/>\n\t<meta property=\"og:image:type\" content=\"image\/webp\" \/>\n<meta name=\"twitter:card\" content=\"summary_large_image\" \/>\n<meta name=\"twitter:site\" content=\"@GuvenPack\" \/>\n<meta name=\"twitter:label1\" content=\"Dur\u00e9e de lecture estim\u00e9e\" \/>\n\t<meta name=\"twitter:data1\" content=\"3 minutes\" \/>\n<script type=\"application\/ld+json\" class=\"yoast-schema-graph\">{\"@context\":\"https:\/\/schema.org\",\"@graph\":[{\"@type\":\"WebPage\",\"@id\":\"https:\/\/www.guvenpack.com\/fr\/machines\/hffs-flowpack\/gm-100fs\/\",\"url\":\"https:\/\/www.guvenpack.com\/fr\/machines\/hffs-flowpack\/gm-100fs\/\",\"name\":\"GM 100FS Machine d'emballage Flowpack\",\"isPartOf\":{\"@id\":\"https:\/\/www.guvenpack.com\/#website\"},\"primaryImageOfPage\":{\"@id\":\"https:\/\/www.guvenpack.com\/fr\/machines\/hffs-flowpack\/gm-100fs\/#primaryimage\"},\"image\":{\"@id\":\"https:\/\/www.guvenpack.com\/fr\/machines\/hffs-flowpack\/gm-100fs\/#primaryimage\"},\"thumbnailUrl\":\"https:\/\/www.guvenpack.com\/wp-content\/uploads\/2023\/07\/gm_100fs.webp\",\"datePublished\":\"2023-09-12T11:05:02+00:00\",\"dateModified\":\"2025-02-15T09:38:11+00:00\",\"description\":\"Machine Flowpack GM 100FS \u00e0 mouvement de bo\u00eete pour scellage, Machine d'emballage Flowpack GM 100FS \u00e0 mouvement de bo\u00eete GM 100FS, Machine Flow Wrapper GM 100FS\",\"breadcrumb\":{\"@id\":\"https:\/\/www.guvenpack.com\/fr\/machines\/hffs-flowpack\/gm-100fs\/#breadcrumb\"},\"inLanguage\":\"fr-FR\",\"potentialAction\":[{\"@type\":\"ReadAction\",\"target\":[\"https:\/\/www.guvenpack.com\/fr\/machines\/hffs-flowpack\/gm-100fs\/\"]}]},{\"@type\":\"ImageObject\",\"inLanguage\":\"fr-FR\",\"@id\":\"https:\/\/www.guvenpack.com\/fr\/machines\/hffs-flowpack\/gm-100fs\/#primaryimage\",\"url\":\"https:\/\/www.guvenpack.com\/wp-content\/uploads\/2023\/07\/gm_100fs.webp\",\"contentUrl\":\"https:\/\/www.guvenpack.com\/wp-content\/uploads\/2023\/07\/gm_100fs.webp\",\"width\":1178,\"height\":500,\"caption\":\"GM 100FS Machine d'emballage Flowpack \u00e0 mouvement de bo\u00eete\"},{\"@type\":\"BreadcrumbList\",\"@id\":\"https:\/\/www.guvenpack.com\/fr\/machines\/hffs-flowpack\/gm-100fs\/#breadcrumb\",\"itemListElement\":[{\"@type\":\"ListItem\",\"position\":1,\"name\":\"Home\",\"item\":\"https:\/\/www.guvenpack.com\/fr\/home\/\"},{\"@type\":\"ListItem\",\"position\":2,\"name\":\"Machines\",\"item\":\"https:\/\/www.guvenpack.com\/fr\/machines\/\"},{\"@type\":\"ListItem\",\"position\":3,\"name\":\"Machine d&#8217;emballage horizontale Flowpack\",\"item\":\"https:\/\/www.guvenpack.com\/fr\/machines\/hffs-flowpack\/\"},{\"@type\":\"ListItem\",\"position\":4,\"name\":\"GM 100FS\"}]},{\"@type\":\"WebSite\",\"@id\":\"https:\/\/www.guvenpack.com\/#website\",\"url\":\"https:\/\/www.guvenpack.com\/\",\"name\":\"Guvenpack HFFS Flow Pack, Wet Wipes Machine\",\"description\":\"Manufacturer of HFFS Flow pack Packaging Machine, Wet Wipes Machine\",\"publisher\":{\"@id\":\"https:\/\/www.guvenpack.com\/#organization\"},\"potentialAction\":[{\"@type\":\"SearchAction\",\"target\":{\"@type\":\"EntryPoint\",\"urlTemplate\":\"https:\/\/www.guvenpack.com\/?s={search_term_string}\"},\"query-input\":{\"@type\":\"PropertyValueSpecification\",\"valueRequired\":true,\"valueName\":\"search_term_string\"}}],\"inLanguage\":\"fr-FR\"},{\"@type\":\"Organization\",\"@id\":\"https:\/\/www.guvenpack.com\/#organization\",\"name\":\"Guvenpack HFFS Flow Pack, Wet Wipes Machine\",\"url\":\"https:\/\/www.guvenpack.com\/\",\"logo\":{\"@type\":\"ImageObject\",\"inLanguage\":\"fr-FR\",\"@id\":\"https:\/\/www.guvenpack.com\/#\/schema\/logo\/image\/\",\"url\":\"https:\/\/www.guvenpack.com\/wp-content\/uploads\/2023\/07\/logo_fav.png\",\"contentUrl\":\"https:\/\/www.guvenpack.com\/wp-content\/uploads\/2023\/07\/logo_fav.png\",\"width\":676,\"height\":675,\"caption\":\"Guvenpack HFFS Flow Pack, Wet Wipes Machine\"},\"image\":{\"@id\":\"https:\/\/www.guvenpack.com\/#\/schema\/logo\/image\/\"},\"sameAs\":[\"https:\/\/www.facebook.com\/guvenpackconverting\",\"https:\/\/x.com\/GuvenPack\",\"https:\/\/www.instagram.com\/guvenpack\/\",\"https:\/\/www.linkedin.com\/company\/guvenpack\/\",\"https:\/\/www.youtube.com\/@guvenpack\"]}]}<\/script>\n<!-- \/ Yoast SEO Premium plugin. -->","yoast_head_json":{"title":"GM 100FS Machine d'emballage Flowpack","description":"Machine Flowpack GM 100FS \u00e0 mouvement de bo\u00eete pour scellage, Machine d'emballage Flowpack GM 100FS \u00e0 mouvement de bo\u00eete GM 100FS, Machine Flow Wrapper GM 100FS","robots":{"index":"index","follow":"follow","max-snippet":"max-snippet:-1","max-image-preview":"max-image-preview:large","max-video-preview":"max-video-preview:-1"},"canonical":"https:\/\/www.guvenpack.com\/fr\/machines\/hffs-flowpack\/gm-100fs\/","og_locale":"fr_FR","og_type":"article","og_title":"GM 100FS","og_description":"Machine Flowpack GM 100FS \u00e0 mouvement de bo\u00eete pour scellage, Machine d'emballage Flowpack GM 100FS \u00e0 mouvement de bo\u00eete GM 100FS, Machine Flow Wrapper GM 100FS","og_url":"https:\/\/www.guvenpack.com\/fr\/machines\/hffs-flowpack\/gm-100fs\/","og_site_name":"Guvenpack HFFS Flow Pack, Wet Wipes Machine","article_publisher":"https:\/\/www.facebook.com\/guvenpackconverting","article_modified_time":"2025-02-15T09:38:11+00:00","og_image":[{"width":1178,"height":500,"url":"https:\/\/www.guvenpack.com\/wp-content\/uploads\/2023\/07\/gm_100fs.webp","type":"image\/webp"}],"twitter_card":"summary_large_image","twitter_site":"@GuvenPack","twitter_misc":{"Dur\u00e9e de lecture estim\u00e9e":"3 minutes"},"schema":{"@context":"https:\/\/schema.org","@graph":[{"@type":"WebPage","@id":"https:\/\/www.guvenpack.com\/fr\/machines\/hffs-flowpack\/gm-100fs\/","url":"https:\/\/www.guvenpack.com\/fr\/machines\/hffs-flowpack\/gm-100fs\/","name":"GM 100FS Machine d'emballage Flowpack","isPartOf":{"@id":"https:\/\/www.guvenpack.com\/#website"},"primaryImageOfPage":{"@id":"https:\/\/www.guvenpack.com\/fr\/machines\/hffs-flowpack\/gm-100fs\/#primaryimage"},"image":{"@id":"https:\/\/www.guvenpack.com\/fr\/machines\/hffs-flowpack\/gm-100fs\/#primaryimage"},"thumbnailUrl":"https:\/\/www.guvenpack.com\/wp-content\/uploads\/2023\/07\/gm_100fs.webp","datePublished":"2023-09-12T11:05:02+00:00","dateModified":"2025-02-15T09:38:11+00:00","description":"Machine Flowpack GM 100FS \u00e0 mouvement de bo\u00eete pour scellage, Machine d'emballage Flowpack GM 100FS \u00e0 mouvement de bo\u00eete GM 100FS, Machine Flow Wrapper GM 100FS","breadcrumb":{"@id":"https:\/\/www.guvenpack.com\/fr\/machines\/hffs-flowpack\/gm-100fs\/#breadcrumb"},"inLanguage":"fr-FR","potentialAction":[{"@type":"ReadAction","target":["https:\/\/www.guvenpack.com\/fr\/machines\/hffs-flowpack\/gm-100fs\/"]}]},{"@type":"ImageObject","inLanguage":"fr-FR","@id":"https:\/\/www.guvenpack.com\/fr\/machines\/hffs-flowpack\/gm-100fs\/#primaryimage","url":"https:\/\/www.guvenpack.com\/wp-content\/uploads\/2023\/07\/gm_100fs.webp","contentUrl":"https:\/\/www.guvenpack.com\/wp-content\/uploads\/2023\/07\/gm_100fs.webp","width":1178,"height":500,"caption":"GM 100FS Machine d'emballage Flowpack \u00e0 mouvement de bo\u00eete"},{"@type":"BreadcrumbList","@id":"https:\/\/www.guvenpack.com\/fr\/machines\/hffs-flowpack\/gm-100fs\/#breadcrumb","itemListElement":[{"@type":"ListItem","position":1,"name":"Home","item":"https:\/\/www.guvenpack.com\/fr\/home\/"},{"@type":"ListItem","position":2,"name":"Machines","item":"https:\/\/www.guvenpack.com\/fr\/machines\/"},{"@type":"ListItem","position":3,"name":"Machine d&#8217;emballage horizontale Flowpack","item":"https:\/\/www.guvenpack.com\/fr\/machines\/hffs-flowpack\/"},{"@type":"ListItem","position":4,"name":"GM 100FS"}]},{"@type":"WebSite","@id":"https:\/\/www.guvenpack.com\/#website","url":"https:\/\/www.guvenpack.com\/","name":"Guvenpack HFFS Flow Pack, Wet Wipes Machine","description":"Manufacturer of HFFS Flow pack Packaging Machine, Wet Wipes Machine","publisher":{"@id":"https:\/\/www.guvenpack.com\/#organization"},"potentialAction":[{"@type":"SearchAction","target":{"@type":"EntryPoint","urlTemplate":"https:\/\/www.guvenpack.com\/?s={search_term_string}"},"query-input":{"@type":"PropertyValueSpecification","valueRequired":true,"valueName":"search_term_string"}}],"inLanguage":"fr-FR"},{"@type":"Organization","@id":"https:\/\/www.guvenpack.com\/#organization","name":"Guvenpack HFFS Flow Pack, Wet Wipes Machine","url":"https:\/\/www.guvenpack.com\/","logo":{"@type":"ImageObject","inLanguage":"fr-FR","@id":"https:\/\/www.guvenpack.com\/#\/schema\/logo\/image\/","url":"https:\/\/www.guvenpack.com\/wp-content\/uploads\/2023\/07\/logo_fav.png","contentUrl":"https:\/\/www.guvenpack.com\/wp-content\/uploads\/2023\/07\/logo_fav.png","width":676,"height":675,"caption":"Guvenpack HFFS Flow Pack, Wet Wipes Machine"},"image":{"@id":"https:\/\/www.guvenpack.com\/#\/schema\/logo\/image\/"},"sameAs":["https:\/\/www.facebook.com\/guvenpackconverting","https:\/\/x.com\/GuvenPack","https:\/\/www.instagram.com\/guvenpack\/","https:\/\/www.linkedin.com\/company\/guvenpack\/","https:\/\/www.youtube.com\/@guvenpack"]}]}},"_links":{"self":[{"href":"https:\/\/www.guvenpack.com\/fr\/wp-json\/wp\/v2\/pages\/1628","targetHints":{"allow":["GET"]}}],"collection":[{"href":"https:\/\/www.guvenpack.com\/fr\/wp-json\/wp\/v2\/pages"}],"about":[{"href":"https:\/\/www.guvenpack.com\/fr\/wp-json\/wp\/v2\/types\/page"}],"author":[{"embeddable":true,"href":"https:\/\/www.guvenpack.com\/fr\/wp-json\/wp\/v2\/users\/1"}],"replies":[{"embeddable":true,"href":"https:\/\/www.guvenpack.com\/fr\/wp-json\/wp\/v2\/comments?post=1628"}],"version-history":[{"count":3,"href":"https:\/\/www.guvenpack.com\/fr\/wp-json\/wp\/v2\/pages\/1628\/revisions"}],"predecessor-version":[{"id":2434,"href":"https:\/\/www.guvenpack.com\/fr\/wp-json\/wp\/v2\/pages\/1628\/revisions\/2434"}],"up":[{"embeddable":true,"href":"https:\/\/www.guvenpack.com\/fr\/wp-json\/wp\/v2\/pages\/1553"}],"wp:featuredmedia":[{"embeddable":true,"href":"https:\/\/www.guvenpack.com\/fr\/wp-json\/wp\/v2\/media\/1510"}],"wp:attachment":[{"href":"https:\/\/www.guvenpack.com\/fr\/wp-json\/wp\/v2\/media?parent=1628"}],"curies":[{"name":"wp","href":"https:\/\/api.w.org\/{rel}","templated":true}]}}