{"id":1584,"date":"2023-09-07T12:56:35","date_gmt":"2023-09-07T12:56:35","guid":{"rendered":"https:\/\/www.guvenpack.com\/home\/"},"modified":"2025-02-15T09:56:13","modified_gmt":"2025-02-15T09:56:13","slug":"home","status":"publish","type":"page","link":"https:\/\/www.guvenpack.com\/fr\/","title":{"rendered":"Page d&rsquo;accueil"},"content":{"rendered":"\n<div class=\"slider-wrapper relative\" id=\"slider-1046270293\" style=\"background-color:rgb(255,255,255);\">\n    <div class=\"slider slider-nav-circle slider-nav-large slider-nav-light slider-style-normal\"\n        data-flickity-options='{\n            \"cellAlign\": \"center\",\n            \"imagesLoaded\": true,\n            \"lazyLoad\": 1,\n            \"freeScroll\": false,\n            \"wrapAround\": true,\n            \"autoPlay\": 6000,\n            \"pauseAutoPlayOnHover\" : true,\n            \"prevNextButtons\": true,\n            \"contain\" : true,\n            \"adaptiveHeight\" : true,\n            \"dragThreshold\" : 10,\n            \"percentPosition\": true,\n            \"pageDots\": true,\n            \"rightToLeft\": false,\n            \"draggable\": false,\n            \"selectedAttraction\": 0.1,\n            \"parallax\" : 0,\n            \"friction\": 0.6        }'\n        >\n        \n\n\n  <div class=\"banner has-hover has-video\" id=\"banner-652775743\">\n          <div class=\"banner-inner fill\">\n        <div class=\"banner-bg fill\" >\n                        \t<div class=\"video-overlay no-click fill visible\"><\/div>\n\t<video class=\"video-bg fill visible\" preload playsinline autoplay muted loop>\n\t\t<source src=\"https:\/\/www.guvenpack.com\/wp-content\/uploads\/2023\/07\/flowpack_wet_wipes.mp4\" type=\"video\/mp4\">\t<\/video>\n                        \n                    <\/div>\n\t\t\n        <div class=\"banner-layers container\">\n            <div class=\"fill banner-link\"><\/div>            \n\n   <div id=\"text-box-589023659\" class=\"text-box banner-layer x0 md-x0 lg-x0 y95 md-y95 lg-y95 res-text\">\n                                <div class=\"text-box-content text dark\">\n              \n              <div class=\"text-inner text-center\">\n                  \n\n\t<div id=\"text-2346502692\" class=\"text\">\n\t\t\n\n<h5 class=\"uppercase\"><strong><span style=\"font-size: 200%;\" data-line-height=\"xs\">Machine \u00e0 lingettes humides<\/span><\/strong><\/h5>\n<h5 class=\"uppercase\"><strong><span style=\"font-size: 200%;\" data-line-height=\"xs\">Machines d&#8217;emballage horizontales flowpack<\/span><\/strong><\/h5>\n\t\t\n<style>\n#text-2346502692 {\n  text-align: left;\n}\n<\/style>\n\t<\/div>\n\t\n\n              <\/div>\n           <\/div>\n                            \n<style>\n#text-box-589023659 {\n  width: 96%;\n}\n#text-box-589023659 .text-box-content {\n  font-size: 100%;\n}\n<\/style>\n    <\/div>\n \n\n        <\/div>\n      <\/div>\n\n            \n<style>\n#banner-652775743 {\n  padding-top: 56.25%;\n  background-color: rgb(255,255,255);\n}\n<\/style>\n  <\/div>\n\n\n\n     <\/div>\n\n     <div class=\"loading-spin dark large centered\"><\/div>\n\n\t<\/div>\n\n\n<div class=\"row row-collapse row-full-width\"  id=\"row-256348222\">\n\n\n\t<div id=\"col-1418990512\" class=\"col medium-4 small-12 large-4\"  >\n\t\t\t\t<div class=\"col-inner\"  >\n\t\t\t\n\t\t\t\n\n\n  <div class=\"banner has-hover\" id=\"banner-1917369839\">\n          <div class=\"banner-inner fill\">\n        <div class=\"banner-bg fill\" >\n                                    <div class=\"overlay\"><\/div>            \n                    <\/div>\n\t\t\n        <div class=\"banner-layers container\">\n            <a class=\"fill\" href=\"https:\/\/www.guvenpack.com\/machines\/wet-wipes\/\" ><div class=\"fill banner-link\"><\/div><\/a>            \n\n\t<div class=\"img has-hover x50 md-x50 lg-x50 y50 md-y50 lg-y50\" id=\"image_758501792\">\n\t\t<a class=\"\" href=\"https:\/\/www.guvenpack.com\/machines\/wet-wipes\/\" >\t\t\t\t\t\t<div class=\"img-inner image-zoom dark\" >\n\t\t\t<img loading=\"lazy\" decoding=\"async\" width=\"764\" height=\"599\" src=\"https:\/\/www.guvenpack.com\/wp-content\/uploads\/2023\/07\/gm_100w.webp\" class=\"attachment-large size-large\" alt=\"GM 100W Wet Wipes Machine\" srcset=\"https:\/\/www.guvenpack.com\/wp-content\/uploads\/2023\/07\/gm_100w.webp 764w, https:\/\/www.guvenpack.com\/wp-content\/uploads\/2023\/07\/gm_100w-510x400.webp 510w\" sizes=\"auto, (max-width: 764px) 100vw, 764px\" \/>\t\t\t\t\t\t\n\t\t\t\t\t<\/div>\n\t\t\t\t\t\t<\/a>\t\t\n<style>\n#image_758501792 {\n  width: 60%;\n}\n<\/style>\n\t<\/div>\n\t\n\n   <div id=\"text-box-2124363860\" class=\"text-box banner-layer x50 md-x50 lg-x50 y100 md-y100 lg-y100 res-text\">\n                                <div class=\"text-box-content text dark\">\n              \n              <div class=\"text-inner text-center\">\n                  \n\n\t<div id=\"text-3893119082\" class=\"text\">\n\t\t\n\n<h4 class=\"uppercase\"><a href=\"https:\/\/www.guvenpack.com\/machines\/wet-wipes\/\"><strong>Machines \u00e0 lingettes humides<\/strong><\/a><\/h4>\n\t\t\n<style>\n#text-3893119082 {\n  font-size: 0.75rem;\n  text-align: left;\n  color: rgb(4, 4, 4);\n}\n#text-3893119082 > * {\n  color: rgb(4, 4, 4);\n}\n<\/style>\n\t<\/div>\n\t\n\n              <\/div>\n           <\/div>\n                            \n<style>\n#text-box-2124363860 {\n  width: 85%;\n}\n#text-box-2124363860 .text-box-content {\n  font-size: 100%;\n}\n<\/style>\n    <\/div>\n \n\n        <\/div>\n      <\/div>\n\n            \n<style>\n#banner-1917369839 {\n  padding-top: 330px;\n}\n#banner-1917369839 .overlay {\n  background-color: rgb(255, 255, 255);\n}\n<\/style>\n  <\/div>\n\n\n\n\t\t<\/div>\n\t\t\t\t\t<\/div>\n\n\t\n\n\t<div id=\"col-959827390\" class=\"col medium-4 small-12 large-4\"  >\n\t\t\t\t<div class=\"col-inner\"  >\n\t\t\t\n\t\t\t\n\n\n  <div class=\"banner has-hover\" id=\"banner-89445518\">\n          <div class=\"banner-inner fill\">\n        <div class=\"banner-bg fill\" >\n                                    <div class=\"overlay\"><\/div>            \n                    <\/div>\n\t\t\n        <div class=\"banner-layers container\">\n            <a class=\"fill\" href=\"https:\/\/www.guvenpack.com\/machines\/hffs-flowpack\/\" ><div class=\"fill banner-link\"><\/div><\/a>            \n\n\t<div class=\"img has-hover x50 md-x50 lg-x50 y50 md-y50 lg-y50\" id=\"image_1560191720\">\n\t\t<a class=\"\" href=\"https:\/\/www.guvenpack.com\/machines\/hffs-flowpack\/\" >\t\t\t\t\t\t<div class=\"img-inner image-zoom dark\" >\n\t\t\t<img loading=\"lazy\" decoding=\"async\" width=\"1178\" height=\"515\" src=\"https:\/\/www.guvenpack.com\/wp-content\/uploads\/2023\/07\/gm_40fs.webp\" class=\"attachment-original size-original\" alt=\"GM 40FS Horizontal Packaging Machine Flowpack\" srcset=\"https:\/\/www.guvenpack.com\/wp-content\/uploads\/2023\/07\/gm_40fs.webp 1178w, https:\/\/www.guvenpack.com\/wp-content\/uploads\/2023\/07\/gm_40fs-800x350.webp 800w, https:\/\/www.guvenpack.com\/wp-content\/uploads\/2023\/07\/gm_40fs-768x336.webp 768w\" sizes=\"auto, (max-width: 1178px) 100vw, 1178px\" \/>\t\t\t\t\t\t\n\t\t\t\t\t<\/div>\n\t\t\t\t\t\t<\/a>\t\t\n<style>\n#image_1560191720 {\n  width: 100%;\n}\n<\/style>\n\t<\/div>\n\t\n\n   <div id=\"text-box-526681071\" class=\"text-box banner-layer x0 md-x0 lg-x0 y100 md-y100 lg-y100 res-text\">\n                                <div class=\"text-box-content text dark\">\n              \n              <div class=\"text-inner text-left\">\n                  \n\n\t<div id=\"text-2497129765\" class=\"text\">\n\t\t\n\n<h4 class=\"uppercase\"><a href=\"https:\/\/www.guvenpack.com\/machines\/hffs-flowpack\/\"><strong>Machines d&#8217;emballage Flowpack<\/strong><\/a><\/h4>\n\t\t\n<style>\n#text-2497129765 {\n  font-size: 0.75rem;\n  color: rgb(0,0,0);\n}\n#text-2497129765 > * {\n  color: rgb(0,0,0);\n}\n<\/style>\n\t<\/div>\n\t\n\n              <\/div>\n           <\/div>\n                            \n<style>\n#text-box-526681071 {\n  width: 100%;\n}\n#text-box-526681071 .text-box-content {\n  font-size: 100%;\n}\n<\/style>\n    <\/div>\n \n\n        <\/div>\n      <\/div>\n\n            \n<style>\n#banner-89445518 {\n  padding-top: 330px;\n}\n#banner-89445518 .overlay {\n  background-color: rgb(255, 255, 255);\n}\n<\/style>\n  <\/div>\n\n\n\n\t\t<\/div>\n\t\t\t\t\t<\/div>\n\n\t\n\n\t<div id=\"col-893371125\" class=\"col medium-4 small-12 large-4\"  >\n\t\t\t\t<div class=\"col-inner\"  >\n\t\t\t\n\t\t\t\n\n\n  <div class=\"banner has-hover\" id=\"banner-108616\">\n          <div class=\"banner-inner fill\">\n        <div class=\"banner-bg fill\" >\n                                                \n                    <\/div>\n\t\t\n        <div class=\"banner-layers container\">\n            <a class=\"fill\" href=\"https:\/\/www.guvenpack.com\/machines\/lids-machine\/\" ><div class=\"fill banner-link\"><\/div><\/a>            \n\n\t<div class=\"img has-hover x50 md-x50 lg-x50 y50 md-y50 lg-y50\" id=\"image_733072317\">\n\t\t<a class=\"\" href=\"https:\/\/www.guvenpack.com\/machines\/lids-machine\/gm-02\/\" >\t\t\t\t\t\t<div class=\"img-inner image-zoom dark\" >\n\t\t\t<img loading=\"lazy\" decoding=\"async\" width=\"463\" height=\"599\" src=\"https:\/\/www.guvenpack.com\/wp-content\/uploads\/2023\/07\/gm_02-1.webp\" class=\"attachment-original size-original\" alt=\"GM 02 Lids Machine\" srcset=\"https:\/\/www.guvenpack.com\/wp-content\/uploads\/2023\/07\/gm_02-1.webp 463w, https:\/\/www.guvenpack.com\/wp-content\/uploads\/2023\/07\/gm_02-1-309x400.webp 309w\" sizes=\"auto, (max-width: 463px) 100vw, 463px\" \/>\t\t\t\t\t\t\n\t\t\t\t\t<\/div>\n\t\t\t\t\t\t<\/a>\t\t\n<style>\n#image_733072317 {\n  width: 37%;\n}\n<\/style>\n\t<\/div>\n\t\n\n   <div id=\"text-box-983265806\" class=\"text-box banner-layer x5 md-x5 lg-x5 y100 md-y100 lg-y100 res-text\">\n                                <div class=\"text-box-content text dark\">\n              \n              <div class=\"text-inner text-left\">\n                  \n\n\t<div id=\"text-2423832426\" class=\"text\">\n\t\t\n\n<h4 class=\"uppercase\"><strong><a href=\"https:\/\/www.guvenpack.com\/machines\/lids-machine\/gm-02\/\">Machine \u00e0 couvercles<\/a><\/strong><\/h4>\n\t\t\n<style>\n#text-2423832426 {\n  font-size: 0.75rem;\n  color: rgb(0,0,0);\n}\n#text-2423832426 > * {\n  color: rgb(0,0,0);\n}\n<\/style>\n\t<\/div>\n\t\n\n              <\/div>\n           <\/div>\n                            \n<style>\n#text-box-983265806 {\n  width: 57%;\n}\n#text-box-983265806 .text-box-content {\n  font-size: 100%;\n}\n<\/style>\n    <\/div>\n \n\n        <\/div>\n      <\/div>\n\n            \n<style>\n#banner-108616 {\n  padding-top: 330px;\n  background-color: rgb(255,255,255);\n}\n<\/style>\n  <\/div>\n\n\n\n\t\t<\/div>\n\t\t\t\t\t<\/div>\n\n\t\n\n<\/div>\n<div class=\"row align-center\"  id=\"row-275592913\">\n\n\n\t<div id=\"col-1867152703\" class=\"col small-12 large-12\"  >\n\t\t\t\t<div class=\"col-inner\" style=\"background-color:rgb(255,255,255);\" >\n\t\t\t\n\t\t\t\n\n<div class=\"container section-title-container\" ><h1 class=\"section-title section-title-normal\"><b><\/b><span class=\"section-title-main\" >Guvenpack HFFS Flowpack Packaging Wet Wipes Machinery<\/span><b><\/b><\/h1><\/div>\n\n\n\t\t<\/div>\n\t\t\t\t\n<style>\n#col-1867152703 > .col-inner {\n  padding: 50px 0px 0px 0px;\n}\n<\/style>\n\t<\/div>\n\n\t\n\n\t<div id=\"col-509595254\" class=\"col medium-6 small-12 large-6\"  >\n\t\t\t\t<div class=\"col-inner\"  >\n\t\t\t\n\t\t\t\n\n<h2>Machines d&#8217;emballage Flowpack<\/h2>\n<p>Nous fabriquons des machines d&#8217;emballage Flowpack, des machines Flowpack, des machines Flow wrapper avec technologie PLC, contr\u00f4leur de mouvement, moteur servo, acc\u00e8s \u00e0 distance et mise \u00e0 jour \u00e0 distance de la machine. Nous offrons une faible utilisation de main-d&rsquo;\u0153uvre et des performances \u00e9lev\u00e9es avec nos machines Flowpack. Nos machines d&#8217;emballage Flowpack sont la meilleure solution pour emballer du pain, des biscuits, du chocolat, des gaufres, des b\u00e2tonnets de glace, des fruits, des l\u00e9gumes, etc.<\/p>\n\n\t\t<\/div>\n\t\t\t\t\t<\/div>\n\n\t\n\n\t<div id=\"col-673362081\" class=\"col medium-6 small-12 large-6\"  >\n\t\t\t\t<div class=\"col-inner\"  >\n\t\t\t\n\t\t\t\n\n<h2>Machine \u00e0 lingettes humides<\/h2>\n<p>Investir dans une machine de lingettes humides de haute qualit\u00e9 est essentiel pour les entreprises souhaitant fabriquer efficacement des lingettes alcoolis\u00e9es, des lingettes de nettoyage, des lingettes de soin, des lingettes d\u00e9sinfectantes et des lingettes pour b\u00e9b\u00e9s. Gr\u00e2ce \u00e0 un emballage flowpack avanc\u00e9 et \u00e0 des fonctionnalit\u00e9s de protection robustes, ces machines garantissent que les lingettes restent efficaces et s\u00fbres pour les utilisateurs. Que vous lanciez une nouvelle ligne de production ou modernisiez votre \u00e9quipement existant, choisir la bonne machine peut avoir un impact significatif sur la qualit\u00e9 de vos produits et le succ\u00e8s de votre entreprise.  <\/p>\n\n\n\t\t<\/div>\n\t\t\t\t\t<\/div>\n\n\t\n\n<\/div>\n\n","protected":false},"excerpt":{"rendered":"","protected":false},"author":1,"featured_media":1455,"parent":0,"menu_order":5,"comment_status":"closed","ping_status":"closed","template":"page-blank.php","meta":{"footnotes":""},"class_list":["post-1584","page","type-page","status-publish","has-post-thumbnail","hentry"],"yoast_head":"<!-- This site is optimized with the Yoast SEO Premium plugin v26.1 (Yoast SEO v26.1) - https:\/\/yoast.com\/wordpress\/plugins\/seo\/ -->\n<title>Guvenpack HFFS Flow Pack, Wet Wipes Machine<\/title>\n<meta name=\"description\" content=\"Guvenpack une solution professionnelle pour les machines \u00e0 lingettes humides, les machines Flowpack, les machines \u00e0 couvercles et le fabricant d&#039;\u00e9quipements.\" \/>\n<meta name=\"robots\" content=\"index, follow, max-snippet:-1, max-image-preview:large, max-video-preview:-1\" \/>\n<link rel=\"canonical\" href=\"https:\/\/www.guvenpack.com\/fr\/\" \/>\n<meta property=\"og:locale\" content=\"fr_FR\" \/>\n<meta property=\"og:type\" content=\"article\" \/>\n<meta property=\"og:title\" content=\"Page d&#039;accueil\" \/>\n<meta property=\"og:description\" content=\"Guvenpack une solution professionnelle pour les machines \u00e0 lingettes humides, les machines Flowpack, les machines \u00e0 couvercles et le fabricant d&#039;\u00e9quipements.\" \/>\n<meta property=\"og:url\" content=\"https:\/\/www.guvenpack.com\/fr\/\" \/>\n<meta property=\"og:site_name\" content=\"Guvenpack HFFS Flow Pack, Wet Wipes Machine\" \/>\n<meta property=\"article:publisher\" content=\"https:\/\/www.facebook.com\/guvenpackconverting\" \/>\n<meta property=\"article:modified_time\" content=\"2025-02-15T09:56:13+00:00\" \/>\n<meta property=\"og:image\" content=\"https:\/\/www.guvenpack.com\/wp-content\/uploads\/2023\/07\/gm_100w.webp\" \/>\n\t<meta property=\"og:image:width\" content=\"764\" \/>\n\t<meta property=\"og:image:height\" content=\"599\" \/>\n\t<meta property=\"og:image:type\" content=\"image\/webp\" \/>\n<meta name=\"twitter:card\" content=\"summary_large_image\" \/>\n<meta name=\"twitter:site\" content=\"@GuvenPack\" \/>\n<meta name=\"twitter:label1\" content=\"Dur\u00e9e de lecture estim\u00e9e\" \/>\n\t<meta name=\"twitter:data1\" content=\"2 minutes\" \/>\n<script type=\"application\/ld+json\" class=\"yoast-schema-graph\">{\"@context\":\"https:\/\/schema.org\",\"@graph\":[{\"@type\":\"WebPage\",\"@id\":\"https:\/\/www.guvenpack.com\/fr\/\",\"url\":\"https:\/\/www.guvenpack.com\/fr\/\",\"name\":\"Guvenpack HFFS Flow Pack, Wet Wipes Machine\",\"isPartOf\":{\"@id\":\"https:\/\/www.guvenpack.com\/#website\"},\"primaryImageOfPage\":{\"@id\":\"https:\/\/www.guvenpack.com\/fr\/#primaryimage\"},\"image\":{\"@id\":\"https:\/\/www.guvenpack.com\/fr\/#primaryimage\"},\"thumbnailUrl\":\"https:\/\/www.guvenpack.com\/wp-content\/uploads\/2023\/07\/gm_100w.webp\",\"datePublished\":\"2023-09-07T12:56:35+00:00\",\"dateModified\":\"2025-02-15T09:56:13+00:00\",\"description\":\"Guvenpack une solution professionnelle pour les machines \u00e0 lingettes humides, les machines Flowpack, les machines \u00e0 couvercles et le fabricant d'\u00e9quipements.\",\"breadcrumb\":{\"@id\":\"https:\/\/www.guvenpack.com\/fr\/#breadcrumb\"},\"inLanguage\":\"fr-FR\",\"potentialAction\":[{\"@type\":\"ReadAction\",\"target\":[\"https:\/\/www.guvenpack.com\/fr\/\"]}]},{\"@type\":\"ImageObject\",\"inLanguage\":\"fr-FR\",\"@id\":\"https:\/\/www.guvenpack.com\/fr\/#primaryimage\",\"url\":\"https:\/\/www.guvenpack.com\/wp-content\/uploads\/2023\/07\/gm_100w.webp\",\"contentUrl\":\"https:\/\/www.guvenpack.com\/wp-content\/uploads\/2023\/07\/gm_100w.webp\",\"width\":764,\"height\":599,\"caption\":\"GM 100W Machine \u00e0 lingettes humides\"},{\"@type\":\"BreadcrumbList\",\"@id\":\"https:\/\/www.guvenpack.com\/fr\/#breadcrumb\",\"itemListElement\":[{\"@type\":\"ListItem\",\"position\":1,\"name\":\"Home\",\"item\":\"https:\/\/www.guvenpack.com\/fr\/home\/\"},{\"@type\":\"ListItem\",\"position\":2,\"name\":\"Page d&#8217;accueil\"}]},{\"@type\":\"WebSite\",\"@id\":\"https:\/\/www.guvenpack.com\/#website\",\"url\":\"https:\/\/www.guvenpack.com\/\",\"name\":\"Guvenpack HFFS Flow Pack, Wet Wipes Machine\",\"description\":\"Manufacturer of HFFS Flow pack Packaging Machine, Wet Wipes Machine\",\"publisher\":{\"@id\":\"https:\/\/www.guvenpack.com\/#organization\"},\"potentialAction\":[{\"@type\":\"SearchAction\",\"target\":{\"@type\":\"EntryPoint\",\"urlTemplate\":\"https:\/\/www.guvenpack.com\/?s={search_term_string}\"},\"query-input\":{\"@type\":\"PropertyValueSpecification\",\"valueRequired\":true,\"valueName\":\"search_term_string\"}}],\"inLanguage\":\"fr-FR\"},{\"@type\":\"Organization\",\"@id\":\"https:\/\/www.guvenpack.com\/#organization\",\"name\":\"Guvenpack HFFS Flow Pack, Wet Wipes Machine\",\"url\":\"https:\/\/www.guvenpack.com\/\",\"logo\":{\"@type\":\"ImageObject\",\"inLanguage\":\"fr-FR\",\"@id\":\"https:\/\/www.guvenpack.com\/#\/schema\/logo\/image\/\",\"url\":\"https:\/\/www.guvenpack.com\/wp-content\/uploads\/2023\/07\/logo_fav.png\",\"contentUrl\":\"https:\/\/www.guvenpack.com\/wp-content\/uploads\/2023\/07\/logo_fav.png\",\"width\":676,\"height\":675,\"caption\":\"Guvenpack HFFS Flow Pack, Wet Wipes Machine\"},\"image\":{\"@id\":\"https:\/\/www.guvenpack.com\/#\/schema\/logo\/image\/\"},\"sameAs\":[\"https:\/\/www.facebook.com\/guvenpackconverting\",\"https:\/\/x.com\/GuvenPack\",\"https:\/\/www.instagram.com\/guvenpack\/\",\"https:\/\/www.linkedin.com\/company\/guvenpack\/\",\"https:\/\/www.youtube.com\/@guvenpack\"]}]}<\/script>\n<!-- \/ Yoast SEO Premium plugin. -->","yoast_head_json":{"title":"Guvenpack HFFS Flow Pack, Wet Wipes Machine","description":"Guvenpack une solution professionnelle pour les machines \u00e0 lingettes humides, les machines Flowpack, les machines \u00e0 couvercles et le fabricant d'\u00e9quipements.","robots":{"index":"index","follow":"follow","max-snippet":"max-snippet:-1","max-image-preview":"max-image-preview:large","max-video-preview":"max-video-preview:-1"},"canonical":"https:\/\/www.guvenpack.com\/fr\/","og_locale":"fr_FR","og_type":"article","og_title":"Page d'accueil","og_description":"Guvenpack une solution professionnelle pour les machines \u00e0 lingettes humides, les machines Flowpack, les machines \u00e0 couvercles et le fabricant d'\u00e9quipements.","og_url":"https:\/\/www.guvenpack.com\/fr\/","og_site_name":"Guvenpack HFFS Flow Pack, Wet Wipes Machine","article_publisher":"https:\/\/www.facebook.com\/guvenpackconverting","article_modified_time":"2025-02-15T09:56:13+00:00","og_image":[{"width":764,"height":599,"url":"https:\/\/www.guvenpack.com\/wp-content\/uploads\/2023\/07\/gm_100w.webp","type":"image\/webp"}],"twitter_card":"summary_large_image","twitter_site":"@GuvenPack","twitter_misc":{"Dur\u00e9e de lecture estim\u00e9e":"2 minutes"},"schema":{"@context":"https:\/\/schema.org","@graph":[{"@type":"WebPage","@id":"https:\/\/www.guvenpack.com\/fr\/","url":"https:\/\/www.guvenpack.com\/fr\/","name":"Guvenpack HFFS Flow Pack, Wet Wipes Machine","isPartOf":{"@id":"https:\/\/www.guvenpack.com\/#website"},"primaryImageOfPage":{"@id":"https:\/\/www.guvenpack.com\/fr\/#primaryimage"},"image":{"@id":"https:\/\/www.guvenpack.com\/fr\/#primaryimage"},"thumbnailUrl":"https:\/\/www.guvenpack.com\/wp-content\/uploads\/2023\/07\/gm_100w.webp","datePublished":"2023-09-07T12:56:35+00:00","dateModified":"2025-02-15T09:56:13+00:00","description":"Guvenpack une solution professionnelle pour les machines \u00e0 lingettes humides, les machines Flowpack, les machines \u00e0 couvercles et le fabricant d'\u00e9quipements.","breadcrumb":{"@id":"https:\/\/www.guvenpack.com\/fr\/#breadcrumb"},"inLanguage":"fr-FR","potentialAction":[{"@type":"ReadAction","target":["https:\/\/www.guvenpack.com\/fr\/"]}]},{"@type":"ImageObject","inLanguage":"fr-FR","@id":"https:\/\/www.guvenpack.com\/fr\/#primaryimage","url":"https:\/\/www.guvenpack.com\/wp-content\/uploads\/2023\/07\/gm_100w.webp","contentUrl":"https:\/\/www.guvenpack.com\/wp-content\/uploads\/2023\/07\/gm_100w.webp","width":764,"height":599,"caption":"GM 100W Machine \u00e0 lingettes humides"},{"@type":"BreadcrumbList","@id":"https:\/\/www.guvenpack.com\/fr\/#breadcrumb","itemListElement":[{"@type":"ListItem","position":1,"name":"Home","item":"https:\/\/www.guvenpack.com\/fr\/home\/"},{"@type":"ListItem","position":2,"name":"Page d&#8217;accueil"}]},{"@type":"WebSite","@id":"https:\/\/www.guvenpack.com\/#website","url":"https:\/\/www.guvenpack.com\/","name":"Guvenpack HFFS Flow Pack, Wet Wipes Machine","description":"Manufacturer of HFFS Flow pack Packaging Machine, Wet Wipes Machine","publisher":{"@id":"https:\/\/www.guvenpack.com\/#organization"},"potentialAction":[{"@type":"SearchAction","target":{"@type":"EntryPoint","urlTemplate":"https:\/\/www.guvenpack.com\/?s={search_term_string}"},"query-input":{"@type":"PropertyValueSpecification","valueRequired":true,"valueName":"search_term_string"}}],"inLanguage":"fr-FR"},{"@type":"Organization","@id":"https:\/\/www.guvenpack.com\/#organization","name":"Guvenpack HFFS Flow Pack, Wet Wipes Machine","url":"https:\/\/www.guvenpack.com\/","logo":{"@type":"ImageObject","inLanguage":"fr-FR","@id":"https:\/\/www.guvenpack.com\/#\/schema\/logo\/image\/","url":"https:\/\/www.guvenpack.com\/wp-content\/uploads\/2023\/07\/logo_fav.png","contentUrl":"https:\/\/www.guvenpack.com\/wp-content\/uploads\/2023\/07\/logo_fav.png","width":676,"height":675,"caption":"Guvenpack HFFS Flow Pack, Wet Wipes Machine"},"image":{"@id":"https:\/\/www.guvenpack.com\/#\/schema\/logo\/image\/"},"sameAs":["https:\/\/www.facebook.com\/guvenpackconverting","https:\/\/x.com\/GuvenPack","https:\/\/www.instagram.com\/guvenpack\/","https:\/\/www.linkedin.com\/company\/guvenpack\/","https:\/\/www.youtube.com\/@guvenpack"]}]}},"_links":{"self":[{"href":"https:\/\/www.guvenpack.com\/fr\/wp-json\/wp\/v2\/pages\/1584","targetHints":{"allow":["GET"]}}],"collection":[{"href":"https:\/\/www.guvenpack.com\/fr\/wp-json\/wp\/v2\/pages"}],"about":[{"href":"https:\/\/www.guvenpack.com\/fr\/wp-json\/wp\/v2\/types\/page"}],"author":[{"embeddable":true,"href":"https:\/\/www.guvenpack.com\/fr\/wp-json\/wp\/v2\/users\/1"}],"replies":[{"embeddable":true,"href":"https:\/\/www.guvenpack.com\/fr\/wp-json\/wp\/v2\/comments?post=1584"}],"version-history":[{"count":9,"href":"https:\/\/www.guvenpack.com\/fr\/wp-json\/wp\/v2\/pages\/1584\/revisions"}],"predecessor-version":[{"id":2442,"href":"https:\/\/www.guvenpack.com\/fr\/wp-json\/wp\/v2\/pages\/1584\/revisions\/2442"}],"wp:featuredmedia":[{"embeddable":true,"href":"https:\/\/www.guvenpack.com\/fr\/wp-json\/wp\/v2\/media\/1455"}],"wp:attachment":[{"href":"https:\/\/www.guvenpack.com\/fr\/wp-json\/wp\/v2\/media?parent=1584"}],"curies":[{"name":"wp","href":"https:\/\/api.w.org\/{rel}","templated":true}]}}