{"id":1691,"date":"2023-09-15T06:06:26","date_gmt":"2023-09-15T06:06:26","guid":{"rendered":"https:\/\/www.guvenpack.com\/maquinas\/toallitas-humedas\/gm-100w\/"},"modified":"2023-10-04T14:18:03","modified_gmt":"2023-10-04T14:18:03","slug":"gm-100w","status":"publish","type":"page","link":"https:\/\/www.guvenpack.com\/es\/maquinas\/toallitas-humedas\/gm-100w\/","title":{"rendered":"GM 100W"},"content":{"rendered":"\n\n  <div class=\"banner has-hover\" id=\"banner-1911879378\">\n          <div class=\"banner-inner fill\">\n        <div class=\"banner-bg fill\" >\n                                    <div class=\"overlay\"><\/div>            \n                    <\/div>\n\t\t\n        <div class=\"banner-layers container\">\n            <div class=\"fill banner-link\"><\/div>            \n\n\t<div class=\"img has-hover hide-for-medium x50 md-x50 lg-x50 y0 md-y0 lg-y0\" id=\"image_1885932397\">\n\t\t\t\t\t\t\t\t<div class=\"img-inner dark\" >\n\t\t\t<img loading=\"lazy\" decoding=\"async\" width=\"764\" height=\"599\" src=\"https:\/\/www.guvenpack.com\/wp-content\/uploads\/2023\/07\/gm_100w.webp\" class=\"attachment-large size-large\" alt=\"GM 100W Wet Wipes Machine\" srcset=\"https:\/\/www.guvenpack.com\/wp-content\/uploads\/2023\/07\/gm_100w.webp 764w, https:\/\/www.guvenpack.com\/wp-content\/uploads\/2023\/07\/gm_100w-510x400.webp 510w\" sizes=\"auto, (max-width: 764px) 100vw, 764px\" \/>\t\t\t\t\t\t\n\t\t\t\t\t<\/div>\n\t\t\t\t\t\t\t\t\n<style>\n#image_1885932397 {\n  width: 50%;\n}\n<\/style>\n\t<\/div>\n\t\n\n\t<div class=\"img has-hover show-for-medium x50 md-x50 lg-x50 y0 md-y0 lg-y0\" id=\"image_156031626\">\n\t\t\t\t\t\t\t\t<div class=\"img-inner dark\" >\n\t\t\t<img loading=\"lazy\" decoding=\"async\" width=\"764\" height=\"599\" src=\"https:\/\/www.guvenpack.com\/wp-content\/uploads\/2023\/07\/gm_100w.webp\" class=\"attachment-large size-large\" alt=\"GM 100W Wet Wipes Machine\" srcset=\"https:\/\/www.guvenpack.com\/wp-content\/uploads\/2023\/07\/gm_100w.webp 764w, https:\/\/www.guvenpack.com\/wp-content\/uploads\/2023\/07\/gm_100w-510x400.webp 510w\" sizes=\"auto, (max-width: 764px) 100vw, 764px\" \/>\t\t\t\t\t\t\n\t\t\t\t\t<\/div>\n\t\t\t\t\t\t\t\t\n<style>\n#image_156031626 {\n  width: 100%;\n}\n<\/style>\n\t<\/div>\n\t\n\n   <div id=\"text-box-1655519297\" class=\"text-box banner-layer x0 md-x0 lg-x0 y100 md-y100 lg-y100 res-text\">\n                                <div class=\"text-box-content text dark\">\n              \n              <div class=\"text-inner text-center\">\n                  \n\n\t<div id=\"text-1870988635\" class=\"text\">\n\t\t\n\n<h1 class=\"uppercase\"><span style=\"font-size: 50%;\"><strong>GM 100W<br> M\u00e1quina de Toallitas H\u00famedas 12 Bobinas<\/strong><\/span><\/h1>\n\t\t\n<style>\n#text-1870988635 {\n  line-height: 0.75;\n  text-align: left;\n  color: rgb(0, 0, 0);\n}\n#text-1870988635 > * {\n  color: rgb(0, 0, 0);\n}\n<\/style>\n\t<\/div>\n\t\n\n              <\/div>\n           <\/div>\n                            \n<style>\n#text-box-1655519297 {\n  width: 60%;\n}\n#text-box-1655519297 .text-box-content {\n  font-size: 100%;\n}\n@media (min-width:550px) {\n  #text-box-1655519297 {\n    width: 68%;\n  }\n}\n<\/style>\n    <\/div>\n \n\n        <\/div>\n      <\/div>\n\n            \n<style>\n#banner-1911879378 {\n  padding-top: 400px;\n  background-color: rgb(255, 255, 255);\n}\n#banner-1911879378 .overlay {\n  background-color: rgba(255, 255, 255, 0.2);\n}\n<\/style>\n  <\/div>\n\n\n<div class=\"row\"  id=\"row-1882080141\">\n\n\n\t<div id=\"col-2112472470\" class=\"col hide-for-medium medium-2 small-12 large-2\"  >\n\t\t\t\t<div class=\"col-inner\"  >\n\t\t\t\n\t\t\t\n\n<ul class=\"sidebar-wrapper ul-reset\">Horizontal Packaging Machine Flowpack\t\t\t<div class=\"textwidget\"><\/div>\n\t\t<div class=\"menu-machines-flowpacksp-container\"><ul id=\"menu-machines-flowpacksp\" class=\"menu\"><li id=\"menu-item-1915\" class=\"menu-item menu-item-type-post_type menu-item-object-page menu-item-1915\"><a href=\"https:\/\/www.guvenpack.com\/es\/maquinas\/hffs-flowpack\/gm-mini\/\">GM Mini<\/a><\/li>\n<li id=\"menu-item-1908\" class=\"menu-item menu-item-type-post_type menu-item-object-page menu-item-1908\"><a href=\"https:\/\/www.guvenpack.com\/es\/maquinas\/hffs-flowpack\/gm-10f\/\">GM 10F<\/a><\/li>\n<li id=\"menu-item-1909\" class=\"menu-item menu-item-type-post_type menu-item-object-page menu-item-1909\"><a href=\"https:\/\/www.guvenpack.com\/es\/maquinas\/hffs-flowpack\/gm-30fs\/\">GM 30FS<\/a><\/li>\n<li id=\"menu-item-1911\" class=\"menu-item menu-item-type-post_type menu-item-object-page menu-item-1911\"><a href=\"https:\/\/www.guvenpack.com\/es\/maquinas\/hffs-flowpack\/gm-30fu\/\">GM 30FU<\/a><\/li>\n<li id=\"menu-item-1910\" class=\"menu-item menu-item-type-post_type menu-item-object-page menu-item-1910\"><a href=\"https:\/\/www.guvenpack.com\/es\/maquinas\/hffs-flowpack\/gm-30fsu\/\">GM 30FSU<\/a><\/li>\n<li id=\"menu-item-1912\" class=\"menu-item menu-item-type-post_type menu-item-object-page menu-item-1912\"><a href=\"https:\/\/www.guvenpack.com\/es\/maquinas\/hffs-flowpack\/gm-33fs\/\">GM 33FS<\/a><\/li>\n<li id=\"menu-item-1913\" class=\"menu-item menu-item-type-post_type menu-item-object-page menu-item-1913\"><a href=\"https:\/\/www.guvenpack.com\/es\/maquinas\/hffs-flowpack\/gm-33fsu\/\">GM 33FSU<\/a><\/li>\n<li id=\"menu-item-1914\" class=\"menu-item menu-item-type-post_type menu-item-object-page menu-item-1914\"><a href=\"https:\/\/www.guvenpack.com\/es\/maquinas\/hffs-flowpack\/gm-40fs\/\">GM 40FS<\/a><\/li>\n<li id=\"menu-item-1903\" class=\"menu-item menu-item-type-post_type menu-item-object-page menu-item-1903\"><a href=\"https:\/\/www.guvenpack.com\/es\/maquinas\/hffs-flowpack\/gm-100fs\/\">GM 100FS<\/a><\/li>\n<li id=\"menu-item-1904\" class=\"menu-item menu-item-type-post_type menu-item-object-page menu-item-1904\"><a href=\"https:\/\/www.guvenpack.com\/es\/maquinas\/hffs-flowpack\/gm-100fsu\/\">GM 100FSU<\/a><\/li>\n<li id=\"menu-item-1905\" class=\"menu-item menu-item-type-post_type menu-item-object-page menu-item-1905\"><a href=\"https:\/\/www.guvenpack.com\/es\/maquinas\/hffs-flowpack\/gm-100fsu-pe\/\">GM 100FSU-PE<\/a><\/li>\n<li id=\"menu-item-1906\" class=\"menu-item menu-item-type-post_type menu-item-object-page menu-item-1906\"><a href=\"https:\/\/www.guvenpack.com\/es\/maquinas\/hffs-flowpack\/gm-102fs\/\">GM 102FS<\/a><\/li>\n<li id=\"menu-item-1907\" class=\"menu-item menu-item-type-post_type menu-item-object-page menu-item-1907\"><a href=\"https:\/\/www.guvenpack.com\/es\/maquinas\/hffs-flowpack\/gm-103fs\/\">GM 103FS<\/a><\/li>\n<\/ul><\/div>Wet Wipes Machines\t\t\t<div class=\"textwidget\"><\/div>\n\t\t<div class=\"menu-machine-wetwipessp-container\"><ul id=\"menu-machine-wetwipessp\" class=\"menu\"><li id=\"menu-item-1901\" class=\"menu-item menu-item-type-post_type menu-item-object-page menu-item-1901\"><a href=\"https:\/\/www.guvenpack.com\/es\/maquinas\/toallitas-humedas\/gm-100w\/\">GM 100W<\/a><\/li>\n<li id=\"menu-item-1902\" class=\"menu-item menu-item-type-post_type menu-item-object-page menu-item-1902\"><a href=\"https:\/\/www.guvenpack.com\/es\/maquinas\/toallitas-humedas\/gm-100fw\/\">GM 100FW<\/a><\/li>\n<li id=\"menu-item-1899\" class=\"menu-item menu-item-type-post_type menu-item-object-page menu-item-1899\"><a href=\"https:\/\/www.guvenpack.com\/es\/maquinas\/toallitas-humedas\/gm-101w\/\">GM 101W<\/a><\/li>\n<li id=\"menu-item-1900\" class=\"menu-item menu-item-type-post_type menu-item-object-page menu-item-1900\"><a href=\"https:\/\/www.guvenpack.com\/es\/maquinas\/toallitas-humedas\/gm-101fw\/\">GM 101FW<\/a><\/li>\n<\/ul><\/div>Lids Machine\t\t\t<div class=\"textwidget\"><\/div>\n\t\t<div class=\"menu-machine-lidsmachinesp-container\"><ul id=\"menu-machine-lidsmachinesp\" class=\"menu\"><li id=\"menu-item-1898\" class=\"menu-item menu-item-type-post_type menu-item-object-page menu-item-1898\"><a href=\"https:\/\/www.guvenpack.com\/es\/maquinas\/maquina-de-tapas\/gm-02\/\">GM 02<\/a><\/li>\n<\/ul><\/div><\/ul>\n\n\n\t\t<\/div>\n\t\t\t\t\t<\/div>\n\n\t\n\n\t<div id=\"col-441407441\" class=\"col medium-10 small-12 large-10\"  >\n\t\t\t\t<div class=\"col-inner\"  >\n\t\t\t\n\t\t\t\n\n\t<div id=\"text-2296666782\" class=\"text\">\n\t\t\n\n<h2><span style=\"font-size: 75%;\">Presentamos la M\u00e1quina de Toallitas H\u00famedas GM 100W 12 Bobinas.<\/span><\/h2>\n<p>L\u00ednea de Producci\u00f3n de Toallitas H\u00famedas <strong>GM 100W<\/strong> dise\u00f1ada para usar 12 bobinas cortadas o 2 bobinas jumbo con unidad de corte al mismo tiempo. Se pueden producir wet wipes, wet wipes para limpieza de autom\u00f3viles, wet wipes para beb\u00e9s, wet wipes para cuidado personal, wet wipes industriales, etc.<\/p>\n<p><strong>GM 100W<\/strong> l\u00ednea de producci\u00f3n de toallitas h\u00famedas completamente autom\u00e1tica, sin necesidad de contacto manual. Compacta, de alta tecnolog\u00eda, dise\u00f1o tecnol\u00f3gico que ocupa poco espacio y tiene una alta tasa de producci\u00f3n.<\/p>\n<ul>\n<li>Producci\u00f3n completamente autom\u00e1tica, sin contacto manual<\/li>\n<li>Alta tecnolog\u00eda, dise\u00f1o compacto<\/li>\n<li>Opci\u00f3n de uso de bobinas de diferentes tama\u00f1os y diferentes tipos de tejido<\/li>\n<li>Diferentes tipos de plegado (Z, C, W, V).<\/li>\n<li>Sistema de Alarma de Diagn\u00f3stico, panel de control t\u00e1ctil de f\u00e1cil uso por parte del usuario<\/li>\n<li>Funci\u00f3n de Acceso Remoto para comunicarse con Guvenpack y obtener ayuda remota y actualizaci\u00f3n de software<\/li>\n<\/ul>\n<p> <\/p>\n<p><strong>Construcci\u00f3n<\/strong><\/p>\n<ul>\n<li>L&#8217;ensemble du corps est en acier inoxydable 304L Cr-Ni.<\/li>\n<li>Les zones en contact avec les produits sont en acier inoxydable.<\/li>\n<li>Des roues robustes pour remplacer facilement la machine.<\/li>\n<li>Pieds r\u00e9glables r\u00e9sistants pour installer la machine de mani\u00e8re permanente.<\/li>\n<\/ul>\n<p> <\/p>\n<p><strong>Caract\u00e9ristiques Techniques<\/strong><\/p>\n<ul>\n<li>Panel de Control de Usuario M\u00f3vil<\/li>\n<li>Cintas de productos antibacterianos<\/li>\n<li>Puertas de seguridad con sistema de interbloqueo,<\/li>\n<li>Sistema de Alarma de Diagn\u00f3stico con Barra de Luces<\/li>\n<li>60 paquetes\/minuto,<\/li>\n<li>5000 toallitas por minuto,<\/li>\n<li>Ancho de los wet wipes; 60mm \u2013 120mm (plegado), 120mm \u2013 240mm (desplegado).<\/li>\n<li>Largo de los wet wipes; 60mm \u2013 220mm (se puede aumentar a pedido).<\/li>\n<li>12 bobinas rebanadas<\/li>\n<li>Sistema de Corte de Bobina Jumbo (OPCIONAL)<\/li>\n<li>Controlado por Motor Servo<\/li>\n<li>Controlado por Movimiento<\/li>\n<li>Pantalla t\u00e1ctil de 7 pulgadas con panel de usuario a todo color de 16,7 millones de colores<\/li>\n<li>F\u00e1cil de cambiar el largo de los wet wipes.<\/li>\n<li>F\u00e1cil de cambiar la humedad de los wet wipes.<\/li>\n<li>F\u00e1cil de cambiar el n\u00famero de piezas por paquete.<\/li>\n<li>Tejido no tejido de 10 a 120 g\/m\u00b2<\/li>\n<li>380 VAC \/ 50Hz 3 Phase + N, 3 KW<\/li>\n<li>Tension de contr\u00f4le de s\u00e9curit\u00e9 de 24 VCC<\/li>\n<li>Sistema de Comunicaci\u00f3n por Acceso Remoto a trav\u00e9s de Internet<\/li>\n<\/ul>\n<p> <\/p>\n<p><strong>Productos<\/strong><\/p>\n<ul>\n<li>Wet Wipes, Wet Tissue<\/li>\n<\/ul>\n\t\t\n<style>\n#text-2296666782 {\n  line-height: 1;\n}\n<\/style>\n\t<\/div>\n\t\n<div class=\"container section-title-container\" style=\"margin-top:50px;\"><h3 class=\"section-title section-title-normal\"><b><\/b><span class=\"section-title-main\" >Video<\/span><b><\/b><\/h3><\/div>\n\n<div class=\"row\"  id=\"row-1469226697\">\n\n\n\t<div id=\"col-332242985\" class=\"col medium-6 small-12 large-6\"  >\n\t\t\t\t<div class=\"col-inner\"  >\n\t\t\t\n\t\t\t\n\n\t<div class=\"img has-hover x md-x lg-x y md-y lg-y\" id=\"image_484419913\">\n\t\t<a class=\"open-video\" href=\"https:\/\/www.youtube.com\/watch?v=D4PYnAxDmyM\" >\t\t\t\t\t\t<div class=\"img-inner dark\" >\n\t\t\t<img loading=\"lazy\" decoding=\"async\" width=\"896\" height=\"504\" src=\"https:\/\/www.guvenpack.com\/wp-content\/uploads\/2023\/07\/wet_wipes_machine_1.webp\" class=\"attachment-large size-large\" alt=\"Wet Wipes Machine\" srcset=\"https:\/\/www.guvenpack.com\/wp-content\/uploads\/2023\/07\/wet_wipes_machine_1.webp 896w, https:\/\/www.guvenpack.com\/wp-content\/uploads\/2023\/07\/wet_wipes_machine_1-711x400.webp 711w, https:\/\/www.guvenpack.com\/wp-content\/uploads\/2023\/07\/wet_wipes_machine_1-768x432.webp 768w\" sizes=\"auto, (max-width: 896px) 100vw, 896px\" \/>\t\t\t\t\t\t\t<div class=\"overlay\" style=\"background-color: rgba(0,0,0,.2)\"><\/div>\n\t\t\t\t\t\t\t\t\t\t<div class=\"absolute no-click x50 y50 md-x50 md-y50 lg-x50 lg-y50 text-shadow-2\">\n\t\t\t\t\t<div class=\"overlay-icon\">\n\t\t\t\t\t\t<i class=\"icon-play\"><\/i>\n\t\t\t\t\t<\/div>\n\t\t\t\t<\/div>\n\t\t\t\n\t\t\t\t\t<\/div>\n\t\t\t\t\t\t<\/a>\t\t\n<style>\n#image_484419913 {\n  width: 100%;\n}\n<\/style>\n\t<\/div>\n\t\n\n\n\t\t<\/div>\n\t\t\t\t\t<\/div>\n\n\t\n\n\t<div id=\"col-395179624\" class=\"col medium-6 small-12 large-6\"  >\n\t\t\t\t<div class=\"col-inner\"  >\n\t\t\t\n\t\t\t\n\n\n\t\t<\/div>\n\t\t\t\t\t<\/div>\n\n\t\n\n<\/div>\n\n\t\t<\/div>\n\t\t\t\t\t<\/div>\n\n\t\n\n<\/div>\n\n\n\n<p>Soluciones relacionadas con este modelo: <a href=\"https:\/\/www.guvenpack.com\/solutions\/wet-wipes-machine\/\">M\u00e1quina de Toallitas H\u00famedas<\/a><\/p>\n","protected":false},"excerpt":{"rendered":"<p>Soluciones relacionadas con este modelo: M\u00e1quina de Toallitas H\u00famedas<\/p>\n","protected":false},"author":1,"featured_media":1522,"parent":1626,"menu_order":0,"comment_status":"closed","ping_status":"closed","template":"page-blank.php","meta":{"footnotes":""},"class_list":["post-1691","page","type-page","status-publish","has-post-thumbnail","hentry"],"yoast_head":"<!-- This site is optimized with the Yoast SEO Premium plugin v26.1 (Yoast SEO v26.1) - https:\/\/yoast.com\/wordpress\/plugins\/seo\/ -->\n<title>GM 100W M\u00e1quina de Wet Wipes - Guvenpack HFFS Flow Pack, Wet Wipes Machine<\/title>\n<meta name=\"description\" content=\"M\u00e1quina de Toallitas H\u00famedas GM 100W, L\u00ednea de Producci\u00f3n de Toallitas H\u00famedas GM 100W. M\u00e1quina de fabricaci\u00f3n de wet wipes completamente autom\u00e1tica.\" \/>\n<meta name=\"robots\" content=\"index, follow, max-snippet:-1, max-image-preview:large, max-video-preview:-1\" \/>\n<link rel=\"canonical\" href=\"https:\/\/www.guvenpack.com\/es\/maquinas\/toallitas-humedas\/gm-100w\/\" \/>\n<meta property=\"og:locale\" content=\"es_ES\" \/>\n<meta property=\"og:type\" content=\"article\" \/>\n<meta property=\"og:title\" content=\"GM 100W\" \/>\n<meta property=\"og:description\" content=\"M\u00e1quina de Toallitas H\u00famedas GM 100W, L\u00ednea de Producci\u00f3n de Toallitas H\u00famedas GM 100W. M\u00e1quina de fabricaci\u00f3n de wet wipes completamente autom\u00e1tica.\" \/>\n<meta property=\"og:url\" content=\"https:\/\/www.guvenpack.com\/es\/maquinas\/toallitas-humedas\/gm-100w\/\" \/>\n<meta property=\"og:site_name\" content=\"Guvenpack HFFS Flow Pack, Wet Wipes Machine\" \/>\n<meta property=\"article:publisher\" content=\"https:\/\/www.facebook.com\/guvenpackconverting\" \/>\n<meta property=\"article:modified_time\" content=\"2023-10-04T14:18:03+00:00\" \/>\n<meta property=\"og:image\" content=\"https:\/\/www.guvenpack.com\/wp-content\/uploads\/2023\/07\/gm_100w.webp\" \/>\n\t<meta property=\"og:image:width\" content=\"764\" \/>\n\t<meta property=\"og:image:height\" content=\"599\" \/>\n\t<meta property=\"og:image:type\" content=\"image\/webp\" \/>\n<meta name=\"twitter:card\" content=\"summary_large_image\" \/>\n<meta name=\"twitter:site\" content=\"@GuvenPack\" \/>\n<meta name=\"twitter:label1\" content=\"Tiempo de lectura\" \/>\n\t<meta name=\"twitter:data1\" content=\"3 minutos\" \/>\n<script type=\"application\/ld+json\" class=\"yoast-schema-graph\">{\"@context\":\"https:\/\/schema.org\",\"@graph\":[{\"@type\":\"WebPage\",\"@id\":\"https:\/\/www.guvenpack.com\/es\/maquinas\/toallitas-humedas\/gm-100w\/\",\"url\":\"https:\/\/www.guvenpack.com\/es\/maquinas\/toallitas-humedas\/gm-100w\/\",\"name\":\"GM 100W M\u00e1quina de Wet Wipes - Guvenpack HFFS Flow Pack, Wet Wipes Machine\",\"isPartOf\":{\"@id\":\"https:\/\/www.guvenpack.com\/#website\"},\"primaryImageOfPage\":{\"@id\":\"https:\/\/www.guvenpack.com\/es\/maquinas\/toallitas-humedas\/gm-100w\/#primaryimage\"},\"image\":{\"@id\":\"https:\/\/www.guvenpack.com\/es\/maquinas\/toallitas-humedas\/gm-100w\/#primaryimage\"},\"thumbnailUrl\":\"https:\/\/www.guvenpack.com\/wp-content\/uploads\/2023\/07\/gm_100w.webp\",\"datePublished\":\"2023-09-15T06:06:26+00:00\",\"dateModified\":\"2023-10-04T14:18:03+00:00\",\"description\":\"M\u00e1quina de Toallitas H\u00famedas GM 100W, L\u00ednea de Producci\u00f3n de Toallitas H\u00famedas GM 100W. M\u00e1quina de fabricaci\u00f3n de wet wipes completamente autom\u00e1tica.\",\"breadcrumb\":{\"@id\":\"https:\/\/www.guvenpack.com\/es\/maquinas\/toallitas-humedas\/gm-100w\/#breadcrumb\"},\"inLanguage\":\"es\",\"potentialAction\":[{\"@type\":\"ReadAction\",\"target\":[\"https:\/\/www.guvenpack.com\/es\/maquinas\/toallitas-humedas\/gm-100w\/\"]}]},{\"@type\":\"ImageObject\",\"inLanguage\":\"es\",\"@id\":\"https:\/\/www.guvenpack.com\/es\/maquinas\/toallitas-humedas\/gm-100w\/#primaryimage\",\"url\":\"https:\/\/www.guvenpack.com\/wp-content\/uploads\/2023\/07\/gm_100w.webp\",\"contentUrl\":\"https:\/\/www.guvenpack.com\/wp-content\/uploads\/2023\/07\/gm_100w.webp\",\"width\":764,\"height\":599,\"caption\":\"GM 100W M\u00e1quina de toallitas h\u00famedas\"},{\"@type\":\"BreadcrumbList\",\"@id\":\"https:\/\/www.guvenpack.com\/es\/maquinas\/toallitas-humedas\/gm-100w\/#breadcrumb\",\"itemListElement\":[{\"@type\":\"ListItem\",\"position\":1,\"name\":\"Home\",\"item\":\"https:\/\/www.guvenpack.com\/es\/portada\/\"},{\"@type\":\"ListItem\",\"position\":2,\"name\":\"M\u00e1quinas\",\"item\":\"https:\/\/www.guvenpack.com\/es\/maquinas\/\"},{\"@type\":\"ListItem\",\"position\":3,\"name\":\"m\u00e1quina de Toallitas H\u00famedas\",\"item\":\"https:\/\/www.guvenpack.com\/es\/maquinas\/toallitas-humedas\/\"},{\"@type\":\"ListItem\",\"position\":4,\"name\":\"GM 100W\"}]},{\"@type\":\"WebSite\",\"@id\":\"https:\/\/www.guvenpack.com\/#website\",\"url\":\"https:\/\/www.guvenpack.com\/\",\"name\":\"Guvenpack HFFS Flow Pack, Wet Wipes Machine\",\"description\":\"Manufacturer of HFFS Flow pack Packaging Machine, Wet Wipes Machine\",\"publisher\":{\"@id\":\"https:\/\/www.guvenpack.com\/#organization\"},\"potentialAction\":[{\"@type\":\"SearchAction\",\"target\":{\"@type\":\"EntryPoint\",\"urlTemplate\":\"https:\/\/www.guvenpack.com\/?s={search_term_string}\"},\"query-input\":{\"@type\":\"PropertyValueSpecification\",\"valueRequired\":true,\"valueName\":\"search_term_string\"}}],\"inLanguage\":\"es\"},{\"@type\":\"Organization\",\"@id\":\"https:\/\/www.guvenpack.com\/#organization\",\"name\":\"Guvenpack HFFS Flow Pack, Wet Wipes Machine\",\"url\":\"https:\/\/www.guvenpack.com\/\",\"logo\":{\"@type\":\"ImageObject\",\"inLanguage\":\"es\",\"@id\":\"https:\/\/www.guvenpack.com\/#\/schema\/logo\/image\/\",\"url\":\"https:\/\/www.guvenpack.com\/wp-content\/uploads\/2023\/07\/logo_fav.png\",\"contentUrl\":\"https:\/\/www.guvenpack.com\/wp-content\/uploads\/2023\/07\/logo_fav.png\",\"width\":676,\"height\":675,\"caption\":\"Guvenpack HFFS Flow Pack, Wet Wipes Machine\"},\"image\":{\"@id\":\"https:\/\/www.guvenpack.com\/#\/schema\/logo\/image\/\"},\"sameAs\":[\"https:\/\/www.facebook.com\/guvenpackconverting\",\"https:\/\/x.com\/GuvenPack\",\"https:\/\/www.instagram.com\/guvenpack\/\",\"https:\/\/www.linkedin.com\/company\/guvenpack\/\",\"https:\/\/www.youtube.com\/@guvenpack\"]}]}<\/script>\n<!-- \/ Yoast SEO Premium plugin. -->","yoast_head_json":{"title":"GM 100W M\u00e1quina de Wet Wipes - Guvenpack HFFS Flow Pack, Wet Wipes Machine","description":"M\u00e1quina de Toallitas H\u00famedas GM 100W, L\u00ednea de Producci\u00f3n de Toallitas H\u00famedas GM 100W. M\u00e1quina de fabricaci\u00f3n de wet wipes completamente autom\u00e1tica.","robots":{"index":"index","follow":"follow","max-snippet":"max-snippet:-1","max-image-preview":"max-image-preview:large","max-video-preview":"max-video-preview:-1"},"canonical":"https:\/\/www.guvenpack.com\/es\/maquinas\/toallitas-humedas\/gm-100w\/","og_locale":"es_ES","og_type":"article","og_title":"GM 100W","og_description":"M\u00e1quina de Toallitas H\u00famedas GM 100W, L\u00ednea de Producci\u00f3n de Toallitas H\u00famedas GM 100W. M\u00e1quina de fabricaci\u00f3n de wet wipes completamente autom\u00e1tica.","og_url":"https:\/\/www.guvenpack.com\/es\/maquinas\/toallitas-humedas\/gm-100w\/","og_site_name":"Guvenpack HFFS Flow Pack, Wet Wipes Machine","article_publisher":"https:\/\/www.facebook.com\/guvenpackconverting","article_modified_time":"2023-10-04T14:18:03+00:00","og_image":[{"width":764,"height":599,"url":"https:\/\/www.guvenpack.com\/wp-content\/uploads\/2023\/07\/gm_100w.webp","type":"image\/webp"}],"twitter_card":"summary_large_image","twitter_site":"@GuvenPack","twitter_misc":{"Tiempo de lectura":"3 minutos"},"schema":{"@context":"https:\/\/schema.org","@graph":[{"@type":"WebPage","@id":"https:\/\/www.guvenpack.com\/es\/maquinas\/toallitas-humedas\/gm-100w\/","url":"https:\/\/www.guvenpack.com\/es\/maquinas\/toallitas-humedas\/gm-100w\/","name":"GM 100W M\u00e1quina de Wet Wipes - Guvenpack HFFS Flow Pack, Wet Wipes Machine","isPartOf":{"@id":"https:\/\/www.guvenpack.com\/#website"},"primaryImageOfPage":{"@id":"https:\/\/www.guvenpack.com\/es\/maquinas\/toallitas-humedas\/gm-100w\/#primaryimage"},"image":{"@id":"https:\/\/www.guvenpack.com\/es\/maquinas\/toallitas-humedas\/gm-100w\/#primaryimage"},"thumbnailUrl":"https:\/\/www.guvenpack.com\/wp-content\/uploads\/2023\/07\/gm_100w.webp","datePublished":"2023-09-15T06:06:26+00:00","dateModified":"2023-10-04T14:18:03+00:00","description":"M\u00e1quina de Toallitas H\u00famedas GM 100W, L\u00ednea de Producci\u00f3n de Toallitas H\u00famedas GM 100W. M\u00e1quina de fabricaci\u00f3n de wet wipes completamente autom\u00e1tica.","breadcrumb":{"@id":"https:\/\/www.guvenpack.com\/es\/maquinas\/toallitas-humedas\/gm-100w\/#breadcrumb"},"inLanguage":"es","potentialAction":[{"@type":"ReadAction","target":["https:\/\/www.guvenpack.com\/es\/maquinas\/toallitas-humedas\/gm-100w\/"]}]},{"@type":"ImageObject","inLanguage":"es","@id":"https:\/\/www.guvenpack.com\/es\/maquinas\/toallitas-humedas\/gm-100w\/#primaryimage","url":"https:\/\/www.guvenpack.com\/wp-content\/uploads\/2023\/07\/gm_100w.webp","contentUrl":"https:\/\/www.guvenpack.com\/wp-content\/uploads\/2023\/07\/gm_100w.webp","width":764,"height":599,"caption":"GM 100W M\u00e1quina de toallitas h\u00famedas"},{"@type":"BreadcrumbList","@id":"https:\/\/www.guvenpack.com\/es\/maquinas\/toallitas-humedas\/gm-100w\/#breadcrumb","itemListElement":[{"@type":"ListItem","position":1,"name":"Home","item":"https:\/\/www.guvenpack.com\/es\/portada\/"},{"@type":"ListItem","position":2,"name":"M\u00e1quinas","item":"https:\/\/www.guvenpack.com\/es\/maquinas\/"},{"@type":"ListItem","position":3,"name":"m\u00e1quina de Toallitas H\u00famedas","item":"https:\/\/www.guvenpack.com\/es\/maquinas\/toallitas-humedas\/"},{"@type":"ListItem","position":4,"name":"GM 100W"}]},{"@type":"WebSite","@id":"https:\/\/www.guvenpack.com\/#website","url":"https:\/\/www.guvenpack.com\/","name":"Guvenpack HFFS Flow Pack, Wet Wipes Machine","description":"Manufacturer of HFFS Flow pack Packaging Machine, Wet Wipes Machine","publisher":{"@id":"https:\/\/www.guvenpack.com\/#organization"},"potentialAction":[{"@type":"SearchAction","target":{"@type":"EntryPoint","urlTemplate":"https:\/\/www.guvenpack.com\/?s={search_term_string}"},"query-input":{"@type":"PropertyValueSpecification","valueRequired":true,"valueName":"search_term_string"}}],"inLanguage":"es"},{"@type":"Organization","@id":"https:\/\/www.guvenpack.com\/#organization","name":"Guvenpack HFFS Flow Pack, Wet Wipes Machine","url":"https:\/\/www.guvenpack.com\/","logo":{"@type":"ImageObject","inLanguage":"es","@id":"https:\/\/www.guvenpack.com\/#\/schema\/logo\/image\/","url":"https:\/\/www.guvenpack.com\/wp-content\/uploads\/2023\/07\/logo_fav.png","contentUrl":"https:\/\/www.guvenpack.com\/wp-content\/uploads\/2023\/07\/logo_fav.png","width":676,"height":675,"caption":"Guvenpack HFFS Flow Pack, Wet Wipes Machine"},"image":{"@id":"https:\/\/www.guvenpack.com\/#\/schema\/logo\/image\/"},"sameAs":["https:\/\/www.facebook.com\/guvenpackconverting","https:\/\/x.com\/GuvenPack","https:\/\/www.instagram.com\/guvenpack\/","https:\/\/www.linkedin.com\/company\/guvenpack\/","https:\/\/www.youtube.com\/@guvenpack"]}]}},"_links":{"self":[{"href":"https:\/\/www.guvenpack.com\/es\/wp-json\/wp\/v2\/pages\/1691","targetHints":{"allow":["GET"]}}],"collection":[{"href":"https:\/\/www.guvenpack.com\/es\/wp-json\/wp\/v2\/pages"}],"about":[{"href":"https:\/\/www.guvenpack.com\/es\/wp-json\/wp\/v2\/types\/page"}],"author":[{"embeddable":true,"href":"https:\/\/www.guvenpack.com\/es\/wp-json\/wp\/v2\/users\/1"}],"replies":[{"embeddable":true,"href":"https:\/\/www.guvenpack.com\/es\/wp-json\/wp\/v2\/comments?post=1691"}],"version-history":[{"count":3,"href":"https:\/\/www.guvenpack.com\/es\/wp-json\/wp\/v2\/pages\/1691\/revisions"}],"predecessor-version":[{"id":2207,"href":"https:\/\/www.guvenpack.com\/es\/wp-json\/wp\/v2\/pages\/1691\/revisions\/2207"}],"up":[{"embeddable":true,"href":"https:\/\/www.guvenpack.com\/es\/wp-json\/wp\/v2\/pages\/1626"}],"wp:featuredmedia":[{"embeddable":true,"href":"https:\/\/www.guvenpack.com\/es\/wp-json\/wp\/v2\/media\/1522"}],"wp:attachment":[{"href":"https:\/\/www.guvenpack.com\/es\/wp-json\/wp\/v2\/media?parent=1691"}],"curies":[{"name":"wp","href":"https:\/\/api.w.org\/{rel}","templated":true}]}}