{"id":1690,"date":"2023-09-15T06:02:05","date_gmt":"2023-09-15T06:02:05","guid":{"rendered":"https:\/\/www.guvenpack.com\/maquinas\/hffs-flowpack\/gm-mini\/"},"modified":"2025-10-15T09:02:27","modified_gmt":"2025-10-15T09:02:27","slug":"gm-mini","status":"publish","type":"page","link":"https:\/\/www.guvenpack.com\/es\/maquinas\/hffs-flowpack\/gm-mini\/","title":{"rendered":"GM Mini"},"content":{"rendered":"\n\n  <div class=\"banner has-hover is-full-height hide-for-medium\" id=\"banner-251661325\">\n          <div class=\"banner-inner fill\">\n        <div class=\"banner-bg fill\" >\n            <img loading=\"lazy\" decoding=\"async\" width=\"1920\" height=\"1080\" src=\"https:\/\/www.guvenpack.com\/wp-content\/uploads\/2025\/10\/background_dekstop.webp\" class=\"bg attachment-original size-original\" alt=\"background_dekstop\" \/>                        <div class=\"overlay\"><\/div>            \n\t<div class=\"is-border\"\n\t\tstyle=\"border-width:0px 0px 0px 0px;margin:0px 0px 0px 0px;\">\n\t<\/div>\n                    <\/div>\n\t\t\n        <div class=\"banner-layers container\">\n            <div class=\"fill banner-link\"><\/div>            \n\n\t<div class=\"img has-hover x50 md-x50 lg-x50 y10 md-y10 lg-y10\" id=\"image_1647474839\">\n\t\t\t\t\t\t\t\t<div class=\"img-inner dark\" style=\"margin:10px 0px 0px 0px;\">\n\t\t\t<img loading=\"lazy\" decoding=\"async\" width=\"411\" height=\"599\" src=\"https:\/\/www.guvenpack.com\/wp-content\/uploads\/2023\/07\/gm_mini.webp\" class=\"attachment-original size-original\" alt=\"GM Mini Multifunctional Packaging Machine Flowpack\" srcset=\"https:\/\/www.guvenpack.com\/wp-content\/uploads\/2023\/07\/gm_mini.webp 411w, https:\/\/www.guvenpack.com\/wp-content\/uploads\/2023\/07\/gm_mini-274x400.webp 274w\" sizes=\"auto, (max-width: 411px) 100vw, 411px\" \/>\t\t\t\t\t\t\n\t\t\t\t\t<\/div>\n\t\t\t\t\t\t\t\t\n<style>\n#image_1647474839 {\n  width: 30%;\n}\n<\/style>\n\t<\/div>\n\t\n\n   <div id=\"text-box-1355395140\" class=\"text-box banner-layer x0 md-x0 lg-x0 y85 md-y85 lg-y85 res-text\">\n                                <div class=\"text-box-content text dark\">\n              \n              <div class=\"text-inner text-center\">\n                  \n\n\t<div id=\"text-1422123983\" class=\"text\">\n\t\t\n\n<h1><span style=\"font-size: 75%;\"><strong>GM Mini<br>M\u00e1quina Flowpack Multifuncional<\/strong><\/span><\/h1>\n\t\t\n<style>\n#text-1422123983 {\n  font-size: 0.75rem;\n  text-align: left;\n  color: rgb(0, 0, 0);\n}\n#text-1422123983 > * {\n  color: rgb(0, 0, 0);\n}\n<\/style>\n\t<\/div>\n\t\n\n              <\/div>\n           <\/div>\n                            \n<style>\n#text-box-1355395140 {\n  width: 60%;\n}\n#text-box-1355395140 .text-box-content {\n  font-size: 100%;\n}\n@media (min-width:550px) {\n  #text-box-1355395140 {\n    width: 68%;\n  }\n}\n<\/style>\n    <\/div>\n \n\n        <\/div>\n      <\/div>\n\n            \n<style>\n#banner-251661325 {\n  padding-top: 100%;\n  background-color: rgb(255, 255, 255);\n}\n#banner-251661325 .overlay {\n  background-color: rgba(255, 255, 255, 0.2);\n}\n<\/style>\n  <\/div>\n\n\n\n  <div class=\"banner has-hover is-full-height show-for-medium\" id=\"banner-1614485220\">\n          <div class=\"banner-inner fill\">\n        <div class=\"banner-bg fill\" >\n            <img loading=\"lazy\" decoding=\"async\" width=\"1080\" height=\"1920\" src=\"https:\/\/www.guvenpack.com\/wp-content\/uploads\/2025\/10\/background_mobile.webp\" class=\"bg attachment-original size-original\" alt=\"background_mobile\" \/>                        <div class=\"overlay\"><\/div>            \n\t<div class=\"is-border\"\n\t\tstyle=\"border-width:0px 0px 0px 0px;margin:0px 0px 0px 0px;\">\n\t<\/div>\n                    <\/div>\n\t\t\n        <div class=\"banner-layers container\">\n            <div class=\"fill banner-link\"><\/div>            \n\n\t<div class=\"img has-hover x50 md-x50 lg-x50 y10 md-y10 lg-y10\" id=\"image_708158166\">\n\t\t\t\t\t\t\t\t<div class=\"img-inner dark\" style=\"margin:10px 0px 0px 0px;\">\n\t\t\t<img loading=\"lazy\" decoding=\"async\" width=\"411\" height=\"599\" src=\"https:\/\/www.guvenpack.com\/wp-content\/uploads\/2023\/07\/gm_mini.webp\" class=\"attachment-original size-original\" alt=\"GM Mini Multifunctional Packaging Machine Flowpack\" srcset=\"https:\/\/www.guvenpack.com\/wp-content\/uploads\/2023\/07\/gm_mini.webp 411w, https:\/\/www.guvenpack.com\/wp-content\/uploads\/2023\/07\/gm_mini-274x400.webp 274w\" sizes=\"auto, (max-width: 411px) 100vw, 411px\" \/>\t\t\t\t\t\t\n\t\t\t\t\t<\/div>\n\t\t\t\t\t\t\t\t\n<style>\n#image_708158166 {\n  width: 62%;\n}\n@media (min-width:550px) {\n  #image_708158166 {\n    width: 30%;\n  }\n}\n<\/style>\n\t<\/div>\n\t\n\n   <div id=\"text-box-1829756705\" class=\"text-box banner-layer x0 md-x0 lg-x0 y85 md-y85 lg-y85 res-text\">\n                                <div class=\"text-box-content text dark\">\n              \n              <div class=\"text-inner text-center\">\n                  \n\n\t<div id=\"text-1630383396\" class=\"text\">\n\t\t\n\n<h1><span style=\"font-size: 75%;\"><strong>GM Mini<br>M\u00e1quina Flowpack Multifuncional<\/strong><\/span><\/h1>\n\t\t\n<style>\n#text-1630383396 {\n  font-size: 0.75rem;\n  text-align: left;\n  color: rgb(0, 0, 0);\n}\n#text-1630383396 > * {\n  color: rgb(0, 0, 0);\n}\n<\/style>\n\t<\/div>\n\t\n\n              <\/div>\n           <\/div>\n                            \n<style>\n#text-box-1829756705 {\n  width: 100%;\n}\n#text-box-1829756705 .text-box-content {\n  font-size: 100%;\n}\n@media (min-width:550px) {\n  #text-box-1829756705 {\n    width: 68%;\n  }\n}\n<\/style>\n    <\/div>\n \n\n        <\/div>\n      <\/div>\n\n            \n<style>\n#banner-1614485220 {\n  padding-top: 100%;\n  background-color: rgb(255, 255, 255);\n}\n#banner-1614485220 .overlay {\n  background-color: rgba(255, 255, 255, 0.2);\n}\n<\/style>\n  <\/div>\n\n\n<div class=\"row\"  id=\"row-609102321\">\n\n\n\n\t<div id=\"col-115305960\" class=\"col small-12 large-12\"  >\n\t\t\t\t<div class=\"col-inner\"  >\n\t\t\t\n\t\t\t\n\n\t<div id=\"text-3267625427\" class=\"text\">\n\t\t\n\n<h2><span style=\"font-size: 75%;\">Presentamos la M\u00e1quina Flowpack Multifuncional GM Mini.<\/span><\/h2>\n<p><strong>GM Mini<\/strong> es una M\u00e1quina de Empaque Flowpack HFFS Multifuncional. Aunque tiene una capacidad de producci\u00f3n baja, tiene la capacidad de empaque de productos multifuncionales. En lugar de las m\u00e1quinas de empaque Flowpack HFFS regulares, GM Mini puede empacar tornillos, pan rebanado, etc., como productos de varias piezas.<\/p>\n<p><strong>GM Mini<\/strong> funciona con tecnolog\u00eda de Detecci\u00f3n Inteligente para empacar productos autom\u00e1ticamente sin necesidad de dimensiones o comandos de inicio. El sensor detecta el producto y la m\u00e1quina comienza a empacar autom\u00e1ticamente. Dise\u00f1o compacto y de nueva tecnolog\u00eda que ofrece ventajas al usuario al requerir menos espacio para la m\u00e1quina.<\/p>\n<ul>\n<li>Dise\u00f1o compacto y tecnol\u00f3gico<\/li>\n<li>Capaz de utilizar diferentes variedades de productos y materia prima<\/li>\n<li>Capaz de empacar cualquier tipo de producto y forma.<\/li>\n<li>Sistema de Alarma de Diagn\u00f3stico, panel de control t\u00e1ctil de f\u00e1cil uso por parte del usuario<\/li>\n<\/ul>\n<p> <\/p>\n<p><strong>Construcci\u00f3n<\/strong><\/p>\n<ul>\n<li>Cuerpo pintado electrost\u00e1ticamente. Las \u00e1reas que entran en contacto con los productos antes del empaque son de acero inoxidable Cr-Ni.<\/li>\n<li>Les zones en contact avec les produits sont en acier inoxydable.<\/li>\n<li>Des roues robustes pour remplacer facilement la machine.<\/li>\n<li>Pieds r\u00e9glables r\u00e9sistants pour installer la machine de mani\u00e8re permanente.<\/li>\n<\/ul>\n<p> <\/p>\n<p> <\/p>\n<p><strong>Caract\u00e9ristiques Techniques<\/strong><\/p>\n<ul>\n<li>30 paquetes\/minuto<\/li>\n<li>Puertas de seguridad con sistema de interbloqueo<\/li>\n<li>Panel de control t\u00e1ctil a color de 4.3\u2033 con 16.7M colores.<\/li>\n<li>F\u00e1cil de cambiar el tama\u00f1o de la materia prima<\/li>\n<li>220 VAC \/ 50Hz 1 Phase + N, 2 KW<\/li>\n<li>Tension de contr\u00f4le de s\u00e9curit\u00e9 de 24 VCC<\/li>\n<\/ul>\n<p> <\/p>\n<p><strong>Opcional<\/strong><\/p>\n<ul>\n<li>Impresora de Fecha<\/li>\n<li>Sistema de Etiquetado<\/li>\n<li>Cuerpo completo de Cr-Ni<\/li>\n<li>Sistema de Envasado con Inyecci\u00f3n de Gas (MAP)<\/li>\n<\/ul>\n<p> <\/p>\n<p><strong>Producto a Empaquetar<\/strong><\/p>\n<ul>\n<li>Empaque de pan, empaque de pan de molde, empaque de pan franc\u00e9s, empaque de palitos de pan, empaque de pan rebanado.<\/li>\n<\/ul>\n\t\t\n<style>\n#text-3267625427 {\n  line-height: 1;\n}\n<\/style>\n\t<\/div>\n\t\n\n\t\t<\/div>\n\t\t\t\t\t<\/div>\n\n\t\n\n\t<div id=\"col-295942249\" class=\"col medium-4 small-12 large-4\"  >\n\t\t\t\t<div class=\"col-inner\"  >\n\t\t\t\n\t\t\t\n\n\n\t\t<\/div>\n\t\t\t\t\t<\/div>\n\n\t\n\n\t<div id=\"col-460611114\" class=\"col medium-4 small-12 large-4\"  >\n\t\t\t\t<div class=\"col-inner\"  >\n\t\t\t\n\t\t\t\n\n\n\n\n<div class=\"wpcf7 no-js\" id=\"wpcf7-f2700-o1\" lang=\"en-US\" dir=\"ltr\" data-wpcf7-id=\"2700\">\n<div class=\"screen-reader-response\"><p role=\"status\" aria-live=\"polite\" aria-atomic=\"true\"><\/p> <ul><\/ul><\/div>\n<form action=\"\/es\/wp-json\/wp\/v2\/pages\/1690#wpcf7-f2700-o1\" method=\"post\" class=\"wpcf7-form init\" aria-label=\"Contact form\" novalidate=\"novalidate\" data-status=\"init\">\n<fieldset class=\"hidden-fields-container\"><input type=\"hidden\" name=\"_wpcf7\" value=\"2700\" \/><input type=\"hidden\" name=\"_wpcf7_version\" value=\"6.1.2\" \/><input type=\"hidden\" name=\"_wpcf7_locale\" value=\"en_US\" \/><input type=\"hidden\" name=\"_wpcf7_unit_tag\" value=\"wpcf7-f2700-o1\" \/><input type=\"hidden\" name=\"_wpcf7_container_post\" value=\"0\" \/><input type=\"hidden\" name=\"_wpcf7_posted_data_hash\" value=\"\" \/>\n<\/fieldset>\n<p><b style=\"font-size:30px\"> Contacta con nosotros <\/b><br \/>\n<span class=\"wpcf7-form-control-wrap\" data-name=\"your-name\"><input size=\"40\" maxlength=\"400\" class=\"wpcf7-form-control wpcf7-text wpcf7-validates-as-required\" autocomplete=\"name\" aria-required=\"true\" aria-invalid=\"false\" placeholder=\"Nombre\" value=\"\" type=\"text\" name=\"your-name\" \/><\/span><br \/>\n<span class=\"wpcf7-form-control-wrap\" data-name=\"your-email\"><input size=\"40\" maxlength=\"400\" class=\"wpcf7-form-control wpcf7-email wpcf7-validates-as-required wpcf7-text wpcf7-validates-as-email\" autocomplete=\"email\" aria-required=\"true\" aria-invalid=\"false\" placeholder=\"E-Mail\" value=\"\" type=\"email\" name=\"your-email\" \/><\/span><br \/>\n<span class=\"wpcf7-form-control-wrap\" data-name=\"your-message\"><input size=\"40\" maxlength=\"400\" class=\"wpcf7-form-control wpcf7-text wpcf7-validates-as-required\" aria-required=\"true\" aria-invalid=\"false\" placeholder=\"Mensaje\" value=\"\" type=\"text\" name=\"your-message\" \/><\/span>\n<\/p>\n<p><input class=\"wpcf7-form-control wpcf7-submit has-spinner\" type=\"submit\" value=\"Entregar\" \/>\n<\/p><div class=\"wpcf7-response-output\" aria-hidden=\"true\"><\/div>\n<\/form>\n<\/div>\n\n\n\n\t\t<\/div>\n\t\t\t\t\t<\/div>\n\n\t\n\n\t<div id=\"col-805463493\" class=\"col medium-4 small-12 large-4\"  >\n\t\t\t\t<div class=\"col-inner\"  >\n\t\t\t\n\t\t\t\n\n\n\t\t<\/div>\n\t\t\t\t\t<\/div>\n\n\t\n\n<\/div>\n\n","protected":false},"excerpt":{"rendered":"","protected":false},"author":1,"featured_media":1526,"parent":1624,"menu_order":0,"comment_status":"closed","ping_status":"closed","template":"page-blank.php","meta":{"footnotes":""},"class_list":["post-1690","page","type-page","status-publish","has-post-thumbnail","hentry"],"yoast_head":"<!-- This site is optimized with the Yoast SEO Premium plugin v26.1 (Yoast SEO v26.1) - https:\/\/yoast.com\/wordpress\/plugins\/seo\/ -->\n<title>GM Mini M\u00e1quina Flowpack Multifuncional<\/title>\n<meta name=\"description\" content=\"M\u00e1quina Flowpack Multifuncional GM Mini, M\u00e1quina de Empaque Flowpack Multifuncional GM Mini, M\u00e1quina Flow Wrapper Multifuncional GM Mini\" \/>\n<meta name=\"robots\" content=\"index, follow, max-snippet:-1, max-image-preview:large, max-video-preview:-1\" \/>\n<link rel=\"canonical\" href=\"https:\/\/www.guvenpack.com\/es\/maquinas\/hffs-flowpack\/gm-mini\/\" \/>\n<meta property=\"og:locale\" content=\"es_ES\" \/>\n<meta property=\"og:type\" content=\"article\" \/>\n<meta property=\"og:title\" content=\"GM Mini\" \/>\n<meta property=\"og:description\" content=\"M\u00e1quina Flowpack Multifuncional GM Mini, M\u00e1quina de Empaque Flowpack Multifuncional GM Mini, M\u00e1quina Flow Wrapper Multifuncional GM Mini\" \/>\n<meta property=\"og:url\" content=\"https:\/\/www.guvenpack.com\/es\/maquinas\/hffs-flowpack\/gm-mini\/\" \/>\n<meta property=\"og:site_name\" content=\"Guvenpack HFFS Flow Pack, Wet Wipes Machine\" \/>\n<meta property=\"article:publisher\" content=\"https:\/\/www.facebook.com\/guvenpackconverting\" \/>\n<meta property=\"article:modified_time\" content=\"2025-10-15T09:02:27+00:00\" \/>\n<meta property=\"og:image\" content=\"https:\/\/www.guvenpack.com\/wp-content\/uploads\/2023\/07\/gm_mini.webp\" \/>\n\t<meta property=\"og:image:width\" content=\"411\" \/>\n\t<meta property=\"og:image:height\" content=\"599\" \/>\n\t<meta property=\"og:image:type\" content=\"image\/webp\" \/>\n<meta name=\"twitter:card\" content=\"summary_large_image\" \/>\n<meta name=\"twitter:site\" content=\"@GuvenPack\" \/>\n<meta name=\"twitter:label1\" content=\"Tiempo de lectura\" \/>\n\t<meta name=\"twitter:data1\" content=\"3 minutos\" \/>\n<script type=\"application\/ld+json\" class=\"yoast-schema-graph\">{\"@context\":\"https:\/\/schema.org\",\"@graph\":[{\"@type\":\"WebPage\",\"@id\":\"https:\/\/www.guvenpack.com\/es\/maquinas\/hffs-flowpack\/gm-mini\/\",\"url\":\"https:\/\/www.guvenpack.com\/es\/maquinas\/hffs-flowpack\/gm-mini\/\",\"name\":\"GM Mini M\u00e1quina Flowpack Multifuncional\",\"isPartOf\":{\"@id\":\"https:\/\/www.guvenpack.com\/#website\"},\"primaryImageOfPage\":{\"@id\":\"https:\/\/www.guvenpack.com\/es\/maquinas\/hffs-flowpack\/gm-mini\/#primaryimage\"},\"image\":{\"@id\":\"https:\/\/www.guvenpack.com\/es\/maquinas\/hffs-flowpack\/gm-mini\/#primaryimage\"},\"thumbnailUrl\":\"https:\/\/www.guvenpack.com\/wp-content\/uploads\/2023\/07\/gm_mini.webp\",\"datePublished\":\"2023-09-15T06:02:05+00:00\",\"dateModified\":\"2025-10-15T09:02:27+00:00\",\"description\":\"M\u00e1quina Flowpack Multifuncional GM Mini, M\u00e1quina de Empaque Flowpack Multifuncional GM Mini, M\u00e1quina Flow Wrapper Multifuncional GM Mini\",\"breadcrumb\":{\"@id\":\"https:\/\/www.guvenpack.com\/es\/maquinas\/hffs-flowpack\/gm-mini\/#breadcrumb\"},\"inLanguage\":\"es\",\"potentialAction\":[{\"@type\":\"ReadAction\",\"target\":[\"https:\/\/www.guvenpack.com\/es\/maquinas\/hffs-flowpack\/gm-mini\/\"]}]},{\"@type\":\"ImageObject\",\"inLanguage\":\"es\",\"@id\":\"https:\/\/www.guvenpack.com\/es\/maquinas\/hffs-flowpack\/gm-mini\/#primaryimage\",\"url\":\"https:\/\/www.guvenpack.com\/wp-content\/uploads\/2023\/07\/gm_mini.webp\",\"contentUrl\":\"https:\/\/www.guvenpack.com\/wp-content\/uploads\/2023\/07\/gm_mini.webp\",\"width\":411,\"height\":599,\"caption\":\"GM Mini M\u00e1quina de envasado multifuncional Flowpack.\"},{\"@type\":\"BreadcrumbList\",\"@id\":\"https:\/\/www.guvenpack.com\/es\/maquinas\/hffs-flowpack\/gm-mini\/#breadcrumb\",\"itemListElement\":[{\"@type\":\"ListItem\",\"position\":1,\"name\":\"Home\",\"item\":\"https:\/\/www.guvenpack.com\/es\/portada\/\"},{\"@type\":\"ListItem\",\"position\":2,\"name\":\"M\u00e1quinas\",\"item\":\"https:\/\/www.guvenpack.com\/es\/maquinas\/\"},{\"@type\":\"ListItem\",\"position\":3,\"name\":\"M\u00e1quina de Empaque Horizontal Flowpack\",\"item\":\"https:\/\/www.guvenpack.com\/es\/maquinas\/hffs-flowpack\/\"},{\"@type\":\"ListItem\",\"position\":4,\"name\":\"GM Mini\"}]},{\"@type\":\"WebSite\",\"@id\":\"https:\/\/www.guvenpack.com\/#website\",\"url\":\"https:\/\/www.guvenpack.com\/\",\"name\":\"Guvenpack HFFS Flow Pack, Wet Wipes Machine\",\"description\":\"Manufacturer of HFFS Flow pack Packaging Machine, Wet Wipes Machine\",\"publisher\":{\"@id\":\"https:\/\/www.guvenpack.com\/#organization\"},\"potentialAction\":[{\"@type\":\"SearchAction\",\"target\":{\"@type\":\"EntryPoint\",\"urlTemplate\":\"https:\/\/www.guvenpack.com\/?s={search_term_string}\"},\"query-input\":{\"@type\":\"PropertyValueSpecification\",\"valueRequired\":true,\"valueName\":\"search_term_string\"}}],\"inLanguage\":\"es\"},{\"@type\":\"Organization\",\"@id\":\"https:\/\/www.guvenpack.com\/#organization\",\"name\":\"Guvenpack HFFS Flow Pack, Wet Wipes Machine\",\"url\":\"https:\/\/www.guvenpack.com\/\",\"logo\":{\"@type\":\"ImageObject\",\"inLanguage\":\"es\",\"@id\":\"https:\/\/www.guvenpack.com\/#\/schema\/logo\/image\/\",\"url\":\"https:\/\/www.guvenpack.com\/wp-content\/uploads\/2023\/07\/logo_fav.png\",\"contentUrl\":\"https:\/\/www.guvenpack.com\/wp-content\/uploads\/2023\/07\/logo_fav.png\",\"width\":676,\"height\":675,\"caption\":\"Guvenpack HFFS Flow Pack, Wet Wipes Machine\"},\"image\":{\"@id\":\"https:\/\/www.guvenpack.com\/#\/schema\/logo\/image\/\"},\"sameAs\":[\"https:\/\/www.facebook.com\/guvenpackconverting\",\"https:\/\/x.com\/GuvenPack\",\"https:\/\/www.instagram.com\/guvenpack\/\",\"https:\/\/www.linkedin.com\/company\/guvenpack\/\",\"https:\/\/www.youtube.com\/@guvenpack\"]}]}<\/script>\n<!-- \/ Yoast SEO Premium plugin. -->","yoast_head_json":{"title":"GM Mini M\u00e1quina Flowpack Multifuncional","description":"M\u00e1quina Flowpack Multifuncional GM Mini, M\u00e1quina de Empaque Flowpack Multifuncional GM Mini, M\u00e1quina Flow Wrapper Multifuncional GM Mini","robots":{"index":"index","follow":"follow","max-snippet":"max-snippet:-1","max-image-preview":"max-image-preview:large","max-video-preview":"max-video-preview:-1"},"canonical":"https:\/\/www.guvenpack.com\/es\/maquinas\/hffs-flowpack\/gm-mini\/","og_locale":"es_ES","og_type":"article","og_title":"GM Mini","og_description":"M\u00e1quina Flowpack Multifuncional GM Mini, M\u00e1quina de Empaque Flowpack Multifuncional GM Mini, M\u00e1quina Flow Wrapper Multifuncional GM Mini","og_url":"https:\/\/www.guvenpack.com\/es\/maquinas\/hffs-flowpack\/gm-mini\/","og_site_name":"Guvenpack HFFS Flow Pack, Wet Wipes Machine","article_publisher":"https:\/\/www.facebook.com\/guvenpackconverting","article_modified_time":"2025-10-15T09:02:27+00:00","og_image":[{"width":411,"height":599,"url":"https:\/\/www.guvenpack.com\/wp-content\/uploads\/2023\/07\/gm_mini.webp","type":"image\/webp"}],"twitter_card":"summary_large_image","twitter_site":"@GuvenPack","twitter_misc":{"Tiempo de lectura":"3 minutos"},"schema":{"@context":"https:\/\/schema.org","@graph":[{"@type":"WebPage","@id":"https:\/\/www.guvenpack.com\/es\/maquinas\/hffs-flowpack\/gm-mini\/","url":"https:\/\/www.guvenpack.com\/es\/maquinas\/hffs-flowpack\/gm-mini\/","name":"GM Mini M\u00e1quina Flowpack Multifuncional","isPartOf":{"@id":"https:\/\/www.guvenpack.com\/#website"},"primaryImageOfPage":{"@id":"https:\/\/www.guvenpack.com\/es\/maquinas\/hffs-flowpack\/gm-mini\/#primaryimage"},"image":{"@id":"https:\/\/www.guvenpack.com\/es\/maquinas\/hffs-flowpack\/gm-mini\/#primaryimage"},"thumbnailUrl":"https:\/\/www.guvenpack.com\/wp-content\/uploads\/2023\/07\/gm_mini.webp","datePublished":"2023-09-15T06:02:05+00:00","dateModified":"2025-10-15T09:02:27+00:00","description":"M\u00e1quina Flowpack Multifuncional GM Mini, M\u00e1quina de Empaque Flowpack Multifuncional GM Mini, M\u00e1quina Flow Wrapper Multifuncional GM Mini","breadcrumb":{"@id":"https:\/\/www.guvenpack.com\/es\/maquinas\/hffs-flowpack\/gm-mini\/#breadcrumb"},"inLanguage":"es","potentialAction":[{"@type":"ReadAction","target":["https:\/\/www.guvenpack.com\/es\/maquinas\/hffs-flowpack\/gm-mini\/"]}]},{"@type":"ImageObject","inLanguage":"es","@id":"https:\/\/www.guvenpack.com\/es\/maquinas\/hffs-flowpack\/gm-mini\/#primaryimage","url":"https:\/\/www.guvenpack.com\/wp-content\/uploads\/2023\/07\/gm_mini.webp","contentUrl":"https:\/\/www.guvenpack.com\/wp-content\/uploads\/2023\/07\/gm_mini.webp","width":411,"height":599,"caption":"GM Mini M\u00e1quina de envasado multifuncional Flowpack."},{"@type":"BreadcrumbList","@id":"https:\/\/www.guvenpack.com\/es\/maquinas\/hffs-flowpack\/gm-mini\/#breadcrumb","itemListElement":[{"@type":"ListItem","position":1,"name":"Home","item":"https:\/\/www.guvenpack.com\/es\/portada\/"},{"@type":"ListItem","position":2,"name":"M\u00e1quinas","item":"https:\/\/www.guvenpack.com\/es\/maquinas\/"},{"@type":"ListItem","position":3,"name":"M\u00e1quina de Empaque Horizontal Flowpack","item":"https:\/\/www.guvenpack.com\/es\/maquinas\/hffs-flowpack\/"},{"@type":"ListItem","position":4,"name":"GM Mini"}]},{"@type":"WebSite","@id":"https:\/\/www.guvenpack.com\/#website","url":"https:\/\/www.guvenpack.com\/","name":"Guvenpack HFFS Flow Pack, Wet Wipes Machine","description":"Manufacturer of HFFS Flow pack Packaging Machine, Wet Wipes Machine","publisher":{"@id":"https:\/\/www.guvenpack.com\/#organization"},"potentialAction":[{"@type":"SearchAction","target":{"@type":"EntryPoint","urlTemplate":"https:\/\/www.guvenpack.com\/?s={search_term_string}"},"query-input":{"@type":"PropertyValueSpecification","valueRequired":true,"valueName":"search_term_string"}}],"inLanguage":"es"},{"@type":"Organization","@id":"https:\/\/www.guvenpack.com\/#organization","name":"Guvenpack HFFS Flow Pack, Wet Wipes Machine","url":"https:\/\/www.guvenpack.com\/","logo":{"@type":"ImageObject","inLanguage":"es","@id":"https:\/\/www.guvenpack.com\/#\/schema\/logo\/image\/","url":"https:\/\/www.guvenpack.com\/wp-content\/uploads\/2023\/07\/logo_fav.png","contentUrl":"https:\/\/www.guvenpack.com\/wp-content\/uploads\/2023\/07\/logo_fav.png","width":676,"height":675,"caption":"Guvenpack HFFS Flow Pack, Wet Wipes Machine"},"image":{"@id":"https:\/\/www.guvenpack.com\/#\/schema\/logo\/image\/"},"sameAs":["https:\/\/www.facebook.com\/guvenpackconverting","https:\/\/x.com\/GuvenPack","https:\/\/www.instagram.com\/guvenpack\/","https:\/\/www.linkedin.com\/company\/guvenpack\/","https:\/\/www.youtube.com\/@guvenpack"]}]}},"_links":{"self":[{"href":"https:\/\/www.guvenpack.com\/es\/wp-json\/wp\/v2\/pages\/1690","targetHints":{"allow":["GET"]}}],"collection":[{"href":"https:\/\/www.guvenpack.com\/es\/wp-json\/wp\/v2\/pages"}],"about":[{"href":"https:\/\/www.guvenpack.com\/es\/wp-json\/wp\/v2\/types\/page"}],"author":[{"embeddable":true,"href":"https:\/\/www.guvenpack.com\/es\/wp-json\/wp\/v2\/users\/1"}],"replies":[{"embeddable":true,"href":"https:\/\/www.guvenpack.com\/es\/wp-json\/wp\/v2\/comments?post=1690"}],"version-history":[{"count":5,"href":"https:\/\/www.guvenpack.com\/es\/wp-json\/wp\/v2\/pages\/1690\/revisions"}],"predecessor-version":[{"id":2888,"href":"https:\/\/www.guvenpack.com\/es\/wp-json\/wp\/v2\/pages\/1690\/revisions\/2888"}],"up":[{"embeddable":true,"href":"https:\/\/www.guvenpack.com\/es\/wp-json\/wp\/v2\/pages\/1624"}],"wp:featuredmedia":[{"embeddable":true,"href":"https:\/\/www.guvenpack.com\/es\/wp-json\/wp\/v2\/media\/1526"}],"wp:attachment":[{"href":"https:\/\/www.guvenpack.com\/es\/wp-json\/wp\/v2\/media?parent=1690"}],"curies":[{"name":"wp","href":"https:\/\/api.w.org\/{rel}","templated":true}]}}