{"id":1689,"date":"2023-09-15T05:57:32","date_gmt":"2023-09-15T05:57:32","guid":{"rendered":"https:\/\/www.guvenpack.com\/maquinas\/hffs-flowpack\/gm-30fu\/"},"modified":"2025-10-16T12:03:00","modified_gmt":"2025-10-16T12:03:00","slug":"gm-30fu","status":"publish","type":"page","link":"https:\/\/www.guvenpack.com\/es\/maquinas\/hffs-flowpack\/gm-30fu\/","title":{"rendered":"GM 30FU"},"content":{"rendered":"\n\n  <div class=\"banner has-hover is-full-height hide-for-medium\" id=\"banner-1914421726\">\n          <div class=\"banner-inner fill\">\n        <div class=\"banner-bg fill\" >\n            <img loading=\"lazy\" decoding=\"async\" width=\"1920\" height=\"1080\" src=\"https:\/\/www.guvenpack.com\/wp-content\/uploads\/2025\/10\/background_dekstop.webp\" class=\"bg attachment-original size-original\" alt=\"background_dekstop\" \/>                        <div class=\"overlay\"><\/div>            \n                    <\/div>\n\t\t\n        <div class=\"banner-layers container\">\n            <div class=\"fill banner-link\"><\/div>            \n\n\t<div class=\"img has-hover x50 md-x50 lg-x50 y10 md-y10 lg-y10\" id=\"image_703211551\">\n\t\t\t\t\t\t\t\t<div class=\"img-inner dark\" style=\"margin:20px 0px 0px 0px;\">\n\t\t\t<img loading=\"lazy\" decoding=\"async\" width=\"1109\" height=\"599\" src=\"https:\/\/www.guvenpack.com\/wp-content\/uploads\/2023\/07\/gm_30fu.webp\" class=\"attachment-original size-original\" alt=\"GM 30FU Horizontal Packaging Machine Flowpack\" srcset=\"https:\/\/www.guvenpack.com\/wp-content\/uploads\/2023\/07\/gm_30fu.webp 1109w, https:\/\/www.guvenpack.com\/wp-content\/uploads\/2023\/07\/gm_30fu-741x400.webp 741w, https:\/\/www.guvenpack.com\/wp-content\/uploads\/2023\/07\/gm_30fu-768x415.webp 768w\" sizes=\"auto, (max-width: 1109px) 100vw, 1109px\" \/>\t\t\t\t\t\t\n\t\t\t\t\t<\/div>\n\t\t\t\t\t\t\t\t\n<style>\n#image_703211551 {\n  width: 67%;\n}\n<\/style>\n\t<\/div>\n\t\n\n   <div id=\"text-box-428882126\" class=\"text-box banner-layer x0 md-x0 lg-x0 y80 md-y80 lg-y80 res-text\">\n                                <div class=\"text-box-content text dark\">\n              \n              <div class=\"text-inner text-center\">\n                  \n\n\t<div id=\"text-2120428923\" class=\"text\">\n\t\t\n\n<h1><span style=\"font-size: 75%;\"><strong>GM 30FU<br>M\u00e1quina Flowpack de tipo intermitente<\/strong><\/span><\/h1>\n\t\t\n<style>\n#text-2120428923 {\n  font-size: 0.75rem;\n  text-align: left;\n  color: rgb(0, 0, 0);\n}\n#text-2120428923 > * {\n  color: rgb(0, 0, 0);\n}\n<\/style>\n\t<\/div>\n\t\n\n              <\/div>\n           <\/div>\n                            \n<style>\n#text-box-428882126 {\n  width: 60%;\n}\n#text-box-428882126 .text-box-content {\n  font-size: 100%;\n}\n@media (min-width:550px) {\n  #text-box-428882126 {\n    width: 68%;\n  }\n}\n<\/style>\n    <\/div>\n \n\n        <\/div>\n      <\/div>\n\n            \n<style>\n#banner-1914421726 {\n  padding-top: 100%;\n  background-color: rgb(255, 255, 255);\n}\n#banner-1914421726 .overlay {\n  background-color: rgba(255, 255, 255, 0.2);\n}\n<\/style>\n  <\/div>\n\n\n\n  <div class=\"banner has-hover is-full-height show-for-medium\" id=\"banner-1263119532\">\n          <div class=\"banner-inner fill\">\n        <div class=\"banner-bg fill\" >\n            <img loading=\"lazy\" decoding=\"async\" width=\"1080\" height=\"1920\" src=\"https:\/\/www.guvenpack.com\/wp-content\/uploads\/2025\/10\/background_mobile.webp\" class=\"bg attachment-original size-original\" alt=\"background_mobile\" \/>                        <div class=\"overlay\"><\/div>            \n                    <\/div>\n\t\t\n        <div class=\"banner-layers container\">\n            <div class=\"fill banner-link\"><\/div>            \n\n\t<div class=\"img has-hover x50 md-x50 lg-x50 y10 md-y10 lg-y10\" id=\"image_117380783\">\n\t\t\t\t\t\t\t\t<div class=\"img-inner dark\" style=\"margin:20px 0px 0px 0px;\">\n\t\t\t<img loading=\"lazy\" decoding=\"async\" width=\"1109\" height=\"599\" src=\"https:\/\/www.guvenpack.com\/wp-content\/uploads\/2023\/07\/gm_30fu.webp\" class=\"attachment-original size-original\" alt=\"GM 30FU Horizontal Packaging Machine Flowpack\" srcset=\"https:\/\/www.guvenpack.com\/wp-content\/uploads\/2023\/07\/gm_30fu.webp 1109w, https:\/\/www.guvenpack.com\/wp-content\/uploads\/2023\/07\/gm_30fu-741x400.webp 741w, https:\/\/www.guvenpack.com\/wp-content\/uploads\/2023\/07\/gm_30fu-768x415.webp 768w\" sizes=\"auto, (max-width: 1109px) 100vw, 1109px\" \/>\t\t\t\t\t\t\n\t\t\t\t\t<\/div>\n\t\t\t\t\t\t\t\t\n<style>\n#image_117380783 {\n  width: 100%;\n}\n@media (min-width:550px) {\n  #image_117380783 {\n    width: 67%;\n  }\n}\n<\/style>\n\t<\/div>\n\t\n\n   <div id=\"text-box-1553778796\" class=\"text-box banner-layer x0 md-x0 lg-x0 y80 md-y80 lg-y80 res-text\">\n                                <div class=\"text-box-content text dark\">\n              \n              <div class=\"text-inner text-center\">\n                  \n\n\t<div id=\"text-4266881426\" class=\"text\">\n\t\t\n\n<h1><span style=\"font-size: 75%;\"><strong>GM 30FU<br>M\u00e1quina Flowpack de tipo intermitente<\/strong><\/span><\/h1>\n\t\t\n<style>\n#text-4266881426 {\n  font-size: 0.75rem;\n  text-align: left;\n  color: rgb(0, 0, 0);\n}\n#text-4266881426 > * {\n  color: rgb(0, 0, 0);\n}\n<\/style>\n\t<\/div>\n\t\n\n              <\/div>\n           <\/div>\n                            \n<style>\n#text-box-1553778796 {\n  width: 100%;\n}\n#text-box-1553778796 .text-box-content {\n  font-size: 100%;\n}\n@media (min-width:550px) {\n  #text-box-1553778796 {\n    width: 68%;\n  }\n}\n<\/style>\n    <\/div>\n \n\n        <\/div>\n      <\/div>\n\n            \n<style>\n#banner-1263119532 {\n  padding-top: 100%;\n  background-color: rgb(255, 255, 255);\n}\n#banner-1263119532 .overlay {\n  background-color: rgba(255, 255, 255, 0.2);\n}\n<\/style>\n  <\/div>\n\n\n<div class=\"row\"  id=\"row-267973390\">\n\n\n\n\t<div id=\"col-1580599227\" class=\"col small-12 large-12\"  >\n\t\t\t\t<div class=\"col-inner\"  >\n\t\t\t\n\t\t\t\n\n\t<div id=\"text-2596849845\" class=\"text\">\n\t\t\n\n<h2><span style=\"font-size: 75%;\">Presentamos la M\u00e1quina de Empaque Flowpack GM 30FU Tipo Intermitente.<\/span><\/h2>\n<p><strong>GM 30FU<\/strong> tiene un sellado de movimiento en caja, controlado por un motor de 1 eje, con funci\u00f3n de seguimiento por fotoc\u00e9lula y panel t\u00e1ctil a color de 7 pulgadas con 16.7M colores incluido en la m\u00e1quina de empaque flowpack HFFS. Posible de usar con pel\u00edcula transparente, pel\u00edcula impresa continua y pel\u00edcula impresa con fotoc\u00e9lula. Velocidad de empaque de hasta 40 paquetes\/minuto. Adecuada para empacar pan tostado, pan, pan pita, tortillas, s\u00e1ndwiches, verduras, frutas, tomates, pimientos, etc.<\/p>\n<ul>\n<li>Dise\u00f1o compacto y tecnol\u00f3gico<\/li>\n<li>Capaz de utilizar diferentes variedades de productos y materia prima<\/li>\n<li>El sistema de &#8216;Pel\u00edcula Desde Abajo&#8217; facilita el empaque de productos dif\u00edciles de empacar.<\/li>\n<li>Sistema de Alarma de Diagn\u00f3stico, panel de control t\u00e1ctil de f\u00e1cil uso por parte del usuario<\/li>\n<\/ul>\n<p><strong>El Sistema de Sellado Herm\u00e9tico<\/strong> proporciona un sellado de calidad fuerte y est\u00e9tica. No hay infiltraci\u00f3n de aire en el interior del paquete. La mejor elecci\u00f3n para el sistema de MAP (Empaque en Atm\u00f3sfera Modificada).<\/p>\n<p><strong>Construcci\u00f3n<\/strong><\/p>\n<ul>\n<li>El chasis principal es de acero.<\/li>\n<li>Las partes que entran en contacto con los productos son de acero inoxidable Cr-Ni.<\/li>\n<li>Des roues robustes pour remplacer facilement la machine.<\/li>\n<li>Pieds r\u00e9glables r\u00e9sistants pour installer la machine de mani\u00e8re permanente.<\/li>\n<\/ul>\n<p><strong>MATERIAS PRIMAS QUE PUEDEN SER UTILIZADAS<\/strong><\/p>\n<ul>\n<li>OPP, BOPP, papel y laminados de aluminio, celof\u00e1n, en los cuales una de las superficies puede soldarse en caliente o en fr\u00edo.<\/li>\n<\/ul>\n<p><strong>Caract\u00e9ristiques Techniques<\/strong><\/p>\n<ul>\n<li>40 paquetes\/minuto<\/li>\n<li>Puertas de seguridad con sistema de interbloqueo<\/li>\n<li>Controlado por 1 eje de motor<\/li>\n<li>Sistema de seguimiento por fotoc\u00e9lula<\/li>\n<li>Panel de Control de Usuario T\u00e1ctil a Color de 7 Pulgadas con 16,7 Millones de Colores<\/li>\n<li>F\u00e1cil de cambiar el tama\u00f1o de la materia prima<\/li>\n<li>380 VAC \/ 50Hz 3 Phase + N, 4 KW<\/li>\n<li>Tension de contr\u00f4le de s\u00e9curit\u00e9 de 24 VCC<\/li>\n<li>Sistema de Corte de Movimiento en Caja<\/li>\n<li>Tipo de sellado desde la parte inferior.<\/li>\n<li>Sistema de transporte del producto mediante una banda<\/li>\n<li>Ajuste continuo de la longitud de empaque<\/li>\n<li>Ajuste continuo de la velocidad de la m\u00e1quina<\/li>\n<li>Transportador de Alimentaci\u00f3n de Producto<\/li>\n<li>Caja Plegable Ajustable<\/li>\n<li>F\u00e1cil de cambiar el empujador de producto<\/li>\n<li>Sistema de disco de sellado inferior con 3 juegos<\/li>\n<li>Sistema de calefacci\u00f3n controlado por PID<\/li>\n<\/ul>\n<p><strong>Opcional<\/strong><\/p>\n<ul>\n<li>Impresora de Fecha<\/li>\n<li>\u00abSistema de MAP\u00bb (Empaque en Atm\u00f3sfera Modificada)<\/li>\n<li>Sin Producto, Sin Bolsa<\/li>\n<li>Sin Espacio, Sin Sellado<\/li>\n<\/ul>\n<p><strong>Producto a Empaquetar<\/strong><\/p>\n<p>&#8211; Empaque de pan tostado, pan, pan pita, tortillas, empaque de s\u00e1ndwich, verduras, frutas, tomates, pimientos, manzanas, empaque de productos de varias piezas, etc.<\/p>\n\t\t\n<style>\n#text-2596849845 {\n  line-height: 1;\n}\n<\/style>\n\t<\/div>\n\t\n\n\t\t<\/div>\n\t\t\t\t\t<\/div>\n\n\t\n\n\t<div id=\"col-1724051362\" class=\"col medium-4 small-12 large-4\"  >\n\t\t\t\t<div class=\"col-inner\"  >\n\t\t\t\n\t\t\t\n\n\n\t\t<\/div>\n\t\t\t\t\t<\/div>\n\n\t\n\n\t<div id=\"col-487650961\" class=\"col medium-4 small-12 large-4\"  >\n\t\t\t\t<div class=\"col-inner\"  >\n\t\t\t\n\t\t\t\n\n\n\n<p class=\"wpcf7-contact-form-not-found\"><strong>Error:<\/strong> Formulario de contacto no encontrado.<\/p>\n\n\n\t\t<\/div>\n\t\t\t\t\t<\/div>\n\n\t\n\n\t<div id=\"col-544874424\" class=\"col medium-4 small-12 large-4\"  >\n\t\t\t\t<div class=\"col-inner\"  >\n\t\t\t\n\t\t\t\n\n\n\t\t<\/div>\n\t\t\t\t\t<\/div>\n\n\t\n\n<\/div>\n\n","protected":false},"excerpt":{"rendered":"","protected":false},"author":1,"featured_media":1524,"parent":1624,"menu_order":0,"comment_status":"closed","ping_status":"closed","template":"page-blank.php","meta":{"footnotes":""},"class_list":["post-1689","page","type-page","status-publish","has-post-thumbnail","hentry"],"yoast_head":"<!-- This site is optimized with the Yoast SEO Premium plugin v26.1 (Yoast SEO v26.1) - https:\/\/yoast.com\/wordpress\/plugins\/seo\/ -->\n<title>GM 30FU M\u00e1quina de Empaque Flowpack<\/title>\n<meta name=\"description\" content=\"M\u00e1quina de Empaque Flowpack Intermitente GM 30FU, M\u00e1quina de Empaque Flowpack Intermitente GM 30FU, M\u00e1quina Flow Wrapper Intermitente GM 30FU\" \/>\n<meta name=\"robots\" content=\"index, follow, max-snippet:-1, max-image-preview:large, max-video-preview:-1\" \/>\n<link rel=\"canonical\" href=\"https:\/\/www.guvenpack.com\/es\/maquinas\/hffs-flowpack\/gm-30fu\/\" \/>\n<meta property=\"og:locale\" content=\"es_ES\" \/>\n<meta property=\"og:type\" content=\"article\" \/>\n<meta property=\"og:title\" content=\"GM 30FU\" \/>\n<meta property=\"og:description\" content=\"M\u00e1quina de Empaque Flowpack Intermitente GM 30FU, M\u00e1quina de Empaque Flowpack Intermitente GM 30FU, M\u00e1quina Flow Wrapper Intermitente GM 30FU\" \/>\n<meta property=\"og:url\" content=\"https:\/\/www.guvenpack.com\/es\/maquinas\/hffs-flowpack\/gm-30fu\/\" \/>\n<meta property=\"og:site_name\" content=\"Guvenpack HFFS Flow Pack, Wet Wipes Machine\" \/>\n<meta property=\"article:publisher\" content=\"https:\/\/www.facebook.com\/guvenpackconverting\" \/>\n<meta property=\"article:modified_time\" content=\"2025-10-16T12:03:00+00:00\" \/>\n<meta property=\"og:image\" content=\"https:\/\/www.guvenpack.com\/wp-content\/uploads\/2023\/07\/gm_30fu.webp\" \/>\n\t<meta property=\"og:image:width\" content=\"1109\" \/>\n\t<meta property=\"og:image:height\" content=\"599\" \/>\n\t<meta property=\"og:image:type\" content=\"image\/webp\" \/>\n<meta name=\"twitter:card\" content=\"summary_large_image\" \/>\n<meta name=\"twitter:site\" content=\"@GuvenPack\" \/>\n<meta name=\"twitter:label1\" content=\"Tiempo de lectura\" \/>\n\t<meta name=\"twitter:data1\" content=\"3 minutos\" \/>\n<script type=\"application\/ld+json\" class=\"yoast-schema-graph\">{\"@context\":\"https:\/\/schema.org\",\"@graph\":[{\"@type\":\"WebPage\",\"@id\":\"https:\/\/www.guvenpack.com\/es\/maquinas\/hffs-flowpack\/gm-30fu\/\",\"url\":\"https:\/\/www.guvenpack.com\/es\/maquinas\/hffs-flowpack\/gm-30fu\/\",\"name\":\"GM 30FU M\u00e1quina de Empaque Flowpack\",\"isPartOf\":{\"@id\":\"https:\/\/www.guvenpack.com\/#website\"},\"primaryImageOfPage\":{\"@id\":\"https:\/\/www.guvenpack.com\/es\/maquinas\/hffs-flowpack\/gm-30fu\/#primaryimage\"},\"image\":{\"@id\":\"https:\/\/www.guvenpack.com\/es\/maquinas\/hffs-flowpack\/gm-30fu\/#primaryimage\"},\"thumbnailUrl\":\"https:\/\/www.guvenpack.com\/wp-content\/uploads\/2023\/07\/gm_30fu.webp\",\"datePublished\":\"2023-09-15T05:57:32+00:00\",\"dateModified\":\"2025-10-16T12:03:00+00:00\",\"description\":\"M\u00e1quina de Empaque Flowpack Intermitente GM 30FU, M\u00e1quina de Empaque Flowpack Intermitente GM 30FU, M\u00e1quina Flow Wrapper Intermitente GM 30FU\",\"breadcrumb\":{\"@id\":\"https:\/\/www.guvenpack.com\/es\/maquinas\/hffs-flowpack\/gm-30fu\/#breadcrumb\"},\"inLanguage\":\"es\",\"potentialAction\":[{\"@type\":\"ReadAction\",\"target\":[\"https:\/\/www.guvenpack.com\/es\/maquinas\/hffs-flowpack\/gm-30fu\/\"]}]},{\"@type\":\"ImageObject\",\"inLanguage\":\"es\",\"@id\":\"https:\/\/www.guvenpack.com\/es\/maquinas\/hffs-flowpack\/gm-30fu\/#primaryimage\",\"url\":\"https:\/\/www.guvenpack.com\/wp-content\/uploads\/2023\/07\/gm_30fu.webp\",\"contentUrl\":\"https:\/\/www.guvenpack.com\/wp-content\/uploads\/2023\/07\/gm_30fu.webp\",\"width\":1109,\"height\":599,\"caption\":\"GM 30FU M\u00e1quina de envasado horizontal Flowpack.\"},{\"@type\":\"BreadcrumbList\",\"@id\":\"https:\/\/www.guvenpack.com\/es\/maquinas\/hffs-flowpack\/gm-30fu\/#breadcrumb\",\"itemListElement\":[{\"@type\":\"ListItem\",\"position\":1,\"name\":\"Home\",\"item\":\"https:\/\/www.guvenpack.com\/es\/portada\/\"},{\"@type\":\"ListItem\",\"position\":2,\"name\":\"M\u00e1quinas\",\"item\":\"https:\/\/www.guvenpack.com\/es\/maquinas\/\"},{\"@type\":\"ListItem\",\"position\":3,\"name\":\"M\u00e1quina de Empaque Horizontal Flowpack\",\"item\":\"https:\/\/www.guvenpack.com\/es\/maquinas\/hffs-flowpack\/\"},{\"@type\":\"ListItem\",\"position\":4,\"name\":\"GM 30FU\"}]},{\"@type\":\"WebSite\",\"@id\":\"https:\/\/www.guvenpack.com\/#website\",\"url\":\"https:\/\/www.guvenpack.com\/\",\"name\":\"Guvenpack HFFS Flow Pack, Wet Wipes Machine\",\"description\":\"Manufacturer of HFFS Flow pack Packaging Machine, Wet Wipes Machine\",\"publisher\":{\"@id\":\"https:\/\/www.guvenpack.com\/#organization\"},\"potentialAction\":[{\"@type\":\"SearchAction\",\"target\":{\"@type\":\"EntryPoint\",\"urlTemplate\":\"https:\/\/www.guvenpack.com\/?s={search_term_string}\"},\"query-input\":{\"@type\":\"PropertyValueSpecification\",\"valueRequired\":true,\"valueName\":\"search_term_string\"}}],\"inLanguage\":\"es\"},{\"@type\":\"Organization\",\"@id\":\"https:\/\/www.guvenpack.com\/#organization\",\"name\":\"Guvenpack HFFS Flow Pack, Wet Wipes Machine\",\"url\":\"https:\/\/www.guvenpack.com\/\",\"logo\":{\"@type\":\"ImageObject\",\"inLanguage\":\"es\",\"@id\":\"https:\/\/www.guvenpack.com\/#\/schema\/logo\/image\/\",\"url\":\"https:\/\/www.guvenpack.com\/wp-content\/uploads\/2023\/07\/logo_fav.png\",\"contentUrl\":\"https:\/\/www.guvenpack.com\/wp-content\/uploads\/2023\/07\/logo_fav.png\",\"width\":676,\"height\":675,\"caption\":\"Guvenpack HFFS Flow Pack, Wet Wipes Machine\"},\"image\":{\"@id\":\"https:\/\/www.guvenpack.com\/#\/schema\/logo\/image\/\"},\"sameAs\":[\"https:\/\/www.facebook.com\/guvenpackconverting\",\"https:\/\/x.com\/GuvenPack\",\"https:\/\/www.instagram.com\/guvenpack\/\",\"https:\/\/www.linkedin.com\/company\/guvenpack\/\",\"https:\/\/www.youtube.com\/@guvenpack\"]}]}<\/script>\n<!-- \/ Yoast SEO Premium plugin. -->","yoast_head_json":{"title":"GM 30FU M\u00e1quina de Empaque Flowpack","description":"M\u00e1quina de Empaque Flowpack Intermitente GM 30FU, M\u00e1quina de Empaque Flowpack Intermitente GM 30FU, M\u00e1quina Flow Wrapper Intermitente GM 30FU","robots":{"index":"index","follow":"follow","max-snippet":"max-snippet:-1","max-image-preview":"max-image-preview:large","max-video-preview":"max-video-preview:-1"},"canonical":"https:\/\/www.guvenpack.com\/es\/maquinas\/hffs-flowpack\/gm-30fu\/","og_locale":"es_ES","og_type":"article","og_title":"GM 30FU","og_description":"M\u00e1quina de Empaque Flowpack Intermitente GM 30FU, M\u00e1quina de Empaque Flowpack Intermitente GM 30FU, M\u00e1quina Flow Wrapper Intermitente GM 30FU","og_url":"https:\/\/www.guvenpack.com\/es\/maquinas\/hffs-flowpack\/gm-30fu\/","og_site_name":"Guvenpack HFFS Flow Pack, Wet Wipes Machine","article_publisher":"https:\/\/www.facebook.com\/guvenpackconverting","article_modified_time":"2025-10-16T12:03:00+00:00","og_image":[{"width":1109,"height":599,"url":"https:\/\/www.guvenpack.com\/wp-content\/uploads\/2023\/07\/gm_30fu.webp","type":"image\/webp"}],"twitter_card":"summary_large_image","twitter_site":"@GuvenPack","twitter_misc":{"Tiempo de lectura":"3 minutos"},"schema":{"@context":"https:\/\/schema.org","@graph":[{"@type":"WebPage","@id":"https:\/\/www.guvenpack.com\/es\/maquinas\/hffs-flowpack\/gm-30fu\/","url":"https:\/\/www.guvenpack.com\/es\/maquinas\/hffs-flowpack\/gm-30fu\/","name":"GM 30FU M\u00e1quina de Empaque Flowpack","isPartOf":{"@id":"https:\/\/www.guvenpack.com\/#website"},"primaryImageOfPage":{"@id":"https:\/\/www.guvenpack.com\/es\/maquinas\/hffs-flowpack\/gm-30fu\/#primaryimage"},"image":{"@id":"https:\/\/www.guvenpack.com\/es\/maquinas\/hffs-flowpack\/gm-30fu\/#primaryimage"},"thumbnailUrl":"https:\/\/www.guvenpack.com\/wp-content\/uploads\/2023\/07\/gm_30fu.webp","datePublished":"2023-09-15T05:57:32+00:00","dateModified":"2025-10-16T12:03:00+00:00","description":"M\u00e1quina de Empaque Flowpack Intermitente GM 30FU, M\u00e1quina de Empaque Flowpack Intermitente GM 30FU, M\u00e1quina Flow Wrapper Intermitente GM 30FU","breadcrumb":{"@id":"https:\/\/www.guvenpack.com\/es\/maquinas\/hffs-flowpack\/gm-30fu\/#breadcrumb"},"inLanguage":"es","potentialAction":[{"@type":"ReadAction","target":["https:\/\/www.guvenpack.com\/es\/maquinas\/hffs-flowpack\/gm-30fu\/"]}]},{"@type":"ImageObject","inLanguage":"es","@id":"https:\/\/www.guvenpack.com\/es\/maquinas\/hffs-flowpack\/gm-30fu\/#primaryimage","url":"https:\/\/www.guvenpack.com\/wp-content\/uploads\/2023\/07\/gm_30fu.webp","contentUrl":"https:\/\/www.guvenpack.com\/wp-content\/uploads\/2023\/07\/gm_30fu.webp","width":1109,"height":599,"caption":"GM 30FU M\u00e1quina de envasado horizontal Flowpack."},{"@type":"BreadcrumbList","@id":"https:\/\/www.guvenpack.com\/es\/maquinas\/hffs-flowpack\/gm-30fu\/#breadcrumb","itemListElement":[{"@type":"ListItem","position":1,"name":"Home","item":"https:\/\/www.guvenpack.com\/es\/portada\/"},{"@type":"ListItem","position":2,"name":"M\u00e1quinas","item":"https:\/\/www.guvenpack.com\/es\/maquinas\/"},{"@type":"ListItem","position":3,"name":"M\u00e1quina de Empaque Horizontal Flowpack","item":"https:\/\/www.guvenpack.com\/es\/maquinas\/hffs-flowpack\/"},{"@type":"ListItem","position":4,"name":"GM 30FU"}]},{"@type":"WebSite","@id":"https:\/\/www.guvenpack.com\/#website","url":"https:\/\/www.guvenpack.com\/","name":"Guvenpack HFFS Flow Pack, Wet Wipes Machine","description":"Manufacturer of HFFS Flow pack Packaging Machine, Wet Wipes Machine","publisher":{"@id":"https:\/\/www.guvenpack.com\/#organization"},"potentialAction":[{"@type":"SearchAction","target":{"@type":"EntryPoint","urlTemplate":"https:\/\/www.guvenpack.com\/?s={search_term_string}"},"query-input":{"@type":"PropertyValueSpecification","valueRequired":true,"valueName":"search_term_string"}}],"inLanguage":"es"},{"@type":"Organization","@id":"https:\/\/www.guvenpack.com\/#organization","name":"Guvenpack HFFS Flow Pack, Wet Wipes Machine","url":"https:\/\/www.guvenpack.com\/","logo":{"@type":"ImageObject","inLanguage":"es","@id":"https:\/\/www.guvenpack.com\/#\/schema\/logo\/image\/","url":"https:\/\/www.guvenpack.com\/wp-content\/uploads\/2023\/07\/logo_fav.png","contentUrl":"https:\/\/www.guvenpack.com\/wp-content\/uploads\/2023\/07\/logo_fav.png","width":676,"height":675,"caption":"Guvenpack HFFS Flow Pack, Wet Wipes Machine"},"image":{"@id":"https:\/\/www.guvenpack.com\/#\/schema\/logo\/image\/"},"sameAs":["https:\/\/www.facebook.com\/guvenpackconverting","https:\/\/x.com\/GuvenPack","https:\/\/www.instagram.com\/guvenpack\/","https:\/\/www.linkedin.com\/company\/guvenpack\/","https:\/\/www.youtube.com\/@guvenpack"]}]}},"_links":{"self":[{"href":"https:\/\/www.guvenpack.com\/es\/wp-json\/wp\/v2\/pages\/1689","targetHints":{"allow":["GET"]}}],"collection":[{"href":"https:\/\/www.guvenpack.com\/es\/wp-json\/wp\/v2\/pages"}],"about":[{"href":"https:\/\/www.guvenpack.com\/es\/wp-json\/wp\/v2\/types\/page"}],"author":[{"embeddable":true,"href":"https:\/\/www.guvenpack.com\/es\/wp-json\/wp\/v2\/users\/1"}],"replies":[{"embeddable":true,"href":"https:\/\/www.guvenpack.com\/es\/wp-json\/wp\/v2\/comments?post=1689"}],"version-history":[{"count":4,"href":"https:\/\/www.guvenpack.com\/es\/wp-json\/wp\/v2\/pages\/1689\/revisions"}],"predecessor-version":[{"id":2914,"href":"https:\/\/www.guvenpack.com\/es\/wp-json\/wp\/v2\/pages\/1689\/revisions\/2914"}],"up":[{"embeddable":true,"href":"https:\/\/www.guvenpack.com\/es\/wp-json\/wp\/v2\/pages\/1624"}],"wp:featuredmedia":[{"embeddable":true,"href":"https:\/\/www.guvenpack.com\/es\/wp-json\/wp\/v2\/media\/1524"}],"wp:attachment":[{"href":"https:\/\/www.guvenpack.com\/es\/wp-json\/wp\/v2\/media?parent=1689"}],"curies":[{"name":"wp","href":"https:\/\/api.w.org\/{rel}","templated":true}]}}