{"id":1682,"date":"2023-09-14T14:59:00","date_gmt":"2023-09-14T14:59:00","guid":{"rendered":"https:\/\/www.guvenpack.com\/maquinas\/toallitas-humedas\/gm-100fw\/"},"modified":"2023-10-03T10:47:16","modified_gmt":"2023-10-03T10:47:16","slug":"gm-100fw","status":"publish","type":"page","link":"https:\/\/www.guvenpack.com\/es\/maquinas\/toallitas-humedas\/gm-100fw\/","title":{"rendered":"GM 100FW"},"content":{"rendered":"\n\n  <div class=\"banner has-hover\" id=\"banner-961859042\">\n          <div class=\"banner-inner fill\">\n        <div class=\"banner-bg fill\" >\n                                    <div class=\"overlay\"><\/div>            \n\t<div class=\"is-border\"\n\t\tstyle=\"border-width:0px 0px 0px 0px;margin:0px 0px 0px 0px;\">\n\t<\/div>\n                    <\/div>\n\t\t\n        <div class=\"banner-layers container\">\n            <div class=\"fill banner-link\"><\/div>            \n\n\t<div class=\"img has-hover x50 md-x50 lg-x50 y0 md-y0 lg-y0\" id=\"image_878842704\">\n\t\t\t\t\t\t\t\t<div class=\"img-inner dark\" >\n\t\t\t<img loading=\"lazy\" decoding=\"async\" width=\"875\" height=\"599\" src=\"https:\/\/www.guvenpack.com\/wp-content\/uploads\/2023\/07\/gm_100fw.webp\" class=\"attachment-original size-original\" alt=\"GM 100FW Wet Wipes Machine\" srcset=\"https:\/\/www.guvenpack.com\/wp-content\/uploads\/2023\/07\/gm_100fw.webp 875w, https:\/\/www.guvenpack.com\/wp-content\/uploads\/2023\/07\/gm_100fw-584x400.webp 584w, https:\/\/www.guvenpack.com\/wp-content\/uploads\/2023\/07\/gm_100fw-768x526.webp 768w\" sizes=\"auto, (max-width: 875px) 100vw, 875px\" \/>\t\t\t\t\t\t\n\t\t\t\t\t<\/div>\n\t\t\t\t\t\t\t\t\n<style>\n#image_878842704 {\n  width: 55%;\n}\n<\/style>\n\t<\/div>\n\t\n\n   <div id=\"text-box-218503642\" class=\"text-box banner-layer x0 md-x0 lg-x0 y100 md-y100 lg-y100 res-text\">\n                                <div class=\"text-box-content text dark\">\n              \n              <div class=\"text-inner text-center\">\n                  \n\n\t<div id=\"text-1751736067\" class=\"text\">\n\t\t\n\n<h1><span style=\"font-size: 75%;\"><strong>GM 100FW<br> M\u00e1quina de Wet Wipes 20 Bobinas<\/strong><\/span><\/h1>\n\t\t\n<style>\n#text-1751736067 {\n  font-size: 0.75rem;\n  text-align: left;\n  color: rgb(0, 0, 0);\n}\n#text-1751736067 > * {\n  color: rgb(0, 0, 0);\n}\n<\/style>\n\t<\/div>\n\t\n\n              <\/div>\n           <\/div>\n                            \n<style>\n#text-box-218503642 {\n  width: 60%;\n}\n#text-box-218503642 .text-box-content {\n  font-size: 100%;\n}\n@media (min-width:550px) {\n  #text-box-218503642 {\n    width: 68%;\n  }\n}\n<\/style>\n    <\/div>\n \n\n        <\/div>\n      <\/div>\n\n            \n<style>\n#banner-961859042 {\n  padding-top: 400px;\n  background-color: rgb(255, 255, 255);\n}\n#banner-961859042 .overlay {\n  background-color: rgba(255, 255, 255, 0.2);\n}\n<\/style>\n  <\/div>\n\n\n<div class=\"row\"  id=\"row-1696808819\">\n\n\n\t<div id=\"col-1237086027\" class=\"col hide-for-medium medium-2 small-12 large-2\"  >\n\t\t\t\t<div class=\"col-inner\"  >\n\t\t\t\n\t\t\t\n\n<ul class=\"sidebar-wrapper ul-reset\">Horizontal Packaging Machine Flowpack\t\t\t<div class=\"textwidget\"><\/div>\n\t\t<div class=\"menu-machines-flowpacksp-container\"><ul id=\"menu-machines-flowpacksp\" class=\"menu\"><li id=\"menu-item-1915\" class=\"menu-item menu-item-type-post_type menu-item-object-page menu-item-1915\"><a href=\"https:\/\/www.guvenpack.com\/es\/maquinas\/hffs-flowpack\/gm-mini\/\">GM Mini<\/a><\/li>\n<li id=\"menu-item-1908\" class=\"menu-item menu-item-type-post_type menu-item-object-page menu-item-1908\"><a href=\"https:\/\/www.guvenpack.com\/es\/maquinas\/hffs-flowpack\/gm-10f\/\">GM 10F<\/a><\/li>\n<li id=\"menu-item-1909\" class=\"menu-item menu-item-type-post_type menu-item-object-page menu-item-1909\"><a href=\"https:\/\/www.guvenpack.com\/es\/maquinas\/hffs-flowpack\/gm-30fs\/\">GM 30FS<\/a><\/li>\n<li id=\"menu-item-1911\" class=\"menu-item menu-item-type-post_type menu-item-object-page menu-item-1911\"><a href=\"https:\/\/www.guvenpack.com\/es\/maquinas\/hffs-flowpack\/gm-30fu\/\">GM 30FU<\/a><\/li>\n<li id=\"menu-item-1910\" class=\"menu-item menu-item-type-post_type menu-item-object-page menu-item-1910\"><a href=\"https:\/\/www.guvenpack.com\/es\/maquinas\/hffs-flowpack\/gm-30fsu\/\">GM 30FSU<\/a><\/li>\n<li id=\"menu-item-1912\" class=\"menu-item menu-item-type-post_type menu-item-object-page menu-item-1912\"><a href=\"https:\/\/www.guvenpack.com\/es\/maquinas\/hffs-flowpack\/gm-33fs\/\">GM 33FS<\/a><\/li>\n<li id=\"menu-item-1913\" class=\"menu-item menu-item-type-post_type menu-item-object-page menu-item-1913\"><a href=\"https:\/\/www.guvenpack.com\/es\/maquinas\/hffs-flowpack\/gm-33fsu\/\">GM 33FSU<\/a><\/li>\n<li id=\"menu-item-1914\" class=\"menu-item menu-item-type-post_type menu-item-object-page menu-item-1914\"><a href=\"https:\/\/www.guvenpack.com\/es\/maquinas\/hffs-flowpack\/gm-40fs\/\">GM 40FS<\/a><\/li>\n<li id=\"menu-item-1903\" class=\"menu-item menu-item-type-post_type menu-item-object-page menu-item-1903\"><a href=\"https:\/\/www.guvenpack.com\/es\/maquinas\/hffs-flowpack\/gm-100fs\/\">GM 100FS<\/a><\/li>\n<li id=\"menu-item-1904\" class=\"menu-item menu-item-type-post_type menu-item-object-page menu-item-1904\"><a href=\"https:\/\/www.guvenpack.com\/es\/maquinas\/hffs-flowpack\/gm-100fsu\/\">GM 100FSU<\/a><\/li>\n<li id=\"menu-item-1905\" class=\"menu-item menu-item-type-post_type menu-item-object-page menu-item-1905\"><a href=\"https:\/\/www.guvenpack.com\/es\/maquinas\/hffs-flowpack\/gm-100fsu-pe\/\">GM 100FSU-PE<\/a><\/li>\n<li id=\"menu-item-1906\" class=\"menu-item menu-item-type-post_type menu-item-object-page menu-item-1906\"><a href=\"https:\/\/www.guvenpack.com\/es\/maquinas\/hffs-flowpack\/gm-102fs\/\">GM 102FS<\/a><\/li>\n<li id=\"menu-item-1907\" class=\"menu-item menu-item-type-post_type menu-item-object-page menu-item-1907\"><a href=\"https:\/\/www.guvenpack.com\/es\/maquinas\/hffs-flowpack\/gm-103fs\/\">GM 103FS<\/a><\/li>\n<\/ul><\/div>Wet Wipes Machines\t\t\t<div class=\"textwidget\"><\/div>\n\t\t<div class=\"menu-machine-wetwipessp-container\"><ul id=\"menu-machine-wetwipessp\" class=\"menu\"><li id=\"menu-item-1901\" class=\"menu-item menu-item-type-post_type menu-item-object-page menu-item-1901\"><a href=\"https:\/\/www.guvenpack.com\/es\/maquinas\/toallitas-humedas\/gm-100w\/\">GM 100W<\/a><\/li>\n<li id=\"menu-item-1902\" class=\"menu-item menu-item-type-post_type menu-item-object-page menu-item-1902\"><a href=\"https:\/\/www.guvenpack.com\/es\/maquinas\/toallitas-humedas\/gm-100fw\/\">GM 100FW<\/a><\/li>\n<li id=\"menu-item-1899\" class=\"menu-item menu-item-type-post_type menu-item-object-page menu-item-1899\"><a href=\"https:\/\/www.guvenpack.com\/es\/maquinas\/toallitas-humedas\/gm-101w\/\">GM 101W<\/a><\/li>\n<li id=\"menu-item-1900\" class=\"menu-item menu-item-type-post_type menu-item-object-page menu-item-1900\"><a href=\"https:\/\/www.guvenpack.com\/es\/maquinas\/toallitas-humedas\/gm-101fw\/\">GM 101FW<\/a><\/li>\n<\/ul><\/div>Lids Machine\t\t\t<div class=\"textwidget\"><\/div>\n\t\t<div class=\"menu-machine-lidsmachinesp-container\"><ul id=\"menu-machine-lidsmachinesp\" class=\"menu\"><li id=\"menu-item-1898\" class=\"menu-item menu-item-type-post_type menu-item-object-page menu-item-1898\"><a href=\"https:\/\/www.guvenpack.com\/es\/maquinas\/maquina-de-tapas\/gm-02\/\">GM 02<\/a><\/li>\n<\/ul><\/div><\/ul>\n\n\n\t\t<\/div>\n\t\t\t\t\n<style>\n#col-1237086027 > .col-inner {\n  padding: 0px 0px 0px 0px;\n  margin: 0px 0px 0px 0px;\n}\n<\/style>\n\t<\/div>\n\n\t\n\n\t<div id=\"col-2144481529\" class=\"col medium-10 small-12 large-10\"  >\n\t\t\t\t<div class=\"col-inner\"  >\n\t\t\t\n\t\t\t\n\n\t<div id=\"text-1084746852\" class=\"text\">\n\t\t\n\n<h2><span style=\"font-size: 75%;\">Presentamos la M\u00e1quina de Wet Wipes GM 100FW con 20 Bobinas.<\/span><\/h2>\n<p><strong>GM 100FW<\/strong> L\u00ednea de Producci\u00f3n de Toallitas H\u00famedas de Alta Velocidad dise\u00f1ada para usar 20 bobinas cortadas. Se pueden producir wet wipes, wet wipes para limpieza de autom\u00f3viles, wet wipes para beb\u00e9s, wet wipes para cuidado personal, wet wipes industriales, etc.<\/p>\n<p><strong>GM 100FW<\/strong> l\u00ednea de producci\u00f3n de toallitas h\u00famedas completamente autom\u00e1tica, sin necesidad de contacto manual. Compacta, de alta tecnolog\u00eda, dise\u00f1o tecnol\u00f3gico que ocupa poco espacio y tiene una alta tasa de producci\u00f3n.<\/p>\n<ul>\n<li>Producci\u00f3n completamente autom\u00e1tica, sin contacto manual<\/li>\n<li>Alta tecnolog\u00eda, dise\u00f1o compacto<\/li>\n<li>Opci\u00f3n de uso de bobinas de diferentes tama\u00f1os y diferentes tipos de tejido<\/li>\n<li>Diferentes tipos de plegado (Z, C, W, V).<\/li>\n<li>Sistema de Alarma de Diagn\u00f3stico, panel de control t\u00e1ctil de f\u00e1cil uso por parte del usuario<\/li>\n<li>Funci\u00f3n de Acceso Remoto para comunicarse con Guvenpack y obtener ayuda remota y actualizaci\u00f3n de software<\/li>\n<\/ul>\n<p> <\/p>\n<p><strong>Construcci\u00f3n<\/strong><\/p>\n<ul>\n<li>L&#8217;ensemble du corps est en acier inoxydable 304L Cr-Ni.<\/li>\n<li>Les zones en contact avec les produits sont en acier inoxydable.<\/li>\n<li>Des roues robustes pour remplacer facilement la machine.<\/li>\n<li>Pieds r\u00e9glables r\u00e9sistants pour installer la machine de mani\u00e8re permanente.<\/li>\n<\/ul>\n<p> <\/p>\n<p><strong>Caract\u00e9ristiques Techniques<\/strong><\/p>\n<ul>\n<li>Panel de Control de Usuario M\u00f3vil<\/li>\n<li>Cintas de productos antibacterianos<\/li>\n<li>Puertas de seguridad con sistema de interbloqueo,<\/li>\n<li>Sistema de Alarma de Diagn\u00f3stico con Barra de Luces<\/li>\n<li>100 paquetes por minuto.<\/li>\n<li>10,000 wet wipes\/minuto,<\/li>\n<li>Ancho de los wet wipes; 60mm \u2013 120mm (plegado), 120mm \u2013 240mm (desplegado).<\/li>\n<li>Largo de los wet wipes; 60mm \u2013 220mm (se puede aumentar a pedido).<\/li>\n<li>20 bobinas cortadas<\/li>\n<li>Sistema de Corte de Bobina Jumbo (OPCIONAL)<\/li>\n<li>Controlado por Motor Servo<\/li>\n<li>Controlado por Movimiento<\/li>\n<li>Pantalla t\u00e1ctil de 7 pulgadas con panel de usuario a todo color de 16,7 millones de colores<\/li>\n<li>F\u00e1cil de cambiar el largo de los wet wipes.<\/li>\n<li>F\u00e1cil de cambiar la humedad de los wet wipes.<\/li>\n<li>F\u00e1cil de cambiar la longitud del paquete<\/li>\n<li>F\u00e1cil de cambiar el n\u00famero de piezas por paquete.<\/li>\n<li>Sistema de Aplicaci\u00f3n de Etiquetas<\/li>\n<li>Sistema de Troquelado<\/li>\n<li>Tejido no tejido de 10 a 120 g\/m\u00b2<\/li>\n<li>380 VAC \/ 50Hz 3 Phase + N, 3 KW<\/li>\n<li>Tension de contr\u00f4le de s\u00e9curit\u00e9 de 24 VCC<\/li>\n<li>Sistema de Comunicaci\u00f3n por Acceso Remoto a trav\u00e9s de Internet<\/li>\n<\/ul>\n<p> <\/p>\n<p><strong>Productos<\/strong><\/p>\n<ul>\n<li>Wet Wipes, Wet Tissue<\/li>\n<\/ul>\n\t\t\n<style>\n#text-1084746852 {\n  line-height: 1;\n}\n<\/style>\n\t<\/div>\n\t\n\n\t\t<\/div>\n\t\t\t\t\t<\/div>\n\n\t\n\n\t<div id=\"col-67019512\" class=\"col medium-4 small-12 large-4\"  >\n\t\t\t\t<div class=\"col-inner\"  >\n\t\t\t\n\t\t\t\n\n\n\t\t<\/div>\n\t\t\t\t\t<\/div>\n\n\t\n\n\t<div id=\"col-443978287\" class=\"col medium-4 small-12 large-4\"  >\n\t\t\t\t<div class=\"col-inner\"  >\n\t\t\t\n\t\t\t\n\n\n\t\t<\/div>\n\t\t\t\t\t<\/div>\n\n\t\n\n\t<div id=\"col-746739457\" class=\"col medium-4 small-12 large-4\"  >\n\t\t\t\t<div class=\"col-inner\"  >\n\t\t\t\n\t\t\t\n\n\n\t\t<\/div>\n\t\t\t\t\t<\/div>\n\n\t\n\n<\/div>\n\n","protected":false},"excerpt":{"rendered":"","protected":false},"author":1,"featured_media":1509,"parent":1626,"menu_order":0,"comment_status":"closed","ping_status":"closed","template":"page-blank.php","meta":{"footnotes":""},"class_list":["post-1682","page","type-page","status-publish","has-post-thumbnail","hentry"],"yoast_head":"<!-- This site is optimized with the Yoast SEO Premium plugin v26.1 (Yoast SEO v26.1) - https:\/\/yoast.com\/wordpress\/plugins\/seo\/ -->\n<title>GM 100FW M\u00e1quina de Wet Wipes - Guvenpack HFFS Flow Pack, Wet Wipes Machine<\/title>\n<meta name=\"description\" content=\"GM 100FW M\u00e1quina de Wet Wipes, L\u00ednea de Producci\u00f3n de Wet Wipes GM 100FW. M\u00e1quina de fabricaci\u00f3n de wet wipes completamente autom\u00e1tica.\" \/>\n<meta name=\"robots\" content=\"index, follow, max-snippet:-1, max-image-preview:large, max-video-preview:-1\" \/>\n<link rel=\"canonical\" href=\"https:\/\/www.guvenpack.com\/es\/maquinas\/toallitas-humedas\/gm-100fw\/\" \/>\n<meta property=\"og:locale\" content=\"es_ES\" \/>\n<meta property=\"og:type\" content=\"article\" \/>\n<meta property=\"og:title\" content=\"GM 100FW\" \/>\n<meta property=\"og:description\" content=\"GM 100FW M\u00e1quina de Wet Wipes, L\u00ednea de Producci\u00f3n de Wet Wipes GM 100FW. M\u00e1quina de fabricaci\u00f3n de wet wipes completamente autom\u00e1tica.\" \/>\n<meta property=\"og:url\" content=\"https:\/\/www.guvenpack.com\/es\/maquinas\/toallitas-humedas\/gm-100fw\/\" \/>\n<meta property=\"og:site_name\" content=\"Guvenpack HFFS Flow Pack, Wet Wipes Machine\" \/>\n<meta property=\"article:publisher\" content=\"https:\/\/www.facebook.com\/guvenpackconverting\" \/>\n<meta property=\"article:modified_time\" content=\"2023-10-03T10:47:16+00:00\" \/>\n<meta property=\"og:image\" content=\"https:\/\/www.guvenpack.com\/wp-content\/uploads\/2023\/07\/gm_100fw.webp\" \/>\n\t<meta property=\"og:image:width\" content=\"875\" \/>\n\t<meta property=\"og:image:height\" content=\"599\" \/>\n\t<meta property=\"og:image:type\" content=\"image\/webp\" \/>\n<meta name=\"twitter:card\" content=\"summary_large_image\" \/>\n<meta name=\"twitter:site\" content=\"@GuvenPack\" \/>\n<meta name=\"twitter:label1\" content=\"Tiempo de lectura\" \/>\n\t<meta name=\"twitter:data1\" content=\"3 minutos\" \/>\n<script type=\"application\/ld+json\" class=\"yoast-schema-graph\">{\"@context\":\"https:\/\/schema.org\",\"@graph\":[{\"@type\":\"WebPage\",\"@id\":\"https:\/\/www.guvenpack.com\/es\/maquinas\/toallitas-humedas\/gm-100fw\/\",\"url\":\"https:\/\/www.guvenpack.com\/es\/maquinas\/toallitas-humedas\/gm-100fw\/\",\"name\":\"GM 100FW M\u00e1quina de Wet Wipes - Guvenpack HFFS Flow Pack, Wet Wipes Machine\",\"isPartOf\":{\"@id\":\"https:\/\/www.guvenpack.com\/#website\"},\"primaryImageOfPage\":{\"@id\":\"https:\/\/www.guvenpack.com\/es\/maquinas\/toallitas-humedas\/gm-100fw\/#primaryimage\"},\"image\":{\"@id\":\"https:\/\/www.guvenpack.com\/es\/maquinas\/toallitas-humedas\/gm-100fw\/#primaryimage\"},\"thumbnailUrl\":\"https:\/\/www.guvenpack.com\/wp-content\/uploads\/2023\/07\/gm_100fw.webp\",\"datePublished\":\"2023-09-14T14:59:00+00:00\",\"dateModified\":\"2023-10-03T10:47:16+00:00\",\"description\":\"GM 100FW M\u00e1quina de Wet Wipes, L\u00ednea de Producci\u00f3n de Wet Wipes GM 100FW. M\u00e1quina de fabricaci\u00f3n de wet wipes completamente autom\u00e1tica.\",\"breadcrumb\":{\"@id\":\"https:\/\/www.guvenpack.com\/es\/maquinas\/toallitas-humedas\/gm-100fw\/#breadcrumb\"},\"inLanguage\":\"es\",\"potentialAction\":[{\"@type\":\"ReadAction\",\"target\":[\"https:\/\/www.guvenpack.com\/es\/maquinas\/toallitas-humedas\/gm-100fw\/\"]}]},{\"@type\":\"ImageObject\",\"inLanguage\":\"es\",\"@id\":\"https:\/\/www.guvenpack.com\/es\/maquinas\/toallitas-humedas\/gm-100fw\/#primaryimage\",\"url\":\"https:\/\/www.guvenpack.com\/wp-content\/uploads\/2023\/07\/gm_100fw.webp\",\"contentUrl\":\"https:\/\/www.guvenpack.com\/wp-content\/uploads\/2023\/07\/gm_100fw.webp\",\"width\":875,\"height\":599,\"caption\":\"GM 100FW M\u00e1quina de toallitas h\u00famedas\"},{\"@type\":\"BreadcrumbList\",\"@id\":\"https:\/\/www.guvenpack.com\/es\/maquinas\/toallitas-humedas\/gm-100fw\/#breadcrumb\",\"itemListElement\":[{\"@type\":\"ListItem\",\"position\":1,\"name\":\"Home\",\"item\":\"https:\/\/www.guvenpack.com\/es\/portada\/\"},{\"@type\":\"ListItem\",\"position\":2,\"name\":\"M\u00e1quinas\",\"item\":\"https:\/\/www.guvenpack.com\/es\/maquinas\/\"},{\"@type\":\"ListItem\",\"position\":3,\"name\":\"m\u00e1quina de Toallitas H\u00famedas\",\"item\":\"https:\/\/www.guvenpack.com\/es\/maquinas\/toallitas-humedas\/\"},{\"@type\":\"ListItem\",\"position\":4,\"name\":\"GM 100FW\"}]},{\"@type\":\"WebSite\",\"@id\":\"https:\/\/www.guvenpack.com\/#website\",\"url\":\"https:\/\/www.guvenpack.com\/\",\"name\":\"Guvenpack HFFS Flow Pack, Wet Wipes Machine\",\"description\":\"Manufacturer of HFFS Flow pack Packaging Machine, Wet Wipes Machine\",\"publisher\":{\"@id\":\"https:\/\/www.guvenpack.com\/#organization\"},\"potentialAction\":[{\"@type\":\"SearchAction\",\"target\":{\"@type\":\"EntryPoint\",\"urlTemplate\":\"https:\/\/www.guvenpack.com\/?s={search_term_string}\"},\"query-input\":{\"@type\":\"PropertyValueSpecification\",\"valueRequired\":true,\"valueName\":\"search_term_string\"}}],\"inLanguage\":\"es\"},{\"@type\":\"Organization\",\"@id\":\"https:\/\/www.guvenpack.com\/#organization\",\"name\":\"Guvenpack HFFS Flow Pack, Wet Wipes Machine\",\"url\":\"https:\/\/www.guvenpack.com\/\",\"logo\":{\"@type\":\"ImageObject\",\"inLanguage\":\"es\",\"@id\":\"https:\/\/www.guvenpack.com\/#\/schema\/logo\/image\/\",\"url\":\"https:\/\/www.guvenpack.com\/wp-content\/uploads\/2023\/07\/logo_fav.png\",\"contentUrl\":\"https:\/\/www.guvenpack.com\/wp-content\/uploads\/2023\/07\/logo_fav.png\",\"width\":676,\"height\":675,\"caption\":\"Guvenpack HFFS Flow Pack, Wet Wipes Machine\"},\"image\":{\"@id\":\"https:\/\/www.guvenpack.com\/#\/schema\/logo\/image\/\"},\"sameAs\":[\"https:\/\/www.facebook.com\/guvenpackconverting\",\"https:\/\/x.com\/GuvenPack\",\"https:\/\/www.instagram.com\/guvenpack\/\",\"https:\/\/www.linkedin.com\/company\/guvenpack\/\",\"https:\/\/www.youtube.com\/@guvenpack\"]}]}<\/script>\n<!-- \/ Yoast SEO Premium plugin. -->","yoast_head_json":{"title":"GM 100FW M\u00e1quina de Wet Wipes - Guvenpack HFFS Flow Pack, Wet Wipes Machine","description":"GM 100FW M\u00e1quina de Wet Wipes, L\u00ednea de Producci\u00f3n de Wet Wipes GM 100FW. M\u00e1quina de fabricaci\u00f3n de wet wipes completamente autom\u00e1tica.","robots":{"index":"index","follow":"follow","max-snippet":"max-snippet:-1","max-image-preview":"max-image-preview:large","max-video-preview":"max-video-preview:-1"},"canonical":"https:\/\/www.guvenpack.com\/es\/maquinas\/toallitas-humedas\/gm-100fw\/","og_locale":"es_ES","og_type":"article","og_title":"GM 100FW","og_description":"GM 100FW M\u00e1quina de Wet Wipes, L\u00ednea de Producci\u00f3n de Wet Wipes GM 100FW. M\u00e1quina de fabricaci\u00f3n de wet wipes completamente autom\u00e1tica.","og_url":"https:\/\/www.guvenpack.com\/es\/maquinas\/toallitas-humedas\/gm-100fw\/","og_site_name":"Guvenpack HFFS Flow Pack, Wet Wipes Machine","article_publisher":"https:\/\/www.facebook.com\/guvenpackconverting","article_modified_time":"2023-10-03T10:47:16+00:00","og_image":[{"width":875,"height":599,"url":"https:\/\/www.guvenpack.com\/wp-content\/uploads\/2023\/07\/gm_100fw.webp","type":"image\/webp"}],"twitter_card":"summary_large_image","twitter_site":"@GuvenPack","twitter_misc":{"Tiempo de lectura":"3 minutos"},"schema":{"@context":"https:\/\/schema.org","@graph":[{"@type":"WebPage","@id":"https:\/\/www.guvenpack.com\/es\/maquinas\/toallitas-humedas\/gm-100fw\/","url":"https:\/\/www.guvenpack.com\/es\/maquinas\/toallitas-humedas\/gm-100fw\/","name":"GM 100FW M\u00e1quina de Wet Wipes - Guvenpack HFFS Flow Pack, Wet Wipes Machine","isPartOf":{"@id":"https:\/\/www.guvenpack.com\/#website"},"primaryImageOfPage":{"@id":"https:\/\/www.guvenpack.com\/es\/maquinas\/toallitas-humedas\/gm-100fw\/#primaryimage"},"image":{"@id":"https:\/\/www.guvenpack.com\/es\/maquinas\/toallitas-humedas\/gm-100fw\/#primaryimage"},"thumbnailUrl":"https:\/\/www.guvenpack.com\/wp-content\/uploads\/2023\/07\/gm_100fw.webp","datePublished":"2023-09-14T14:59:00+00:00","dateModified":"2023-10-03T10:47:16+00:00","description":"GM 100FW M\u00e1quina de Wet Wipes, L\u00ednea de Producci\u00f3n de Wet Wipes GM 100FW. M\u00e1quina de fabricaci\u00f3n de wet wipes completamente autom\u00e1tica.","breadcrumb":{"@id":"https:\/\/www.guvenpack.com\/es\/maquinas\/toallitas-humedas\/gm-100fw\/#breadcrumb"},"inLanguage":"es","potentialAction":[{"@type":"ReadAction","target":["https:\/\/www.guvenpack.com\/es\/maquinas\/toallitas-humedas\/gm-100fw\/"]}]},{"@type":"ImageObject","inLanguage":"es","@id":"https:\/\/www.guvenpack.com\/es\/maquinas\/toallitas-humedas\/gm-100fw\/#primaryimage","url":"https:\/\/www.guvenpack.com\/wp-content\/uploads\/2023\/07\/gm_100fw.webp","contentUrl":"https:\/\/www.guvenpack.com\/wp-content\/uploads\/2023\/07\/gm_100fw.webp","width":875,"height":599,"caption":"GM 100FW M\u00e1quina de toallitas h\u00famedas"},{"@type":"BreadcrumbList","@id":"https:\/\/www.guvenpack.com\/es\/maquinas\/toallitas-humedas\/gm-100fw\/#breadcrumb","itemListElement":[{"@type":"ListItem","position":1,"name":"Home","item":"https:\/\/www.guvenpack.com\/es\/portada\/"},{"@type":"ListItem","position":2,"name":"M\u00e1quinas","item":"https:\/\/www.guvenpack.com\/es\/maquinas\/"},{"@type":"ListItem","position":3,"name":"m\u00e1quina de Toallitas H\u00famedas","item":"https:\/\/www.guvenpack.com\/es\/maquinas\/toallitas-humedas\/"},{"@type":"ListItem","position":4,"name":"GM 100FW"}]},{"@type":"WebSite","@id":"https:\/\/www.guvenpack.com\/#website","url":"https:\/\/www.guvenpack.com\/","name":"Guvenpack HFFS Flow Pack, Wet Wipes Machine","description":"Manufacturer of HFFS Flow pack Packaging Machine, Wet Wipes Machine","publisher":{"@id":"https:\/\/www.guvenpack.com\/#organization"},"potentialAction":[{"@type":"SearchAction","target":{"@type":"EntryPoint","urlTemplate":"https:\/\/www.guvenpack.com\/?s={search_term_string}"},"query-input":{"@type":"PropertyValueSpecification","valueRequired":true,"valueName":"search_term_string"}}],"inLanguage":"es"},{"@type":"Organization","@id":"https:\/\/www.guvenpack.com\/#organization","name":"Guvenpack HFFS Flow Pack, Wet Wipes Machine","url":"https:\/\/www.guvenpack.com\/","logo":{"@type":"ImageObject","inLanguage":"es","@id":"https:\/\/www.guvenpack.com\/#\/schema\/logo\/image\/","url":"https:\/\/www.guvenpack.com\/wp-content\/uploads\/2023\/07\/logo_fav.png","contentUrl":"https:\/\/www.guvenpack.com\/wp-content\/uploads\/2023\/07\/logo_fav.png","width":676,"height":675,"caption":"Guvenpack HFFS Flow Pack, Wet Wipes Machine"},"image":{"@id":"https:\/\/www.guvenpack.com\/#\/schema\/logo\/image\/"},"sameAs":["https:\/\/www.facebook.com\/guvenpackconverting","https:\/\/x.com\/GuvenPack","https:\/\/www.instagram.com\/guvenpack\/","https:\/\/www.linkedin.com\/company\/guvenpack\/","https:\/\/www.youtube.com\/@guvenpack"]}]}},"_links":{"self":[{"href":"https:\/\/www.guvenpack.com\/es\/wp-json\/wp\/v2\/pages\/1682","targetHints":{"allow":["GET"]}}],"collection":[{"href":"https:\/\/www.guvenpack.com\/es\/wp-json\/wp\/v2\/pages"}],"about":[{"href":"https:\/\/www.guvenpack.com\/es\/wp-json\/wp\/v2\/types\/page"}],"author":[{"embeddable":true,"href":"https:\/\/www.guvenpack.com\/es\/wp-json\/wp\/v2\/users\/1"}],"replies":[{"embeddable":true,"href":"https:\/\/www.guvenpack.com\/es\/wp-json\/wp\/v2\/comments?post=1682"}],"version-history":[{"count":2,"href":"https:\/\/www.guvenpack.com\/es\/wp-json\/wp\/v2\/pages\/1682\/revisions"}],"predecessor-version":[{"id":2164,"href":"https:\/\/www.guvenpack.com\/es\/wp-json\/wp\/v2\/pages\/1682\/revisions\/2164"}],"up":[{"embeddable":true,"href":"https:\/\/www.guvenpack.com\/es\/wp-json\/wp\/v2\/pages\/1626"}],"wp:featuredmedia":[{"embeddable":true,"href":"https:\/\/www.guvenpack.com\/es\/wp-json\/wp\/v2\/media\/1509"}],"wp:attachment":[{"href":"https:\/\/www.guvenpack.com\/es\/wp-json\/wp\/v2\/media?parent=1682"}],"curies":[{"name":"wp","href":"https:\/\/api.w.org\/{rel}","templated":true}]}}