{"id":1677,"date":"2023-09-14T14:25:21","date_gmt":"2023-09-14T14:25:21","guid":{"rendered":"https:\/\/www.guvenpack.com\/maquinas\/hffs-flowpack\/gm-33fs\/"},"modified":"2025-07-10T14:39:13","modified_gmt":"2025-07-10T14:39:13","slug":"gm-33fs","status":"publish","type":"page","link":"https:\/\/www.guvenpack.com\/es\/maquinas\/hffs-flowpack\/gm-33fs\/","title":{"rendered":"GM 33FS"},"content":{"rendered":"\n\n  <div class=\"banner has-hover\" id=\"banner-1692983933\">\n          <div class=\"banner-inner fill\">\n        <div class=\"banner-bg fill\" >\n                                    <div class=\"overlay\"><\/div>            \n                    <\/div>\n\t\t\n        <div class=\"banner-layers container\">\n            <div class=\"fill banner-link\"><\/div>            \n\n\t<div class=\"img has-hover x50 md-x50 lg-x50 y0 md-y0 lg-y0\" id=\"image_2075524193\">\n\t\t\t\t\t\t\t\t<div class=\"img-inner dark\" >\n\t\t\t<img loading=\"lazy\" decoding=\"async\" width=\"1056\" height=\"599\" src=\"https:\/\/www.guvenpack.com\/wp-content\/uploads\/2023\/07\/gm_33fs.webp\" class=\"attachment-original size-original\" alt=\"GM 33FS Horizontal Packaging Machine Flowpack\" srcset=\"https:\/\/www.guvenpack.com\/wp-content\/uploads\/2023\/07\/gm_33fs.webp 1056w, https:\/\/www.guvenpack.com\/wp-content\/uploads\/2023\/07\/gm_33fs-705x400.webp 705w, https:\/\/www.guvenpack.com\/wp-content\/uploads\/2023\/07\/gm_33fs-768x436.webp 768w\" sizes=\"auto, (max-width: 1056px) 100vw, 1056px\" \/>\t\t\t\t\t\t\n\t\t\t\t\t<\/div>\n\t\t\t\t\t\t\t\t\n<style>\n#image_2075524193 {\n  width: 65%;\n}\n<\/style>\n\t<\/div>\n\t\n\n   <div id=\"text-box-615168932\" class=\"text-box banner-layer x0 md-x0 lg-x0 y100 md-y100 lg-y100 res-text\">\n                                <div class=\"text-box-content text dark\">\n              \n              <div class=\"text-inner text-center\">\n                  \n\n\t<div id=\"text-2284274508\" class=\"text\">\n\t\t\n\n<h1 class=\"uppercase\"><span style=\"font-size: 60%;\"><strong>GM 33FS<br>M\u00e1quina Flowpack GM 33FS con Sellado de Movimiento Rotativo<\/strong><\/span><\/h1>\n\t\t\n<style>\n#text-2284274508 {\n  font-size: 0.75rem;\n  text-align: left;\n  color: rgb(0, 0, 0);\n}\n#text-2284274508 > * {\n  color: rgb(0, 0, 0);\n}\n<\/style>\n\t<\/div>\n\t\n\n              <\/div>\n           <\/div>\n                            \n<style>\n#text-box-615168932 {\n  width: 60%;\n}\n#text-box-615168932 .text-box-content {\n  font-size: 100%;\n}\n@media (min-width:550px) {\n  #text-box-615168932 {\n    width: 49%;\n  }\n}\n<\/style>\n    <\/div>\n \n\n        <\/div>\n      <\/div>\n\n            \n<style>\n#banner-1692983933 {\n  padding-top: 400px;\n  background-color: rgb(255, 255, 255);\n}\n#banner-1692983933 .overlay {\n  background-color: rgba(255, 255, 255, 0.2);\n}\n<\/style>\n  <\/div>\n\n\n<div class=\"row\"  id=\"row-1681984877\">\n\n\n\t<div id=\"col-472461337\" class=\"col hide-for-medium medium-2 small-12 large-2\"  >\n\t\t\t\t<div class=\"col-inner\"  >\n\t\t\t\n\t\t\t\n\n<ul class=\"sidebar-wrapper ul-reset\">Horizontal Packaging Machine Flowpack\t\t\t<div class=\"textwidget\"><\/div>\n\t\t<div class=\"menu-machines-flowpacksp-container\"><ul id=\"menu-machines-flowpacksp\" class=\"menu\"><li id=\"menu-item-1915\" class=\"menu-item menu-item-type-post_type menu-item-object-page menu-item-1915\"><a href=\"https:\/\/www.guvenpack.com\/es\/maquinas\/hffs-flowpack\/gm-mini\/\">GM Mini<\/a><\/li>\n<li id=\"menu-item-1908\" class=\"menu-item menu-item-type-post_type menu-item-object-page menu-item-1908\"><a href=\"https:\/\/www.guvenpack.com\/es\/maquinas\/hffs-flowpack\/gm-10f\/\">GM 10F<\/a><\/li>\n<li id=\"menu-item-1909\" class=\"menu-item menu-item-type-post_type menu-item-object-page menu-item-1909\"><a href=\"https:\/\/www.guvenpack.com\/es\/maquinas\/hffs-flowpack\/gm-30fs\/\">GM 30FS<\/a><\/li>\n<li id=\"menu-item-1911\" class=\"menu-item menu-item-type-post_type menu-item-object-page menu-item-1911\"><a href=\"https:\/\/www.guvenpack.com\/es\/maquinas\/hffs-flowpack\/gm-30fu\/\">GM 30FU<\/a><\/li>\n<li id=\"menu-item-1910\" class=\"menu-item menu-item-type-post_type menu-item-object-page menu-item-1910\"><a href=\"https:\/\/www.guvenpack.com\/es\/maquinas\/hffs-flowpack\/gm-30fsu\/\">GM 30FSU<\/a><\/li>\n<li id=\"menu-item-1912\" class=\"menu-item menu-item-type-post_type menu-item-object-page menu-item-1912\"><a href=\"https:\/\/www.guvenpack.com\/es\/maquinas\/hffs-flowpack\/gm-33fs\/\">GM 33FS<\/a><\/li>\n<li id=\"menu-item-1913\" class=\"menu-item menu-item-type-post_type menu-item-object-page menu-item-1913\"><a href=\"https:\/\/www.guvenpack.com\/es\/maquinas\/hffs-flowpack\/gm-33fsu\/\">GM 33FSU<\/a><\/li>\n<li id=\"menu-item-1914\" class=\"menu-item menu-item-type-post_type menu-item-object-page menu-item-1914\"><a href=\"https:\/\/www.guvenpack.com\/es\/maquinas\/hffs-flowpack\/gm-40fs\/\">GM 40FS<\/a><\/li>\n<li id=\"menu-item-1903\" class=\"menu-item menu-item-type-post_type menu-item-object-page menu-item-1903\"><a href=\"https:\/\/www.guvenpack.com\/es\/maquinas\/hffs-flowpack\/gm-100fs\/\">GM 100FS<\/a><\/li>\n<li id=\"menu-item-1904\" class=\"menu-item menu-item-type-post_type menu-item-object-page menu-item-1904\"><a href=\"https:\/\/www.guvenpack.com\/es\/maquinas\/hffs-flowpack\/gm-100fsu\/\">GM 100FSU<\/a><\/li>\n<li id=\"menu-item-1905\" class=\"menu-item menu-item-type-post_type menu-item-object-page menu-item-1905\"><a href=\"https:\/\/www.guvenpack.com\/es\/maquinas\/hffs-flowpack\/gm-100fsu-pe\/\">GM 100FSU-PE<\/a><\/li>\n<li id=\"menu-item-1906\" class=\"menu-item menu-item-type-post_type menu-item-object-page menu-item-1906\"><a href=\"https:\/\/www.guvenpack.com\/es\/maquinas\/hffs-flowpack\/gm-102fs\/\">GM 102FS<\/a><\/li>\n<li id=\"menu-item-1907\" class=\"menu-item menu-item-type-post_type menu-item-object-page menu-item-1907\"><a href=\"https:\/\/www.guvenpack.com\/es\/maquinas\/hffs-flowpack\/gm-103fs\/\">GM 103FS<\/a><\/li>\n<\/ul><\/div>Wet Wipes Machines\t\t\t<div class=\"textwidget\"><\/div>\n\t\t<div class=\"menu-machine-wetwipessp-container\"><ul id=\"menu-machine-wetwipessp\" class=\"menu\"><li id=\"menu-item-1901\" class=\"menu-item menu-item-type-post_type menu-item-object-page menu-item-1901\"><a href=\"https:\/\/www.guvenpack.com\/es\/maquinas\/toallitas-humedas\/gm-100w\/\">GM 100W<\/a><\/li>\n<li id=\"menu-item-1902\" class=\"menu-item menu-item-type-post_type menu-item-object-page menu-item-1902\"><a href=\"https:\/\/www.guvenpack.com\/es\/maquinas\/toallitas-humedas\/gm-100fw\/\">GM 100FW<\/a><\/li>\n<li id=\"menu-item-1899\" class=\"menu-item menu-item-type-post_type menu-item-object-page menu-item-1899\"><a href=\"https:\/\/www.guvenpack.com\/es\/maquinas\/toallitas-humedas\/gm-101w\/\">GM 101W<\/a><\/li>\n<li id=\"menu-item-1900\" class=\"menu-item menu-item-type-post_type menu-item-object-page menu-item-1900\"><a href=\"https:\/\/www.guvenpack.com\/es\/maquinas\/toallitas-humedas\/gm-101fw\/\">GM 101FW<\/a><\/li>\n<\/ul><\/div>Lids Machine\t\t\t<div class=\"textwidget\"><\/div>\n\t\t<div class=\"menu-machine-lidsmachinesp-container\"><ul id=\"menu-machine-lidsmachinesp\" class=\"menu\"><li id=\"menu-item-1898\" class=\"menu-item menu-item-type-post_type menu-item-object-page menu-item-1898\"><a href=\"https:\/\/www.guvenpack.com\/es\/maquinas\/maquina-de-tapas\/gm-02\/\">GM 02<\/a><\/li>\n<\/ul><\/div><\/ul>\n\n\n\t\t<\/div>\n\t\t\t\t\t<\/div>\n\n\t\n\n\t<div id=\"col-1652439146\" class=\"col medium-10 small-12 large-10\"  >\n\t\t\t\t<div class=\"col-inner\"  >\n\t\t\t\n\t\t\t\n\n\t<div id=\"text-3935575154\" class=\"text\">\n\t\t\n\n<h2><span style=\"font-size: 75%;\">Presentamos la M\u00e1quina Flowpack GM 33FS con Sellado de Movimiento Rotativo.<\/span><\/h2>\n<p><strong>GM 33FS<\/strong> es f\u00e1cil de usar con un crimper servo controlado por movimiento, funci\u00f3n de seguimiento por fotoc\u00e9lula y un dise\u00f1o simple de M\u00e1quina de Empaque Flowpack HFFS. Posible de usar con pel\u00edcula transparente, pel\u00edcula impresa continua y pel\u00edcula impresa con fotoc\u00e9lula. Velocidad de empaque de hasta 250 paquetes por minuto. Adecuada para empacar pasteles, muffins, chocolates, barquillos, helados, jabones, etc.<\/p>\n<ul>\n<li>Dise\u00f1o compacto y tecnol\u00f3gico<\/li>\n<li>Capaz de utilizar diferentes variedades de productos y materia prima<\/li>\n<li>Crimper servo controlado por movimiento<\/li>\n<\/ul>\n<p> <\/p>\n<p><strong>Construcci\u00f3n<\/strong><\/p>\n<ul>\n<li>Cuerpo pintado electrost\u00e1ticamente. Las \u00e1reas que entran en contacto con los productos antes del empaque son de acero inoxidable Cr-Ni.<\/li>\n<li>Les zones en contact avec les produits sont en acier inoxydable.<\/li>\n<li>Des roues robustes pour remplacer facilement la machine.<\/li>\n<li>Pieds r\u00e9glables r\u00e9sistants pour installer la machine de mani\u00e8re permanente.<\/li>\n<\/ul>\n<p> <\/p>\n<p> <\/p>\n<p><strong>Caract\u00e9ristiques Techniques<\/strong><\/p>\n<ul>\n<li>250 paquetes\/minuto<\/li>\n<li>Puertas de seguridad con sistema de interbloqueo<\/li>\n<li>Controlado por Motor de 3 Ejes<\/li>\n<li>Controlado por PLC<\/li>\n<li>Panel de Control de Usuario T\u00e1ctil a Color de 7 Pulgadas con 16,7 Millones de Colores<\/li>\n<li>Crimper servo controlado por movimiento<\/li>\n<li>Sistema de seguimiento por fotoc\u00e9lula<\/li>\n<li>F\u00e1cil de cambiar el tama\u00f1o de la materia prima<\/li>\n<li>Sistema de Corte de Movimiento Rotativo<\/li>\n<li>Ajuste continuo de la longitud de empaque<\/li>\n<li>Ajuste continuo de la velocidad del cortador rotativo<\/li>\n<li>Velocidad de la m\u00e1quina controlada por controlador de motor de CA<\/li>\n<li>Caja Plegable Ajustable<\/li>\n<li>F\u00e1cil de cambiar el empujador de producto<\/li>\n<li>Sistema de disco de sellado inferior con 3 juegos<\/li>\n<li>Cortador rotativo de seguridad por sobrecarga.<\/li>\n<li>Sistema de calefacci\u00f3n controlado por PID<\/li>\n<li>Transportador de Alimentaci\u00f3n de Producto<\/li>\n<li>220 VAC \/ 50Hz 1 Phase + N, 2,5 KW<\/li>\n<li>Tension de contr\u00f4le de s\u00e9curit\u00e9 de 24 VCC<\/li>\n<\/ul>\n<p> <\/p>\n<p><strong>Opcional<\/strong><\/p>\n<ul>\n<li>Impresora de Fecha<\/li>\n<li>Cuerpo completo de Cr-Ni<\/li>\n<li>Sistema de Envasado con Inyecci\u00f3n de Gas (MAP)<\/li>\n<\/ul>\n<p> <\/p>\n<p><strong>Producto a Empaquetar<\/strong><\/p>\n<ul>\n<li>Empaque de barquillos, empaque de chocolates, empaque de muffins, empaque de pasteles, empaque de jabones, empaque de helados.<\/li>\n<\/ul>\n<p> <\/p>\n\t\t\n<style>\n#text-3935575154 {\n  line-height: 1;\n}\n<\/style>\n\t<\/div>\n\t\n\n\t\t<\/div>\n\t\t\t\t\t<\/div>\n\n\t\n\n\t<div id=\"col-56506112\" class=\"col medium-4 small-12 large-4\"  >\n\t\t\t\t<div class=\"col-inner\"  >\n\t\t\t\n\t\t\t\n\n\n\t\t<\/div>\n\t\t\t\t\t<\/div>\n\n\t\n\n\t<div id=\"col-1449647440\" class=\"col medium-4 small-12 large-4\"  >\n\t\t\t\t<div class=\"col-inner\"  >\n\t\t\t\n\t\t\t\n\n\n\t\t<\/div>\n\t\t\t\t\t<\/div>\n\n\t\n\n\t<div id=\"col-916625581\" class=\"col medium-4 small-12 large-4\"  >\n\t\t\t\t<div class=\"col-inner\"  >\n\t\t\t\n\t\t\t\n\n\n\t\t<\/div>\n\t\t\t\t\t<\/div>\n\n\t\n\n<\/div>\n\n","protected":false},"excerpt":{"rendered":"","protected":false},"author":1,"featured_media":1505,"parent":1624,"menu_order":0,"comment_status":"closed","ping_status":"closed","template":"page-blank.php","meta":{"footnotes":""},"class_list":["post-1677","page","type-page","status-publish","has-post-thumbnail","hentry"],"yoast_head":"<!-- This site is optimized with the Yoast SEO Premium plugin v26.1 (Yoast SEO v26.1) - https:\/\/yoast.com\/wordpress\/plugins\/seo\/ -->\n<title>GM 33FS M\u00e1quina de Empaque Flowpack<\/title>\n<meta name=\"description\" content=\"GM 33FS M\u00e1quina Flowpack con Motor de 3 Ejes, GM 33FS M\u00e1quina de Empaque Flowpack con Motor de 3 Ejes, GM 33FS M\u00e1quina Flow Wrapper.\" \/>\n<meta name=\"robots\" content=\"index, follow, max-snippet:-1, max-image-preview:large, max-video-preview:-1\" \/>\n<link rel=\"canonical\" href=\"https:\/\/www.guvenpack.com\/es\/maquinas\/hffs-flowpack\/gm-33fs\/\" \/>\n<meta property=\"og:locale\" content=\"es_ES\" \/>\n<meta property=\"og:type\" content=\"article\" \/>\n<meta property=\"og:title\" content=\"GM 33FS\" \/>\n<meta property=\"og:description\" content=\"GM 33FS M\u00e1quina Flowpack con Motor de 3 Ejes, GM 33FS M\u00e1quina de Empaque Flowpack con Motor de 3 Ejes, GM 33FS M\u00e1quina Flow Wrapper.\" \/>\n<meta property=\"og:url\" content=\"https:\/\/www.guvenpack.com\/es\/maquinas\/hffs-flowpack\/gm-33fs\/\" \/>\n<meta property=\"og:site_name\" content=\"Guvenpack HFFS Flow Pack, Wet Wipes Machine\" \/>\n<meta property=\"article:publisher\" content=\"https:\/\/www.facebook.com\/guvenpackconverting\" \/>\n<meta property=\"article:modified_time\" content=\"2025-07-10T14:39:13+00:00\" \/>\n<meta property=\"og:image\" content=\"https:\/\/www.guvenpack.com\/wp-content\/uploads\/2023\/07\/gm_33fs.webp\" \/>\n\t<meta property=\"og:image:width\" content=\"1056\" \/>\n\t<meta property=\"og:image:height\" content=\"599\" \/>\n\t<meta property=\"og:image:type\" content=\"image\/webp\" \/>\n<meta name=\"twitter:card\" content=\"summary_large_image\" \/>\n<meta name=\"twitter:site\" content=\"@GuvenPack\" \/>\n<meta name=\"twitter:label1\" content=\"Tiempo de lectura\" \/>\n\t<meta name=\"twitter:data1\" content=\"2 minutos\" \/>\n<script type=\"application\/ld+json\" class=\"yoast-schema-graph\">{\"@context\":\"https:\/\/schema.org\",\"@graph\":[{\"@type\":\"WebPage\",\"@id\":\"https:\/\/www.guvenpack.com\/es\/maquinas\/hffs-flowpack\/gm-33fs\/\",\"url\":\"https:\/\/www.guvenpack.com\/es\/maquinas\/hffs-flowpack\/gm-33fs\/\",\"name\":\"GM 33FS M\u00e1quina de Empaque Flowpack\",\"isPartOf\":{\"@id\":\"https:\/\/www.guvenpack.com\/#website\"},\"primaryImageOfPage\":{\"@id\":\"https:\/\/www.guvenpack.com\/es\/maquinas\/hffs-flowpack\/gm-33fs\/#primaryimage\"},\"image\":{\"@id\":\"https:\/\/www.guvenpack.com\/es\/maquinas\/hffs-flowpack\/gm-33fs\/#primaryimage\"},\"thumbnailUrl\":\"https:\/\/www.guvenpack.com\/wp-content\/uploads\/2023\/07\/gm_33fs.webp\",\"datePublished\":\"2023-09-14T14:25:21+00:00\",\"dateModified\":\"2025-07-10T14:39:13+00:00\",\"description\":\"GM 33FS M\u00e1quina Flowpack con Motor de 3 Ejes, GM 33FS M\u00e1quina de Empaque Flowpack con Motor de 3 Ejes, GM 33FS M\u00e1quina Flow Wrapper.\",\"breadcrumb\":{\"@id\":\"https:\/\/www.guvenpack.com\/es\/maquinas\/hffs-flowpack\/gm-33fs\/#breadcrumb\"},\"inLanguage\":\"es\",\"potentialAction\":[{\"@type\":\"ReadAction\",\"target\":[\"https:\/\/www.guvenpack.com\/es\/maquinas\/hffs-flowpack\/gm-33fs\/\"]}]},{\"@type\":\"ImageObject\",\"inLanguage\":\"es\",\"@id\":\"https:\/\/www.guvenpack.com\/es\/maquinas\/hffs-flowpack\/gm-33fs\/#primaryimage\",\"url\":\"https:\/\/www.guvenpack.com\/wp-content\/uploads\/2023\/07\/gm_33fs.webp\",\"contentUrl\":\"https:\/\/www.guvenpack.com\/wp-content\/uploads\/2023\/07\/gm_33fs.webp\",\"width\":1056,\"height\":599,\"caption\":\"GM 33FS M\u00e1quina de envasado horizontal Flowpack.\"},{\"@type\":\"BreadcrumbList\",\"@id\":\"https:\/\/www.guvenpack.com\/es\/maquinas\/hffs-flowpack\/gm-33fs\/#breadcrumb\",\"itemListElement\":[{\"@type\":\"ListItem\",\"position\":1,\"name\":\"Home\",\"item\":\"https:\/\/www.guvenpack.com\/es\/portada\/\"},{\"@type\":\"ListItem\",\"position\":2,\"name\":\"M\u00e1quinas\",\"item\":\"https:\/\/www.guvenpack.com\/es\/maquinas\/\"},{\"@type\":\"ListItem\",\"position\":3,\"name\":\"M\u00e1quina de Empaque Horizontal Flowpack\",\"item\":\"https:\/\/www.guvenpack.com\/es\/maquinas\/hffs-flowpack\/\"},{\"@type\":\"ListItem\",\"position\":4,\"name\":\"GM 33FS\"}]},{\"@type\":\"WebSite\",\"@id\":\"https:\/\/www.guvenpack.com\/#website\",\"url\":\"https:\/\/www.guvenpack.com\/\",\"name\":\"Guvenpack HFFS Flow Pack, Wet Wipes Machine\",\"description\":\"Manufacturer of HFFS Flow pack Packaging Machine, Wet Wipes Machine\",\"publisher\":{\"@id\":\"https:\/\/www.guvenpack.com\/#organization\"},\"potentialAction\":[{\"@type\":\"SearchAction\",\"target\":{\"@type\":\"EntryPoint\",\"urlTemplate\":\"https:\/\/www.guvenpack.com\/?s={search_term_string}\"},\"query-input\":{\"@type\":\"PropertyValueSpecification\",\"valueRequired\":true,\"valueName\":\"search_term_string\"}}],\"inLanguage\":\"es\"},{\"@type\":\"Organization\",\"@id\":\"https:\/\/www.guvenpack.com\/#organization\",\"name\":\"Guvenpack HFFS Flow Pack, Wet Wipes Machine\",\"url\":\"https:\/\/www.guvenpack.com\/\",\"logo\":{\"@type\":\"ImageObject\",\"inLanguage\":\"es\",\"@id\":\"https:\/\/www.guvenpack.com\/#\/schema\/logo\/image\/\",\"url\":\"https:\/\/www.guvenpack.com\/wp-content\/uploads\/2023\/07\/logo_fav.png\",\"contentUrl\":\"https:\/\/www.guvenpack.com\/wp-content\/uploads\/2023\/07\/logo_fav.png\",\"width\":676,\"height\":675,\"caption\":\"Guvenpack HFFS Flow Pack, Wet Wipes Machine\"},\"image\":{\"@id\":\"https:\/\/www.guvenpack.com\/#\/schema\/logo\/image\/\"},\"sameAs\":[\"https:\/\/www.facebook.com\/guvenpackconverting\",\"https:\/\/x.com\/GuvenPack\",\"https:\/\/www.instagram.com\/guvenpack\/\",\"https:\/\/www.linkedin.com\/company\/guvenpack\/\",\"https:\/\/www.youtube.com\/@guvenpack\"]}]}<\/script>\n<!-- \/ Yoast SEO Premium plugin. -->","yoast_head_json":{"title":"GM 33FS M\u00e1quina de Empaque Flowpack","description":"GM 33FS M\u00e1quina Flowpack con Motor de 3 Ejes, GM 33FS M\u00e1quina de Empaque Flowpack con Motor de 3 Ejes, GM 33FS M\u00e1quina Flow Wrapper.","robots":{"index":"index","follow":"follow","max-snippet":"max-snippet:-1","max-image-preview":"max-image-preview:large","max-video-preview":"max-video-preview:-1"},"canonical":"https:\/\/www.guvenpack.com\/es\/maquinas\/hffs-flowpack\/gm-33fs\/","og_locale":"es_ES","og_type":"article","og_title":"GM 33FS","og_description":"GM 33FS M\u00e1quina Flowpack con Motor de 3 Ejes, GM 33FS M\u00e1quina de Empaque Flowpack con Motor de 3 Ejes, GM 33FS M\u00e1quina Flow Wrapper.","og_url":"https:\/\/www.guvenpack.com\/es\/maquinas\/hffs-flowpack\/gm-33fs\/","og_site_name":"Guvenpack HFFS Flow Pack, Wet Wipes Machine","article_publisher":"https:\/\/www.facebook.com\/guvenpackconverting","article_modified_time":"2025-07-10T14:39:13+00:00","og_image":[{"width":1056,"height":599,"url":"https:\/\/www.guvenpack.com\/wp-content\/uploads\/2023\/07\/gm_33fs.webp","type":"image\/webp"}],"twitter_card":"summary_large_image","twitter_site":"@GuvenPack","twitter_misc":{"Tiempo de lectura":"2 minutos"},"schema":{"@context":"https:\/\/schema.org","@graph":[{"@type":"WebPage","@id":"https:\/\/www.guvenpack.com\/es\/maquinas\/hffs-flowpack\/gm-33fs\/","url":"https:\/\/www.guvenpack.com\/es\/maquinas\/hffs-flowpack\/gm-33fs\/","name":"GM 33FS M\u00e1quina de Empaque Flowpack","isPartOf":{"@id":"https:\/\/www.guvenpack.com\/#website"},"primaryImageOfPage":{"@id":"https:\/\/www.guvenpack.com\/es\/maquinas\/hffs-flowpack\/gm-33fs\/#primaryimage"},"image":{"@id":"https:\/\/www.guvenpack.com\/es\/maquinas\/hffs-flowpack\/gm-33fs\/#primaryimage"},"thumbnailUrl":"https:\/\/www.guvenpack.com\/wp-content\/uploads\/2023\/07\/gm_33fs.webp","datePublished":"2023-09-14T14:25:21+00:00","dateModified":"2025-07-10T14:39:13+00:00","description":"GM 33FS M\u00e1quina Flowpack con Motor de 3 Ejes, GM 33FS M\u00e1quina de Empaque Flowpack con Motor de 3 Ejes, GM 33FS M\u00e1quina Flow Wrapper.","breadcrumb":{"@id":"https:\/\/www.guvenpack.com\/es\/maquinas\/hffs-flowpack\/gm-33fs\/#breadcrumb"},"inLanguage":"es","potentialAction":[{"@type":"ReadAction","target":["https:\/\/www.guvenpack.com\/es\/maquinas\/hffs-flowpack\/gm-33fs\/"]}]},{"@type":"ImageObject","inLanguage":"es","@id":"https:\/\/www.guvenpack.com\/es\/maquinas\/hffs-flowpack\/gm-33fs\/#primaryimage","url":"https:\/\/www.guvenpack.com\/wp-content\/uploads\/2023\/07\/gm_33fs.webp","contentUrl":"https:\/\/www.guvenpack.com\/wp-content\/uploads\/2023\/07\/gm_33fs.webp","width":1056,"height":599,"caption":"GM 33FS M\u00e1quina de envasado horizontal Flowpack."},{"@type":"BreadcrumbList","@id":"https:\/\/www.guvenpack.com\/es\/maquinas\/hffs-flowpack\/gm-33fs\/#breadcrumb","itemListElement":[{"@type":"ListItem","position":1,"name":"Home","item":"https:\/\/www.guvenpack.com\/es\/portada\/"},{"@type":"ListItem","position":2,"name":"M\u00e1quinas","item":"https:\/\/www.guvenpack.com\/es\/maquinas\/"},{"@type":"ListItem","position":3,"name":"M\u00e1quina de Empaque Horizontal Flowpack","item":"https:\/\/www.guvenpack.com\/es\/maquinas\/hffs-flowpack\/"},{"@type":"ListItem","position":4,"name":"GM 33FS"}]},{"@type":"WebSite","@id":"https:\/\/www.guvenpack.com\/#website","url":"https:\/\/www.guvenpack.com\/","name":"Guvenpack HFFS Flow Pack, Wet Wipes Machine","description":"Manufacturer of HFFS Flow pack Packaging Machine, Wet Wipes Machine","publisher":{"@id":"https:\/\/www.guvenpack.com\/#organization"},"potentialAction":[{"@type":"SearchAction","target":{"@type":"EntryPoint","urlTemplate":"https:\/\/www.guvenpack.com\/?s={search_term_string}"},"query-input":{"@type":"PropertyValueSpecification","valueRequired":true,"valueName":"search_term_string"}}],"inLanguage":"es"},{"@type":"Organization","@id":"https:\/\/www.guvenpack.com\/#organization","name":"Guvenpack HFFS Flow Pack, Wet Wipes Machine","url":"https:\/\/www.guvenpack.com\/","logo":{"@type":"ImageObject","inLanguage":"es","@id":"https:\/\/www.guvenpack.com\/#\/schema\/logo\/image\/","url":"https:\/\/www.guvenpack.com\/wp-content\/uploads\/2023\/07\/logo_fav.png","contentUrl":"https:\/\/www.guvenpack.com\/wp-content\/uploads\/2023\/07\/logo_fav.png","width":676,"height":675,"caption":"Guvenpack HFFS Flow Pack, Wet Wipes Machine"},"image":{"@id":"https:\/\/www.guvenpack.com\/#\/schema\/logo\/image\/"},"sameAs":["https:\/\/www.facebook.com\/guvenpackconverting","https:\/\/x.com\/GuvenPack","https:\/\/www.instagram.com\/guvenpack\/","https:\/\/www.linkedin.com\/company\/guvenpack\/","https:\/\/www.youtube.com\/@guvenpack"]}]}},"_links":{"self":[{"href":"https:\/\/www.guvenpack.com\/es\/wp-json\/wp\/v2\/pages\/1677","targetHints":{"allow":["GET"]}}],"collection":[{"href":"https:\/\/www.guvenpack.com\/es\/wp-json\/wp\/v2\/pages"}],"about":[{"href":"https:\/\/www.guvenpack.com\/es\/wp-json\/wp\/v2\/types\/page"}],"author":[{"embeddable":true,"href":"https:\/\/www.guvenpack.com\/es\/wp-json\/wp\/v2\/users\/1"}],"replies":[{"embeddable":true,"href":"https:\/\/www.guvenpack.com\/es\/wp-json\/wp\/v2\/comments?post=1677"}],"version-history":[{"count":3,"href":"https:\/\/www.guvenpack.com\/es\/wp-json\/wp\/v2\/pages\/1677\/revisions"}],"predecessor-version":[{"id":2448,"href":"https:\/\/www.guvenpack.com\/es\/wp-json\/wp\/v2\/pages\/1677\/revisions\/2448"}],"up":[{"embeddable":true,"href":"https:\/\/www.guvenpack.com\/es\/wp-json\/wp\/v2\/pages\/1624"}],"wp:featuredmedia":[{"embeddable":true,"href":"https:\/\/www.guvenpack.com\/es\/wp-json\/wp\/v2\/media\/1505"}],"wp:attachment":[{"href":"https:\/\/www.guvenpack.com\/es\/wp-json\/wp\/v2\/media?parent=1677"}],"curies":[{"name":"wp","href":"https:\/\/api.w.org\/{rel}","templated":true}]}}