{"id":1673,"date":"2023-09-14T14:08:17","date_gmt":"2023-09-14T14:08:17","guid":{"rendered":"https:\/\/www.guvenpack.com\/maquinas\/hffs-flowpack\/gm-30fs\/"},"modified":"2025-10-16T11:18:45","modified_gmt":"2025-10-16T11:18:45","slug":"gm-30fs","status":"publish","type":"page","link":"https:\/\/www.guvenpack.com\/es\/maquinas\/hffs-flowpack\/gm-30fs\/","title":{"rendered":"GM 30FS"},"content":{"rendered":"\n\n  <div class=\"banner has-hover is-full-height hide-for-medium\" id=\"banner-1243584748\">\n          <div class=\"banner-inner fill\">\n        <div class=\"banner-bg fill\" >\n            <img loading=\"lazy\" decoding=\"async\" width=\"1920\" height=\"1080\" src=\"https:\/\/www.guvenpack.com\/wp-content\/uploads\/2025\/10\/background_dekstop.webp\" class=\"bg attachment-original size-original\" alt=\"background_dekstop\" \/>                        <div class=\"overlay\"><\/div>            \n                    <\/div>\n\t\t\n        <div class=\"banner-layers container\">\n            <div class=\"fill banner-link\"><\/div>            \n\n\t<div class=\"img has-hover x50 md-x50 lg-x50 y15 md-y15 lg-y15\" id=\"image_381884293\">\n\t\t\t\t\t\t\t\t<div class=\"img-inner dark\" >\n\t\t\t<img loading=\"lazy\" decoding=\"async\" width=\"1178\" height=\"599\" src=\"https:\/\/www.guvenpack.com\/wp-content\/uploads\/2023\/07\/gm30fs_2.webp\" class=\"attachment-original size-original\" alt=\"GM 30FS Horizontal Packaging Machine Flowpack\" srcset=\"https:\/\/www.guvenpack.com\/wp-content\/uploads\/2023\/07\/gm30fs_2.webp 1178w, https:\/\/www.guvenpack.com\/wp-content\/uploads\/2023\/07\/gm30fs_2-787x400.webp 787w, https:\/\/www.guvenpack.com\/wp-content\/uploads\/2023\/07\/gm30fs_2-768x391.webp 768w\" sizes=\"auto, (max-width: 1178px) 100vw, 1178px\" \/>\t\t\t\t\t\t\n\t\t\t\t\t<\/div>\n\t\t\t\t\t\t\t\t\n<style>\n#image_381884293 {\n  width: 67%;\n}\n<\/style>\n\t<\/div>\n\t\n\n   <div id=\"text-box-308471892\" class=\"text-box banner-layer x50 md-x50 lg-x50 y0 md-y0 lg-y0 res-text\">\n                                <div class=\"text-box-content text dark\">\n              \n              <div class=\"text-inner text-center\">\n                  \n\n<div class=\"container section-title-container\" ><h1 class=\"section-title section-title-center\"><b><\/b><span class=\"section-title-main\" style=\"color:rgb(0, 0, 0);\">GM 30FS<\/span><b><\/b><\/h1><\/div>\n\n\n              <\/div>\n           <\/div>\n                            \n<style>\n#text-box-308471892 {\n  width: 60%;\n}\n#text-box-308471892 .text-box-content {\n  font-size: 100%;\n}\n@media (min-width:550px) {\n  #text-box-308471892 {\n    width: 49%;\n  }\n}\n<\/style>\n    <\/div>\n \n   <div id=\"text-box-138819016\" class=\"text-box banner-layer x0 md-x0 lg-x0 y70 md-y70 lg-y70 res-text\">\n                                <div class=\"text-box-content text dark\">\n              \n              <div class=\"text-inner text-center\">\n                  \n\n<div class=\"container section-title-container\" ><h4 class=\"section-title section-title-center\"><b><\/b><span class=\"section-title-main\" style=\"color:rgb(0, 0, 0);\">Flowpack Machine<\/span><b><\/b><\/h4><\/div>\n\n\n              <\/div>\n           <\/div>\n                            \n<style>\n#text-box-138819016 {\n  width: 60%;\n}\n#text-box-138819016 .text-box-content {\n  font-size: 100%;\n}\n@media (min-width:550px) {\n  #text-box-138819016 {\n    width: 64%;\n  }\n}\n<\/style>\n    <\/div>\n \n\n        <\/div>\n      <\/div>\n\n            \n<style>\n#banner-1243584748 {\n  padding-top: 100%;\n}\n#banner-1243584748 .overlay {\n  background-color: rgba(255, 255, 255, 0.2);\n}\n<\/style>\n  <\/div>\n\n\n\n  <div class=\"banner has-hover is-full-height show-for-medium\" id=\"banner-409602523\">\n          <div class=\"banner-inner fill\">\n        <div class=\"banner-bg fill\" >\n            <img loading=\"lazy\" decoding=\"async\" width=\"1080\" height=\"1920\" src=\"https:\/\/www.guvenpack.com\/wp-content\/uploads\/2025\/10\/background_mobile.webp\" class=\"bg attachment-original size-original\" alt=\"background_mobile\" \/>                        <div class=\"overlay\"><\/div>            \n                    <\/div>\n\t\t\n        <div class=\"banner-layers container\">\n            <div class=\"fill banner-link\"><\/div>            \n\n\t<div class=\"img has-hover x50 md-x50 lg-x50 y20 md-y15 lg-y15\" id=\"image_720957000\">\n\t\t\t\t\t\t\t\t<div class=\"img-inner dark\" >\n\t\t\t<img loading=\"lazy\" decoding=\"async\" width=\"1178\" height=\"599\" src=\"https:\/\/www.guvenpack.com\/wp-content\/uploads\/2023\/07\/gm30fs_2.webp\" class=\"attachment-original size-original\" alt=\"GM 30FS Horizontal Packaging Machine Flowpack\" srcset=\"https:\/\/www.guvenpack.com\/wp-content\/uploads\/2023\/07\/gm30fs_2.webp 1178w, https:\/\/www.guvenpack.com\/wp-content\/uploads\/2023\/07\/gm30fs_2-787x400.webp 787w, https:\/\/www.guvenpack.com\/wp-content\/uploads\/2023\/07\/gm30fs_2-768x391.webp 768w\" sizes=\"auto, (max-width: 1178px) 100vw, 1178px\" \/>\t\t\t\t\t\t\n\t\t\t\t\t<\/div>\n\t\t\t\t\t\t\t\t\n<style>\n#image_720957000 {\n  width: 100%;\n}\n@media (min-width:550px) {\n  #image_720957000 {\n    width: 67%;\n  }\n}\n<\/style>\n\t<\/div>\n\t\n\n   <div id=\"text-box-1861557032\" class=\"text-box banner-layer x50 md-x50 lg-x50 y0 md-y0 lg-y0 res-text\">\n                                <div class=\"text-box-content text dark\">\n              \n              <div class=\"text-inner text-center\">\n                  \n\n<div class=\"container section-title-container\" ><h1 class=\"section-title section-title-center\"><b><\/b><span class=\"section-title-main\" style=\"color:rgb(0, 0, 0);\">GM 30FS<\/span><b><\/b><\/h1><\/div>\n\n\n              <\/div>\n           <\/div>\n                            \n<style>\n#text-box-1861557032 {\n  width: 100%;\n}\n#text-box-1861557032 .text-box-content {\n  font-size: 100%;\n}\n@media (min-width:550px) {\n  #text-box-1861557032 {\n    width: 49%;\n  }\n}\n<\/style>\n    <\/div>\n \n   <div id=\"text-box-951461343\" class=\"text-box banner-layer x0 md-x0 lg-x0 y70 md-y70 lg-y70 res-text\">\n                                <div class=\"text-box-content text dark\">\n              \n              <div class=\"text-inner text-left\">\n                  \n\n<div class=\"container section-title-container\" ><h4 class=\"section-title section-title-normal\"><b><\/b><span class=\"section-title-main\" style=\"color:rgb(0, 0, 0);\">Flowpack Machine<\/span><b><\/b><\/h4><\/div>\n\n\n              <\/div>\n           <\/div>\n                            \n<style>\n#text-box-951461343 {\n  width: 100%;\n}\n#text-box-951461343 .text-box-content {\n  font-size: 100%;\n}\n@media (min-width:550px) {\n  #text-box-951461343 {\n    width: 64%;\n  }\n}\n<\/style>\n    <\/div>\n \n\n        <\/div>\n      <\/div>\n\n            \n<style>\n#banner-409602523 {\n  padding-top: 100%;\n}\n#banner-409602523 .overlay {\n  background-color: rgba(255, 255, 255, 0.2);\n}\n<\/style>\n  <\/div>\n\n\n<div class=\"row\"  id=\"row-92702799\">\n\n\n\n\t<div id=\"col-1084640219\" class=\"col small-12 large-12\"  >\n\t\t\t\t<div class=\"col-inner\"  >\n\t\t\t\n\t\t\t\n\n\t<div id=\"text-3055898496\" class=\"text\">\n\t\t\n\n<h2><span style=\"font-size: 75%;\">Introduciendo la M\u00e1quina Flowpack GM 30FS.<\/span><\/h2>\n<p><strong>GM 30FS<\/strong> es f\u00e1cil de usar, con funci\u00f3n de seguimiento por fotoc\u00e9lula y dise\u00f1o simple de M\u00e1quina de Empaque Flowpack HFFS. Posible de usar con pel\u00edcula transparente, pel\u00edcula impresa continua y pel\u00edcula impresa con fotoc\u00e9lula. Velocidad de empaque de hasta 250 paquetes por minuto. Adecuada para empacar pasteles, muffins, chocolates, barquillos, helados, jabones, etc.<\/p>\n<ul>\n<li>Dise\u00f1o compacto y tecnol\u00f3gico<\/li>\n<li>Capaz de utilizar diferentes variedades de productos y materia prima<\/li>\n<\/ul>\n<p> <\/p>\n<p><strong>Construcci\u00f3n<\/strong><\/p>\n<ul>\n<li>Cuerpo pintado electrost\u00e1ticamente. Las \u00e1reas que entran en contacto con los productos antes del empaque son de acero inoxidable Cr-Ni.<\/li>\n<li>Les zones en contact avec les produits sont en acier inoxydable.<\/li>\n<li>Des roues robustes pour remplacer facilement la machine.<\/li>\n<li>Pieds r\u00e9glables r\u00e9sistants pour installer la machine de mani\u00e8re permanente.<\/li>\n<\/ul>\n<p> <\/p>\n<p> <\/p>\n<p><strong>Caract\u00e9ristiques Techniques<\/strong><\/p>\n<ul>\n<li>250 paquetes\/minuto<\/li>\n<li>Puertas de seguridad con sistema de interbloqueo<\/li>\n<li>Controlado por Motor de 2 Ejes<\/li>\n<li>Controlado por PLC<\/li>\n<li>Panel de Control de Usuario T\u00e1ctil a Color de 7 Pulgadas con 16,7 Millones de Colores<\/li>\n<li>Sistema de seguimiento por fotoc\u00e9lula<\/li>\n<li>F\u00e1cil de cambiar el tama\u00f1o de la materia prima<\/li>\n<li>Sistema de Corte de Movimiento Rotativo<\/li>\n<li>Ajuste continuo de la longitud de empaque<\/li>\n<li>Ajuste continuo de la velocidad del cortador rotativo<\/li>\n<li>Velocidad de la m\u00e1quina controlada por controlador de motor de CA<\/li>\n<li>Caja Plegable Ajustable<\/li>\n<li>F\u00e1cil de cambiar el empujador de producto<\/li>\n<li>Sistema de disco de sellado inferior con 3 juegos<\/li>\n<li>Cortador rotativo de seguridad por sobrecarga.<\/li>\n<li>Sistema de calefacci\u00f3n controlado por PID<\/li>\n<li>Transportador de Alimentaci\u00f3n de Producto<\/li>\n<li>220 VAC \/ 50Hz 1 Phase + N, 2,5 KW<\/li>\n<li>Tension de contr\u00f4le de s\u00e9curit\u00e9 de 24 VCC<\/li>\n<\/ul>\n<p> <\/p>\n<p><strong>Opcional<\/strong><\/p>\n<ul>\n<li>Impresora de Fecha<\/li>\n<li>Cuerpo completo de Cr-Ni<\/li>\n<li>Sistema de Envasado con Inyecci\u00f3n de Gas (MAP)<\/li>\n<\/ul>\n<p> <\/p>\n<p><strong>Producto a Empaquetar<\/strong><\/p>\n<ul>\n<li>Empaque de barquillos, empaque de chocolates, empaque de muffins, empaque de pasteles, empaque de jabones, empaque de helados.<\/li>\n<\/ul>\n\t\t\n<style>\n#text-3055898496 {\n  line-height: 1;\n}\n<\/style>\n\t<\/div>\n\t\n\n\t\t<\/div>\n\t\t\t\t\t<\/div>\n\n\t\n\n\t<div id=\"col-201354718\" class=\"col medium-4 small-12 large-4\"  >\n\t\t\t\t<div class=\"col-inner\"  >\n\t\t\t\n\t\t\t\n\n\n\t\t<\/div>\n\t\t\t\t\t<\/div>\n\n\t\n\n\t<div id=\"col-1630084786\" class=\"col medium-4 small-12 large-4\"  >\n\t\t\t\t<div class=\"col-inner\"  >\n\t\t\t\n\t\t\t\n\n\n\n\n<div class=\"wpcf7 no-js\" id=\"wpcf7-f2700-o1\" lang=\"en-US\" dir=\"ltr\" data-wpcf7-id=\"2700\">\n<div class=\"screen-reader-response\"><p role=\"status\" aria-live=\"polite\" aria-atomic=\"true\"><\/p> <ul><\/ul><\/div>\n<form action=\"\/es\/wp-json\/wp\/v2\/pages\/1673#wpcf7-f2700-o1\" method=\"post\" class=\"wpcf7-form init\" aria-label=\"Contact form\" novalidate=\"novalidate\" data-status=\"init\">\n<fieldset class=\"hidden-fields-container\"><input type=\"hidden\" name=\"_wpcf7\" value=\"2700\" \/><input type=\"hidden\" name=\"_wpcf7_version\" value=\"6.1.2\" \/><input type=\"hidden\" name=\"_wpcf7_locale\" value=\"en_US\" \/><input type=\"hidden\" name=\"_wpcf7_unit_tag\" value=\"wpcf7-f2700-o1\" \/><input type=\"hidden\" name=\"_wpcf7_container_post\" value=\"0\" \/><input type=\"hidden\" name=\"_wpcf7_posted_data_hash\" value=\"\" \/>\n<\/fieldset>\n<p><b style=\"font-size:30px\"> Contacta con nosotros <\/b><br \/>\n<span class=\"wpcf7-form-control-wrap\" data-name=\"your-name\"><input size=\"40\" maxlength=\"400\" class=\"wpcf7-form-control wpcf7-text wpcf7-validates-as-required\" autocomplete=\"name\" aria-required=\"true\" aria-invalid=\"false\" placeholder=\"Nombre\" value=\"\" type=\"text\" name=\"your-name\" \/><\/span><br \/>\n<span class=\"wpcf7-form-control-wrap\" data-name=\"your-email\"><input size=\"40\" maxlength=\"400\" class=\"wpcf7-form-control wpcf7-email wpcf7-validates-as-required wpcf7-text wpcf7-validates-as-email\" autocomplete=\"email\" aria-required=\"true\" aria-invalid=\"false\" placeholder=\"E-Mail\" value=\"\" type=\"email\" name=\"your-email\" \/><\/span><br \/>\n<span class=\"wpcf7-form-control-wrap\" data-name=\"your-message\"><input size=\"40\" maxlength=\"400\" class=\"wpcf7-form-control wpcf7-text wpcf7-validates-as-required\" aria-required=\"true\" aria-invalid=\"false\" placeholder=\"Mensaje\" value=\"\" type=\"text\" name=\"your-message\" \/><\/span>\n<\/p>\n<p><input class=\"wpcf7-form-control wpcf7-submit has-spinner\" type=\"submit\" value=\"Entregar\" \/>\n<\/p><div class=\"wpcf7-response-output\" aria-hidden=\"true\"><\/div>\n<\/form>\n<\/div>\n\n\n\n\t\t<\/div>\n\t\t\t\t\t<\/div>\n\n\t\n\n\t<div id=\"col-1718772164\" class=\"col medium-4 small-12 large-4\"  >\n\t\t\t\t<div class=\"col-inner\"  >\n\t\t\t\n\t\t\t\n\n\n\t\t<\/div>\n\t\t\t\t\t<\/div>\n\n\t\n\n<\/div>\n\n","protected":false},"excerpt":{"rendered":"","protected":false},"author":1,"featured_media":1497,"parent":1624,"menu_order":0,"comment_status":"closed","ping_status":"closed","template":"page-blank.php","meta":{"footnotes":""},"class_list":["post-1673","page","type-page","status-publish","has-post-thumbnail","hentry"],"yoast_head":"<!-- This site is optimized with the Yoast SEO Premium plugin v26.1 (Yoast SEO v26.1) - https:\/\/yoast.com\/wordpress\/plugins\/seo\/ -->\n<title>GM 30FS Flowpack Machine<\/title>\n<meta name=\"description\" content=\"GM 30FS M\u00e1quina Flowpack Rotativa de Sellado, GM 30FS M\u00e1quina de Empaque Flowpack Rotativa, GM 30FS M\u00e1quina Flow Wrapper.\" \/>\n<meta name=\"robots\" content=\"index, follow, max-snippet:-1, max-image-preview:large, max-video-preview:-1\" \/>\n<link rel=\"canonical\" href=\"https:\/\/www.guvenpack.com\/es\/maquinas\/hffs-flowpack\/gm-30fs\/\" \/>\n<meta property=\"og:locale\" content=\"es_ES\" \/>\n<meta property=\"og:type\" content=\"article\" \/>\n<meta property=\"og:title\" content=\"GM 30FS\" \/>\n<meta property=\"og:description\" content=\"GM 30FS M\u00e1quina Flowpack Rotativa de Sellado, GM 30FS M\u00e1quina de Empaque Flowpack Rotativa, GM 30FS M\u00e1quina Flow Wrapper.\" \/>\n<meta property=\"og:url\" content=\"https:\/\/www.guvenpack.com\/es\/maquinas\/hffs-flowpack\/gm-30fs\/\" \/>\n<meta property=\"og:site_name\" content=\"Guvenpack HFFS Flow Pack, Wet Wipes Machine\" \/>\n<meta property=\"article:publisher\" content=\"https:\/\/www.facebook.com\/guvenpackconverting\" \/>\n<meta property=\"article:modified_time\" content=\"2025-10-16T11:18:45+00:00\" \/>\n<meta property=\"og:image\" content=\"https:\/\/www.guvenpack.com\/wp-content\/uploads\/2023\/07\/gm30fs_2.webp\" \/>\n\t<meta property=\"og:image:width\" content=\"1178\" \/>\n\t<meta property=\"og:image:height\" content=\"599\" \/>\n\t<meta property=\"og:image:type\" content=\"image\/webp\" \/>\n<meta name=\"twitter:card\" content=\"summary_large_image\" \/>\n<meta name=\"twitter:site\" content=\"@GuvenPack\" \/>\n<meta name=\"twitter:label1\" content=\"Tiempo de lectura\" \/>\n\t<meta name=\"twitter:data1\" content=\"3 minutos\" \/>\n<script type=\"application\/ld+json\" class=\"yoast-schema-graph\">{\"@context\":\"https:\/\/schema.org\",\"@graph\":[{\"@type\":\"WebPage\",\"@id\":\"https:\/\/www.guvenpack.com\/es\/maquinas\/hffs-flowpack\/gm-30fs\/\",\"url\":\"https:\/\/www.guvenpack.com\/es\/maquinas\/hffs-flowpack\/gm-30fs\/\",\"name\":\"GM 30FS Flowpack Machine\",\"isPartOf\":{\"@id\":\"https:\/\/www.guvenpack.com\/#website\"},\"primaryImageOfPage\":{\"@id\":\"https:\/\/www.guvenpack.com\/es\/maquinas\/hffs-flowpack\/gm-30fs\/#primaryimage\"},\"image\":{\"@id\":\"https:\/\/www.guvenpack.com\/es\/maquinas\/hffs-flowpack\/gm-30fs\/#primaryimage\"},\"thumbnailUrl\":\"https:\/\/www.guvenpack.com\/wp-content\/uploads\/2023\/07\/gm30fs_2.webp\",\"datePublished\":\"2023-09-14T14:08:17+00:00\",\"dateModified\":\"2025-10-16T11:18:45+00:00\",\"description\":\"GM 30FS M\u00e1quina Flowpack Rotativa de Sellado, GM 30FS M\u00e1quina de Empaque Flowpack Rotativa, GM 30FS M\u00e1quina Flow Wrapper.\",\"breadcrumb\":{\"@id\":\"https:\/\/www.guvenpack.com\/es\/maquinas\/hffs-flowpack\/gm-30fs\/#breadcrumb\"},\"inLanguage\":\"es\",\"potentialAction\":[{\"@type\":\"ReadAction\",\"target\":[\"https:\/\/www.guvenpack.com\/es\/maquinas\/hffs-flowpack\/gm-30fs\/\"]}]},{\"@type\":\"ImageObject\",\"inLanguage\":\"es\",\"@id\":\"https:\/\/www.guvenpack.com\/es\/maquinas\/hffs-flowpack\/gm-30fs\/#primaryimage\",\"url\":\"https:\/\/www.guvenpack.com\/wp-content\/uploads\/2023\/07\/gm30fs_2.webp\",\"contentUrl\":\"https:\/\/www.guvenpack.com\/wp-content\/uploads\/2023\/07\/gm30fs_2.webp\",\"width\":1178,\"height\":599,\"caption\":\"GM 30FS M\u00e1quina de envasado horizontal Flowpack\"},{\"@type\":\"BreadcrumbList\",\"@id\":\"https:\/\/www.guvenpack.com\/es\/maquinas\/hffs-flowpack\/gm-30fs\/#breadcrumb\",\"itemListElement\":[{\"@type\":\"ListItem\",\"position\":1,\"name\":\"Home\",\"item\":\"https:\/\/www.guvenpack.com\/es\/portada\/\"},{\"@type\":\"ListItem\",\"position\":2,\"name\":\"M\u00e1quinas\",\"item\":\"https:\/\/www.guvenpack.com\/es\/maquinas\/\"},{\"@type\":\"ListItem\",\"position\":3,\"name\":\"M\u00e1quina de Empaque Horizontal Flowpack\",\"item\":\"https:\/\/www.guvenpack.com\/es\/maquinas\/hffs-flowpack\/\"},{\"@type\":\"ListItem\",\"position\":4,\"name\":\"GM 30FS\"}]},{\"@type\":\"WebSite\",\"@id\":\"https:\/\/www.guvenpack.com\/#website\",\"url\":\"https:\/\/www.guvenpack.com\/\",\"name\":\"Guvenpack HFFS Flow Pack, Wet Wipes Machine\",\"description\":\"Manufacturer of HFFS Flow pack Packaging Machine, Wet Wipes Machine\",\"publisher\":{\"@id\":\"https:\/\/www.guvenpack.com\/#organization\"},\"potentialAction\":[{\"@type\":\"SearchAction\",\"target\":{\"@type\":\"EntryPoint\",\"urlTemplate\":\"https:\/\/www.guvenpack.com\/?s={search_term_string}\"},\"query-input\":{\"@type\":\"PropertyValueSpecification\",\"valueRequired\":true,\"valueName\":\"search_term_string\"}}],\"inLanguage\":\"es\"},{\"@type\":\"Organization\",\"@id\":\"https:\/\/www.guvenpack.com\/#organization\",\"name\":\"Guvenpack HFFS Flow Pack, Wet Wipes Machine\",\"url\":\"https:\/\/www.guvenpack.com\/\",\"logo\":{\"@type\":\"ImageObject\",\"inLanguage\":\"es\",\"@id\":\"https:\/\/www.guvenpack.com\/#\/schema\/logo\/image\/\",\"url\":\"https:\/\/www.guvenpack.com\/wp-content\/uploads\/2023\/07\/logo_fav.png\",\"contentUrl\":\"https:\/\/www.guvenpack.com\/wp-content\/uploads\/2023\/07\/logo_fav.png\",\"width\":676,\"height\":675,\"caption\":\"Guvenpack HFFS Flow Pack, Wet Wipes Machine\"},\"image\":{\"@id\":\"https:\/\/www.guvenpack.com\/#\/schema\/logo\/image\/\"},\"sameAs\":[\"https:\/\/www.facebook.com\/guvenpackconverting\",\"https:\/\/x.com\/GuvenPack\",\"https:\/\/www.instagram.com\/guvenpack\/\",\"https:\/\/www.linkedin.com\/company\/guvenpack\/\",\"https:\/\/www.youtube.com\/@guvenpack\"]}]}<\/script>\n<!-- \/ Yoast SEO Premium plugin. -->","yoast_head_json":{"title":"GM 30FS Flowpack Machine","description":"GM 30FS M\u00e1quina Flowpack Rotativa de Sellado, GM 30FS M\u00e1quina de Empaque Flowpack Rotativa, GM 30FS M\u00e1quina Flow Wrapper.","robots":{"index":"index","follow":"follow","max-snippet":"max-snippet:-1","max-image-preview":"max-image-preview:large","max-video-preview":"max-video-preview:-1"},"canonical":"https:\/\/www.guvenpack.com\/es\/maquinas\/hffs-flowpack\/gm-30fs\/","og_locale":"es_ES","og_type":"article","og_title":"GM 30FS","og_description":"GM 30FS M\u00e1quina Flowpack Rotativa de Sellado, GM 30FS M\u00e1quina de Empaque Flowpack Rotativa, GM 30FS M\u00e1quina Flow Wrapper.","og_url":"https:\/\/www.guvenpack.com\/es\/maquinas\/hffs-flowpack\/gm-30fs\/","og_site_name":"Guvenpack HFFS Flow Pack, Wet Wipes Machine","article_publisher":"https:\/\/www.facebook.com\/guvenpackconverting","article_modified_time":"2025-10-16T11:18:45+00:00","og_image":[{"width":1178,"height":599,"url":"https:\/\/www.guvenpack.com\/wp-content\/uploads\/2023\/07\/gm30fs_2.webp","type":"image\/webp"}],"twitter_card":"summary_large_image","twitter_site":"@GuvenPack","twitter_misc":{"Tiempo de lectura":"3 minutos"},"schema":{"@context":"https:\/\/schema.org","@graph":[{"@type":"WebPage","@id":"https:\/\/www.guvenpack.com\/es\/maquinas\/hffs-flowpack\/gm-30fs\/","url":"https:\/\/www.guvenpack.com\/es\/maquinas\/hffs-flowpack\/gm-30fs\/","name":"GM 30FS Flowpack Machine","isPartOf":{"@id":"https:\/\/www.guvenpack.com\/#website"},"primaryImageOfPage":{"@id":"https:\/\/www.guvenpack.com\/es\/maquinas\/hffs-flowpack\/gm-30fs\/#primaryimage"},"image":{"@id":"https:\/\/www.guvenpack.com\/es\/maquinas\/hffs-flowpack\/gm-30fs\/#primaryimage"},"thumbnailUrl":"https:\/\/www.guvenpack.com\/wp-content\/uploads\/2023\/07\/gm30fs_2.webp","datePublished":"2023-09-14T14:08:17+00:00","dateModified":"2025-10-16T11:18:45+00:00","description":"GM 30FS M\u00e1quina Flowpack Rotativa de Sellado, GM 30FS M\u00e1quina de Empaque Flowpack Rotativa, GM 30FS M\u00e1quina Flow Wrapper.","breadcrumb":{"@id":"https:\/\/www.guvenpack.com\/es\/maquinas\/hffs-flowpack\/gm-30fs\/#breadcrumb"},"inLanguage":"es","potentialAction":[{"@type":"ReadAction","target":["https:\/\/www.guvenpack.com\/es\/maquinas\/hffs-flowpack\/gm-30fs\/"]}]},{"@type":"ImageObject","inLanguage":"es","@id":"https:\/\/www.guvenpack.com\/es\/maquinas\/hffs-flowpack\/gm-30fs\/#primaryimage","url":"https:\/\/www.guvenpack.com\/wp-content\/uploads\/2023\/07\/gm30fs_2.webp","contentUrl":"https:\/\/www.guvenpack.com\/wp-content\/uploads\/2023\/07\/gm30fs_2.webp","width":1178,"height":599,"caption":"GM 30FS M\u00e1quina de envasado horizontal Flowpack"},{"@type":"BreadcrumbList","@id":"https:\/\/www.guvenpack.com\/es\/maquinas\/hffs-flowpack\/gm-30fs\/#breadcrumb","itemListElement":[{"@type":"ListItem","position":1,"name":"Home","item":"https:\/\/www.guvenpack.com\/es\/portada\/"},{"@type":"ListItem","position":2,"name":"M\u00e1quinas","item":"https:\/\/www.guvenpack.com\/es\/maquinas\/"},{"@type":"ListItem","position":3,"name":"M\u00e1quina de Empaque Horizontal Flowpack","item":"https:\/\/www.guvenpack.com\/es\/maquinas\/hffs-flowpack\/"},{"@type":"ListItem","position":4,"name":"GM 30FS"}]},{"@type":"WebSite","@id":"https:\/\/www.guvenpack.com\/#website","url":"https:\/\/www.guvenpack.com\/","name":"Guvenpack HFFS Flow Pack, Wet Wipes Machine","description":"Manufacturer of HFFS Flow pack Packaging Machine, Wet Wipes Machine","publisher":{"@id":"https:\/\/www.guvenpack.com\/#organization"},"potentialAction":[{"@type":"SearchAction","target":{"@type":"EntryPoint","urlTemplate":"https:\/\/www.guvenpack.com\/?s={search_term_string}"},"query-input":{"@type":"PropertyValueSpecification","valueRequired":true,"valueName":"search_term_string"}}],"inLanguage":"es"},{"@type":"Organization","@id":"https:\/\/www.guvenpack.com\/#organization","name":"Guvenpack HFFS Flow Pack, Wet Wipes Machine","url":"https:\/\/www.guvenpack.com\/","logo":{"@type":"ImageObject","inLanguage":"es","@id":"https:\/\/www.guvenpack.com\/#\/schema\/logo\/image\/","url":"https:\/\/www.guvenpack.com\/wp-content\/uploads\/2023\/07\/logo_fav.png","contentUrl":"https:\/\/www.guvenpack.com\/wp-content\/uploads\/2023\/07\/logo_fav.png","width":676,"height":675,"caption":"Guvenpack HFFS Flow Pack, Wet Wipes Machine"},"image":{"@id":"https:\/\/www.guvenpack.com\/#\/schema\/logo\/image\/"},"sameAs":["https:\/\/www.facebook.com\/guvenpackconverting","https:\/\/x.com\/GuvenPack","https:\/\/www.instagram.com\/guvenpack\/","https:\/\/www.linkedin.com\/company\/guvenpack\/","https:\/\/www.youtube.com\/@guvenpack"]}]}},"_links":{"self":[{"href":"https:\/\/www.guvenpack.com\/es\/wp-json\/wp\/v2\/pages\/1673","targetHints":{"allow":["GET"]}}],"collection":[{"href":"https:\/\/www.guvenpack.com\/es\/wp-json\/wp\/v2\/pages"}],"about":[{"href":"https:\/\/www.guvenpack.com\/es\/wp-json\/wp\/v2\/types\/page"}],"author":[{"embeddable":true,"href":"https:\/\/www.guvenpack.com\/es\/wp-json\/wp\/v2\/users\/1"}],"replies":[{"embeddable":true,"href":"https:\/\/www.guvenpack.com\/es\/wp-json\/wp\/v2\/comments?post=1673"}],"version-history":[{"count":5,"href":"https:\/\/www.guvenpack.com\/es\/wp-json\/wp\/v2\/pages\/1673\/revisions"}],"predecessor-version":[{"id":2909,"href":"https:\/\/www.guvenpack.com\/es\/wp-json\/wp\/v2\/pages\/1673\/revisions\/2909"}],"up":[{"embeddable":true,"href":"https:\/\/www.guvenpack.com\/es\/wp-json\/wp\/v2\/pages\/1624"}],"wp:featuredmedia":[{"embeddable":true,"href":"https:\/\/www.guvenpack.com\/es\/wp-json\/wp\/v2\/media\/1497"}],"wp:attachment":[{"href":"https:\/\/www.guvenpack.com\/es\/wp-json\/wp\/v2\/media?parent=1673"}],"curies":[{"name":"wp","href":"https:\/\/api.w.org\/{rel}","templated":true}]}}