{"id":1663,"date":"2023-09-14T07:39:48","date_gmt":"2023-09-14T07:39:48","guid":{"rendered":"https:\/\/www.guvenpack.com\/maquinas\/hffs-flowpack\/gm-103fs\/"},"modified":"2026-02-25T06:09:44","modified_gmt":"2026-02-25T06:09:44","slug":"gm-103fs","status":"publish","type":"page","link":"https:\/\/www.guvenpack.com\/es\/maquinas\/hffs-flowpack\/gm-103fs\/","title":{"rendered":"GM 103FS"},"content":{"rendered":"\n\n  <div class=\"banner has-hover is-full-height hide-for-medium\" id=\"banner-142978103\">\n          <div class=\"banner-inner fill\">\n        <div class=\"banner-bg fill\" >\n            <img loading=\"lazy\" decoding=\"async\" width=\"1920\" height=\"1080\" src=\"https:\/\/www.guvenpack.com\/wp-content\/uploads\/2025\/10\/background_dekstop.webp\" class=\"bg attachment-original size-original\" alt=\"background_dekstop\" \/>                        <div class=\"overlay\"><\/div>            \n                    <\/div>\n\t\t\n        <div class=\"banner-layers container\">\n            <div class=\"fill banner-link\"><\/div>            \n\n\t<div class=\"img has-hover x50 md-x50 lg-x50 y15 md-y15 lg-y15\" id=\"image_1187112435\">\n\t\t\t\t\t\t\t\t<div class=\"img-inner dark\" >\n\t\t\t<img loading=\"lazy\" decoding=\"async\" width=\"1200\" height=\"435\" src=\"https:\/\/www.guvenpack.com\/wp-content\/uploads\/2026\/02\/gm_103fs.webp\" class=\"attachment-original size-original\" alt=\"GM 103FS Horizontal Packaging Machine Flowpack\" srcset=\"https:\/\/www.guvenpack.com\/wp-content\/uploads\/2026\/02\/gm_103fs.webp 1200w, https:\/\/www.guvenpack.com\/wp-content\/uploads\/2026\/02\/gm_103fs-800x290.webp 800w, https:\/\/www.guvenpack.com\/wp-content\/uploads\/2026\/02\/gm_103fs-768x278.webp 768w\" sizes=\"auto, (max-width: 1200px) 100vw, 1200px\" \/>\t\t\t\t\t\t\n\t\t\t\t\t<\/div>\n\t\t\t\t\t\t\t\t\n<style>\n#image_1187112435 {\n  width: 90%;\n}\n<\/style>\n\t<\/div>\n\t\n\n   <div id=\"text-box-769461673\" class=\"text-box banner-layer x50 md-x50 lg-x50 y60 md-y60 lg-y60 res-text\">\n                                <div class=\"text-box-content text dark\">\n              \n              <div class=\"text-inner text-center\">\n                  \n\n\t<div id=\"text-2452144921\" class=\"text\">\n\t\t\n\n<h1><span style=\"font-size: 100%;\"><strong>GM 103FS<\/strong><\/span><\/h1>\n\t\t\n<style>\n#text-2452144921 {\n  font-size: 0.95rem;\n  text-align: center;\n  color: rgb(0, 0, 0);\n}\n#text-2452144921 > * {\n  color: rgb(0, 0, 0);\n}\n<\/style>\n\t<\/div>\n\t\n\n              <\/div>\n           <\/div>\n                            \n<style>\n#text-box-769461673 {\n  width: 60%;\n}\n#text-box-769461673 .text-box-content {\n  font-size: 100%;\n}\n@media (min-width:550px) {\n  #text-box-769461673 {\n    width: 36%;\n  }\n}\n<\/style>\n    <\/div>\n \n   <div id=\"text-box-932231388\" class=\"text-box banner-layer x5 md-x5 lg-x5 y65 md-y65 lg-y65 res-text\">\n                                <div class=\"text-box-content text dark\">\n              \n              <div class=\"text-inner text-center\">\n                  \n\n\t<div id=\"text-2065820077\" class=\"text\">\n\t\t\n\n<h1><span style=\"font-size: 75%;\"><strong>M\u00e1quina Flowpack con Sellado en Movimiento de Caja<\/strong><\/span><\/h1>\n\t\t\n<style>\n#text-2065820077 {\n  font-size: 0.75rem;\n  text-align: left;\n  color: rgb(0, 0, 0);\n}\n#text-2065820077 > * {\n  color: rgb(0, 0, 0);\n}\n<\/style>\n\t<\/div>\n\t\n\n              <\/div>\n           <\/div>\n                            \n<style>\n#text-box-932231388 {\n  width: 60%;\n}\n#text-box-932231388 .text-box-content {\n  font-size: 100%;\n}\n@media (min-width:550px) {\n  #text-box-932231388 {\n    width: 73%;\n  }\n}\n<\/style>\n    <\/div>\n \n\n        <\/div>\n      <\/div>\n\n            \n<style>\n#banner-142978103 {\n  padding-top: 100%;\n  background-color: rgb(255, 255, 255);\n}\n#banner-142978103 .overlay {\n  background-color: rgba(255, 255, 255, 0.2);\n}\n<\/style>\n  <\/div>\n\n\n\n  <div class=\"banner has-hover is-full-height show-for-medium\" id=\"banner-223173770\">\n          <div class=\"banner-inner fill\">\n        <div class=\"banner-bg fill\" >\n            <img loading=\"lazy\" decoding=\"async\" width=\"1080\" height=\"1920\" src=\"https:\/\/www.guvenpack.com\/wp-content\/uploads\/2025\/10\/background_mobile.webp\" class=\"bg attachment-original size-original\" alt=\"background_mobile\" \/>                        <div class=\"overlay\"><\/div>            \n                    <\/div>\n\t\t\n        <div class=\"banner-layers container\">\n            <div class=\"fill banner-link\"><\/div>            \n\n\t<div class=\"img has-hover x50 md-x50 lg-x50 y20 md-y15 lg-y15\" id=\"image_2107190776\">\n\t\t\t\t\t\t\t\t<div class=\"img-inner dark\" >\n\t\t\t<img loading=\"lazy\" decoding=\"async\" width=\"1200\" height=\"435\" src=\"https:\/\/www.guvenpack.com\/wp-content\/uploads\/2026\/02\/gm_103fs.webp\" class=\"attachment-original size-original\" alt=\"GM 103FS Horizontal Packaging Machine Flowpack\" srcset=\"https:\/\/www.guvenpack.com\/wp-content\/uploads\/2026\/02\/gm_103fs.webp 1200w, https:\/\/www.guvenpack.com\/wp-content\/uploads\/2026\/02\/gm_103fs-800x290.webp 800w, https:\/\/www.guvenpack.com\/wp-content\/uploads\/2026\/02\/gm_103fs-768x278.webp 768w\" sizes=\"auto, (max-width: 1200px) 100vw, 1200px\" \/>\t\t\t\t\t\t\n\t\t\t\t\t<\/div>\n\t\t\t\t\t\t\t\t\n<style>\n#image_2107190776 {\n  width: 90%;\n}\n<\/style>\n\t<\/div>\n\t\n\n   <div id=\"text-box-228892361\" class=\"text-box banner-layer x50 md-x0 lg-x0 y35 md-y85 lg-y85 res-text\">\n                                <div class=\"text-box-content text dark\">\n              \n              <div class=\"text-inner text-center\">\n                  \n\n\t<div id=\"text-281731451\" class=\"text\">\n\t\t\n\n<h1><span style=\"font-size: 75%;\"><strong>GM 103FS<\/strong><\/span><\/h1>\n\t\t\n<style>\n#text-281731451 {\n  font-size: 0.75rem;\n  text-align: center;\n  color: rgb(0, 0, 0);\n}\n#text-281731451 > * {\n  color: rgb(0, 0, 0);\n}\n@media (min-width:550px) {\n  #text-281731451 {\n    text-align: left;\n  }\n}\n<\/style>\n\t<\/div>\n\t\n\t<div id=\"text-3371754215\" class=\"text\">\n\t\t\n\n<h1><span style=\"font-size: 40%;\"><strong>M\u00e1quina Flowpack con Sellado en Movimiento de Caja<\/strong><\/span><\/h1>\n\t\t\n<style>\n#text-3371754215 {\n  font-size: 0.75rem;\n  text-align: left;\n  color: rgb(0, 0, 0);\n}\n#text-3371754215 > * {\n  color: rgb(0, 0, 0);\n}\n<\/style>\n\t<\/div>\n\t\n\n              <\/div>\n           <\/div>\n                            \n<style>\n#text-box-228892361 {\n  width: 100%;\n}\n#text-box-228892361 .text-box-content {\n  font-size: 100%;\n}\n@media (min-width:550px) {\n  #text-box-228892361 {\n    width: 68%;\n  }\n}\n<\/style>\n    <\/div>\n \n\n        <\/div>\n      <\/div>\n\n            \n<style>\n#banner-223173770 {\n  padding-top: 100%;\n  background-color: rgb(255, 255, 255);\n}\n#banner-223173770 .overlay {\n  background-color: rgba(255, 255, 255, 0.2);\n}\n<\/style>\n  <\/div>\n\n\n<div class=\"row\"  id=\"row-1168534474\">\n\n\n\n\t<div id=\"col-317383075\" class=\"col small-12 large-12\"  >\n\t\t\t\t<div class=\"col-inner\"  >\n\t\t\t\n\t\t\t\n\n\t<div id=\"text-3038178826\" class=\"text\">\n\t\t\n\n<h2><span style=\"font-size: 75%;\">Presentando la M\u00e1quina Flowpack GM 103FS con Sellado en Movimiento de Caja<\/span><\/h2>\n<p>M\u00e1quina de empaque flowpack HFFS GM 103FS con control de motor servo de 4 ejes, cortador de movimiento en caja, sellado herm\u00e9tico, detecci\u00f3n de ausencia de producto y bolsa, seguimiento por fotoc\u00e9lula, panel de control de usuario t\u00e1ctil a color de 7 pulgadas con 16.7 millones de colores. Posible de usar con pel\u00edcula transparente, pel\u00edcula impresa continua y pel\u00edcula impresa con fotoc\u00e9lula. Velocidad de empaque de hasta 90 paquetes por minuto. Adecuada para empacar pan tostado, pan, pan pita, tortillas, s\u00e1ndwiches, verduras, frutas, tomates, pimientos, etc.<\/p>\n<p><strong>El sistema Sin Producto<\/strong>, Sin Bolsa asegura que si falta un producto en el transportador de entrada, no se generar\u00e1 una bolsa. El sistema de extracci\u00f3n de pel\u00edcula no funciona y no desperdicia pel\u00edcula.<\/p>\n<p><strong>El sistema Sin Espacio<\/strong>, Sin Sellado asegura que si el producto est\u00e1 mal colocado dentro de la pel\u00edcula, no se realizar\u00e1 el sellado. El cortador se detiene y permite que el producto mal colocado pase y contin\u00faa cortando cuando no hay ning\u00fan producto mal colocado.<\/p>\n<p><strong>El Sistema de Sellado Herm\u00e9tico<\/strong> proporciona un sellado de calidad fuerte y est\u00e9tica. No hay infiltraci\u00f3n de aire en el interior del paquete. La mejor elecci\u00f3n para el sistema de MAP (Empaque en Atm\u00f3sfera Modificada).<\/p>\n<ul>\n<li>Dise\u00f1o compacto de alta tecnolog\u00eda<\/li>\n<li>Sistema de corte por movimiento de caja. (Sellado herm\u00e9tico)<\/li>\n<li>Sistema de Alarma de Diagn\u00f3stico, panel de control t\u00e1ctil de f\u00e1cil uso por parte del usuario<\/li>\n<li>M\u00e1quina f\u00e1cil de usar con panel de control de usuario t\u00e1ctil a color de 7 pulgadas con 16,7 millones de colores<\/li>\n<li>Sistema controlado por motor servo<\/li>\n<\/ul>\n<p> <\/p>\n<p><strong>Construcci\u00f3n<\/strong><\/p>\n<ul>\n<li>El cuerpo completo est\u00e1 fabricado en acero inoxidable Cr-Ni 304L.<\/li>\n<li>Les zones en contact avec les produits sont en acier inoxydable.<\/li>\n<li>Des roues robustes pour remplacer facilement la machine.<\/li>\n<li>Pieds r\u00e9glables r\u00e9sistants pour installer la machine de mani\u00e8re permanente.<\/li>\n<\/ul>\n<p> <\/p>\n<p> <\/p>\n<p><strong>Caract\u00e9ristiques Techniques<\/strong><\/p>\n<ul>\n<li>90 paquetes\/minuto<\/li>\n<li>Puertas de seguridad con sistema de interbloqueo<\/li>\n<li>Controlado por Motor Servo de 4 Ejes<\/li>\n<li>Controlado por PLC<\/li>\n<li>Sistema de seguimiento por fotoc\u00e9lula<\/li>\n<li>Sistema de Corte de Movimiento en Caja<\/li>\n<li>Panel de Control de Usuario T\u00e1ctil a Color de 7 Pulgadas con 16,7 Millones de Colores<\/li>\n<li>Sin Producto, Sin Bolsa<\/li>\n<li>Sin Espacio, Sin Sellado<\/li>\n<li>F\u00e1cil de cambiar el tama\u00f1o de la materia prima<\/li>\n<li>380 VCA \/ 50 Hz Trif\u00e1sico + N + PE, 5,5 KW<\/li>\n<li>Tension de contr\u00f4le de s\u00e9curit\u00e9 de 24 VCC<\/li>\n<li>Ajuste continuo de la longitud de empaque<\/li>\n<li>Transportador de Alimentaci\u00f3n de Producto<\/li>\n<li>Caja Plegable Ajustable<\/li>\n<li>F\u00e1cil de cambiar el empujador de producto<\/li>\n<li>Sistema de disco de sellado inferior con 3 juegos<\/li>\n<li>Cortador de seguridad por sobrecarga<\/li>\n<li>Sistema de calefacci\u00f3n controlado por PID<\/li>\n<\/ul>\n<p> <\/p>\n<p><strong>Opcional<\/strong><\/p>\n<ul>\n<li>Impresora de Fecha<\/li>\n<li>\u00abSistema de MAP\u00bb (Empaque en Atm\u00f3sfera Modificada)<\/li>\n<\/ul>\n<p> <\/p>\n<p><strong>Producto a Empaquetar<\/strong><\/p>\n<p>&#8211; Empaque de pan tostado, pan, pan pita, tortillas, empaque de s\u00e1ndwich, verduras, frutas, tomates, pimientos, manzanas, empaque de productos de varias piezas, etc.<\/p>\n<p> <\/p>\n\t\t\n<style>\n#text-3038178826 {\n  line-height: 1;\n}\n<\/style>\n\t<\/div>\n\t\n\n\t\t<\/div>\n\t\t\t\t\t<\/div>\n\n\t\n\n\t<div id=\"col-2007882045\" class=\"col medium-4 small-12 large-4\"  >\n\t\t\t\t<div class=\"col-inner\"  >\n\t\t\t\n\t\t\t\n\n\n\t\t<\/div>\n\t\t\t\t\t<\/div>\n\n\t\n\n\t<div id=\"col-1110837197\" class=\"col medium-4 small-12 large-4\"  >\n\t\t\t\t<div class=\"col-inner\"  >\n\t\t\t\n\t\t\t\n\n\n\n\n<div class=\"wpcf7 no-js\" id=\"wpcf7-f2700-o1\" lang=\"en-US\" dir=\"ltr\" data-wpcf7-id=\"2700\">\n<div class=\"screen-reader-response\"><p role=\"status\" aria-live=\"polite\" aria-atomic=\"true\"><\/p> <ul><\/ul><\/div>\n<form action=\"\/es\/wp-json\/wp\/v2\/pages\/1663#wpcf7-f2700-o1\" method=\"post\" class=\"wpcf7-form init\" aria-label=\"Contact form\" novalidate=\"novalidate\" data-status=\"init\">\n<fieldset class=\"hidden-fields-container\"><input type=\"hidden\" name=\"_wpcf7\" value=\"2700\" \/><input type=\"hidden\" name=\"_wpcf7_version\" value=\"6.1.2\" \/><input type=\"hidden\" name=\"_wpcf7_locale\" value=\"en_US\" \/><input type=\"hidden\" name=\"_wpcf7_unit_tag\" value=\"wpcf7-f2700-o1\" \/><input type=\"hidden\" name=\"_wpcf7_container_post\" value=\"0\" \/><input type=\"hidden\" name=\"_wpcf7_posted_data_hash\" value=\"\" \/>\n<\/fieldset>\n<p><b style=\"font-size:30px\"> Contacta con nosotros <\/b><br \/>\n<span class=\"wpcf7-form-control-wrap\" data-name=\"your-name\"><input size=\"40\" maxlength=\"400\" class=\"wpcf7-form-control wpcf7-text wpcf7-validates-as-required\" autocomplete=\"name\" aria-required=\"true\" aria-invalid=\"false\" placeholder=\"Nombre\" value=\"\" type=\"text\" name=\"your-name\" \/><\/span><br \/>\n<span class=\"wpcf7-form-control-wrap\" data-name=\"your-email\"><input size=\"40\" maxlength=\"400\" class=\"wpcf7-form-control wpcf7-email wpcf7-validates-as-required wpcf7-text wpcf7-validates-as-email\" autocomplete=\"email\" aria-required=\"true\" aria-invalid=\"false\" placeholder=\"E-Mail\" value=\"\" type=\"email\" name=\"your-email\" \/><\/span><br \/>\n<span class=\"wpcf7-form-control-wrap\" data-name=\"your-message\"><input size=\"40\" maxlength=\"400\" class=\"wpcf7-form-control wpcf7-text wpcf7-validates-as-required\" aria-required=\"true\" aria-invalid=\"false\" placeholder=\"Mensaje\" value=\"\" type=\"text\" name=\"your-message\" \/><\/span>\n<\/p>\n<p><input class=\"wpcf7-form-control wpcf7-submit has-spinner\" type=\"submit\" value=\"Entregar\" \/>\n<\/p><div class=\"wpcf7-response-output\" aria-hidden=\"true\"><\/div>\n<\/form>\n<\/div>\n\n\n\n\t\t<\/div>\n\t\t\t\t\t<\/div>\n\n\t\n\n\t<div id=\"col-1841319751\" class=\"col medium-4 small-12 large-4\"  >\n\t\t\t\t<div class=\"col-inner\"  >\n\t\t\t\n\t\t\t\n\n\n\t\t<\/div>\n\t\t\t\t\t<\/div>\n\n\t\n\n<\/div>\n\n","protected":false},"excerpt":{"rendered":"","protected":false},"author":1,"featured_media":1501,"parent":1624,"menu_order":0,"comment_status":"closed","ping_status":"closed","template":"page-blank.php","meta":{"footnotes":""},"class_list":["post-1663","page","type-page","status-publish","has-post-thumbnail","hentry"],"yoast_head":"<!-- This site is optimized with the Yoast SEO Premium plugin v26.1 (Yoast SEO v26.1) - https:\/\/yoast.com\/wordpress\/plugins\/seo\/ -->\n<title>GM 103FS M\u00e1quina flowpack horizontal con sistema de sellado Box Motion<\/title>\n<meta name=\"description\" content=\"GM 103FS M\u00e1quina Flowpack de Sellado en Movimiento de Caja con Control de Motor Servo de 4 Ejes. GM 103FS M\u00e1quina Flow Wrapper para un proceso de empaque avanzado.\" \/>\n<meta name=\"robots\" content=\"index, follow, max-snippet:-1, max-image-preview:large, max-video-preview:-1\" \/>\n<link rel=\"canonical\" href=\"https:\/\/www.guvenpack.com\/es\/maquinas\/hffs-flowpack\/gm-103fs\/\" \/>\n<meta property=\"og:locale\" content=\"es_ES\" \/>\n<meta property=\"og:type\" content=\"article\" \/>\n<meta property=\"og:title\" content=\"GM 103FS\" \/>\n<meta property=\"og:description\" content=\"GM 103FS M\u00e1quina Flowpack de Sellado en Movimiento de Caja con Control de Motor Servo de 4 Ejes. GM 103FS M\u00e1quina Flow Wrapper para un proceso de empaque avanzado.\" \/>\n<meta property=\"og:url\" content=\"https:\/\/www.guvenpack.com\/es\/maquinas\/hffs-flowpack\/gm-103fs\/\" \/>\n<meta property=\"og:site_name\" content=\"Guvenpack HFFS Flow Pack, Wet Wipes Machine\" \/>\n<meta property=\"article:publisher\" content=\"https:\/\/www.facebook.com\/guvenpackconverting\" \/>\n<meta property=\"article:modified_time\" content=\"2026-02-25T06:09:44+00:00\" \/>\n<meta property=\"og:image\" content=\"https:\/\/www.guvenpack.com\/wp-content\/uploads\/2023\/07\/gm_103fs-1.webp\" \/>\n\t<meta property=\"og:image:width\" content=\"1178\" \/>\n\t<meta property=\"og:image:height\" content=\"499\" \/>\n\t<meta property=\"og:image:type\" content=\"image\/webp\" \/>\n<meta name=\"twitter:card\" content=\"summary_large_image\" \/>\n<meta name=\"twitter:site\" content=\"@GuvenPack\" \/>\n<meta name=\"twitter:label1\" content=\"Tiempo de lectura\" \/>\n\t<meta name=\"twitter:data1\" content=\"4 minutos\" \/>\n<script type=\"application\/ld+json\" class=\"yoast-schema-graph\">{\"@context\":\"https:\/\/schema.org\",\"@graph\":[{\"@type\":\"WebPage\",\"@id\":\"https:\/\/www.guvenpack.com\/es\/maquinas\/hffs-flowpack\/gm-103fs\/\",\"url\":\"https:\/\/www.guvenpack.com\/es\/maquinas\/hffs-flowpack\/gm-103fs\/\",\"name\":\"GM 103FS M\u00e1quina flowpack horizontal con sistema de sellado Box Motion\",\"isPartOf\":{\"@id\":\"https:\/\/www.guvenpack.com\/#website\"},\"primaryImageOfPage\":{\"@id\":\"https:\/\/www.guvenpack.com\/es\/maquinas\/hffs-flowpack\/gm-103fs\/#primaryimage\"},\"image\":{\"@id\":\"https:\/\/www.guvenpack.com\/es\/maquinas\/hffs-flowpack\/gm-103fs\/#primaryimage\"},\"thumbnailUrl\":\"https:\/\/www.guvenpack.com\/wp-content\/uploads\/2023\/07\/gm_103fs-1.webp\",\"datePublished\":\"2023-09-14T07:39:48+00:00\",\"dateModified\":\"2026-02-25T06:09:44+00:00\",\"description\":\"GM 103FS M\u00e1quina Flowpack de Sellado en Movimiento de Caja con Control de Motor Servo de 4 Ejes. GM 103FS M\u00e1quina Flow Wrapper para un proceso de empaque avanzado.\",\"breadcrumb\":{\"@id\":\"https:\/\/www.guvenpack.com\/es\/maquinas\/hffs-flowpack\/gm-103fs\/#breadcrumb\"},\"inLanguage\":\"es\",\"potentialAction\":[{\"@type\":\"ReadAction\",\"target\":[\"https:\/\/www.guvenpack.com\/es\/maquinas\/hffs-flowpack\/gm-103fs\/\"]}]},{\"@type\":\"ImageObject\",\"inLanguage\":\"es\",\"@id\":\"https:\/\/www.guvenpack.com\/es\/maquinas\/hffs-flowpack\/gm-103fs\/#primaryimage\",\"url\":\"https:\/\/www.guvenpack.com\/wp-content\/uploads\/2023\/07\/gm_103fs-1.webp\",\"contentUrl\":\"https:\/\/www.guvenpack.com\/wp-content\/uploads\/2023\/07\/gm_103fs-1.webp\",\"width\":1178,\"height\":499,\"caption\":\"GM 103FS M\u00e1quina de embalaje horizontal Flowpack\"},{\"@type\":\"BreadcrumbList\",\"@id\":\"https:\/\/www.guvenpack.com\/es\/maquinas\/hffs-flowpack\/gm-103fs\/#breadcrumb\",\"itemListElement\":[{\"@type\":\"ListItem\",\"position\":1,\"name\":\"Home\",\"item\":\"https:\/\/www.guvenpack.com\/es\/portada\/\"},{\"@type\":\"ListItem\",\"position\":2,\"name\":\"M\u00e1quinas\",\"item\":\"https:\/\/www.guvenpack.com\/es\/maquinas\/\"},{\"@type\":\"ListItem\",\"position\":3,\"name\":\"M\u00e1quina de Empaque Horizontal Flowpack\",\"item\":\"https:\/\/www.guvenpack.com\/es\/maquinas\/hffs-flowpack\/\"},{\"@type\":\"ListItem\",\"position\":4,\"name\":\"GM 103FS\"}]},{\"@type\":\"WebSite\",\"@id\":\"https:\/\/www.guvenpack.com\/#website\",\"url\":\"https:\/\/www.guvenpack.com\/\",\"name\":\"Guvenpack HFFS Flow Pack, Wet Wipes Machine\",\"description\":\"Manufacturer of HFFS Flow pack Packaging Machine, Wet Wipes Machine\",\"publisher\":{\"@id\":\"https:\/\/www.guvenpack.com\/#organization\"},\"potentialAction\":[{\"@type\":\"SearchAction\",\"target\":{\"@type\":\"EntryPoint\",\"urlTemplate\":\"https:\/\/www.guvenpack.com\/?s={search_term_string}\"},\"query-input\":{\"@type\":\"PropertyValueSpecification\",\"valueRequired\":true,\"valueName\":\"search_term_string\"}}],\"inLanguage\":\"es\"},{\"@type\":\"Organization\",\"@id\":\"https:\/\/www.guvenpack.com\/#organization\",\"name\":\"Guvenpack HFFS Flow Pack, Wet Wipes Machine\",\"url\":\"https:\/\/www.guvenpack.com\/\",\"logo\":{\"@type\":\"ImageObject\",\"inLanguage\":\"es\",\"@id\":\"https:\/\/www.guvenpack.com\/#\/schema\/logo\/image\/\",\"url\":\"https:\/\/www.guvenpack.com\/wp-content\/uploads\/2023\/07\/logo_fav.png\",\"contentUrl\":\"https:\/\/www.guvenpack.com\/wp-content\/uploads\/2023\/07\/logo_fav.png\",\"width\":676,\"height\":675,\"caption\":\"Guvenpack HFFS Flow Pack, Wet Wipes Machine\"},\"image\":{\"@id\":\"https:\/\/www.guvenpack.com\/#\/schema\/logo\/image\/\"},\"sameAs\":[\"https:\/\/www.facebook.com\/guvenpackconverting\",\"https:\/\/x.com\/GuvenPack\",\"https:\/\/www.instagram.com\/guvenpack\/\",\"https:\/\/www.linkedin.com\/company\/guvenpack\/\",\"https:\/\/www.youtube.com\/@guvenpack\"]}]}<\/script>\n<!-- \/ Yoast SEO Premium plugin. -->","yoast_head_json":{"title":"GM 103FS M\u00e1quina flowpack horizontal con sistema de sellado Box Motion","description":"GM 103FS M\u00e1quina Flowpack de Sellado en Movimiento de Caja con Control de Motor Servo de 4 Ejes. GM 103FS M\u00e1quina Flow Wrapper para un proceso de empaque avanzado.","robots":{"index":"index","follow":"follow","max-snippet":"max-snippet:-1","max-image-preview":"max-image-preview:large","max-video-preview":"max-video-preview:-1"},"canonical":"https:\/\/www.guvenpack.com\/es\/maquinas\/hffs-flowpack\/gm-103fs\/","og_locale":"es_ES","og_type":"article","og_title":"GM 103FS","og_description":"GM 103FS M\u00e1quina Flowpack de Sellado en Movimiento de Caja con Control de Motor Servo de 4 Ejes. GM 103FS M\u00e1quina Flow Wrapper para un proceso de empaque avanzado.","og_url":"https:\/\/www.guvenpack.com\/es\/maquinas\/hffs-flowpack\/gm-103fs\/","og_site_name":"Guvenpack HFFS Flow Pack, Wet Wipes Machine","article_publisher":"https:\/\/www.facebook.com\/guvenpackconverting","article_modified_time":"2026-02-25T06:09:44+00:00","og_image":[{"width":1178,"height":499,"url":"https:\/\/www.guvenpack.com\/wp-content\/uploads\/2023\/07\/gm_103fs-1.webp","type":"image\/webp"}],"twitter_card":"summary_large_image","twitter_site":"@GuvenPack","twitter_misc":{"Tiempo de lectura":"4 minutos"},"schema":{"@context":"https:\/\/schema.org","@graph":[{"@type":"WebPage","@id":"https:\/\/www.guvenpack.com\/es\/maquinas\/hffs-flowpack\/gm-103fs\/","url":"https:\/\/www.guvenpack.com\/es\/maquinas\/hffs-flowpack\/gm-103fs\/","name":"GM 103FS M\u00e1quina flowpack horizontal con sistema de sellado Box Motion","isPartOf":{"@id":"https:\/\/www.guvenpack.com\/#website"},"primaryImageOfPage":{"@id":"https:\/\/www.guvenpack.com\/es\/maquinas\/hffs-flowpack\/gm-103fs\/#primaryimage"},"image":{"@id":"https:\/\/www.guvenpack.com\/es\/maquinas\/hffs-flowpack\/gm-103fs\/#primaryimage"},"thumbnailUrl":"https:\/\/www.guvenpack.com\/wp-content\/uploads\/2023\/07\/gm_103fs-1.webp","datePublished":"2023-09-14T07:39:48+00:00","dateModified":"2026-02-25T06:09:44+00:00","description":"GM 103FS M\u00e1quina Flowpack de Sellado en Movimiento de Caja con Control de Motor Servo de 4 Ejes. GM 103FS M\u00e1quina Flow Wrapper para un proceso de empaque avanzado.","breadcrumb":{"@id":"https:\/\/www.guvenpack.com\/es\/maquinas\/hffs-flowpack\/gm-103fs\/#breadcrumb"},"inLanguage":"es","potentialAction":[{"@type":"ReadAction","target":["https:\/\/www.guvenpack.com\/es\/maquinas\/hffs-flowpack\/gm-103fs\/"]}]},{"@type":"ImageObject","inLanguage":"es","@id":"https:\/\/www.guvenpack.com\/es\/maquinas\/hffs-flowpack\/gm-103fs\/#primaryimage","url":"https:\/\/www.guvenpack.com\/wp-content\/uploads\/2023\/07\/gm_103fs-1.webp","contentUrl":"https:\/\/www.guvenpack.com\/wp-content\/uploads\/2023\/07\/gm_103fs-1.webp","width":1178,"height":499,"caption":"GM 103FS M\u00e1quina de embalaje horizontal Flowpack"},{"@type":"BreadcrumbList","@id":"https:\/\/www.guvenpack.com\/es\/maquinas\/hffs-flowpack\/gm-103fs\/#breadcrumb","itemListElement":[{"@type":"ListItem","position":1,"name":"Home","item":"https:\/\/www.guvenpack.com\/es\/portada\/"},{"@type":"ListItem","position":2,"name":"M\u00e1quinas","item":"https:\/\/www.guvenpack.com\/es\/maquinas\/"},{"@type":"ListItem","position":3,"name":"M\u00e1quina de Empaque Horizontal Flowpack","item":"https:\/\/www.guvenpack.com\/es\/maquinas\/hffs-flowpack\/"},{"@type":"ListItem","position":4,"name":"GM 103FS"}]},{"@type":"WebSite","@id":"https:\/\/www.guvenpack.com\/#website","url":"https:\/\/www.guvenpack.com\/","name":"Guvenpack HFFS Flow Pack, Wet Wipes Machine","description":"Manufacturer of HFFS Flow pack Packaging Machine, Wet Wipes Machine","publisher":{"@id":"https:\/\/www.guvenpack.com\/#organization"},"potentialAction":[{"@type":"SearchAction","target":{"@type":"EntryPoint","urlTemplate":"https:\/\/www.guvenpack.com\/?s={search_term_string}"},"query-input":{"@type":"PropertyValueSpecification","valueRequired":true,"valueName":"search_term_string"}}],"inLanguage":"es"},{"@type":"Organization","@id":"https:\/\/www.guvenpack.com\/#organization","name":"Guvenpack HFFS Flow Pack, Wet Wipes Machine","url":"https:\/\/www.guvenpack.com\/","logo":{"@type":"ImageObject","inLanguage":"es","@id":"https:\/\/www.guvenpack.com\/#\/schema\/logo\/image\/","url":"https:\/\/www.guvenpack.com\/wp-content\/uploads\/2023\/07\/logo_fav.png","contentUrl":"https:\/\/www.guvenpack.com\/wp-content\/uploads\/2023\/07\/logo_fav.png","width":676,"height":675,"caption":"Guvenpack HFFS Flow Pack, Wet Wipes Machine"},"image":{"@id":"https:\/\/www.guvenpack.com\/#\/schema\/logo\/image\/"},"sameAs":["https:\/\/www.facebook.com\/guvenpackconverting","https:\/\/x.com\/GuvenPack","https:\/\/www.instagram.com\/guvenpack\/","https:\/\/www.linkedin.com\/company\/guvenpack\/","https:\/\/www.youtube.com\/@guvenpack"]}]}},"_links":{"self":[{"href":"https:\/\/www.guvenpack.com\/es\/wp-json\/wp\/v2\/pages\/1663","targetHints":{"allow":["GET"]}}],"collection":[{"href":"https:\/\/www.guvenpack.com\/es\/wp-json\/wp\/v2\/pages"}],"about":[{"href":"https:\/\/www.guvenpack.com\/es\/wp-json\/wp\/v2\/types\/page"}],"author":[{"embeddable":true,"href":"https:\/\/www.guvenpack.com\/es\/wp-json\/wp\/v2\/users\/1"}],"replies":[{"embeddable":true,"href":"https:\/\/www.guvenpack.com\/es\/wp-json\/wp\/v2\/comments?post=1663"}],"version-history":[{"count":5,"href":"https:\/\/www.guvenpack.com\/es\/wp-json\/wp\/v2\/pages\/1663\/revisions"}],"predecessor-version":[{"id":2970,"href":"https:\/\/www.guvenpack.com\/es\/wp-json\/wp\/v2\/pages\/1663\/revisions\/2970"}],"up":[{"embeddable":true,"href":"https:\/\/www.guvenpack.com\/es\/wp-json\/wp\/v2\/pages\/1624"}],"wp:featuredmedia":[{"embeddable":true,"href":"https:\/\/www.guvenpack.com\/es\/wp-json\/wp\/v2\/media\/1501"}],"wp:attachment":[{"href":"https:\/\/www.guvenpack.com\/es\/wp-json\/wp\/v2\/media?parent=1663"}],"curies":[{"name":"wp","href":"https:\/\/api.w.org\/{rel}","templated":true}]}}