{"id":1625,"date":"2023-09-09T08:31:27","date_gmt":"2023-09-09T08:31:27","guid":{"rendered":"https:\/\/www.guvenpack.com\/maquinas\/maquina-de-tapas\/"},"modified":"2023-09-18T10:26:22","modified_gmt":"2023-09-18T10:26:22","slug":"maquina-de-tapas","status":"publish","type":"page","link":"https:\/\/www.guvenpack.com\/es\/maquinas\/maquina-de-tapas\/","title":{"rendered":"M\u00e1quina de Tapas"},"content":{"rendered":"\n\n\n<div class=\"container section-title-container\" ><h1 class=\"section-title section-title-normal\"><b><\/b><span class=\"section-title-main\" >M\u00e1quinas<\/span><b><\/b><\/h1><\/div>\n\n<div class=\"container section-title-container\" ><h2 class=\"section-title section-title-normal\"><b><\/b><span class=\"section-title-main\" >M\u00e1quinas para Tapas<\/span><b><\/b><\/h2><\/div>\n\n<div class=\"row\"  id=\"row-1679478168\">\n\n\n\t<div id=\"col-340956328\" class=\"col medium-4 small-12 large-4\"  >\n\t\t\t\t<div class=\"col-inner\"  >\n\t\t\t\n\t\t\t\n\n\n  <div class=\"banner has-hover\" id=\"banner-1206152400\">\n          <div class=\"banner-inner fill\">\n        <div class=\"banner-bg fill\" >\n                                                \n                    <\/div>\n\t\t\n        <div class=\"banner-layers container\">\n            <div class=\"fill banner-link\"><\/div>            \n\n\t<div class=\"img has-hover x50 md-x50 lg-x50 y50 md-y50 lg-y50\" id=\"image_794709974\">\n\t\t<a class=\"\" href=\"https:\/\/www.guvenpack.com\/es\/maquinas\/maquina-de-tapas\/gm-02\/\" >\t\t\t\t\t\t<div class=\"img-inner image-zoom dark\" style=\"margin:0px 0px 10px 0px;\">\n\t\t\t<img loading=\"lazy\" decoding=\"async\" width=\"463\" height=\"599\" src=\"https:\/\/www.guvenpack.com\/wp-content\/uploads\/2023\/07\/gm_02-1.webp\" class=\"attachment-large size-large\" alt=\"GM 02 Lids Machine\" srcset=\"https:\/\/www.guvenpack.com\/wp-content\/uploads\/2023\/07\/gm_02-1.webp 463w, https:\/\/www.guvenpack.com\/wp-content\/uploads\/2023\/07\/gm_02-1-309x400.webp 309w\" sizes=\"auto, (max-width: 463px) 100vw, 463px\" \/>\t\t\t\t\t\t\n\t\t\t\t\t<\/div>\n\t\t\t\t\t\t<\/a>\t\t\n<style>\n#image_794709974 {\n  width: 45%;\n}\n<\/style>\n\t<\/div>\n\t\n\n   <div id=\"text-box-999924992\" class=\"text-box banner-layer x0 md-x0 lg-x0 y100 md-y100 lg-y100 res-text\">\n                                <div class=\"text-box-content text dark\">\n              \n              <div class=\"text-inner text-center\">\n                  \n\n\t<div id=\"text-2389197315\" class=\"text\">\n\t\t\n\n<h3 class=\"uppercase\"><strong>GM 02<\/strong><\/h3>\n\t\t\n<style>\n#text-2389197315 {\n  text-align: left;\n  color: rgb(0,0,0);\n}\n#text-2389197315 > * {\n  color: rgb(0,0,0);\n}\n<\/style>\n\t<\/div>\n\t\n\n              <\/div>\n           <\/div>\n                            \n<style>\n#text-box-999924992 {\n  width: 60%;\n}\n#text-box-999924992 .text-box-content {\n  font-size: 100%;\n}\n<\/style>\n    <\/div>\n \n\n        <\/div>\n      <\/div>\n\n            \n<style>\n#banner-1206152400 {\n  padding-top: 170px;\n  background-color: rgb(255,255,255);\n}\n<\/style>\n  <\/div>\n\n\n\t<div id=\"text-156755159\" class=\"text\">\n\t\t\n\n<p class=\"uppercase\"><a href=\"https:\/\/www.guvenpack.com\/machines\/lids-machine\/gm-02\/\">M\u00e1quina de Tapas<\/a><\/p>\n\t\t\n<style>\n#text-156755159 {\n  font-size: 0.75rem;\n  line-height: 2;\n  color: rgb(0, 0, 0);\n}\n#text-156755159 > * {\n  color: rgb(0, 0, 0);\n}\n<\/style>\n\t<\/div>\n\t\n\n\t\t<\/div>\n\t\t\t\t\t<\/div>\n\n\t\n\n<\/div>\n\n","protected":false},"excerpt":{"rendered":"","protected":false},"author":1,"featured_media":0,"parent":1622,"menu_order":0,"comment_status":"closed","ping_status":"closed","template":"page-blank.php","meta":{"footnotes":""},"class_list":["post-1625","page","type-page","status-publish","hentry"],"yoast_head":"<!-- This site is optimized with the Yoast SEO Premium plugin v26.1 (Yoast SEO v26.1) - https:\/\/yoast.com\/wordpress\/plugins\/seo\/ -->\n<title>M\u00e1quina de Tapas - Guvenpack HFFS Flow Pack, Wet Wipes Machine<\/title>\n<meta name=\"description\" content=\"M\u00e1quina de Tapas para Toallitas H\u00famedas, Aplicador de Tapas para productos de toallitas h\u00famedas.\" \/>\n<meta name=\"robots\" content=\"index, follow, max-snippet:-1, max-image-preview:large, max-video-preview:-1\" \/>\n<link rel=\"canonical\" href=\"https:\/\/www.guvenpack.com\/es\/maquinas\/maquina-de-tapas\/\" \/>\n<meta property=\"og:locale\" content=\"es_ES\" \/>\n<meta property=\"og:type\" content=\"article\" \/>\n<meta property=\"og:title\" content=\"M\u00e1quina de Tapas\" \/>\n<meta property=\"og:description\" content=\"M\u00e1quina de Tapas para Toallitas H\u00famedas, Aplicador de Tapas para productos de toallitas h\u00famedas.\" \/>\n<meta property=\"og:url\" content=\"https:\/\/www.guvenpack.com\/es\/maquinas\/maquina-de-tapas\/\" \/>\n<meta property=\"og:site_name\" content=\"Guvenpack HFFS Flow Pack, Wet Wipes Machine\" \/>\n<meta property=\"article:publisher\" content=\"https:\/\/www.facebook.com\/guvenpackconverting\" \/>\n<meta property=\"article:modified_time\" content=\"2023-09-18T10:26:22+00:00\" \/>\n<meta name=\"twitter:card\" content=\"summary_large_image\" \/>\n<meta name=\"twitter:site\" content=\"@GuvenPack\" \/>\n<meta name=\"twitter:label1\" content=\"Tiempo de lectura\" \/>\n\t<meta name=\"twitter:data1\" content=\"1 minuto\" \/>\n<script type=\"application\/ld+json\" class=\"yoast-schema-graph\">{\"@context\":\"https:\/\/schema.org\",\"@graph\":[{\"@type\":\"WebPage\",\"@id\":\"https:\/\/www.guvenpack.com\/es\/maquinas\/maquina-de-tapas\/\",\"url\":\"https:\/\/www.guvenpack.com\/es\/maquinas\/maquina-de-tapas\/\",\"name\":\"M\u00e1quina de Tapas - Guvenpack HFFS Flow Pack, Wet Wipes Machine\",\"isPartOf\":{\"@id\":\"https:\/\/www.guvenpack.com\/#website\"},\"datePublished\":\"2023-09-09T08:31:27+00:00\",\"dateModified\":\"2023-09-18T10:26:22+00:00\",\"description\":\"M\u00e1quina de Tapas para Toallitas H\u00famedas, Aplicador de Tapas para productos de toallitas h\u00famedas.\",\"breadcrumb\":{\"@id\":\"https:\/\/www.guvenpack.com\/es\/maquinas\/maquina-de-tapas\/#breadcrumb\"},\"inLanguage\":\"es\",\"potentialAction\":[{\"@type\":\"ReadAction\",\"target\":[\"https:\/\/www.guvenpack.com\/es\/maquinas\/maquina-de-tapas\/\"]}]},{\"@type\":\"BreadcrumbList\",\"@id\":\"https:\/\/www.guvenpack.com\/es\/maquinas\/maquina-de-tapas\/#breadcrumb\",\"itemListElement\":[{\"@type\":\"ListItem\",\"position\":1,\"name\":\"Home\",\"item\":\"https:\/\/www.guvenpack.com\/es\/portada\/\"},{\"@type\":\"ListItem\",\"position\":2,\"name\":\"M\u00e1quinas\",\"item\":\"https:\/\/www.guvenpack.com\/es\/maquinas\/\"},{\"@type\":\"ListItem\",\"position\":3,\"name\":\"M\u00e1quina de Tapas\"}]},{\"@type\":\"WebSite\",\"@id\":\"https:\/\/www.guvenpack.com\/#website\",\"url\":\"https:\/\/www.guvenpack.com\/\",\"name\":\"Guvenpack HFFS Flow Pack, Wet Wipes Machine\",\"description\":\"Manufacturer of HFFS Flow pack Packaging Machine, Wet Wipes Machine\",\"publisher\":{\"@id\":\"https:\/\/www.guvenpack.com\/#organization\"},\"potentialAction\":[{\"@type\":\"SearchAction\",\"target\":{\"@type\":\"EntryPoint\",\"urlTemplate\":\"https:\/\/www.guvenpack.com\/?s={search_term_string}\"},\"query-input\":{\"@type\":\"PropertyValueSpecification\",\"valueRequired\":true,\"valueName\":\"search_term_string\"}}],\"inLanguage\":\"es\"},{\"@type\":\"Organization\",\"@id\":\"https:\/\/www.guvenpack.com\/#organization\",\"name\":\"Guvenpack HFFS Flow Pack, Wet Wipes Machine\",\"url\":\"https:\/\/www.guvenpack.com\/\",\"logo\":{\"@type\":\"ImageObject\",\"inLanguage\":\"es\",\"@id\":\"https:\/\/www.guvenpack.com\/#\/schema\/logo\/image\/\",\"url\":\"https:\/\/www.guvenpack.com\/wp-content\/uploads\/2023\/07\/logo_fav.png\",\"contentUrl\":\"https:\/\/www.guvenpack.com\/wp-content\/uploads\/2023\/07\/logo_fav.png\",\"width\":676,\"height\":675,\"caption\":\"Guvenpack HFFS Flow Pack, Wet Wipes Machine\"},\"image\":{\"@id\":\"https:\/\/www.guvenpack.com\/#\/schema\/logo\/image\/\"},\"sameAs\":[\"https:\/\/www.facebook.com\/guvenpackconverting\",\"https:\/\/x.com\/GuvenPack\",\"https:\/\/www.instagram.com\/guvenpack\/\",\"https:\/\/www.linkedin.com\/company\/guvenpack\/\",\"https:\/\/www.youtube.com\/@guvenpack\"]}]}<\/script>\n<!-- \/ Yoast SEO Premium plugin. -->","yoast_head_json":{"title":"M\u00e1quina de Tapas - Guvenpack HFFS Flow Pack, Wet Wipes Machine","description":"M\u00e1quina de Tapas para Toallitas H\u00famedas, Aplicador de Tapas para productos de toallitas h\u00famedas.","robots":{"index":"index","follow":"follow","max-snippet":"max-snippet:-1","max-image-preview":"max-image-preview:large","max-video-preview":"max-video-preview:-1"},"canonical":"https:\/\/www.guvenpack.com\/es\/maquinas\/maquina-de-tapas\/","og_locale":"es_ES","og_type":"article","og_title":"M\u00e1quina de Tapas","og_description":"M\u00e1quina de Tapas para Toallitas H\u00famedas, Aplicador de Tapas para productos de toallitas h\u00famedas.","og_url":"https:\/\/www.guvenpack.com\/es\/maquinas\/maquina-de-tapas\/","og_site_name":"Guvenpack HFFS Flow Pack, Wet Wipes Machine","article_publisher":"https:\/\/www.facebook.com\/guvenpackconverting","article_modified_time":"2023-09-18T10:26:22+00:00","twitter_card":"summary_large_image","twitter_site":"@GuvenPack","twitter_misc":{"Tiempo de lectura":"1 minuto"},"schema":{"@context":"https:\/\/schema.org","@graph":[{"@type":"WebPage","@id":"https:\/\/www.guvenpack.com\/es\/maquinas\/maquina-de-tapas\/","url":"https:\/\/www.guvenpack.com\/es\/maquinas\/maquina-de-tapas\/","name":"M\u00e1quina de Tapas - Guvenpack HFFS Flow Pack, Wet Wipes Machine","isPartOf":{"@id":"https:\/\/www.guvenpack.com\/#website"},"datePublished":"2023-09-09T08:31:27+00:00","dateModified":"2023-09-18T10:26:22+00:00","description":"M\u00e1quina de Tapas para Toallitas H\u00famedas, Aplicador de Tapas para productos de toallitas h\u00famedas.","breadcrumb":{"@id":"https:\/\/www.guvenpack.com\/es\/maquinas\/maquina-de-tapas\/#breadcrumb"},"inLanguage":"es","potentialAction":[{"@type":"ReadAction","target":["https:\/\/www.guvenpack.com\/es\/maquinas\/maquina-de-tapas\/"]}]},{"@type":"BreadcrumbList","@id":"https:\/\/www.guvenpack.com\/es\/maquinas\/maquina-de-tapas\/#breadcrumb","itemListElement":[{"@type":"ListItem","position":1,"name":"Home","item":"https:\/\/www.guvenpack.com\/es\/portada\/"},{"@type":"ListItem","position":2,"name":"M\u00e1quinas","item":"https:\/\/www.guvenpack.com\/es\/maquinas\/"},{"@type":"ListItem","position":3,"name":"M\u00e1quina de Tapas"}]},{"@type":"WebSite","@id":"https:\/\/www.guvenpack.com\/#website","url":"https:\/\/www.guvenpack.com\/","name":"Guvenpack HFFS Flow Pack, Wet Wipes Machine","description":"Manufacturer of HFFS Flow pack Packaging Machine, Wet Wipes Machine","publisher":{"@id":"https:\/\/www.guvenpack.com\/#organization"},"potentialAction":[{"@type":"SearchAction","target":{"@type":"EntryPoint","urlTemplate":"https:\/\/www.guvenpack.com\/?s={search_term_string}"},"query-input":{"@type":"PropertyValueSpecification","valueRequired":true,"valueName":"search_term_string"}}],"inLanguage":"es"},{"@type":"Organization","@id":"https:\/\/www.guvenpack.com\/#organization","name":"Guvenpack HFFS Flow Pack, Wet Wipes Machine","url":"https:\/\/www.guvenpack.com\/","logo":{"@type":"ImageObject","inLanguage":"es","@id":"https:\/\/www.guvenpack.com\/#\/schema\/logo\/image\/","url":"https:\/\/www.guvenpack.com\/wp-content\/uploads\/2023\/07\/logo_fav.png","contentUrl":"https:\/\/www.guvenpack.com\/wp-content\/uploads\/2023\/07\/logo_fav.png","width":676,"height":675,"caption":"Guvenpack HFFS Flow Pack, Wet Wipes Machine"},"image":{"@id":"https:\/\/www.guvenpack.com\/#\/schema\/logo\/image\/"},"sameAs":["https:\/\/www.facebook.com\/guvenpackconverting","https:\/\/x.com\/GuvenPack","https:\/\/www.instagram.com\/guvenpack\/","https:\/\/www.linkedin.com\/company\/guvenpack\/","https:\/\/www.youtube.com\/@guvenpack"]}]}},"_links":{"self":[{"href":"https:\/\/www.guvenpack.com\/es\/wp-json\/wp\/v2\/pages\/1625","targetHints":{"allow":["GET"]}}],"collection":[{"href":"https:\/\/www.guvenpack.com\/es\/wp-json\/wp\/v2\/pages"}],"about":[{"href":"https:\/\/www.guvenpack.com\/es\/wp-json\/wp\/v2\/types\/page"}],"author":[{"embeddable":true,"href":"https:\/\/www.guvenpack.com\/es\/wp-json\/wp\/v2\/users\/1"}],"replies":[{"embeddable":true,"href":"https:\/\/www.guvenpack.com\/es\/wp-json\/wp\/v2\/comments?post=1625"}],"version-history":[{"count":1,"href":"https:\/\/www.guvenpack.com\/es\/wp-json\/wp\/v2\/pages\/1625\/revisions"}],"predecessor-version":[{"id":1958,"href":"https:\/\/www.guvenpack.com\/es\/wp-json\/wp\/v2\/pages\/1625\/revisions\/1958"}],"up":[{"embeddable":true,"href":"https:\/\/www.guvenpack.com\/es\/wp-json\/wp\/v2\/pages\/1622"}],"wp:attachment":[{"href":"https:\/\/www.guvenpack.com\/es\/wp-json\/wp\/v2\/media?parent=1625"}],"curies":[{"name":"wp","href":"https:\/\/api.w.org\/{rel}","templated":true}]}}