{"id":1599,"date":"2023-09-08T14:47:11","date_gmt":"2023-09-08T14:47:11","guid":{"rendered":"https:\/\/www.guvenpack.com\/portada\/"},"modified":"2025-02-15T09:59:26","modified_gmt":"2025-02-15T09:59:26","slug":"portada","status":"publish","type":"page","link":"https:\/\/www.guvenpack.com\/es\/","title":{"rendered":"Portada"},"content":{"rendered":"\n<div class=\"slider-wrapper relative\" id=\"slider-697589973\" style=\"background-color:rgb(255,255,255);\">\n    <div class=\"slider slider-nav-circle slider-nav-large slider-nav-light slider-style-normal\"\n        data-flickity-options='{\n            \"cellAlign\": \"center\",\n            \"imagesLoaded\": true,\n            \"lazyLoad\": 1,\n            \"freeScroll\": false,\n            \"wrapAround\": true,\n            \"autoPlay\": 6000,\n            \"pauseAutoPlayOnHover\" : true,\n            \"prevNextButtons\": true,\n            \"contain\" : true,\n            \"adaptiveHeight\" : true,\n            \"dragThreshold\" : 10,\n            \"percentPosition\": true,\n            \"pageDots\": true,\n            \"rightToLeft\": false,\n            \"draggable\": false,\n            \"selectedAttraction\": 0.1,\n            \"parallax\" : 0,\n            \"friction\": 0.6        }'\n        >\n        \n\n\n  <div class=\"banner has-hover has-video\" id=\"banner-294199806\">\n          <div class=\"banner-inner fill\">\n        <div class=\"banner-bg fill\" >\n                        \t<div class=\"video-overlay no-click fill visible\"><\/div>\n\t<video class=\"video-bg fill visible\" preload playsinline autoplay muted loop>\n\t\t<source src=\"https:\/\/www.guvenpack.com\/wp-content\/uploads\/2023\/07\/flowpack_wet_wipes.mp4\" type=\"video\/mp4\">\t<\/video>\n                        \n                    <\/div>\n\t\t\n        <div class=\"banner-layers container\">\n            <div class=\"fill banner-link\"><\/div>            \n\n   <div id=\"text-box-520646189\" class=\"text-box banner-layer x0 md-x0 lg-x0 y95 md-y95 lg-y95 res-text\">\n                                <div class=\"text-box-content text dark\">\n              \n              <div class=\"text-inner text-center\">\n                  \n\n\t<div id=\"text-4109002766\" class=\"text\">\n\t\t\n\n<h5 class=\"uppercase\"><strong><span style=\"font-size: 200%;\" data-line-height=\"xs\">m\u00e1quina de Toallitas H\u00famedas<\/span><\/strong><\/h5>\n<h5 class=\"uppercase\"><strong><span style=\"font-size: 200%;\" data-line-height=\"xs\">M\u00e1quinas de Empaque Horizontal Flowpack<\/span><\/strong><\/h5>\n\t\t\n<style>\n#text-4109002766 {\n  text-align: left;\n}\n<\/style>\n\t<\/div>\n\t\n\n              <\/div>\n           <\/div>\n                            \n<style>\n#text-box-520646189 {\n  width: 96%;\n}\n#text-box-520646189 .text-box-content {\n  font-size: 100%;\n}\n<\/style>\n    <\/div>\n \n\n        <\/div>\n      <\/div>\n\n            \n<style>\n#banner-294199806 {\n  padding-top: 56.25%;\n  background-color: rgb(255,255,255);\n}\n<\/style>\n  <\/div>\n\n\n\n     <\/div>\n\n     <div class=\"loading-spin dark large centered\"><\/div>\n\n\t<\/div>\n\n\n<div class=\"row row-collapse row-full-width\"  id=\"row-1259188736\">\n\n\n\t<div id=\"col-1282714469\" class=\"col medium-4 small-12 large-4\"  >\n\t\t\t\t<div class=\"col-inner\"  >\n\t\t\t\n\t\t\t\n\n\n  <div class=\"banner has-hover\" id=\"banner-1716336962\">\n          <div class=\"banner-inner fill\">\n        <div class=\"banner-bg fill\" >\n                                    <div class=\"overlay\"><\/div>            \n                    <\/div>\n\t\t\n        <div class=\"banner-layers container\">\n            <a class=\"fill\" href=\"https:\/\/www.guvenpack.com\/machines\/wet-wipes\/\" ><div class=\"fill banner-link\"><\/div><\/a>            \n\n\t<div class=\"img has-hover x50 md-x50 lg-x50 y50 md-y50 lg-y50\" id=\"image_1855811720\">\n\t\t<a class=\"\" href=\"https:\/\/www.guvenpack.com\/machines\/wet-wipes\/\" >\t\t\t\t\t\t<div class=\"img-inner image-zoom dark\" >\n\t\t\t<img loading=\"lazy\" decoding=\"async\" width=\"764\" height=\"599\" src=\"https:\/\/www.guvenpack.com\/wp-content\/uploads\/2023\/07\/gm_100w.webp\" class=\"attachment-large size-large\" alt=\"GM 100W Wet Wipes Machine\" srcset=\"https:\/\/www.guvenpack.com\/wp-content\/uploads\/2023\/07\/gm_100w.webp 764w, https:\/\/www.guvenpack.com\/wp-content\/uploads\/2023\/07\/gm_100w-510x400.webp 510w\" sizes=\"auto, (max-width: 764px) 100vw, 764px\" \/>\t\t\t\t\t\t\n\t\t\t\t\t<\/div>\n\t\t\t\t\t\t<\/a>\t\t\n<style>\n#image_1855811720 {\n  width: 60%;\n}\n<\/style>\n\t<\/div>\n\t\n\n   <div id=\"text-box-767933760\" class=\"text-box banner-layer x50 md-x50 lg-x50 y100 md-y100 lg-y100 res-text\">\n                                <div class=\"text-box-content text dark\">\n              \n              <div class=\"text-inner text-center\">\n                  \n\n\t<div id=\"text-2895668846\" class=\"text\">\n\t\t\n\n<h4 class=\"uppercase\"><a href=\"https:\/\/www.guvenpack.com\/machines\/wet-wipes\/\"><strong>m\u00e1quina de Toallitas H\u00famedas<\/strong><\/a><\/h4>\n\t\t\n<style>\n#text-2895668846 {\n  font-size: 0.75rem;\n  text-align: left;\n  color: rgb(4, 4, 4);\n}\n#text-2895668846 > * {\n  color: rgb(4, 4, 4);\n}\n<\/style>\n\t<\/div>\n\t\n\n              <\/div>\n           <\/div>\n                            \n<style>\n#text-box-767933760 {\n  width: 85%;\n}\n#text-box-767933760 .text-box-content {\n  font-size: 100%;\n}\n<\/style>\n    <\/div>\n \n\n        <\/div>\n      <\/div>\n\n            \n<style>\n#banner-1716336962 {\n  padding-top: 330px;\n}\n#banner-1716336962 .overlay {\n  background-color: rgb(255, 255, 255);\n}\n<\/style>\n  <\/div>\n\n\n\n\t\t<\/div>\n\t\t\t\t\t<\/div>\n\n\t\n\n\t<div id=\"col-431136667\" class=\"col medium-4 small-12 large-4\"  >\n\t\t\t\t<div class=\"col-inner\"  >\n\t\t\t\n\t\t\t\n\n\n  <div class=\"banner has-hover\" id=\"banner-410295036\">\n          <div class=\"banner-inner fill\">\n        <div class=\"banner-bg fill\" >\n                                    <div class=\"overlay\"><\/div>            \n                    <\/div>\n\t\t\n        <div class=\"banner-layers container\">\n            <a class=\"fill\" href=\"https:\/\/www.guvenpack.com\/machines\/hffs-flowpack\/\" ><div class=\"fill banner-link\"><\/div><\/a>            \n\n\t<div class=\"img has-hover x50 md-x50 lg-x50 y50 md-y50 lg-y50\" id=\"image_1976464188\">\n\t\t<a class=\"\" href=\"https:\/\/www.guvenpack.com\/machines\/hffs-flowpack\/\" >\t\t\t\t\t\t<div class=\"img-inner image-zoom dark\" >\n\t\t\t<img loading=\"lazy\" decoding=\"async\" width=\"1178\" height=\"515\" src=\"https:\/\/www.guvenpack.com\/wp-content\/uploads\/2023\/07\/gm_40fs.webp\" class=\"attachment-original size-original\" alt=\"GM 40FS Horizontal Packaging Machine Flowpack\" srcset=\"https:\/\/www.guvenpack.com\/wp-content\/uploads\/2023\/07\/gm_40fs.webp 1178w, https:\/\/www.guvenpack.com\/wp-content\/uploads\/2023\/07\/gm_40fs-800x350.webp 800w, https:\/\/www.guvenpack.com\/wp-content\/uploads\/2023\/07\/gm_40fs-768x336.webp 768w\" sizes=\"auto, (max-width: 1178px) 100vw, 1178px\" \/>\t\t\t\t\t\t\n\t\t\t\t\t<\/div>\n\t\t\t\t\t\t<\/a>\t\t\n<style>\n#image_1976464188 {\n  width: 100%;\n}\n<\/style>\n\t<\/div>\n\t\n\n   <div id=\"text-box-2008807099\" class=\"text-box banner-layer x0 md-x0 lg-x0 y100 md-y100 lg-y100 res-text\">\n                                <div class=\"text-box-content text dark\">\n              \n              <div class=\"text-inner text-left\">\n                  \n\n\t<div id=\"text-3317476487\" class=\"text\">\n\t\t\n\n<h4 class=\"uppercase\"><a href=\"https:\/\/www.guvenpack.com\/machines\/hffs-flowpack\/\"><strong>M\u00e1quinas de Empaque Flowpack<\/strong><\/a><\/h4>\n\t\t\n<style>\n#text-3317476487 {\n  font-size: 0.75rem;\n  color: rgb(0,0,0);\n}\n#text-3317476487 > * {\n  color: rgb(0,0,0);\n}\n<\/style>\n\t<\/div>\n\t\n\n              <\/div>\n           <\/div>\n                            \n<style>\n#text-box-2008807099 {\n  width: 100%;\n}\n#text-box-2008807099 .text-box-content {\n  font-size: 100%;\n}\n<\/style>\n    <\/div>\n \n\n        <\/div>\n      <\/div>\n\n            \n<style>\n#banner-410295036 {\n  padding-top: 330px;\n}\n#banner-410295036 .overlay {\n  background-color: rgb(255, 255, 255);\n}\n<\/style>\n  <\/div>\n\n\n\n\t\t<\/div>\n\t\t\t\t\t<\/div>\n\n\t\n\n\t<div id=\"col-455645664\" class=\"col medium-4 small-12 large-4\"  >\n\t\t\t\t<div class=\"col-inner\"  >\n\t\t\t\n\t\t\t\n\n\n  <div class=\"banner has-hover\" id=\"banner-1234319061\">\n          <div class=\"banner-inner fill\">\n        <div class=\"banner-bg fill\" >\n                                                \n                    <\/div>\n\t\t\n        <div class=\"banner-layers container\">\n            <a class=\"fill\" href=\"https:\/\/www.guvenpack.com\/machines\/lids-machine\/\" ><div class=\"fill banner-link\"><\/div><\/a>            \n\n\t<div class=\"img has-hover x50 md-x50 lg-x50 y50 md-y50 lg-y50\" id=\"image_1566115116\">\n\t\t<a class=\"\" href=\"https:\/\/www.guvenpack.com\/machines\/lids-machine\/gm-02\/\" >\t\t\t\t\t\t<div class=\"img-inner image-zoom dark\" >\n\t\t\t<img loading=\"lazy\" decoding=\"async\" width=\"463\" height=\"599\" src=\"https:\/\/www.guvenpack.com\/wp-content\/uploads\/2023\/07\/gm_02-1.webp\" class=\"attachment-original size-original\" alt=\"GM 02 Lids Machine\" srcset=\"https:\/\/www.guvenpack.com\/wp-content\/uploads\/2023\/07\/gm_02-1.webp 463w, https:\/\/www.guvenpack.com\/wp-content\/uploads\/2023\/07\/gm_02-1-309x400.webp 309w\" sizes=\"auto, (max-width: 463px) 100vw, 463px\" \/>\t\t\t\t\t\t\n\t\t\t\t\t<\/div>\n\t\t\t\t\t\t<\/a>\t\t\n<style>\n#image_1566115116 {\n  width: 37%;\n}\n<\/style>\n\t<\/div>\n\t\n\n   <div id=\"text-box-836969153\" class=\"text-box banner-layer x5 md-x5 lg-x5 y100 md-y100 lg-y100 res-text\">\n                                <div class=\"text-box-content text dark\">\n              \n              <div class=\"text-inner text-left\">\n                  \n\n\t<div id=\"text-1346882004\" class=\"text\">\n\t\t\n\n<h4 class=\"uppercase\"><strong><a href=\"https:\/\/www.guvenpack.com\/machines\/lids-machine\/gm-02\/\">M\u00e1quina de Tapas<\/a><\/strong><\/h4>\n\t\t\n<style>\n#text-1346882004 {\n  font-size: 0.75rem;\n  color: rgb(0,0,0);\n}\n#text-1346882004 > * {\n  color: rgb(0,0,0);\n}\n<\/style>\n\t<\/div>\n\t\n\n              <\/div>\n           <\/div>\n                            \n<style>\n#text-box-836969153 {\n  width: 57%;\n}\n#text-box-836969153 .text-box-content {\n  font-size: 100%;\n}\n<\/style>\n    <\/div>\n \n\n        <\/div>\n      <\/div>\n\n            \n<style>\n#banner-1234319061 {\n  padding-top: 330px;\n  background-color: rgb(255,255,255);\n}\n<\/style>\n  <\/div>\n\n\n\n\t\t<\/div>\n\t\t\t\t\t<\/div>\n\n\t\n\n<\/div>\n<div class=\"row align-center\"  id=\"row-268401226\">\n\n\n\t<div id=\"col-1785508662\" class=\"col small-12 large-12\"  >\n\t\t\t\t<div class=\"col-inner\" style=\"background-color:rgb(255,255,255);\" >\n\t\t\t\n\t\t\t\n\n<div class=\"container section-title-container\" ><h1 class=\"section-title section-title-normal\"><b><\/b><span class=\"section-title-main\" >Guvenpack HFFS Flowpack Packaging Wet Wipes Machinery<\/span><b><\/b><\/h1><\/div>\n\n\n\t\t<\/div>\n\t\t\t\t\n<style>\n#col-1785508662 > .col-inner {\n  padding: 50px 0px 0px 0px;\n}\n<\/style>\n\t<\/div>\n\n\t\n\n\t<div id=\"col-1005901728\" class=\"col medium-6 small-12 large-6\"  >\n\t\t\t\t<div class=\"col-inner\"  >\n\t\t\t\n\t\t\t\n\n<h2>M\u00e1quinas de Empaque Flow Pack<\/h2>\n<p>Fabricamos M\u00e1quinas de Empaque Flow Pack con Tecnolog\u00eda PLC, Controlador de Movimiento, Motor Servo, Acceso Remoto y Actualizaci\u00f3n Remota de la M\u00e1quina. Ofrecemos m\u00e1quinas Flow Pack con bajo requerimiento de mano de obra y alto rendimiento. Nuestras M\u00e1quinas de Empaque Flowpack son la mejor soluci\u00f3n para empacar pan, galletas, chocolate, barquillos, helados en barra, frutas, verduras, etc.<\/p>\n\n\t\t<\/div>\n\t\t\t\t\t<\/div>\n\n\t\n\n\t<div id=\"col-1893995455\" class=\"col medium-6 small-12 large-6\"  >\n\t\t\t\t<div class=\"col-inner\"  >\n\t\t\t\n\t\t\t\n\n<h2>m\u00e1quina de Toallitas H\u00famedas<\/h2>\n<p>Invertir en una m\u00e1quina de toallitas h\u00famedas de alta calidad es crucial para las empresas que buscan fabricar toallitas con alcohol, toallitas de limpieza, toallitas de cuidado, toallitas desinfectantes y toallitas para beb\u00e9s de manera eficiente. Con un avanzado sistema de envasado flow pack y s\u00f3lidas caracter\u00edsticas de protecci\u00f3n del producto, estas m\u00e1quinas garantizan que las toallitas sigan siendo efectivas y seguras para los usuarios. Ya sea que est\u00e9 iniciando una nueva l\u00ednea de producci\u00f3n o actualizando la existente, elegir la m\u00e1quina adecuada puede impactar significativamente en la calidad de su producto y el \u00e9xito de su negocio.  <\/p>\n\n\n\t\t<\/div>\n\t\t\t\t\t<\/div>\n\n\t\n\n<\/div>\n\n","protected":false},"excerpt":{"rendered":"","protected":false},"author":1,"featured_media":1522,"parent":0,"menu_order":5,"comment_status":"closed","ping_status":"closed","template":"page-blank.php","meta":{"footnotes":""},"class_list":["post-1599","page","type-page","status-publish","has-post-thumbnail","hentry"],"yoast_head":"<!-- This site is optimized with the Yoast SEO Premium plugin v26.1 (Yoast SEO v26.1) - https:\/\/yoast.com\/wordpress\/plugins\/seo\/ -->\n<title>Guvenpack HFFS Flow Pack, Wet Wipes Machine<\/title>\n<meta name=\"description\" content=\"Guvenpack Soluci\u00f3n Profesional para M\u00e1quinas de Toallitas H\u00famedas, M\u00e1quinas Flowpack, M\u00e1quinas para Tapas y Fabricante de Equipos.\" \/>\n<meta name=\"robots\" content=\"index, follow, max-snippet:-1, max-image-preview:large, max-video-preview:-1\" \/>\n<link rel=\"canonical\" href=\"https:\/\/www.guvenpack.com\/es\/\" \/>\n<meta property=\"og:locale\" content=\"es_ES\" \/>\n<meta property=\"og:type\" content=\"article\" \/>\n<meta property=\"og:title\" content=\"Portada\" \/>\n<meta property=\"og:description\" content=\"Guvenpack Soluci\u00f3n Profesional para M\u00e1quinas de Toallitas H\u00famedas, M\u00e1quinas Flowpack, M\u00e1quinas para Tapas y Fabricante de Equipos.\" \/>\n<meta property=\"og:url\" content=\"https:\/\/www.guvenpack.com\/es\/\" \/>\n<meta property=\"og:site_name\" content=\"Guvenpack HFFS Flow Pack, Wet Wipes Machine\" \/>\n<meta property=\"article:publisher\" content=\"https:\/\/www.facebook.com\/guvenpackconverting\" \/>\n<meta property=\"article:modified_time\" content=\"2025-02-15T09:59:26+00:00\" \/>\n<meta property=\"og:image\" content=\"https:\/\/www.guvenpack.com\/wp-content\/uploads\/2023\/07\/gm_100w.webp\" \/>\n\t<meta property=\"og:image:width\" content=\"764\" \/>\n\t<meta property=\"og:image:height\" content=\"599\" \/>\n\t<meta property=\"og:image:type\" content=\"image\/webp\" \/>\n<meta name=\"twitter:card\" content=\"summary_large_image\" \/>\n<meta name=\"twitter:site\" content=\"@GuvenPack\" \/>\n<meta name=\"twitter:label1\" content=\"Tiempo de lectura\" \/>\n\t<meta name=\"twitter:data1\" content=\"2 minutos\" \/>\n<script type=\"application\/ld+json\" class=\"yoast-schema-graph\">{\"@context\":\"https:\/\/schema.org\",\"@graph\":[{\"@type\":\"WebPage\",\"@id\":\"https:\/\/www.guvenpack.com\/es\/\",\"url\":\"https:\/\/www.guvenpack.com\/es\/\",\"name\":\"Guvenpack HFFS Flow Pack, Wet Wipes Machine\",\"isPartOf\":{\"@id\":\"https:\/\/www.guvenpack.com\/#website\"},\"primaryImageOfPage\":{\"@id\":\"https:\/\/www.guvenpack.com\/es\/#primaryimage\"},\"image\":{\"@id\":\"https:\/\/www.guvenpack.com\/es\/#primaryimage\"},\"thumbnailUrl\":\"https:\/\/www.guvenpack.com\/wp-content\/uploads\/2023\/07\/gm_100w.webp\",\"datePublished\":\"2023-09-08T14:47:11+00:00\",\"dateModified\":\"2025-02-15T09:59:26+00:00\",\"description\":\"Guvenpack Soluci\u00f3n Profesional para M\u00e1quinas de Toallitas H\u00famedas, M\u00e1quinas Flowpack, M\u00e1quinas para Tapas y Fabricante de Equipos.\",\"breadcrumb\":{\"@id\":\"https:\/\/www.guvenpack.com\/es\/#breadcrumb\"},\"inLanguage\":\"es\",\"potentialAction\":[{\"@type\":\"ReadAction\",\"target\":[\"https:\/\/www.guvenpack.com\/es\/\"]}]},{\"@type\":\"ImageObject\",\"inLanguage\":\"es\",\"@id\":\"https:\/\/www.guvenpack.com\/es\/#primaryimage\",\"url\":\"https:\/\/www.guvenpack.com\/wp-content\/uploads\/2023\/07\/gm_100w.webp\",\"contentUrl\":\"https:\/\/www.guvenpack.com\/wp-content\/uploads\/2023\/07\/gm_100w.webp\",\"width\":764,\"height\":599,\"caption\":\"GM 100W M\u00e1quina de toallitas h\u00famedas\"},{\"@type\":\"BreadcrumbList\",\"@id\":\"https:\/\/www.guvenpack.com\/es\/#breadcrumb\",\"itemListElement\":[{\"@type\":\"ListItem\",\"position\":1,\"name\":\"Home\",\"item\":\"https:\/\/www.guvenpack.com\/es\/portada\/\"},{\"@type\":\"ListItem\",\"position\":2,\"name\":\"Portada\"}]},{\"@type\":\"WebSite\",\"@id\":\"https:\/\/www.guvenpack.com\/#website\",\"url\":\"https:\/\/www.guvenpack.com\/\",\"name\":\"Guvenpack HFFS Flow Pack, Wet Wipes Machine\",\"description\":\"Manufacturer of HFFS Flow pack Packaging Machine, Wet Wipes Machine\",\"publisher\":{\"@id\":\"https:\/\/www.guvenpack.com\/#organization\"},\"potentialAction\":[{\"@type\":\"SearchAction\",\"target\":{\"@type\":\"EntryPoint\",\"urlTemplate\":\"https:\/\/www.guvenpack.com\/?s={search_term_string}\"},\"query-input\":{\"@type\":\"PropertyValueSpecification\",\"valueRequired\":true,\"valueName\":\"search_term_string\"}}],\"inLanguage\":\"es\"},{\"@type\":\"Organization\",\"@id\":\"https:\/\/www.guvenpack.com\/#organization\",\"name\":\"Guvenpack HFFS Flow Pack, Wet Wipes Machine\",\"url\":\"https:\/\/www.guvenpack.com\/\",\"logo\":{\"@type\":\"ImageObject\",\"inLanguage\":\"es\",\"@id\":\"https:\/\/www.guvenpack.com\/#\/schema\/logo\/image\/\",\"url\":\"https:\/\/www.guvenpack.com\/wp-content\/uploads\/2023\/07\/logo_fav.png\",\"contentUrl\":\"https:\/\/www.guvenpack.com\/wp-content\/uploads\/2023\/07\/logo_fav.png\",\"width\":676,\"height\":675,\"caption\":\"Guvenpack HFFS Flow Pack, Wet Wipes Machine\"},\"image\":{\"@id\":\"https:\/\/www.guvenpack.com\/#\/schema\/logo\/image\/\"},\"sameAs\":[\"https:\/\/www.facebook.com\/guvenpackconverting\",\"https:\/\/x.com\/GuvenPack\",\"https:\/\/www.instagram.com\/guvenpack\/\",\"https:\/\/www.linkedin.com\/company\/guvenpack\/\",\"https:\/\/www.youtube.com\/@guvenpack\"]}]}<\/script>\n<!-- \/ Yoast SEO Premium plugin. -->","yoast_head_json":{"title":"Guvenpack HFFS Flow Pack, Wet Wipes Machine","description":"Guvenpack Soluci\u00f3n Profesional para M\u00e1quinas de Toallitas H\u00famedas, M\u00e1quinas Flowpack, M\u00e1quinas para Tapas y Fabricante de Equipos.","robots":{"index":"index","follow":"follow","max-snippet":"max-snippet:-1","max-image-preview":"max-image-preview:large","max-video-preview":"max-video-preview:-1"},"canonical":"https:\/\/www.guvenpack.com\/es\/","og_locale":"es_ES","og_type":"article","og_title":"Portada","og_description":"Guvenpack Soluci\u00f3n Profesional para M\u00e1quinas de Toallitas H\u00famedas, M\u00e1quinas Flowpack, M\u00e1quinas para Tapas y Fabricante de Equipos.","og_url":"https:\/\/www.guvenpack.com\/es\/","og_site_name":"Guvenpack HFFS Flow Pack, Wet Wipes Machine","article_publisher":"https:\/\/www.facebook.com\/guvenpackconverting","article_modified_time":"2025-02-15T09:59:26+00:00","og_image":[{"width":764,"height":599,"url":"https:\/\/www.guvenpack.com\/wp-content\/uploads\/2023\/07\/gm_100w.webp","type":"image\/webp"}],"twitter_card":"summary_large_image","twitter_site":"@GuvenPack","twitter_misc":{"Tiempo de lectura":"2 minutos"},"schema":{"@context":"https:\/\/schema.org","@graph":[{"@type":"WebPage","@id":"https:\/\/www.guvenpack.com\/es\/","url":"https:\/\/www.guvenpack.com\/es\/","name":"Guvenpack HFFS Flow Pack, Wet Wipes Machine","isPartOf":{"@id":"https:\/\/www.guvenpack.com\/#website"},"primaryImageOfPage":{"@id":"https:\/\/www.guvenpack.com\/es\/#primaryimage"},"image":{"@id":"https:\/\/www.guvenpack.com\/es\/#primaryimage"},"thumbnailUrl":"https:\/\/www.guvenpack.com\/wp-content\/uploads\/2023\/07\/gm_100w.webp","datePublished":"2023-09-08T14:47:11+00:00","dateModified":"2025-02-15T09:59:26+00:00","description":"Guvenpack Soluci\u00f3n Profesional para M\u00e1quinas de Toallitas H\u00famedas, M\u00e1quinas Flowpack, M\u00e1quinas para Tapas y Fabricante de Equipos.","breadcrumb":{"@id":"https:\/\/www.guvenpack.com\/es\/#breadcrumb"},"inLanguage":"es","potentialAction":[{"@type":"ReadAction","target":["https:\/\/www.guvenpack.com\/es\/"]}]},{"@type":"ImageObject","inLanguage":"es","@id":"https:\/\/www.guvenpack.com\/es\/#primaryimage","url":"https:\/\/www.guvenpack.com\/wp-content\/uploads\/2023\/07\/gm_100w.webp","contentUrl":"https:\/\/www.guvenpack.com\/wp-content\/uploads\/2023\/07\/gm_100w.webp","width":764,"height":599,"caption":"GM 100W M\u00e1quina de toallitas h\u00famedas"},{"@type":"BreadcrumbList","@id":"https:\/\/www.guvenpack.com\/es\/#breadcrumb","itemListElement":[{"@type":"ListItem","position":1,"name":"Home","item":"https:\/\/www.guvenpack.com\/es\/portada\/"},{"@type":"ListItem","position":2,"name":"Portada"}]},{"@type":"WebSite","@id":"https:\/\/www.guvenpack.com\/#website","url":"https:\/\/www.guvenpack.com\/","name":"Guvenpack HFFS Flow Pack, Wet Wipes Machine","description":"Manufacturer of HFFS Flow pack Packaging Machine, Wet Wipes Machine","publisher":{"@id":"https:\/\/www.guvenpack.com\/#organization"},"potentialAction":[{"@type":"SearchAction","target":{"@type":"EntryPoint","urlTemplate":"https:\/\/www.guvenpack.com\/?s={search_term_string}"},"query-input":{"@type":"PropertyValueSpecification","valueRequired":true,"valueName":"search_term_string"}}],"inLanguage":"es"},{"@type":"Organization","@id":"https:\/\/www.guvenpack.com\/#organization","name":"Guvenpack HFFS Flow Pack, Wet Wipes Machine","url":"https:\/\/www.guvenpack.com\/","logo":{"@type":"ImageObject","inLanguage":"es","@id":"https:\/\/www.guvenpack.com\/#\/schema\/logo\/image\/","url":"https:\/\/www.guvenpack.com\/wp-content\/uploads\/2023\/07\/logo_fav.png","contentUrl":"https:\/\/www.guvenpack.com\/wp-content\/uploads\/2023\/07\/logo_fav.png","width":676,"height":675,"caption":"Guvenpack HFFS Flow Pack, Wet Wipes Machine"},"image":{"@id":"https:\/\/www.guvenpack.com\/#\/schema\/logo\/image\/"},"sameAs":["https:\/\/www.facebook.com\/guvenpackconverting","https:\/\/x.com\/GuvenPack","https:\/\/www.instagram.com\/guvenpack\/","https:\/\/www.linkedin.com\/company\/guvenpack\/","https:\/\/www.youtube.com\/@guvenpack"]}]}},"_links":{"self":[{"href":"https:\/\/www.guvenpack.com\/es\/wp-json\/wp\/v2\/pages\/1599","targetHints":{"allow":["GET"]}}],"collection":[{"href":"https:\/\/www.guvenpack.com\/es\/wp-json\/wp\/v2\/pages"}],"about":[{"href":"https:\/\/www.guvenpack.com\/es\/wp-json\/wp\/v2\/types\/page"}],"author":[{"embeddable":true,"href":"https:\/\/www.guvenpack.com\/es\/wp-json\/wp\/v2\/users\/1"}],"replies":[{"embeddable":true,"href":"https:\/\/www.guvenpack.com\/es\/wp-json\/wp\/v2\/comments?post=1599"}],"version-history":[{"count":6,"href":"https:\/\/www.guvenpack.com\/es\/wp-json\/wp\/v2\/pages\/1599\/revisions"}],"predecessor-version":[{"id":2444,"href":"https:\/\/www.guvenpack.com\/es\/wp-json\/wp\/v2\/pages\/1599\/revisions\/2444"}],"wp:featuredmedia":[{"embeddable":true,"href":"https:\/\/www.guvenpack.com\/es\/wp-json\/wp\/v2\/media\/1522"}],"wp:attachment":[{"href":"https:\/\/www.guvenpack.com\/es\/wp-json\/wp\/v2\/media?parent=1599"}],"curies":[{"name":"wp","href":"https:\/\/api.w.org\/{rel}","templated":true}]}}